{"id":10210,"date":"2024-11-21T08:44:19","date_gmt":"2024-11-21T07:44:19","guid":{"rendered":"https:\/\/projectes.xtec.cat\/acollidasuport\/?page_id=10210"},"modified":"2024-12-18T09:27:56","modified_gmt":"2024-12-18T08:27:56","slug":"materials-jocs","status":"publish","type":"page","link":"https:\/\/projectes.xtec.cat\/acollidasuport\/materials-jocs\/","title":{"rendered":"Materials: Jocs"},"content":{"rendered":"<p><span style=\"color: #000000;\"><img loading=\"lazy\" decoding=\"async\" class=\"aligncenter\" src=\"https:\/\/xtec.gencat.cat\/web\/.content\/alfresco\/d\/d\/workspace\/SpacesStore\/0009\/2ecc0917-9d35-419d-ba84-a6167646396e\/cartell_CA.jpg\" alt=\"Jocs i l\u00e0mines. XTEC - Xarxa Telem\u00e0tica Educativa de Catalunya\" width=\"378\" height=\"265\" \/><\/span><\/p>\n<p><span style=\"color: #000000;\">Aquesta p\u00e0gina est\u00e0 dedicada a oferir recursos did\u00e0ctics, tant a l&#8217;alumnat com al docent, per afavorir l&#8217;ensenyament-aprenentatge de tots els \u00e0mbits, amb l&#8217;objectiu de desenvolupar les seves habilitats. Aquests materials estan pensats per a alumnat nouvingut, que est\u00e0 iniciant el seu aprenentatge de la llengua catalana, i per tant, corresponen a un nivell A1-A2 del Marc Europeu Com\u00fa de Refer\u00e8ncia per a les Lleng\u00fces (MECR). La finalitat \u00e9s facilitar una immersi\u00f3 ling\u00fc\u00edstica efica\u00e7 i progressiva, oferint suport i eines pr\u00e0ctiques per a una comunicaci\u00f3 oral b\u00e0sica i efectiva en situacions quotidianes.<\/span><\/p>\n<table style=\"border-collapse: collapse; width: 100%; height: 987px;\">\n<tbody>\n<tr style=\"height: 143px;\">\n<td style=\"width: 25.2201%; height: 143px;\"><a href=\"https:\/\/www.cpnl.cat\/jocs\/\" target=\"_blank\" rel=\"noopener\"><img loading=\"lazy\" decoding=\"async\" class=\"aligncenter\" src=\"https:\/\/www.cpnl.cat\/media\/upload\/cache\/Publicaci_totjoc1_1655449416.png\" alt=\"La campanya &quot;Totjoc&quot; | Totjoc | Promoci\u00f3 de l'\u00fas | CNL El Prat de Llobregat | Xarxa territorial | Consorci per a la Normalitzaci\u00f3 Ling\u00fc\u00edstica - CPNL\" width=\"140\" height=\"140\" \/><\/a><\/td>\n<td style=\"width: 74.7799%; height: 143px;\">\n<h4><strong><a href=\"https:\/\/www.cpnl.cat\/jocs\/\">JOCS EN CATAL\u00c0<\/a><\/strong><\/h4>\n<p><span style=\"font-weight: 400;\">Recull de jocs did\u00e0ctics en catal\u00e0, alguns dels quals treballen conceptes ling\u00fc\u00edstics, adequats per a l&#8217;alumnat nouvingut.<\/span><\/td>\n<\/tr>\n<tr style=\"height: 169px;\">\n<td style=\"width: 25.2201%; height: 169px;\"><a href=\"https:\/\/www.edu365.cat\/acollida\/index.html\" target=\"_blank\" rel=\"noopener\"><img loading=\"lazy\" decoding=\"async\" class=\"aligncenter\" src=\"https:\/\/edu365.cat\/img\/edu365_fb.jpg\" alt=\"Batxillerat\" width=\"199\" height=\"132\" \/><\/a><\/td>\n<td style=\"width: 74.7799%; height: 169px;\">\n<h4><strong><a href=\"https:\/\/www.edu365.cat\/acollida\/index.html\">EDU365: ACOLLIDA<\/a><\/strong><\/h4>\n<p><span style=\"font-weight: 400;\">Recull materials interactius adients per al treball de llengua amb l&#8217;alumnat nouvingut.<\/span><\/td>\n<\/tr>\n<tr style=\"height: 136px;\">\n<td style=\"width: 25.2201%; height: 136px;\"><a href=\"https:\/\/www.edu365.cat\/primaria\/catala\/mercat\/index.html\" target=\"_blank\" rel=\"noopener\"><img loading=\"lazy\" decoding=\"async\" class=\"aligncenter\" src=\"https:\/\/edu365.cat\/img\/edu365_fb.jpg\" alt=\"Batxillerat\" width=\"208\" height=\"138\" \/><\/a><\/td>\n<td style=\"width: 74.7799%; height: 136px;\">\n<h4><strong><a href=\"https:\/\/www.edu365.cat\/primaria\/catala\/mercat\/index.html\">EDU365: EL MERCAT<\/a><\/strong><\/h4>\n<p><span style=\"font-weight: 400;\">El mercat \u00e9s un recurs interactiu per a l&#8217;aprenentatge inicial de la llengua. Els continguts corresponen al nivell A1 del MECR. Es presenten una s\u00e8rie de situacions comunicatives en el context d&#8217;un mercat, a partir de les quals es treballen les habilitats ling\u00fc\u00edstiques. Els continguts s&#8217;estructuren en quatre apartats (l\u00e8xic, frases, di\u00e0legs i textos) i es presenten en diferents nivells de dificultat.<\/span><\/td>\n<\/tr>\n<tr style=\"height: 121px;\">\n<td style=\"width: 25.2201%; height: 121px;\"><a href=\"https:\/\/www.edu365.cat\/primaria\/catala\/mercat\/index.html\" target=\"_blank\" rel=\"noopener\"><img loading=\"lazy\" decoding=\"async\" class=\"aligncenter\" src=\"https:\/\/edu365.cat\/img\/edu365_fb.jpg\" alt=\"Batxillerat\" width=\"208\" height=\"138\" \/><\/a><\/td>\n<td style=\"width: 74.7799%; height: 121px;\">\n<h4>MINI UNITATS DID\u00c0CTIQUES. MUDS<\/h4>\n<p><span style=\"font-weight: 400;\">Conjunt d\u2019unitats de diferents aplicacions interactives per a treball de la llengua catalana en etapes d\u2019educaci\u00f3 prim\u00e0ria i secund\u00e0ria.<\/span><\/p>\n<ul>\n<li style=\"font-weight: 400;\" aria-level=\"1\"><a href=\"http:\/\/www.edu365.cat\/primaria\/catala\/index.html\"><span style=\"font-weight: 400;\">MUDS per a l\u2019educaci\u00f3 prim\u00e0ria<\/span><\/a><\/li>\n<li style=\"font-weight: 400;\" aria-level=\"1\"><a href=\"http:\/\/www.edu365.cat\/eso\/catala\/index.html\"><span style=\"font-weight: 400;\">MUDS per a l\u2019educaci\u00f3 secund\u00e0ria<\/span><\/a><\/li>\n<\/ul>\n<p>&nbsp;<\/td>\n<\/tr>\n<tr style=\"height: 32px;\">\n<td style=\"width: 25.2201%; height: 32px;\"><a href=\"https:\/\/www.intercat.cat\/ca\/resources\" target=\"_blank\" rel=\"noopener\"><img loading=\"lazy\" decoding=\"async\" class=\"wp-image-10217 aligncenter\" src=\"https:\/\/projectes.xtec.cat\/acollidasuport\/wp-content\/uploads\/usu2169\/2024\/11\/IMG_Intercat_v10.png\" alt=\"\" width=\"133\" height=\"122\" \/><\/a><\/td>\n<td style=\"width: 74.7799%; height: 32px;\">\n<h4><strong><a href=\"https:\/\/www.intercat.cat\/ca\/resources\" target=\"_blank\" rel=\"noopener\">INTERCAT<\/a><\/strong><\/h4>\n<p><span style=\"font-weight: 400;\">\u00c9s un conjunt de recursos electr\u00f2nics per aprendre la llengua i la cultura catalanes, principalment pensat per als estudiants de mobilitat que visiten les universitats catalanes.<\/span><\/td>\n<\/tr>\n<tr style=\"height: 58px;\">\n<td style=\"width: 25.2201%; height: 58px;\"><a href=\"https:\/\/clic.xtec.cat\/gali\/\" target=\"_blank\" rel=\"noopener\"><span style=\"color: #ff0000;\"><img loading=\"lazy\" decoding=\"async\" class=\"aligncenter\" src=\"https:\/\/edu365.cat\/acollida\/imatges2\/gali-515x300.png\" alt=\"Edu365 - +Edu - Acollida\" width=\"218\" height=\"127\" \/><\/span><\/a><\/td>\n<td style=\"width: 74.7799%; height: 58px;\">\n<h4><strong><a href=\"https:\/\/clic.xtec.cat\/gali\/\">GAL\u00cd\u00a0<\/a><\/strong><\/h4>\n<p><span style=\"font-weight: 400;\">Guia a l\u2019autoaprenentatge de la llengua catalana que ofereix materials basats en el programa JClic destinats a l&#8217;aprenentatge interactiu de la llengua. Recomanat per als alumnes nouvinguts incorporats tardanament al sistema educatiu.\u00a0<\/span><\/td>\n<\/tr>\n<tr style=\"height: 32px;\">\n<td style=\"width: 25.2201%; height: 32px;\"><a href=\"https:\/\/www.alber.cat\/llibres\/destapa_t._jocs_i_activitats_orals.\" target=\"_blank\" rel=\"noopener\"><img loading=\"lazy\" decoding=\"async\" class=\"aligncenter\" src=\"https:\/\/static.bookscovers.es\/imagenes\/9788496\/978849624852.GIF\" alt=\"Libros de BADIA ARMENGOL DOLORS - Santos Ochoa Barcelona\" width=\"97\" height=\"139\" \/><\/a><\/td>\n<td style=\"width: 74.7799%; height: 32px;\">\n<h4><strong><a href=\"https:\/\/www.alber.cat\/llibres\/destapa_t._jocs_i_activitats_orals.\" target=\"_blank\" rel=\"noopener\">DESTAPA\u2019T<\/a><\/strong><\/h4>\n<p><span style=\"font-weight: 400;\">Jocs i activitats orals per al catal\u00e0 inicial. La guia did\u00e0ctica cont\u00e9 les instruccions dels jocs i de les activitats i un annex amb material fotocopiable.\u00a0<\/span><\/td>\n<\/tr>\n<tr style=\"height: 32px;\">\n<td style=\"width: 25.2201%; height: 32px;\"><a href=\"https:\/\/playwordy.com\/\" target=\"_blank\" rel=\"noopener\"><img loading=\"lazy\" decoding=\"async\" class=\"aligncenter\" src=\"https:\/\/pbs.twimg.com\/media\/FcpF0OIXwAAq1LV.png\" alt=\"PlayWordy (@PlayWordy) \/ X\" width=\"131\" height=\"132\" \/><\/a><\/td>\n<td style=\"width: 74.7799%; height: 32px;\">\n<h4><a href=\"https:\/\/playwordy.com\/\" target=\"_blank\" rel=\"noopener\">PLAYWORDY<\/a><\/h4>\n<h4><span style=\"font-family: inherit; font-size: 1em; font-weight: normal;\">Joc online de paraules m\u00e9s estimulant, educatiu i divertit.<\/span><\/h4>\n<p>Gratu\u00eft\u00a0i disponible per a tothom, \u00e9s la millor manera de\u00a0millorar el teu vocabulari\u00a0mentre t&#8217;ho passes pipa.<\/td>\n<\/tr>\n<tr style=\"height: 32px;\">\n<td style=\"width: 25.2201%; height: 32px;\"><a href=\"https:\/\/www.alber.cat\/llibres\/jocs_de_lexic_i_expressio\" target=\"_blank\" rel=\"noopener\"><img loading=\"lazy\" decoding=\"async\" class=\"aligncenter\" src=\"https:\/\/www.alber.cat\/img\/productes\/898e4ff3a64d505747424adb3e3aa71d.jpg\" alt=\"Jocs de l\u00e8xic i expressi\u00f3\" width=\"205\" height=\"145\" \/><\/a><\/td>\n<td style=\"width: 74.7799%; height: 32px;\">\n<h4><strong><a href=\"https:\/\/www.alber.cat\/llibres\/jocs_de_lexic_i_expressio\" target=\"_blank\" rel=\"noopener\">JOCS DE L\u00c8XIC I EXPRESSI\u00d3\u00a0<\/a><\/strong><\/h4>\n<p><span style=\"font-weight: 400;\">Cont\u00e9 els materials i les instruccions de jocs que treballen la comprensi\u00f3 d\u2019un nombre important de paraules b\u00e0siques que ajuden a augmentar la flu\u00efdesa expressiva.<\/span><\/td>\n<\/tr>\n<tr style=\"height: 32px;\">\n<td style=\"width: 25.2201%; height: 46px;\"><a href=\"https:\/\/lafinestralectora.cat\/jocs-dexpressio-oral-i-escrita\/\" target=\"_blank\" rel=\"noopener\"><img loading=\"lazy\" decoding=\"async\" class=\"aligncenter\" src=\"https:\/\/imagessl8.casadellibro.com\/a\/l\/s5\/28\/9788497665728.webp\" alt=\"JOCS D EXPRESSIO ORAL I ESCRITA | | Casa del Libro\" width=\"127\" height=\"185\" \/><\/a><\/td>\n<td style=\"width: 74.7799%; height: 46px;\">\n<h4><strong><a href=\"https:\/\/lafinestralectora.cat\/jocs-dexpressio-oral-i-escrita\/\" target=\"_blank\" rel=\"noopener\">JOCS D\u2019EXPRESSI\u00d3 ORAL I ESCRITA\u00a0<\/a><\/strong><\/h4>\n<p><span style=\"font-weight: 400;\">Cadascun dels jocs cont\u00e9: l&#8217;explicaci\u00f3, els objectius, els continguts, el nivell, el temps i la t\u00e8cnica did\u00e0ctica a emprar. <\/span><\/td>\n<\/tr>\n<tr style=\"height: 58px;\">\n<td style=\"width: 25.2201%; height: 58px;\"><a href=\"https:\/\/www.alber.cat\/llibres\/jocs_d_ortografia\" target=\"_blank\" rel=\"noopener\"><img loading=\"lazy\" decoding=\"async\" class=\"aligncenter\" src=\"https:\/\/www.libreriainglesa.com\/media\/products\/505222\/505222-0-big.jpg\" alt=\"JOCS D'ORTOGRAFIA | 9788496248397 | JOSEP TIO\" width=\"134\" height=\"190\" \/><\/a><\/td>\n<td style=\"width: 74.7799%; height: 58px;\">\n<h4><strong><a href=\"https:\/\/www.alber.cat\/llibres\/jocs_d_ortografia\" target=\"_blank\" rel=\"noopener\">JOCS D\u2019ORTOGRAFIA<\/a><\/strong><\/h4>\n<p><span style=\"font-weight: 400;\">Material per treballar, mitjan\u00e7ant el joc, habilitats ling\u00fc\u00edstiques b\u00e0siques per a una bona fonamentaci\u00f3 de l&#8217;ortografia. Cont\u00e9 taulers dels jocs, daus per muntar, cartes d&#8217;imatges, etiquetes de paraules i altres materials col\u00b7lectius.<\/span><\/td>\n<\/tr>\n<tr style=\"height: 32px;\">\n<td style=\"width: 25.2201%; height: 32px;\"><img decoding=\"async\" class=\"aligncenter\" src=\"https:\/\/agora.xtec.cat\/ceip-elsllorers\/wp-content\/uploads\/usu5\/2017\/06\/logo-portada1.jpg\" alt=\"logo portada1 | Escola Els Llorers\" \/><\/td>\n<td style=\"width: 74.7799%; height: 32px;\">\n<h4>LES FESTES DE L\u2019HIVERN<\/h4>\n<p><span style=\"font-weight: 400; color: #808080;\">Escola Els Llorers de Barcelona.<\/span><\/p>\n<p><span style=\"font-weight: 400;\">Conjunt de materials manipulables de llengua oral per a alumnat nouvingut. Treballa les funcions i els exponents ling\u00fc\u00edstics relacionats amb l\u2019elaboraci\u00f3 d\u2019un \u00e0lbum de cromos sobre les tradicions de Nadal. Es presenten en dues versions que es corresponen als nivells A1 i A2 del Marc Europeu Com\u00fa de Refer\u00e8ncia (MECR). Aquests materials han estat ideats i experimentats a l\u2019aula d\u2019acollida de l\u2019escola Els Llorers de Barcelona.<\/span><\/p>\n<p><span style=\"font-weight: 400;\">Materials:<\/span><\/p>\n<ul>\n<li style=\"font-weight: 400;\" aria-level=\"1\"><a href=\"https:\/\/xtec.gencat.cat\/web\/.content\/alfresco\/d\/d\/workspace\/SpacesStore\/0062\/8e961a7e-5de3-4337-aefe-17dccd4e71e1\/1_fitxa_practica_album_festes_hivern.pdf\"><span style=\"font-weight: 400;\">Les festes d&#8217;hivern<\/span><\/a><\/li>\n<li style=\"font-weight: 400;\" aria-level=\"1\"><a href=\"https:\/\/xtec.gencat.cat\/web\/.content\/alfresco\/d\/d\/workspace\/SpacesStore\/0040\/27e04c4e-0472-4876-b5de-08229fd395b2\/2_album_cromos_A1.pdf\"><span style=\"font-weight: 400;\">\u00c0lbum de cromos A1<\/span><\/a><span style=\"font-weight: 400;\">\u00a0\u00a0<\/span><\/li>\n<li style=\"font-weight: 400;\" aria-level=\"1\"><a href=\"https:\/\/xtec.gencat.cat\/web\/.content\/projectes\/alumnat-origen-estranger\/alumnatnou\/materials\/catala\/jocs-lamines\/3_album_cromos_A2.pdf\"><span style=\"font-weight: 400;\">\u00c0lbum de cromos A2<\/span><\/a><\/li>\n<li style=\"font-weight: 400;\" aria-level=\"1\"><a href=\"https:\/\/xtec.gencat.cat\/web\/.content\/projectes\/alumnat-origen-estranger\/alumnatnou\/materials\/catala\/jocs-lamines\/4_cromos_album.pdf\"><span style=\"font-weight: 400;\">Cromos de l&#8217;\u00e0lbum<\/span><\/a><\/li>\n<li style=\"font-weight: 400;\" aria-level=\"1\"><a href=\"https:\/\/xtec.gencat.cat\/web\/.content\/projectes\/alumnat-origen-estranger\/alumnatnou\/materials\/catala\/jocs-lamines\/5_icones_album.pdf\"><span style=\"font-weight: 400;\">Icones de l&#8217;\u00e0lbum<\/span><\/a><\/li>\n<li style=\"font-weight: 400;\" aria-level=\"1\"><a href=\"https:\/\/xtec.gencat.cat\/web\/.content\/projectes\/alumnat-origen-estranger\/alumnatnou\/materials\/catala\/jocs-lamines\/6_plantilla_sobre_A1.pdf\"><span style=\"font-weight: 400;\">Plantilla per a fer el sobre A1<\/span><\/a><\/li>\n<li style=\"font-weight: 400;\" aria-level=\"1\"><a href=\"https:\/\/xtec.gencat.cat\/web\/.content\/projectes\/alumnat-origen-estranger\/alumnatnou\/materials\/catala\/jocs-lamines\/7_plantilla_sobre_A2.pdf\"><span style=\"font-weight: 400;\">Plantilla per a fer el sobre A2<\/span><\/a><\/li>\n<\/ul>\n<\/td>\n<\/tr>\n<tr style=\"height: 32px;\">\n<td style=\"width: 25.2201%; height: 32px;\"><a href=\"https:\/\/www.abacus.coop\/ca\/party-co.-junior-catala\/21784.34.html?srsltid=AfmBOorZjo9EdKgkaNYbe4CPOOV6zt-NCit4-TZdrOVq3f_6pf20rboA\" target=\"_blank\" rel=\"noopener\"><img loading=\"lazy\" decoding=\"async\" class=\"aligncenter\" src=\"https:\/\/www.abacus.coop\/dw\/image\/v2\/BDLM_PRD\/on\/demandware.static\/-\/Sites-AbacusMaster\/default\/dwe0c90709\/images\/large\/21784.34.jpg?sw=740\" alt=\"Party &amp; Co. J\u00fanior Catal\u00e0\" width=\"160\" height=\"182\" \/><\/a><\/td>\n<td style=\"width: 74.7799%; height: 32px;\">\n<h4><strong><a href=\"https:\/\/www.abacus.coop\/ca\/party-co.-junior-catala\/21784.34.html?srsltid=AfmBOorZjo9EdKgkaNYbe4CPOOV6zt-NCit4-TZdrOVq3f_6pf20rboA\" target=\"_blank\" rel=\"noopener\">PARTY &amp; CO JUNIOR\u00a0<\/a><\/strong><\/h4>\n<p><span style=\"font-weight: 400;\">Les proves estan distribu\u00efdes en 5 categories: tra\u00e7os i dibuixos, m\u00edmica i sons, lectura dels llavis, la definici\u00f3 i la pregunta. Totes elles poden esdevenir eines per potenciar l&#8217;expressi\u00f3 oral i escrita i l&#8217;apropament l\u00fadic vers la llengua catalana.<\/span><\/td>\n<\/tr>\n<tr style=\"height: 32px;\">\n<td style=\"width: 25.2201%; height: 32px;\"><a href=\"https:\/\/www.alber.cat\/llibres\/som_hi_primers_jocs_primeres_paraules\" target=\"_blank\" rel=\"noopener\"><span style=\"color: #ff0000;\"><img loading=\"lazy\" decoding=\"async\" class=\"aligncenter\" src=\"https:\/\/www.racodelllibre.cat\/media\/products\/26749\/26749-0-big.jpg\" alt=\"SOM-HI: PRIMERS JOCS, PRIMERES PARAULES | 9788496248564 | COROMINAS, MARTA - MEDINA, NURIA\" width=\"141\" height=\"196\" \/><\/span><\/a><\/td>\n<td style=\"width: 74.7799%; height: 32px;\">\n<h4><strong><a href=\"https:\/\/www.alber.cat\/llibres\/som_hi_primers_jocs_primeres_paraules\" target=\"_blank\" rel=\"noopener\">SOM-HI!. PRIMER JOCS, PRIMERES PARAULES<\/a><\/strong><\/h4>\n<p><span style=\"font-weight: 400;\">L&#8217;objectiu del llibre \u00e9s el de donar un seguit de pautes per dur a terme activitats i jocs que permeten engrescar els alumnes a aprendre i utilitzar el catal\u00e0.\u00a0 Els jocs estan organitzats en nou temes. Material adre\u00e7at a mestres amb alumnes en el primer estadi d&#8217;aprenentatge de la llengua catalana. <\/span><\/td>\n<\/tr>\n<tr style=\"height: 32px;\">\n<td style=\"width: 25.2201%; height: 32px;\"><a href=\"https:\/\/fundaciobofill.cat\/uploads\/docs\/l\/4\/j\/o\/o\/3\/j\/x\/o\/xarranca_150416.pdf\" target=\"_blank\" rel=\"noopener\"><span style=\"color: #ff0000;\"><img loading=\"lazy\" decoding=\"async\" class=\"wp-image-10203 aligncenter\" src=\"https:\/\/projectes.xtec.cat\/acollidasuport\/wp-content\/uploads\/usu2169\/2024\/11\/Captura-de-pantalla-2024-11-19-142533-219x300.png\" alt=\"\" width=\"107\" height=\"147\" srcset=\"https:\/\/projectes.xtec.cat\/acollidasuport\/wp-content\/uploads\/usu2169\/2024\/11\/Captura-de-pantalla-2024-11-19-142533-219x300.png 219w, https:\/\/projectes.xtec.cat\/acollidasuport\/wp-content\/uploads\/usu2169\/2024\/11\/Captura-de-pantalla-2024-11-19-142533.png 427w\" sizes=\"auto, (max-width: 107px) 100vw, 107px\" \/><\/span><\/a><\/td>\n<td style=\"width: 74.7799%; height: 32px;\">\n<h4><strong><a href=\"https:\/\/fundaciobofill.cat\/uploads\/docs\/l\/4\/j\/o\/o\/3\/j\/x\/o\/xarranca_150416.pdf\">XARRANCA<\/a><\/strong><\/h4>\n<p><span style=\"font-weight: 400; color: #000000;\">Jocs per a l\u2019aprenentatge del catal\u00e0 oral per a nouvinguts a trav\u00e9s de situacions reals.<\/span><\/td>\n<\/tr>\n<\/tbody>\n<\/table>\n<p>&nbsp;<\/p>\n<p>&nbsp;<\/p>\n","protected":false},"excerpt":{"rendered":"<p>Aquesta p\u00e0gina est\u00e0 dedicada a oferir recursos did\u00e0ctics, tant a l&#8217;alumnat com al docent, per afavorir l&#8217;ensenyament-aprenentatge de tots els \u00e0mbits, amb l&#8217;objectiu de desenvolupar les seves habilitats. Aquests materials estan pensats per a alumnat nouvingut, que est\u00e0 iniciant el seu aprenentatge de la llengua&hellip;  <a href=\"https:\/\/projectes.xtec.cat\/acollidasuport\/materials-jocs\/\" title=\"Read Materials: Jocs\">Llegeix m\u00e9s\u00bb<\/a><\/p>\n","protected":false},"author":1,"featured_media":0,"parent":0,"menu_order":0,"comment_status":"closed","ping_status":"closed","template":"","meta":{"_bbp_topic_count":0,"_bbp_reply_count":0,"_bbp_total_topic_count":0,"_bbp_total_reply_count":0,"_bbp_voice_count":0,"_bbp_anonymous_reply_count":0,"_bbp_topic_count_hidden":0,"_bbp_reply_count_hidden":0,"_bbp_forum_subforum_count":0,"footnotes":""},"class_list":["post-10210","page","type-page","status-publish","hentry"],"post_mailing_queue_ids":[],"_links":{"self":[{"href":"https:\/\/projectes.xtec.cat\/acollidasuport\/wp-json\/wp\/v2\/pages\/10210","targetHints":{"allow":["GET"]}}],"collection":[{"href":"https:\/\/projectes.xtec.cat\/acollidasuport\/wp-json\/wp\/v2\/pages"}],"about":[{"href":"https:\/\/projectes.xtec.cat\/acollidasuport\/wp-json\/wp\/v2\/types\/page"}],"author":[{"embeddable":true,"href":"https:\/\/projectes.xtec.cat\/acollidasuport\/wp-json\/wp\/v2\/users\/1"}],"replies":[{"embeddable":true,"href":"https:\/\/projectes.xtec.cat\/acollidasuport\/wp-json\/wp\/v2\/comments?post=10210"}],"version-history":[{"count":6,"href":"https:\/\/projectes.xtec.cat\/acollidasuport\/wp-json\/wp\/v2\/pages\/10210\/revisions"}],"predecessor-version":[{"id":10238,"href":"https:\/\/projectes.xtec.cat\/acollidasuport\/wp-json\/wp\/v2\/pages\/10210\/revisions\/10238"}],"wp:attachment":[{"href":"https:\/\/projectes.xtec.cat\/acollidasuport\/wp-json\/wp\/v2\/media?parent=10210"}],"curies":[{"name":"wp","href":"https:\/\/api.w.org\/{rel}","templated":true}]}}