{"id":10212,"date":"2024-11-21T08:45:21","date_gmt":"2024-11-21T07:45:21","guid":{"rendered":"https:\/\/projectes.xtec.cat\/acollidasuport\/?page_id=10212"},"modified":"2024-12-18T09:39:52","modified_gmt":"2024-12-18T08:39:52","slug":"materials-diccionaris","status":"publish","type":"page","link":"https:\/\/projectes.xtec.cat\/acollidasuport\/materials-diccionaris\/","title":{"rendered":"Materials: Diccionaris"},"content":{"rendered":"<p><span style=\"color: #008000;\"><img loading=\"lazy\" decoding=\"async\" class=\"alignright\" src=\"https:\/\/text.cat\/interact\/guiesTRAM2\/5e\/llengua\/Unitat01\/NT5LG01AC05\/nt5li_01p20di_0.png\" alt=\"Les entrades de diccionari (III)\" width=\"138\" height=\"180\" \/><\/span><\/p>\n<p><span style=\"color: #008000;\"><span style=\"color: #000000;\">Aquesta p\u00e0gina est\u00e0 dedicada <strong>a oferir diferents diccionaris<\/strong>, tant a l&#8217;alumnat com al docent, per afavorir l&#8217;ensenyament-aprenentatge de tots els \u00e0mbits, amb l&#8217;objectiu de desenvolupar les seves habilitats. Aquests materials estan pensats per a alumnat nouvingut, que est\u00e0 iniciant el seu aprenentatge de la llengua catalana i, per tant, corresponen a un nivell A1-A2 del Marc Europeu Com\u00fa de Refer\u00e8ncia per a les Lleng\u00fces (MECR). La finalitat \u00e9s facilitar una immersi\u00f3 ling\u00fc\u00edstica efica\u00e7 i progressiva, oferint suport i eines pr\u00e0ctiques per a una comunicaci\u00f3 oral i expressi\u00f3 escrita b\u00e0sica i efectiva en situacions quotidianes.<\/span><\/span><\/p>\n<table style=\"border-collapse: collapse; width: 100%; height: 987px;\">\n<tbody>\n<tr style=\"height: 143px;\">\n<td style=\"width: 25.2201%; height: 143px;\"><a href=\"https:\/\/www.edu365.cat\/agora\/dic\/agora.html?idioma=amazic\" target=\"_blank\" rel=\"noopener\"><img loading=\"lazy\" decoding=\"async\" class=\"aligncenter\" src=\"https:\/\/edu365.cat\/img\/edu365_fb.jpg\" alt=\"Batxillerat\" width=\"251\" height=\"167\" \/><\/a><\/td>\n<td style=\"width: 74.7799%; height: 143px;\">\n<h4><strong><a href=\"https:\/\/www.edu365.cat\/agora\/dic\/agora.html?idioma=amazic\" target=\"_blank\" rel=\"noopener\">EDU 365 CATAL\u00c0-AMAZIC<\/a><\/strong><\/h4>\n<p><span style=\"font-weight: 400;\">Diccionari en l\u00ednia il\u00b7lustrat que cont\u00e9 600 en\u00a0 catal\u00e0-amazic, una imatge il\u00b7lustrativa i la pronunciaci\u00f3 dels mots en els dos idiomes.<\/span><\/td>\n<\/tr>\n<tr style=\"height: 169px;\">\n<td style=\"width: 25.2201%; height: 169px;\"><a href=\"https:\/\/www.edu365.cat\/acollida\/catala_arab\/index.htm\" target=\"_blank\" rel=\"noopener\"><img loading=\"lazy\" decoding=\"async\" class=\"aligncenter\" src=\"https:\/\/edu365.cat\/img\/edu365_fb.jpg\" alt=\"Batxillerat\" width=\"257\" height=\"171\" \/><\/a><\/td>\n<td style=\"width: 74.7799%; height: 169px;\">\n<h4><strong><a href=\"https:\/\/www.edu365.cat\/acollida\/catala_arab\/index.htm\" target=\"_blank\" rel=\"noopener\">EDU 365 CATAL\u00c0-\u00c0RAB<\/a><\/strong><\/h4>\n<p><span style=\"font-weight: 400;\">Diccionari infantil en l\u00ednia que cont\u00e9 230 paraules en catal\u00e0 i \u00e0rab, una imatge il\u00b7lustrativa i la pronunciaci\u00f3 dels mots en els dos idiomes.<\/span><\/td>\n<\/tr>\n<tr style=\"height: 136px;\">\n<td style=\"width: 25.2201%; height: 136px;\"><a href=\"https:\/\/www.edu365.cat\/acollida\/catala_urdu\/index.htm\" target=\"_blank\" rel=\"noopener\"><img loading=\"lazy\" decoding=\"async\" class=\"aligncenter\" src=\"https:\/\/edu365.cat\/img\/edu365_fb.jpg\" alt=\"Batxillerat\" width=\"257\" height=\"171\" \/><\/a><\/td>\n<td style=\"width: 74.7799%; height: 136px;\">\n<h4><strong><a href=\"https:\/\/www.edu365.cat\/acollida\/catala_urdu\/index.htm\" target=\"_blank\" rel=\"noopener\">EDU365 CATAL\u00c0-URD\u00da<\/a><\/strong><\/h4>\n<p><span style=\"font-weight: 400;\">Diccionari infantil il\u00b7lustrat en l\u00ednia que cont\u00e9 230 paraules en catal\u00e0 i urd\u00fa, una imatge il\u00b7lustrativa i la pronunciaci\u00f3 dels mots en els dos idiomes.<\/span><\/td>\n<\/tr>\n<tr style=\"height: 121px;\">\n<td style=\"width: 25.2201%; height: 121px;\"><a href=\"https:\/\/www.edu365.cat\/acollida\/catala_xines\/index.htm\" target=\"_blank\" rel=\"noopener\"><span style=\"color: #008000;\"><img loading=\"lazy\" decoding=\"async\" class=\"aligncenter\" src=\"https:\/\/edu365.cat\/img\/edu365_fb.jpg\" alt=\"Batxillerat\" width=\"257\" height=\"171\" \/><\/span><\/a><\/td>\n<td style=\"width: 74.7799%; height: 121px;\">\n<h4><strong><a href=\"https:\/\/www.edu365.cat\/acollida\/catala_xines\/index.htm\" target=\"_blank\" rel=\"noopener\">EDU365 CATAL\u00c0-XIN\u00c8S<\/a><\/strong><\/h4>\n<p><span style=\"font-weight: 400;\">Diccionari infantil il\u00b7lustrat en l\u00ednia que cont\u00e9 230 paraules en catal\u00e0 i xin\u00e8s, una imatge il\u00b7lustrativa i la pronunciaci\u00f3 dels mots en els dos idiomes.<\/span><\/td>\n<\/tr>\n<tr style=\"height: 32px;\">\n<td style=\"width: 25.2201%; height: 32px;\"><a href=\"https:\/\/diccionari.cat\/didac\" target=\"_blank\" rel=\"noopener\"><img decoding=\"async\" class=\"aligncenter\" src=\"https:\/\/www.diccionari.cat\/sites\/default\/files\/inline-images\/4iDIDAC_meitat_gran.png\" alt=\"Didac | diccionari.cat\" \/><\/a><\/td>\n<td style=\"width: 74.7799%; height: 32px;\">\n<h4><strong><a href=\"https:\/\/diccionari.cat\/didac\" target=\"_blank\" rel=\"noopener\">DIDAC<\/a><\/strong><\/h4>\n<p><span style=\"font-weight: 400;\">Diccionari catal\u00e0 en l\u00ednia on hi ha definicions, f\u00e0cilment comprensibles, i il\u00b7lustracions s&#8217;integren al text i s\u00f3n molt \u00fatils per a la seva comprensi\u00f3. Una veritable eina ling\u00fc\u00edstica i did\u00e0ctica en mans del professorat de catal\u00e0.<\/span><\/td>\n<\/tr>\n<tr style=\"height: 58px;\">\n<td style=\"width: 25.2201%; height: 58px;\"><a href=\"https:\/\/www.ulyssus.com\/es\/libro\/diccionari-il-lustrat-xines-catala_21982\" target=\"_blank\" rel=\"noopener\"><img loading=\"lazy\" decoding=\"async\" class=\"aligncenter\" src=\"https:\/\/www.ulyssus.com\/es\/imagenes\/9788493\/978849342023.JPG\" alt=\"DICCIONARI IL'LUSTRAT XINES-CATAL\u00c1\" width=\"179\" height=\"258\" \/><\/a><\/td>\n<td style=\"width: 74.7799%; height: 58px;\">\n<h4><strong><a href=\"https:\/\/www.ulyssus.com\/es\/libro\/diccionari-il-lustrat-xines-catala_21982\" target=\"_blank\" rel=\"noopener\">DICCIONARI IL\u00b7LUSTRAT XIN\u00c8S-CATAL\u00c0<\/a><\/strong><\/h4>\n<p><span style=\"font-weight: 400;\">Inclou 147 il\u00b7lustracions realitzades en colors vius. Cada dues p\u00e0gines presenta un centre d&#8217;inter\u00e8s amb 10 dibuixos amb la correspond\u00e8ncia en catal\u00e0 i en xin\u00e8s del concepte expressat.<\/span><\/td>\n<\/tr>\n<tr style=\"height: 32px;\">\n<td style=\"width: 25.2201%; height: 32px;\"><a href=\"https:\/\/www.agapea.com\/libros\/GLAZ-DICCIONARI-DIBUIXAT-CATALA-RUS-9788495955418-i.htm?srsltid=AfmBOop60dAm8LYlYRg0CXE8Vk5CHtHFofP8Ca1z__DZe5FreUn9BzAC\" target=\"_blank\" rel=\"noopener\"><img decoding=\"async\" class=\"aligncenter\" src=\"https:\/\/cdn.agapea.com\/Prensa-Universitaria-Barcelona-\/GLAZ-DICCIONARI-DIBUIXAT-CATALA-RUS-i1n1207184.jpg\" \/><\/a><\/td>\n<td style=\"width: 74.7799%; height: 32px;\">\n<h4><strong><a href=\"https:\/\/www.agapea.com\/libros\/GLAZ-DICCIONARI-DIBUIXAT-CATALA-RUS-9788495955418-i.htm?srsltid=AfmBOop60dAm8LYlYRg0CXE8Vk5CHtHFofP8Ca1z__DZe5FreUn9BzAC\" target=\"_blank\" rel=\"noopener\">GLAZ CATAL\u00c0-RUS<\/a><\/strong><\/h4>\n<p><span style=\"font-weight: 400;\">Diccionari il\u00b7lustrat que pret\u00e9n facilitar la incorporaci\u00f3 dels nens i nenes d&#8217;origen rus al sistema educatiu de Catalunya aportant elements de suport. El l\u00e8xic que cont\u00e9 est\u00e0 dividit per centres d&#8217;inter\u00e8s. Tamb\u00e9 fa algunes consideracions sobre la llengua russa.<\/span><\/td>\n<\/tr>\n<\/tbody>\n<\/table>\n<p>&nbsp;<\/p>\n<p>&nbsp;<\/p>\n","protected":false},"excerpt":{"rendered":"<p>Aquesta p\u00e0gina est\u00e0 dedicada a oferir diferents diccionaris, tant a l&#8217;alumnat com al docent, per afavorir l&#8217;ensenyament-aprenentatge de tots els \u00e0mbits, amb l&#8217;objectiu de desenvolupar les seves habilitats. Aquests materials estan pensats per a alumnat nouvingut, que est\u00e0 iniciant el seu aprenentatge de la llengua&hellip;  <a href=\"https:\/\/projectes.xtec.cat\/acollidasuport\/materials-diccionaris\/\" title=\"Read Materials: Diccionaris\">Llegeix m\u00e9s\u00bb<\/a><\/p>\n","protected":false},"author":1,"featured_media":0,"parent":0,"menu_order":0,"comment_status":"closed","ping_status":"closed","template":"","meta":{"_bbp_topic_count":0,"_bbp_reply_count":0,"_bbp_total_topic_count":0,"_bbp_total_reply_count":0,"_bbp_voice_count":0,"_bbp_anonymous_reply_count":0,"_bbp_topic_count_hidden":0,"_bbp_reply_count_hidden":0,"_bbp_forum_subforum_count":0,"footnotes":""},"class_list":["post-10212","page","type-page","status-publish","hentry"],"post_mailing_queue_ids":[],"_links":{"self":[{"href":"https:\/\/projectes.xtec.cat\/acollidasuport\/wp-json\/wp\/v2\/pages\/10212","targetHints":{"allow":["GET"]}}],"collection":[{"href":"https:\/\/projectes.xtec.cat\/acollidasuport\/wp-json\/wp\/v2\/pages"}],"about":[{"href":"https:\/\/projectes.xtec.cat\/acollidasuport\/wp-json\/wp\/v2\/types\/page"}],"author":[{"embeddable":true,"href":"https:\/\/projectes.xtec.cat\/acollidasuport\/wp-json\/wp\/v2\/users\/1"}],"replies":[{"embeddable":true,"href":"https:\/\/projectes.xtec.cat\/acollidasuport\/wp-json\/wp\/v2\/comments?post=10212"}],"version-history":[{"count":6,"href":"https:\/\/projectes.xtec.cat\/acollidasuport\/wp-json\/wp\/v2\/pages\/10212\/revisions"}],"predecessor-version":[{"id":10245,"href":"https:\/\/projectes.xtec.cat\/acollidasuport\/wp-json\/wp\/v2\/pages\/10212\/revisions\/10245"}],"wp:attachment":[{"href":"https:\/\/projectes.xtec.cat\/acollidasuport\/wp-json\/wp\/v2\/media?parent=10212"}],"curies":[{"name":"wp","href":"https:\/\/api.w.org\/{rel}","templated":true}]}}