{"id":8340,"date":"2020-07-24T12:49:59","date_gmt":"2020-07-24T10:49:59","guid":{"rendered":"https:\/\/projectes.xtec.cat\/acollidasuport\/?page_id=8340"},"modified":"2021-02-23T10:28:06","modified_gmt":"2021-02-23T09:28:06","slug":"formacio","status":"publish","type":"page","link":"https:\/\/projectes.xtec.cat\/acollidasuport\/formacio\/","title":{"rendered":"Formaci\u00f3"},"content":{"rendered":"<p>En el marc d&#8217;un sistema educatiu inclusiu, la proposta formativa del Departament d&#8217;Educaci\u00f3\u00a0relacionada amb l&#8217;atenci\u00f3 a l&#8217;alumnat d&#8217;origen estranger t\u00e9 l&#8217;objectiu seg\u00fcent: proporcionar recursos i estrat\u00e8gies d&#8217;intervenci\u00f3 docent sobre el proc\u00e9s d&#8217;acollida, l&#8217;adquisici\u00f3 de la llengua i l&#8217;acc\u00e9s al curr\u00edculum ordinari de l&#8217;alumnat nouvingut que s&#8217;incorpora als centres educatius catalans, per una banda, i, per una altra, per afavorir l&#8217;\u00e8xit educatiu de l&#8217;alumnat d&#8217;origen que necessita suport a l&#8217;aula ordin\u00e0ria per accedir al curr\u00edculum.<\/p>\n<p>Concretament, les formacions tracten sobre el proc\u00e9s d&#8217;acollida i l&#8217;acollida inicial, la did\u00e0ctica de segones lleng\u00fces, els suports a l&#8217;aula ordin\u00e0ria, el pluriling\u00fcisme i la interculturalitat, entre altres temes.<\/p>\n<p>&nbsp;<\/p>\n<h2>Oferta formativa<\/h2>\n<ul style=\"list-style-type: circle;\">\n<li><a href=\"https:\/\/projectes.xtec.cat\/acollidasuport\/wp-content\/uploads\/usu2169\/2020\/08\/Info_ACO.pdf\" target=\"_blank\" rel=\"noopener noreferrer\">L&#8217;acollida en contextos escolars de diversitat ling\u00fc\u00edstica i cultural<\/a><\/li>\n<li><a href=\"https:\/\/projectes.xtec.cat\/acollidasuport\/wp-content\/uploads\/usu2169\/2020\/08\/Info_ADCL.pdf\" target=\"_blank\" rel=\"noopener noreferrer\">Did\u00e0ctica del catal\u00e0 com a segona llengua per a l&#8217;alumnat nouvingut<\/a><\/li>\n<li><a href=\"https:\/\/projectes.xtec.cat\/acollidasuport\/wp-content\/uploads\/usu2169\/2020\/08\/Info_ANSU.pdf\" target=\"_blank\" rel=\"noopener noreferrer\">Estrat\u00e8gies de suport a l&#8217;aprenentatge de l&#8217;alumnat d&#8217;origen estranger a l&#8217;aula ordin\u00e0ria<\/a><\/li>\n<li><a href=\"https:\/\/projectes.xtec.cat\/acollidasuport\/wp-content\/uploads\/usu2169\/2020\/08\/Info_DJAN.pdf\" target=\"_blank\" rel=\"noopener noreferrer\">Estrat\u00e8gies d&#8217;acollida emocional per a una escola intercultural. Del jo al nosaltres<\/a><\/li>\n<li><a href=\"https:\/\/projectes.xtec.cat\/acollidasuport\/wp-content\/uploads\/usu2169\/2020\/08\/Info_TDLC.pdf\" target=\"_blank\" rel=\"noopener noreferrer\">El tractament de la diversitat ling\u00fc\u00edstica en un centre educatiu<\/a><\/li>\n<li><a href=\"https:\/\/projectes.xtec.cat\/acollidasuport\/wp-content\/uploads\/usu2169\/2020\/08\/Info_LITU.pdf\" target=\"_blank\" rel=\"noopener noreferrer\">Les altres literatures universals<\/a><\/li>\n<li><a href=\"https:\/\/projectes.xtec.cat\/acollidasuport\/wp-content\/uploads\/usu2169\/2020\/08\/Info_TSI.pdf\" target=\"_blank\" rel=\"noopener noreferrer\">Aprenentatge competencial: el treball per tasques a secund\u00e0ria<\/a><\/li>\n<li><a href=\"https:\/\/projectes.xtec.cat\/acollidasuport\/wp-content\/uploads\/usu2169\/2021\/02\/Info_DEIC.pdf\">Educaci\u00f3 intercultural: fonaments te\u00f2rics i aplicaci\u00f3 en el centre docent<\/a><\/li>\n<\/ul>\n<p>&nbsp;<\/p>\n<p><img loading=\"lazy\" decoding=\"async\" class=\"aligncenter wp-image-8455\" src=\"https:\/\/projectes.xtec.cat\/acollidasuport\/wp-content\/uploads\/usu2169\/2020\/09\/Proposta-formativa-300x150.png\" alt=\"\" width=\"700\" height=\"350\" srcset=\"https:\/\/projectes.xtec.cat\/acollidasuport\/wp-content\/uploads\/usu2169\/2020\/09\/Proposta-formativa-300x150.png 300w, https:\/\/projectes.xtec.cat\/acollidasuport\/wp-content\/uploads\/usu2169\/2020\/09\/Proposta-formativa-768x384.png 768w, https:\/\/projectes.xtec.cat\/acollidasuport\/wp-content\/uploads\/usu2169\/2020\/09\/Proposta-formativa.png 1000w\" sizes=\"auto, (max-width: 700px) 100vw, 700px\" \/><\/p>\n","protected":false},"excerpt":{"rendered":"<p>En el marc d&#8217;un sistema educatiu inclusiu, la proposta formativa del Departament d&#8217;Educaci\u00f3\u00a0relacionada amb l&#8217;atenci\u00f3 a l&#8217;alumnat d&#8217;origen estranger t\u00e9 l&#8217;objectiu seg\u00fcent: proporcionar recursos i estrat\u00e8gies d&#8217;intervenci\u00f3 docent sobre el proc\u00e9s d&#8217;acollida, l&#8217;adquisici\u00f3 de la llengua i l&#8217;acc\u00e9s al curr\u00edculum ordinari de l&#8217;alumnat nouvingut que&hellip;  <a href=\"https:\/\/projectes.xtec.cat\/acollidasuport\/formacio\/\" title=\"Read Formaci\u00f3\">Llegeix m\u00e9s\u00bb<\/a><\/p>\n","protected":false},"author":7,"featured_media":0,"parent":0,"menu_order":0,"comment_status":"closed","ping_status":"closed","template":"","meta":{"_bbp_topic_count":0,"_bbp_reply_count":0,"_bbp_total_topic_count":0,"_bbp_total_reply_count":0,"_bbp_voice_count":0,"_bbp_anonymous_reply_count":0,"_bbp_topic_count_hidden":0,"_bbp_reply_count_hidden":0,"_bbp_forum_subforum_count":0,"footnotes":""},"class_list":["post-8340","page","type-page","status-publish","hentry"],"post_mailing_queue_ids":[],"_links":{"self":[{"href":"https:\/\/projectes.xtec.cat\/acollidasuport\/wp-json\/wp\/v2\/pages\/8340","targetHints":{"allow":["GET"]}}],"collection":[{"href":"https:\/\/projectes.xtec.cat\/acollidasuport\/wp-json\/wp\/v2\/pages"}],"about":[{"href":"https:\/\/projectes.xtec.cat\/acollidasuport\/wp-json\/wp\/v2\/types\/page"}],"author":[{"embeddable":true,"href":"https:\/\/projectes.xtec.cat\/acollidasuport\/wp-json\/wp\/v2\/users\/7"}],"replies":[{"embeddable":true,"href":"https:\/\/projectes.xtec.cat\/acollidasuport\/wp-json\/wp\/v2\/comments?post=8340"}],"version-history":[{"count":5,"href":"https:\/\/projectes.xtec.cat\/acollidasuport\/wp-json\/wp\/v2\/pages\/8340\/revisions"}],"predecessor-version":[{"id":8800,"href":"https:\/\/projectes.xtec.cat\/acollidasuport\/wp-json\/wp\/v2\/pages\/8340\/revisions\/8800"}],"wp:attachment":[{"href":"https:\/\/projectes.xtec.cat\/acollidasuport\/wp-json\/wp\/v2\/media?parent=8340"}],"curies":[{"name":"wp","href":"https:\/\/api.w.org\/{rel}","templated":true}]}}