{"id":8391,"date":"2020-07-28T15:17:22","date_gmt":"2020-07-28T13:17:22","guid":{"rendered":"https:\/\/projectes.xtec.cat\/acollidasuport\/?page_id=8391"},"modified":"2024-03-06T09:45:55","modified_gmt":"2024-03-06T08:45:55","slug":"qui-som","status":"publish","type":"page","link":"https:\/\/projectes.xtec.cat\/acollidasuport\/qui-som\/","title":{"rendered":"Qui som"},"content":{"rendered":"<p>Des del 2000 fins a l&#8217;actualitat, els centres educatius catalans han viscut un augment significatiu pel que fa a la incorporaci\u00f3 d&#8217;alumnat de proced\u00e8ncia estrangera: el curs 2018-2019 l&#8217;alumnat de nacionalitat estrangera representava un 13,7% del total de l&#8217;alumnat.<\/p>\n<p>En parlar de les mesures i dels suports adre\u00e7ats a l&#8217;alumnat d&#8217;origen estranger, cal distingir, en primer lloc, entre els alumnes nouvinguts i els que fa m\u00e9s temps que s&#8217;han incorporat al sistema educatiu a Catalunya, per\u00f2 que encara necessiten ajuts complementaris.<\/p>\n<p>L&#8217;atenci\u00f3 a l&#8217;alumnat d&#8217;origen estranger s&#8217;articula en un itinerari que comen\u00e7a amb l&#8217;acollida inicial, continua amb l&#8217;aula d&#8217;acollida i, un cop assolida la compet\u00e8ncia comunicativa conversacional, s&#8217;ha d&#8217;implementar amb suports a l&#8217;aula ordin\u00e0ria, de manera que es garanteixi l&#8217;\u00e8xit educatiu de tot l&#8217;alumnat.<\/p>\n<p>Per tant, els centres educatius han de preveure l&#8217;atenci\u00f3 personalitzada a l&#8217;alumnat d&#8217;origen estranger i, en particular, l&#8217;atenci\u00f3 ling\u00fc\u00edstica que li permeti iniciar o continuar el proc\u00e9s d&#8217;aprenentatge de les dues lleng\u00fces oficials. En el projecte educatiu del centre i en els documents que el desenvolupen i concreten, s&#8217;hi ha de recollir quina \u00e9s l&#8217;atenci\u00f3 espec\u00edfica que ha de rebre aquest alumnat per tal d&#8217;incorporar-lo activament, al m\u00e9s aviat possible, a la din\u00e0mica ordin\u00e0ria del centre. Es tracta de construir centres educatius inclusius, en els quals es facin actuacions per aconseguir una educaci\u00f3 que garanteixi la igualtat d&#8217;oportunitats.<\/p>\n<p>El projecte d&#8217;<em><strong>Alumnat d&#8217;origen estranger<\/strong><\/em> disposa d&#8217;espai propi a la <a href=\"http:\/\/xtec.gencat.cat\/ca\/projectes\/alumnat-origen-estranger\/\">XTEC<\/a>, per\u00f2 s&#8217;ha obert aquest espai NODES amb la finalitat d&#8217;afavorir l&#8217;intercanvi d&#8217;informaci\u00f3 rellevant, compartir nous materials i bones pr\u00e0ctiques, ser el punt de trobada entre docents d&#8217;arreu de Catalunya, entre altres coses. Us animem a fer una visita per les seves seccions:<\/p>\n<ul>\n<li><strong><a href=\"https:\/\/projectes.xtec.cat\/acollidasuport\/categoria\/acollida\/\">ACOLLIDA<\/a>:<\/strong> hi podeu trobar informaci\u00f3 i instruments relacionats amb l&#8217;acollida inicial de l&#8217;alumnat nouvingut<\/li>\n<li><strong><a href=\"https:\/\/projectes.xtec.cat\/acollidasuport\/categoria\/catala-basic\/\">CATAL\u00c0 B\u00c0SIC<\/a>:<\/strong> principalment es volen compartir recursos per a l&#8217;aprenentatge inicial de la llengua catalana, aix\u00ed com tamb\u00e9 orientacions per facilitar el proc\u00e9s d&#8217;adquisici\u00f3 de la llengua<\/li>\n<li><strong><a href=\"https:\/\/projectes.xtec.cat\/acollidasuport\/categoria\/suport-aprenentatge\/\">SUPORT A L&#8217;APRENENTATGE<\/a>:<\/strong> docents d&#8217;\u00e0mbits ling\u00fc\u00edstics com no ling\u00fc\u00edstics podeu trobar-hi recursos i orientacions per millorar l&#8217;\u00e8xit escolar, social i personal de l&#8217;alumnat d&#8217;origen estranger a partir de la personalitzaci\u00f3 dels aprenentatges.<\/li>\n<li><strong><a href=\"https:\/\/projectes.xtec.cat\/acollidasuport\/formacio\/\">FORMACI\u00d3<\/a>:<\/strong> en aquest espai trobar l&#8217;oferta formativa del Departament d&#8217;Educaci\u00f3 relacionada amb l&#8217;atenci\u00f3 a l&#8217;alumnat d&#8217;origen estranger. Encara que el per\u00edode d&#8217;inscripci\u00f3 estigui tancat, podeu accedir al material de formaci\u00f3 dels cursos.<\/li>\n<\/ul>\n<p>&nbsp;<\/p>\n<p><strong>Contacte:\u00a0<\/strong><a href=\"mailto:acollida@xtec.cat\">acollida@xtec.cat<\/a><\/p>\n<p>Servei de Suports i Recursos Ling\u00fc\u00edstics<br \/>\nSubdirecci\u00f3 General de Lleng\u00fces<br \/>\nSecretaria de Pol\u00edtiques Educatives<\/p>\n","protected":false},"excerpt":{"rendered":"<p>Des del 2000 fins a l&#8217;actualitat, els centres educatius catalans han viscut un augment significatiu pel que fa a la incorporaci\u00f3 d&#8217;alumnat de proced\u00e8ncia estrangera: el curs 2018-2019 l&#8217;alumnat de nacionalitat estrangera representava un 13,7% del total de l&#8217;alumnat.<br \/>\nEn parlar de les mesures i dels&hellip;  <a href=\"https:\/\/projectes.xtec.cat\/acollidasuport\/qui-som\/\" title=\"Read Qui som\">Llegeix m\u00e9s\u00bb<\/a><\/p>\n","protected":false},"author":1,"featured_media":0,"parent":0,"menu_order":0,"comment_status":"closed","ping_status":"closed","template":"","meta":{"_bbp_topic_count":0,"_bbp_reply_count":0,"_bbp_total_topic_count":0,"_bbp_total_reply_count":0,"_bbp_voice_count":0,"_bbp_anonymous_reply_count":0,"_bbp_topic_count_hidden":0,"_bbp_reply_count_hidden":0,"_bbp_forum_subforum_count":0,"footnotes":""},"class_list":["post-8391","page","type-page","status-publish","hentry"],"post_mailing_queue_ids":[],"_links":{"self":[{"href":"https:\/\/projectes.xtec.cat\/acollidasuport\/wp-json\/wp\/v2\/pages\/8391","targetHints":{"allow":["GET"]}}],"collection":[{"href":"https:\/\/projectes.xtec.cat\/acollidasuport\/wp-json\/wp\/v2\/pages"}],"about":[{"href":"https:\/\/projectes.xtec.cat\/acollidasuport\/wp-json\/wp\/v2\/types\/page"}],"author":[{"embeddable":true,"href":"https:\/\/projectes.xtec.cat\/acollidasuport\/wp-json\/wp\/v2\/users\/1"}],"replies":[{"embeddable":true,"href":"https:\/\/projectes.xtec.cat\/acollidasuport\/wp-json\/wp\/v2\/comments?post=8391"}],"version-history":[{"count":4,"href":"https:\/\/projectes.xtec.cat\/acollidasuport\/wp-json\/wp\/v2\/pages\/8391\/revisions"}],"predecessor-version":[{"id":9899,"href":"https:\/\/projectes.xtec.cat\/acollidasuport\/wp-json\/wp\/v2\/pages\/8391\/revisions\/9899"}],"wp:attachment":[{"href":"https:\/\/projectes.xtec.cat\/acollidasuport\/wp-json\/wp\/v2\/media?parent=8391"}],"curies":[{"name":"wp","href":"https:\/\/api.w.org\/{rel}","templated":true}]}}