{"id":306,"date":"2015-11-24T18:02:44","date_gmt":"2015-11-24T17:02:44","guid":{"rendered":"http:\/\/projectes.xtec.cat\/agroecologia\/?page_id=306"},"modified":"2021-06-21T09:32:09","modified_gmt":"2021-06-21T07:32:09","slug":"equip","status":"publish","type":"page","link":"https:\/\/projectes.xtec.cat\/agroecologia\/el-projecte\/equip\/","title":{"rendered":"Equip"},"content":{"rendered":"<p>Som un grup de treball interdisciplinar, de diferents organismes.<\/p>\n<p><a href=\"http:\/\/escolesxesc.cat\/\" target=\"_blank\" rel=\"noopener noreferrer\"><img loading=\"lazy\" decoding=\"async\" class=\"alignnone wp-image-8553\" src=\"https:\/\/projectes.xtec.cat\/agroecologia\/wp-content\/uploads\/usu2197\/2021\/06\/xesc.text_-1024x822.jpg\" alt=\"\" width=\"135\" height=\"108\" srcset=\"https:\/\/projectes.xtec.cat\/agroecologia\/wp-content\/uploads\/usu2197\/2021\/06\/xesc.text_-1024x822.jpg 1024w, https:\/\/projectes.xtec.cat\/agroecologia\/wp-content\/uploads\/usu2197\/2021\/06\/xesc.text_-300x241.jpg 300w, https:\/\/projectes.xtec.cat\/agroecologia\/wp-content\/uploads\/usu2197\/2021\/06\/xesc.text_-768x616.jpg 768w, https:\/\/projectes.xtec.cat\/agroecologia\/wp-content\/uploads\/usu2197\/2021\/06\/xesc.text_.jpg 1211w\" sizes=\"auto, (max-width: 135px) 100vw, 135px\" \/><\/a><\/p>\n<p><a href=\"https:\/\/vidasana.org\/\" target=\"_blank\" rel=\"noopener noreferrer\"><img loading=\"lazy\" decoding=\"async\" class=\"alignnone wp-image-8426\" src=\"https:\/\/projectes.xtec.cat\/agroecologia\/wp-content\/uploads\/usu2197\/2020\/10\/logo-nuevo-VIDASANA-catalan-doble-linea-1024x401.jpg\" alt=\"\" width=\"171\" height=\"67\" srcset=\"https:\/\/projectes.xtec.cat\/agroecologia\/wp-content\/uploads\/usu2197\/2020\/10\/logo-nuevo-VIDASANA-catalan-doble-linea-1024x401.jpg 1024w, https:\/\/projectes.xtec.cat\/agroecologia\/wp-content\/uploads\/usu2197\/2020\/10\/logo-nuevo-VIDASANA-catalan-doble-linea-300x118.jpg 300w, https:\/\/projectes.xtec.cat\/agroecologia\/wp-content\/uploads\/usu2197\/2020\/10\/logo-nuevo-VIDASANA-catalan-doble-linea-768x301.jpg 768w\" sizes=\"auto, (max-width: 171px) 100vw, 171px\" \/><\/a><\/p>\n<p><img loading=\"lazy\" decoding=\"async\" class=\"\" src=\"http:\/\/identitatcorporativa.gencat.cat\/web\/.content\/Documentacio\/descarregues\/identificacio\/COLOR\/idbh.jpg\" width=\"264\" height=\"68\" \/><\/p>\n<p><strong>Departament d&#8217;Acci\u00f3 Clim\u00e0tica, Alimentaci\u00f3 i Agenda Rural<\/strong><\/p>\n<p><strong>Departament d&#8217;Educaci\u00f3<\/strong><\/p>\n","protected":false},"excerpt":{"rendered":"<p>Som un grup de treball interdisciplinar, de diferents organismes.<br \/>\n<a href=\"http:\/\/escolesxesc.cat\/\" target=\"_blank\" rel=\"noopener noreferrer\"><\/a><br \/>\n<a href=\"https:\/\/vidasana.org\/\" target=\"_blank\" rel=\"noopener noreferrer\"><\/a><\/p>\n<p>Departament d&#8217;Acci\u00f3 Clim\u00e0tica, Alimentaci\u00f3 i Agenda Rural<br \/>\nDepartament d&#8217;Educaci\u00f3<\/p>\n","protected":false},"author":1,"featured_media":0,"parent":806,"menu_order":20,"comment_status":"closed","ping_status":"closed","template":"page-templates\/side-menu.php","meta":{"_bbp_topic_count":0,"_bbp_reply_count":0,"_bbp_total_topic_count":0,"_bbp_total_reply_count":0,"_bbp_voice_count":0,"_bbp_anonymous_reply_count":0,"_bbp_topic_count_hidden":0,"_bbp_reply_count_hidden":0,"_bbp_forum_subforum_count":0,"footnotes":""},"class_list":["post-306","page","type-page","status-publish","hentry"],"post_mailing_queue_ids":[],"_links":{"self":[{"href":"https:\/\/projectes.xtec.cat\/agroecologia\/wp-json\/wp\/v2\/pages\/306","targetHints":{"allow":["GET"]}}],"collection":[{"href":"https:\/\/projectes.xtec.cat\/agroecologia\/wp-json\/wp\/v2\/pages"}],"about":[{"href":"https:\/\/projectes.xtec.cat\/agroecologia\/wp-json\/wp\/v2\/types\/page"}],"author":[{"embeddable":true,"href":"https:\/\/projectes.xtec.cat\/agroecologia\/wp-json\/wp\/v2\/users\/1"}],"replies":[{"embeddable":true,"href":"https:\/\/projectes.xtec.cat\/agroecologia\/wp-json\/wp\/v2\/comments?post=306"}],"version-history":[{"count":4,"href":"https:\/\/projectes.xtec.cat\/agroecologia\/wp-json\/wp\/v2\/pages\/306\/revisions"}],"predecessor-version":[{"id":8555,"href":"https:\/\/projectes.xtec.cat\/agroecologia\/wp-json\/wp\/v2\/pages\/306\/revisions\/8555"}],"up":[{"embeddable":true,"href":"https:\/\/projectes.xtec.cat\/agroecologia\/wp-json\/wp\/v2\/pages\/806"}],"wp:attachment":[{"href":"https:\/\/projectes.xtec.cat\/agroecologia\/wp-json\/wp\/v2\/media?parent=306"}],"curies":[{"name":"wp","href":"https:\/\/api.w.org\/{rel}","templated":true}]}}