{"id":806,"date":"2015-11-28T21:29:55","date_gmt":"2015-11-28T20:29:55","guid":{"rendered":"http:\/\/projectes.xtec.cat\/agroecologia\/?page_id=806"},"modified":"2021-06-20T16:09:55","modified_gmt":"2021-06-20T14:09:55","slug":"el-projecte","status":"publish","type":"page","link":"https:\/\/projectes.xtec.cat\/agroecologia\/el-projecte\/","title":{"rendered":"El projecte"},"content":{"rendered":"<p><span style=\"font-weight: 400;\">L&#8217;<\/span><b>Agroecologia Escolar<\/b><span style=\"font-weight: 400;\"> \u00e9s l&#8217;acci\u00f3 educativa que fem als centres, promovent la participaci\u00f3 d&#8217;infants i joves en la comprensi\u00f3 i transformaci\u00f3 dels sistemes i processos alimentaris amb criteris de <strong>sostenibilitat<\/strong> i <strong>just\u00edcia<\/strong>. Aquesta acci\u00f3 es desenvolupa al llarg de tot el sistema alimentari escolar: des de la producci\u00f3, incloent la gesti\u00f3 dels residus, passant per la transformaci\u00f3 de l&#8217;aliment, fins a la comercialitzaci\u00f3\/intercanvi i consum.\u00a0<\/span><\/p>\n<p><span style=\"font-weight: 400;\">L\u2019Agroecologia Escolar ens permetr\u00e0 impulsar la sobirania aliment\u00e0ria de la comunitat educativa i de la societat, al\u00a0 mateix temps que afavoreix treballar els continguts curriculars de forma globalitzada i en context, partint de situacions i experimentacions reals i vivencials.<\/span><\/p>\n<p><span style=\"font-weight: 400;\">Aquest web recull projectes, propostes, recerques i materials relacionats amb l\u2019Agroecologia Escolar i la Producci\u00f3 Agroaliment\u00e0ria Ecol\u00f2gica, amb l\u2019objectiu d\u2019ajudar-nos a desenvolupar <strong>projectes educatius<\/strong> relacionats amb aquests temes, per totes les edats i interessos.<\/span><\/p>\n<p><span style=\"font-weight: 400;\">Mitjan\u00e7ant aquesta mena de projectes i activitats volem formar persones m\u00e9s conscients i preparades per entendre com l&#8217;alimentaci\u00f3 afecta a la salut, el medi ambient i a la just\u00edcia social, capaces d\u2019influir en el desenvolupament d\u2019una millor <strong>sobirania aliment\u00e0ria<\/strong> i ajudar a construir un m\u00f3n millor.<\/span><\/p>\n<p><span style=\"font-weight: 400;\"><strong>Glossari:<\/strong>\u00a0<\/span><a href=\"http:\/\/www.fao.org\/agroecology\/home\/es\/\" target=\"_blank\" rel=\"noopener noreferrer\"><span style=\"font-weight: 400;\">Agroecologia;\u00a0<\/span><\/a><a href=\"https:\/\/ca.wikipedia.org\/wiki\/Agroecologia_escolar\" target=\"_blank\" rel=\"noopener noreferrer\"><span style=\"font-weight: 400;\">Agroecologia escolar;\u00a0<\/span><\/a><a href=\"http:\/\/pae.gencat.cat\/ca\/\" target=\"_blank\" rel=\"noopener noreferrer\"><span style=\"font-weight: 400;\">Producci\u00f3 agroaliment\u00e0ria ecol\u00f2gica<\/span><\/a><\/p>\n","protected":false},"excerpt":{"rendered":"<p>L&#8217;Agroecologia Escolar \u00e9s l&#8217;acci\u00f3 educativa que fem als centres, promovent la participaci\u00f3 d&#8217;infants i joves en la comprensi\u00f3 i transformaci\u00f3 dels sistemes i processos alimentaris amb criteris de sostenibilitat i just\u00edcia. Aquesta acci\u00f3 es desenvolupa al llarg de tot el sistema alimentari escolar: des de&hellip;  <a href=\"https:\/\/projectes.xtec.cat\/agroecologia\/el-projecte\/\" title=\"Read El projecte\">Llegeix m\u00e9s\u00bb<\/a><\/p>\n","protected":false},"author":1,"featured_media":0,"parent":0,"menu_order":0,"comment_status":"closed","ping_status":"closed","template":"page-templates\/side-menu.php","meta":{"_bbp_topic_count":0,"_bbp_reply_count":0,"_bbp_total_topic_count":0,"_bbp_total_reply_count":0,"_bbp_voice_count":0,"_bbp_anonymous_reply_count":0,"_bbp_topic_count_hidden":0,"_bbp_reply_count_hidden":0,"_bbp_forum_subforum_count":0,"footnotes":""},"class_list":["post-806","page","type-page","status-publish","hentry"],"post_mailing_queue_ids":[],"_links":{"self":[{"href":"https:\/\/projectes.xtec.cat\/agroecologia\/wp-json\/wp\/v2\/pages\/806","targetHints":{"allow":["GET"]}}],"collection":[{"href":"https:\/\/projectes.xtec.cat\/agroecologia\/wp-json\/wp\/v2\/pages"}],"about":[{"href":"https:\/\/projectes.xtec.cat\/agroecologia\/wp-json\/wp\/v2\/types\/page"}],"author":[{"embeddable":true,"href":"https:\/\/projectes.xtec.cat\/agroecologia\/wp-json\/wp\/v2\/users\/1"}],"replies":[{"embeddable":true,"href":"https:\/\/projectes.xtec.cat\/agroecologia\/wp-json\/wp\/v2\/comments?post=806"}],"version-history":[{"count":2,"href":"https:\/\/projectes.xtec.cat\/agroecologia\/wp-json\/wp\/v2\/pages\/806\/revisions"}],"predecessor-version":[{"id":8534,"href":"https:\/\/projectes.xtec.cat\/agroecologia\/wp-json\/wp\/v2\/pages\/806\/revisions\/8534"}],"wp:attachment":[{"href":"https:\/\/projectes.xtec.cat\/agroecologia\/wp-json\/wp\/v2\/media?parent=806"}],"curies":[{"name":"wp","href":"https:\/\/api.w.org\/{rel}","templated":true}]}}