{"id":10087,"date":"2023-12-12T15:58:10","date_gmt":"2023-12-12T14:58:10","guid":{"rendered":"https:\/\/projectes.xtec.cat\/alumnat\/?page_id=10087"},"modified":"2024-02-12T11:09:33","modified_gmt":"2024-02-12T10:09:33","slug":"privadesa","status":"publish","type":"page","link":"https:\/\/projectes.xtec.cat\/alumnat\/privadesa\/","title":{"rendered":"Privadesa"},"content":{"rendered":"\n<div class=\"wp-block-columns is-layout-flex wp-container-core-columns-is-layout-1 wp-block-columns-is-layout-flex\">\n<div class=\"wp-block-column is-layout-flow wp-block-column-is-layout-flow\" style=\"flex-basis:100%\">\n<p>Informaci\u00f3 b\u00e0sica sobre protecci\u00f3 de dades:<\/p>\n\n\n\n<p><strong>Responsable:<\/strong> Secretaria de Pol\u00edtiques Educatives<br><strong>Finalitat:<\/strong> Tractem les dades personals esmentades anteriorment amb les finalitats seg\u00fcents: Per enviar-vos actualitzacions, butlletins i materials promocionals relacionats amb els vostres interessos seleccionats. Per personalitzar i millorar la teva experi\u00e8ncia al nostre lloc web. Complir amb les obligacions legals i donar resposta a les sol\u00b7licituds l\u00edcites de les autoritats competents.<br><strong>Drets:<\/strong> Accedir a les dades, rectificar-les, suprimir-les, oposar-se\u2019n al tractament i sol\u00b7licitar-ne la<br>limitaci\u00f3. Podeu trobar tota la informaci\u00f3 relativa als drets de les persones interessades i com<br>exercir-los en el web del <a href=\"https:\/\/educacio.gencat.cat\/ca\/departament\/proteccio-dades\/drets-persones-interessades\/\" data-type=\"link\" data-id=\"https:\/\/educacio.gencat.cat\/ca\/departament\/proteccio-dades\/drets-persones-interessades\/\" target=\"_blank\" rel=\"noreferrer noopener\">Departament d\u2019Educaci\u00f3<\/a>.<br><strong>Informaci\u00f3 addicional: <\/strong>Podeu consultar la informaci\u00f3 addicional i detallada del tractament a trav\u00e9s del seg\u00fcent enlla\u00e7: <a href=\"https:\/\/educacio.gencat.cat\/ca\/departament\/proteccio-dades\/informacio-addicional-tractaments\/gestio-activitats-formacio-personal\" data-type=\"link\" data-id=\"https:\/\/educacio.gencat.cat\/ca\/departament\/proteccio-dades\/drets-persones-interessades\/\" target=\"_blank\" rel=\"noreferrer noopener\">https:\/\/educacio.gencat.cat\/ca\/departament\/proteccio-dades\/informacio-<br>addicional-tractaments\/gestio-activitats-formacio-personal<\/a><\/p>\n<\/div>\n<\/div>\n","protected":false},"excerpt":{"rendered":"<p>Informaci\u00f3 b\u00e0sica sobre protecci\u00f3 de dades: Responsable: Secretaria de Pol\u00edtiques EducativesFinalitat: Tractem les dades personals esmentades anteriorment amb les finalitats seg\u00fcents: Per enviar-vos actualitzacions, butlletins i materials promocionals relacionats amb els vostres interessos seleccionats. Per personalitzar i millorar la teva [&hellip;]<\/p>\n","protected":false},"author":2,"featured_media":0,"parent":0,"menu_order":0,"comment_status":"closed","ping_status":"close","template":"","meta":{"site-sidebar-layout":"no-sidebar","site-content-layout":"boxed-container","ast-site-content-layout":"","site-content-style":"default","site-sidebar-style":"default","ast-global-header-display":"","ast-banner-title-visibility":"","ast-main-header-display":"","ast-hfb-above-header-display":"","ast-hfb-below-header-display":"","ast-hfb-mobile-header-display":"","site-post-title":"","ast-breadcrumbs-content":"","ast-featured-img":"","footer-sml-layout":"","theme-transparent-header-meta":"","adv-header-id-meta":"","stick-header-meta":"","header-above-stick-meta":"","header-main-stick-meta":"","header-below-stick-meta":"","astra-migrate-meta-layouts":"default","ast-page-background-enabled":"default","ast-page-background-meta":{"desktop":{"background-color":"var(--ast-global-color-4)","background-image":"","background-repeat":"repeat","background-position":"center center","background-size":"auto","background-attachment":"scroll","background-type":"","background-media":"","overlay-type":"","overlay-color":"","overlay-opacity":"","overlay-gradient":""},"tablet":{"background-color":"","background-image":"","background-repeat":"repeat","background-position":"center center","background-size":"auto","background-attachment":"scroll","background-type":"","background-media":"","overlay-type":"","overlay-color":"","overlay-opacity":"","overlay-gradient":""},"mobile":{"background-color":"","background-image":"","background-repeat":"repeat","background-position":"center center","background-size":"auto","background-attachment":"scroll","background-type":"","background-media":"","overlay-type":"","overlay-color":"","overlay-opacity":"","overlay-gradient":""}},"ast-content-background-meta":{"desktop":{"background-color":"var(--ast-global-color-5)","background-image":"","background-repeat":"repeat","background-position":"center center","background-size":"auto","background-attachment":"scroll","background-type":"","background-media":"","overlay-type":"","overlay-color":"","overlay-opacity":"","overlay-gradient":""},"tablet":{"background-color":"var(--ast-global-color-5)","background-image":"","background-repeat":"repeat","background-position":"center center","background-size":"auto","background-attachment":"scroll","background-type":"","background-media":"","overlay-type":"","overlay-color":"","overlay-opacity":"","overlay-gradient":""},"mobile":{"background-color":"var(--ast-global-color-5)","background-image":"","background-repeat":"repeat","background-position":"center center","background-size":"auto","background-attachment":"scroll","background-type":"","background-media":"","overlay-type":"","overlay-color":"","overlay-opacity":"","overlay-gradient":""}},"footnotes":""},"class_list":["post-10087","page","type-page","status-publish","hentry"],"post_mailing_queue_ids":[],"_links":{"self":[{"href":"https:\/\/projectes.xtec.cat\/alumnat\/wp-json\/wp\/v2\/pages\/10087","targetHints":{"allow":["GET"]}}],"collection":[{"href":"https:\/\/projectes.xtec.cat\/alumnat\/wp-json\/wp\/v2\/pages"}],"about":[{"href":"https:\/\/projectes.xtec.cat\/alumnat\/wp-json\/wp\/v2\/types\/page"}],"author":[{"embeddable":true,"href":"https:\/\/projectes.xtec.cat\/alumnat\/wp-json\/wp\/v2\/users\/2"}],"replies":[{"embeddable":true,"href":"https:\/\/projectes.xtec.cat\/alumnat\/wp-json\/wp\/v2\/comments?post=10087"}],"version-history":[{"count":5,"href":"https:\/\/projectes.xtec.cat\/alumnat\/wp-json\/wp\/v2\/pages\/10087\/revisions"}],"predecessor-version":[{"id":10370,"href":"https:\/\/projectes.xtec.cat\/alumnat\/wp-json\/wp\/v2\/pages\/10087\/revisions\/10370"}],"wp:attachment":[{"href":"https:\/\/projectes.xtec.cat\/alumnat\/wp-json\/wp\/v2\/media?parent=10087"}],"curies":[{"name":"wp","href":"https:\/\/api.w.org\/{rel}","templated":true}]}}