{"id":797,"date":"2015-11-28T21:06:57","date_gmt":"2015-11-28T20:06:57","guid":{"rendered":"http:\/\/projectes.xtec.cat\/apadrinem\/?page_id=797"},"modified":"2022-02-24T09:48:39","modified_gmt":"2022-02-24T08:48:39","slug":"presentacio","status":"publish","type":"page","link":"https:\/\/projectes.xtec.cat\/apadrinem\/el-projecte\/presentacio\/","title":{"rendered":"Presentaci\u00f3"},"content":{"rendered":"<p>El Programa Apadrinem el nostre patrimoni es basa en la idea de <strong>l&#8217;apadrinament d&#8217;un element patrimonial per part del centre educatiu<\/strong>, la qual cosa comporta donar-li valor i aprofundir en el seu coneixement des del punt de vista cultural i, alhora, fer que aquest coneixement sigui socialment rellevant, \u00e9s a dir, que arribi a la mateixa comunitat i a l&#8217;entorn de l&#8217;escola.<\/p>\n<p>Les diverses experi\u00e8ncies que en aquesta l\u00ednia s&#8217;han fet a Catalunya demostren els avantatges educatius de l&#8217;aplicaci\u00f3 del patrimoni utilitzat com a recurs did\u00e0ctic. Els projectes d&#8217;apadrinament promouen el sentiment de pertinen\u00e7a, l&#8217;aprenentatge col\u00b7laboratiu, l&#8217;autonomia de l&#8217;alumnat&#8230; Permet situar l&#8217;alumne com a subjecte actiu del seu aprenentatge, promovent-ne la implicaci\u00f3 en el territori i la societat a trav\u00e9s d&#8217;un concepte de ciutadania cr\u00edtica i responsable.<\/p>\n<p>El Programa d&#8217;innovaci\u00f3 pedag\u00f2gica Apadrinem el nostre patrimoni entre els centres educatius que imparteixen educaci\u00f3 infantil, prim\u00e0ria i\/o educaci\u00f3 secund\u00e0ria.<\/p>\n","protected":false},"excerpt":{"rendered":"<p>El Programa Apadrinem el nostre patrimoni es basa en la idea de l&#8217;apadrinament d&#8217;un element patrimonial per part del centre educatiu, la qual cosa comporta donar-li valor i aprofundir en el seu coneixement des del punt de vista cultural i, alhora, fer que aquest coneixement&hellip;  <a href=\"https:\/\/projectes.xtec.cat\/apadrinem\/el-projecte\/presentacio\/\" title=\"Read Presentaci\u00f3\">Llegeix m\u00e9s\u00bb<\/a><\/p>\n","protected":false},"author":1,"featured_media":0,"parent":806,"menu_order":10,"comment_status":"closed","ping_status":"closed","template":"page-templates\/side-menu.php","meta":{"_bbp_topic_count":0,"_bbp_reply_count":0,"_bbp_total_topic_count":0,"_bbp_total_reply_count":0,"_bbp_voice_count":0,"_bbp_anonymous_reply_count":0,"_bbp_topic_count_hidden":0,"_bbp_reply_count_hidden":0,"_bbp_forum_subforum_count":0,"footnotes":""},"class_list":["post-797","page","type-page","status-publish","hentry"],"post_mailing_queue_ids":[],"_links":{"self":[{"href":"https:\/\/projectes.xtec.cat\/apadrinem\/wp-json\/wp\/v2\/pages\/797","targetHints":{"allow":["GET"]}}],"collection":[{"href":"https:\/\/projectes.xtec.cat\/apadrinem\/wp-json\/wp\/v2\/pages"}],"about":[{"href":"https:\/\/projectes.xtec.cat\/apadrinem\/wp-json\/wp\/v2\/types\/page"}],"author":[{"embeddable":true,"href":"https:\/\/projectes.xtec.cat\/apadrinem\/wp-json\/wp\/v2\/users\/1"}],"replies":[{"embeddable":true,"href":"https:\/\/projectes.xtec.cat\/apadrinem\/wp-json\/wp\/v2\/comments?post=797"}],"version-history":[{"count":1,"href":"https:\/\/projectes.xtec.cat\/apadrinem\/wp-json\/wp\/v2\/pages\/797\/revisions"}],"predecessor-version":[{"id":8252,"href":"https:\/\/projectes.xtec.cat\/apadrinem\/wp-json\/wp\/v2\/pages\/797\/revisions\/8252"}],"up":[{"embeddable":true,"href":"https:\/\/projectes.xtec.cat\/apadrinem\/wp-json\/wp\/v2\/pages\/806"}],"wp:attachment":[{"href":"https:\/\/projectes.xtec.cat\/apadrinem\/wp-json\/wp\/v2\/media?parent=797"}],"curies":[{"name":"wp","href":"https:\/\/api.w.org\/{rel}","templated":true}]}}