{"id":306,"date":"2015-11-24T18:02:44","date_gmt":"2015-11-24T17:02:44","guid":{"rendered":"http:\/\/projectes.xtec.cat\/araart\/?page_id=306"},"modified":"2026-02-04T11:30:17","modified_gmt":"2026-02-04T10:30:17","slug":"equip","status":"publish","type":"page","link":"https:\/\/projectes.xtec.cat\/araart\/el-projecte\/equip\/","title":{"rendered":"Equip"},"content":{"rendered":"\n<h2 class=\"wp-block-heading has-text-color\" style=\"color:#df1d1d\">Experts Fundacionals<\/h2>\n\n\n\n<p class=\"has-medium-font-size\"><span style=\"font-weight: 400;\">El programa araArt, compta amb tres experts en l&#8217;\u00e0mbit de les arts, Ester Bonal, Gl\u00f2ria Jov\u00e9 i Llu\u00eds Vallv\u00e9,&nbsp; que promouen&nbsp; la integraci\u00f3 de les arts com a element transversal dins dels centres educatius. Aquests experts, amb el seu coneixement en pedagogia i arts, han tra\u00e7at un cam\u00ed innovador per potenciar el desenvolupament integral dels estudiants a trav\u00e9s de l&#8217;art.<\/span><\/p>\n\n\n\n<p class=\"has-medium-font-size\"><span style=\"font-weight: 400;\">La visi\u00f3 de Bonal, Jov\u00e9 i Vallv\u00e9 va m\u00e9s enll\u00e0 de simplement ensenyar habilitats art\u00edstiques. El seu enfocament radica en utilitzar les arts com a eina per potenciar la creativitat, el pensament cr\u00edtic i l&#8217;expressi\u00f3 personal en els alumnes. Amb una metodologia que integra les arts visuals, la m\u00fasica, el teatre i la dansa en el curr\u00edculum escolar, el programa araArt ofereix un espai enriquidor on els aprenents poden explorar, experimentar i descobrir noves formes d&#8217;aprenentatge.<\/span><\/p>\n\n\n\n<p class=\"has-medium-font-size\"><span style=\"font-weight: 400;\">La tasca d&#8217;aquests experts implica formar els docents perqu\u00e8 puguin integrar l&#8217;art de manera efectiva en les seves pr\u00e0ctiques pedag\u00f2giques. D&#8217;aquesta manera, el programa araArt no nom\u00e9s impacta en el desenvolupament dels infants i joves, sin\u00f3 que tamb\u00e9 contribueix a la capacitaci\u00f3 i el creixement professional del cos docent.<\/span><\/p>\n\n\n\n<p class=\"has-medium-font-size\"><span style=\"font-weight: 400;\">Gr\u00e0cies a la seva dedicaci\u00f3 i el comprom\u00eds, el programa araArt s&#8217;erigeix en un referent en la promoci\u00f3 d&#8217;una educaci\u00f3 hol\u00edstica que reconeix la import\u00e0ncia de les arts en el desenvolupament integral de les persones.<\/span><\/p>\n\n\n\n<div style=\"height:63px\" aria-hidden=\"true\" class=\"wp-block-spacer\"><\/div>\n\n\n\n<div class=\"wp-block-columns is-layout-flex wp-container-core-columns-is-layout-1 wp-block-columns-is-layout-flex\">\n<div class=\"wp-block-column is-layout-flow wp-block-column-is-layout-flow\">\n<figure class=\"wp-block-image aligncenter size-full\"><a href=\"https:\/\/projectes.xtec.cat\/araart\/wp-content\/uploads\/usu2396\/2024\/02\/Ester-Bonal.png\"><img loading=\"lazy\" decoding=\"async\" width=\"200\" height=\"200\" src=\"https:\/\/projectes.xtec.cat\/araart\/wp-content\/uploads\/usu2396\/2024\/02\/Ester-Bonal.png\" alt=\"\" class=\"wp-image-8441\" srcset=\"https:\/\/projectes.xtec.cat\/araart\/wp-content\/uploads\/usu2396\/2024\/02\/Ester-Bonal.png 200w, https:\/\/projectes.xtec.cat\/araart\/wp-content\/uploads\/usu2396\/2024\/02\/Ester-Bonal-150x150.png 150w\" sizes=\"auto, (max-width: 200px) 100vw, 200px\" \/><\/a><\/figure>\n\n\n\n<p class=\"has-text-align-center has-medium-font-size\"><a href=\"https:\/\/ca.wikipedia.org\/wiki\/Ester_Bonal_i_Sarr%C3%B3\">Ester Bonal (Dir. Xamfr\u00e0)<\/a><\/p>\n<\/div>\n\n\n\n<div class=\"wp-block-column is-layout-flow wp-block-column-is-layout-flow\">\n<figure class=\"wp-block-image aligncenter size-full is-resized\"><a href=\"https:\/\/projectes.xtec.cat\/araart\/wp-content\/uploads\/usu2396\/2024\/02\/Gloria-Jove1.png\"><img loading=\"lazy\" decoding=\"async\" width=\"169\" height=\"177\" src=\"https:\/\/projectes.xtec.cat\/araart\/wp-content\/uploads\/usu2396\/2024\/02\/Gloria-Jove1.png\" alt=\"\" class=\"wp-image-8443\" style=\"aspect-ratio:0.9548022598870056;width:189px;height:auto\"\/><\/a><\/figure>\n\n\n\n<p class=\"has-text-align-center has-medium-font-size\"><a href=\"https:\/\/decedu.udl.cat\/export\/sites\/Decedu\/ca\/.galleries\/Documents\/JOVE_G.pdf\">Gl\u00f2ria Jov\u00e9 (Universitat de Lleida)<\/a><\/p>\n<\/div>\n\n\n\n<div class=\"wp-block-column is-layout-flow wp-block-column-is-layout-flow\">\n<figure class=\"wp-block-image aligncenter size-full is-resized\"><a href=\"https:\/\/projectes.xtec.cat\/araart\/wp-content\/uploads\/usu2396\/2024\/02\/Lluis-Vallve1.png\"><img loading=\"lazy\" decoding=\"async\" width=\"427\" height=\"397\" src=\"https:\/\/projectes.xtec.cat\/araart\/wp-content\/uploads\/usu2396\/2024\/02\/Lluis-Vallve1.png\" alt=\"\" class=\"wp-image-8444\" style=\"aspect-ratio:1.0755667506297228;width:210px;height:auto\" srcset=\"https:\/\/projectes.xtec.cat\/araart\/wp-content\/uploads\/usu2396\/2024\/02\/Lluis-Vallve1.png 427w, https:\/\/projectes.xtec.cat\/araart\/wp-content\/uploads\/usu2396\/2024\/02\/Lluis-Vallve1-300x279.png 300w\" sizes=\"auto, (max-width: 427px) 100vw, 427px\" \/><\/a><\/figure>\n\n\n\n<p class=\"has-text-align-center has-medium-font-size\"><a href=\"http:\/\/les3coses.debats.cat\/ca\/community\/lluis-vallve-cordomi\">Llu\u00eds Vallv\u00e9 (Mestre d\u2019educaci\u00f3 visual i pl\u00e0stica)<\/a><\/p>\n<\/div>\n<\/div>\n\n\n\n<div style=\"height:44px\" aria-hidden=\"true\" class=\"wp-block-spacer\"><\/div>\n\n\n\n<h2 class=\"wp-block-heading has-text-color\" style=\"color:#df1d1d\">Formadors<\/h2>\n\n\n\n<div style=\"height:43px\" aria-hidden=\"true\" class=\"wp-block-spacer\"><\/div>\n\n\n\n<p class=\"has-text-align-left has-medium-font-size\"><span style=\"font-weight: 400;\">Assessors i formadors del programa del curs 2025-2026:<\/span><\/p>\n\n\n\n<p class=\"has-medium-font-size\">1a Fase: Carme Guti\u00e9rrez, Montserrat Ciur\u00f3 i Meritxell Miret.<\/p>\n\n\n\n<p class=\"has-medium-font-size\">2a Fase: Merc\u00e8 Mir\u00f3, Oscar Altide, Meritxell Miret i Elisenda Poch.<\/p>\n\n\n\n<p class=\"has-medium-font-size\">3a Fase: Judit Gar\u00ed, Muntsa Amig\u00f3, Maria Paczkowski, S\u00edlvia Garcia  i Elisenda Poch.<\/p>\n\n\n\n<p class=\"has-medium-font-size\">Seminari de formadors: Llu\u00eds Vallv\u00e9, Elisenda Poch i Meritxell Miret.<\/p>\n\n\n\n<p class=\"has-medium-font-size\">Col\u00b7laboraci\u00f3 de l&#8217;Ester Bonal en alguna sessi\u00f3.<\/p>\n\n\n\n<p><\/p>\n\n\n\n<h2 class=\"wp-block-heading has-text-color\" style=\"color:#df1d1d\">Departament<\/h2>\n\n\n\n<div style=\"height:46px\" aria-hidden=\"true\" class=\"wp-block-spacer\"><\/div>\n\n\n\n<p class=\"has-medium-font-size\">Des del Departament d&#8217;educaci\u00f3 el programa s&#8217;impulsa des  de dues Direccions Generals diferents: <\/p>\n\n\n\n<p class=\"has-medium-font-size\">Direcci\u00f3 General de Formaci\u00f3 Professional<\/p>\n\n\n\n<p class=\"has-medium-font-size\"> Cap de Servei dels ensenyaments de r\u00e8gim especial &#8211; Olga Adroher<\/p>\n\n\n\n<p class=\"has-medium-font-size\">T\u00e8cnics : Merc\u00e8 Plana, N\u00faria Hern\u00e1ndez i Yolanda Pareja<\/p>\n\n\n\n<p><\/p>\n\n\n\n<p class=\"has-medium-font-size\">Direcci\u00f3 General  Curr\u00edculum i Desenvolupament Professional<\/p>\n\n\n\n<p class=\"has-medium-font-size\">Cap de Servei de curr\u00edculum d\u2019infantil i prim\u00e0ria &#8211; Rita Bagur<\/p>\n\n\n\n<p class=\"has-medium-font-size\">Cap de Servei de curr\u00edculum de secund\u00e0ria i batxillerat &#8211; Ana Garrote<\/p>\n\n\n\n<p class=\"has-medium-font-size\">T\u00e8cnics: Elisenda Poch,  Meritxell Miret i Caterina Canyelles<\/p>\n\n\n\n<p><\/p>\n","protected":false},"excerpt":{"rendered":"<p>Experts Fundacionals El programa araArt, compta amb tres experts en l&#8217;\u00e0mbit de les arts, Ester Bonal, Gl\u00f2ria Jov\u00e9 i Llu\u00eds Vallv\u00e9,&nbsp; que promouen&nbsp; la integraci\u00f3 de les arts com a element transversal dins dels centres educatius. Aquests experts, amb el seu coneixement en pedagogia i arts, han tra\u00e7at un cam\u00ed innovador per potenciar el desenvolupament [&hellip;]<\/p>\n","protected":false},"author":1,"featured_media":0,"parent":806,"menu_order":20,"comment_status":"closed","ping_status":"closed","template":"","meta":{"_bbp_topic_count":0,"_bbp_reply_count":0,"_bbp_total_topic_count":0,"_bbp_total_reply_count":0,"_bbp_voice_count":0,"_bbp_anonymous_reply_count":0,"_bbp_topic_count_hidden":0,"_bbp_reply_count_hidden":0,"_bbp_forum_subforum_count":0,"site-sidebar-layout":"default","site-content-layout":"","ast-site-content-layout":"default","site-content-style":"default","site-sidebar-style":"default","ast-global-header-display":"","ast-banner-title-visibility":"","ast-main-header-display":"","ast-hfb-above-header-display":"","ast-hfb-below-header-display":"","ast-hfb-mobile-header-display":"","site-post-title":"","ast-breadcrumbs-content":"","ast-featured-img":"","footer-sml-layout":"","theme-transparent-header-meta":"","adv-header-id-meta":"","stick-header-meta":"","header-above-stick-meta":"","header-main-stick-meta":"","header-below-stick-meta":"","astra-migrate-meta-layouts":"set","ast-page-background-enabled":"default","ast-page-background-meta":{"desktop":{"background-color":"var(--ast-global-color-4)","background-image":"","background-repeat":"repeat","background-position":"center center","background-size":"auto","background-attachment":"scroll","background-type":"","background-media":"","overlay-type":"","overlay-color":"","overlay-opacity":"","overlay-gradient":""},"tablet":{"background-color":"","background-image":"","background-repeat":"repeat","background-position":"center center","background-size":"auto","background-attachment":"scroll","background-type":"","background-media":"","overlay-type":"","overlay-color":"","overlay-opacity":"","overlay-gradient":""},"mobile":{"background-color":"","background-image":"","background-repeat":"repeat","background-position":"center center","background-size":"auto","background-attachment":"scroll","background-type":"","background-media":"","overlay-type":"","overlay-color":"","overlay-opacity":"","overlay-gradient":""}},"ast-content-background-meta":{"desktop":{"background-color":"var(--ast-global-color-5)","background-image":"","background-repeat":"repeat","background-position":"center center","background-size":"auto","background-attachment":"scroll","background-type":"","background-media":"","overlay-type":"","overlay-color":"","overlay-opacity":"","overlay-gradient":""},"tablet":{"background-color":"var(--ast-global-color-5)","background-image":"","background-repeat":"repeat","background-position":"center center","background-size":"auto","background-attachment":"scroll","background-type":"","background-media":"","overlay-type":"","overlay-color":"","overlay-opacity":"","overlay-gradient":""},"mobile":{"background-color":"var(--ast-global-color-5)","background-image":"","background-repeat":"repeat","background-position":"center center","background-size":"auto","background-attachment":"scroll","background-type":"","background-media":"","overlay-type":"","overlay-color":"","overlay-opacity":"","overlay-gradient":""}},"footnotes":""},"class_list":["post-306","page","type-page","status-publish","hentry"],"post_mailing_queue_ids":[],"_links":{"self":[{"href":"https:\/\/projectes.xtec.cat\/araart\/wp-json\/wp\/v2\/pages\/306","targetHints":{"allow":["GET"]}}],"collection":[{"href":"https:\/\/projectes.xtec.cat\/araart\/wp-json\/wp\/v2\/pages"}],"about":[{"href":"https:\/\/projectes.xtec.cat\/araart\/wp-json\/wp\/v2\/types\/page"}],"author":[{"embeddable":true,"href":"https:\/\/projectes.xtec.cat\/araart\/wp-json\/wp\/v2\/users\/1"}],"replies":[{"embeddable":true,"href":"https:\/\/projectes.xtec.cat\/araart\/wp-json\/wp\/v2\/comments?post=306"}],"version-history":[{"count":6,"href":"https:\/\/projectes.xtec.cat\/araart\/wp-json\/wp\/v2\/pages\/306\/revisions"}],"predecessor-version":[{"id":8848,"href":"https:\/\/projectes.xtec.cat\/araart\/wp-json\/wp\/v2\/pages\/306\/revisions\/8848"}],"up":[{"embeddable":true,"href":"https:\/\/projectes.xtec.cat\/araart\/wp-json\/wp\/v2\/pages\/806"}],"wp:attachment":[{"href":"https:\/\/projectes.xtec.cat\/araart\/wp-json\/wp\/v2\/media?parent=306"}],"curies":[{"name":"wp","href":"https:\/\/api.w.org\/{rel}","templated":true}]}}