{"id":8321,"date":"2024-02-07T13:54:53","date_gmt":"2024-02-07T12:54:53","guid":{"rendered":"https:\/\/projectes.xtec.cat\/araart\/?page_id=8321"},"modified":"2024-06-13T09:53:52","modified_gmt":"2024-06-13T07:53:52","slug":"centres","status":"publish","type":"page","link":"https:\/\/projectes.xtec.cat\/araart\/el-projecte\/centres\/","title":{"rendered":"Centres"},"content":{"rendered":"\n<figure class=\"wp-block-image aligncenter size-large is-resized\"><a href=\"https:\/\/projectes.xtec.cat\/araart\/wp-content\/uploads\/usu2396\/2024\/02\/aa4.png\"><img loading=\"lazy\" decoding=\"async\" width=\"1024\" height=\"102\" src=\"https:\/\/projectes.xtec.cat\/araart\/wp-content\/uploads\/usu2396\/2024\/02\/aa4-1024x102.png\" alt=\"\" class=\"wp-image-8414\" style=\"aspect-ratio:10.03921568627451;width:1196px;height:auto\" srcset=\"https:\/\/projectes.xtec.cat\/araart\/wp-content\/uploads\/usu2396\/2024\/02\/aa4-1024x102.png 1024w, https:\/\/projectes.xtec.cat\/araart\/wp-content\/uploads\/usu2396\/2024\/02\/aa4-300x30.png 300w, https:\/\/projectes.xtec.cat\/araart\/wp-content\/uploads\/usu2396\/2024\/02\/aa4-768x76.png 768w, https:\/\/projectes.xtec.cat\/araart\/wp-content\/uploads\/usu2396\/2024\/02\/aa4.png 1069w\" sizes=\"auto, (max-width: 1024px) 100vw, 1024px\" \/><\/a><\/figure>\n\n\n\n<div style=\"height:51px\" aria-hidden=\"true\" class=\"wp-block-spacer\"><\/div>\n\n\n\n<div class=\"wp-block-columns is-layout-flex wp-container-core-columns-is-layout-1 wp-block-columns-is-layout-flex\">\n<div class=\"wp-block-column is-layout-flow wp-block-column-is-layout-flow\">\n<iframe loading=\"lazy\" src=\"https:\/\/www.google.com\/maps\/d\/embed?mid=1NJU-HV3UOjbyQ6D0fN_QpwV6I0YGZvs&#038;ehbc=2E312F\" width=\"640\" height=\"480\"><\/iframe>\n<\/div>\n\n\n\n<div class=\"wp-block-column is-layout-flow wp-block-column-is-layout-flow\">\n        <div class=\"wp-block-getwid-post-carousel custom-post-type-post has-arrows-inside has-dots-outside\">\n            <div data-slider-option=\"{&quot;sliderSlidesToShowDesktop&quot;:&quot;1&quot;,&quot;getwid_slidesToShowLaptop&quot;:&quot;1&quot;,&quot;getwid_slidesToShowTablet&quot;:&quot;1&quot;,&quot;getwid_slidesToShowMobile&quot;:&quot;1&quot;,&quot;getwid_autoplay_speed&quot;:6000,&quot;getwid_animation_speed&quot;:800,&quot;getwid_slidesToScroll&quot;:&quot;1&quot;,&quot;getwid_autoplay&quot;:false,&quot;getwid_pause_on_hover&quot;:false,&quot;getwid_infinite&quot;:true,&quot;getwid_center_mode&quot;:false,&quot;getwid_arrows&quot;:&quot;inside&quot;,&quot;getwid_dots&quot;:&quot;outside&quot;}\" class=\"wp-block-getwid-post-carousel__wrapper\">\n                \t\t\t\t\t\t\t<div class=\"wp-block-getwid-post-carousel__slide\">\n\t\t\t\t\t\t\t\t\n<div class=\"wp-block-getwid-post-carousel__post\">\n            <div class=\"wp-block-getwid-post-carousel__post-thumbnail\">\n            <a href=\"https:\/\/projectes.xtec.cat\/araart\/general\/2a-sessio-taller-dequips-impulsors-2025-2026\/\"><img loading=\"lazy\" decoding=\"async\" width=\"450\" height=\"338\" src=\"https:\/\/projectes.xtec.cat\/araart\/wp-content\/uploads\/usu2396\/2025\/11\/1763373074544_RED-e1764158579511.jpg\" class=\"attachment-post-thumbnail size-post-thumbnail wp-post-image\" alt=\"2a sessi\u00f3 presencial del Taller d&#039;equips impulsors\" \/><\/a>\n        <\/div>\n        <div class=\"wp-block-getwid-post-carousel__post-content-wrapper\">\n        <div class=\"wp-block-getwid-post-carousel__post-header\">\n            <h3 class=\"wp-block-getwid-post-carousel__post-title\"><a href=\"https:\/\/projectes.xtec.cat\/araart\/general\/2a-sessio-taller-dequips-impulsors-2025-2026\/\">2a Sessi\u00f3 Taller d&#8217;Equips Impulsors 2025-2026<\/a><\/h3>        <\/div>\n        <div class=\"wp-block-getwid-post-carousel__post-excerpt\"><p>El dissabte 15 de novembre de 2025, al Conservatori de m\u00fasica de Barcelona, vam celebrar la 2a sessi\u00f3 del Taller d\u2019Equips Impulsors del programa d\u2019innovaci\u00f3 araArt, amb la participaci\u00f3 de docents i professorat dels Equips Impulsors dels centres de 1a, 2a i 3a fase. La jornada va comen\u00e7ar amb una inspiradora confer\u00e8ncia de la Marta [&hellip;]<\/p>\n<\/div>\n    <\/div>\n<\/div>\n\n\t\t\t\t\t\t\t<\/div>\n\t\t\t\t\t\t\t\t\t\t\t\t\t<div class=\"wp-block-getwid-post-carousel__slide\">\n\t\t\t\t\t\t\t\t\n<div class=\"wp-block-getwid-post-carousel__post\">\n            <div class=\"wp-block-getwid-post-carousel__post-thumbnail\">\n            <a href=\"https:\/\/projectes.xtec.cat\/araart\/general\/jornada-fi-de-curs-2024-2025\/\"><img loading=\"lazy\" decoding=\"async\" width=\"960\" height=\"540\" src=\"https:\/\/projectes.xtec.cat\/araart\/wp-content\/uploads\/usu2396\/2025\/05\/Jornada-benvinguda-Programa-dinnovacio-araArt-curs-2024-2025-6-1.png\" class=\"attachment-post-thumbnail size-post-thumbnail wp-post-image\" alt=\"\" srcset=\"https:\/\/projectes.xtec.cat\/araart\/wp-content\/uploads\/usu2396\/2025\/05\/Jornada-benvinguda-Programa-dinnovacio-araArt-curs-2024-2025-6-1.png 960w, https:\/\/projectes.xtec.cat\/araart\/wp-content\/uploads\/usu2396\/2025\/05\/Jornada-benvinguda-Programa-dinnovacio-araArt-curs-2024-2025-6-1-300x169.png 300w, https:\/\/projectes.xtec.cat\/araart\/wp-content\/uploads\/usu2396\/2025\/05\/Jornada-benvinguda-Programa-dinnovacio-araArt-curs-2024-2025-6-1-768x432.png 768w\" sizes=\"auto, (max-width: 960px) 100vw, 960px\" \/><\/a>\n        <\/div>\n        <div class=\"wp-block-getwid-post-carousel__post-content-wrapper\">\n        <div class=\"wp-block-getwid-post-carousel__post-header\">\n            <h3 class=\"wp-block-getwid-post-carousel__post-title\"><a href=\"https:\/\/projectes.xtec.cat\/araart\/general\/jornada-fi-de-curs-2024-2025\/\">Jornada fi de curs 2024-2025<\/a><\/h3>        <\/div>\n        <div class=\"wp-block-getwid-post-carousel__post-excerpt\"><p>El passat dissabte 24 de maig de 2025, a l&#8217;IE Eixample de Barcelona, vam celebrar la jornada presencial de fi de curs del programa d&#8217;innovaci\u00f3 araArt. Despr\u00e9s de la presentaci\u00f3 institucional per part d&#8217;Olga Adroher, cap de servei dels ensenyaments de r\u00e8gim especial i de Montserrat Pay\u00e9s, cap de servei de curr\u00edculum d&#8217;educaci\u00f3 infantil i [&hellip;]<\/p>\n<\/div>\n    <\/div>\n<\/div>\n\n\t\t\t\t\t\t\t<\/div>\n\t\t\t\t\t\t\t\t\t\t\t\t\t<div class=\"wp-block-getwid-post-carousel__slide\">\n\t\t\t\t\t\t\t\t\n<div class=\"wp-block-getwid-post-carousel__post\">\n            <div class=\"wp-block-getwid-post-carousel__post-thumbnail\">\n            <a href=\"https:\/\/projectes.xtec.cat\/araart\/general\/jornada-inici-del-curs-2024-2025\/\"><img loading=\"lazy\" decoding=\"async\" width=\"2000\" height=\"1500\" src=\"https:\/\/projectes.xtec.cat\/araart\/wp-content\/uploads\/usu2396\/2025\/03\/Jornada-araArt-nov.-2024_3.jpg\" class=\"attachment-post-thumbnail size-post-thumbnail wp-post-image\" alt=\"\" srcset=\"https:\/\/projectes.xtec.cat\/araart\/wp-content\/uploads\/usu2396\/2025\/03\/Jornada-araArt-nov.-2024_3.jpg 2000w, https:\/\/projectes.xtec.cat\/araart\/wp-content\/uploads\/usu2396\/2025\/03\/Jornada-araArt-nov.-2024_3-300x225.jpg 300w, https:\/\/projectes.xtec.cat\/araart\/wp-content\/uploads\/usu2396\/2025\/03\/Jornada-araArt-nov.-2024_3-1024x768.jpg 1024w, https:\/\/projectes.xtec.cat\/araart\/wp-content\/uploads\/usu2396\/2025\/03\/Jornada-araArt-nov.-2024_3-768x576.jpg 768w, https:\/\/projectes.xtec.cat\/araart\/wp-content\/uploads\/usu2396\/2025\/03\/Jornada-araArt-nov.-2024_3-1536x1152.jpg 1536w\" sizes=\"auto, (max-width: 2000px) 100vw, 2000px\" \/><\/a>\n        <\/div>\n        <div class=\"wp-block-getwid-post-carousel__post-content-wrapper\">\n        <div class=\"wp-block-getwid-post-carousel__post-header\">\n            <h3 class=\"wp-block-getwid-post-carousel__post-title\"><a href=\"https:\/\/projectes.xtec.cat\/araart\/general\/jornada-inici-del-curs-2024-2025\/\">Jornada inici del curs 2024-2025<\/a><\/h3>        <\/div>\n        <div class=\"wp-block-getwid-post-carousel__post-excerpt\"><p>El passat 9 de novembre de 2024, a la sala d&#8217;actes de l&#8217;Associaci\u00f3 Rosa Sensat, vam celebrar la jornada presencial d&#8217;inici de curs del programa d&#8217;innovaci\u00f3 araArt. La trobada va incloure la xerrada inspiradora d&#8217;Esther Bonal sobre Les eines art\u00edstiques, destacant el seu paper en l&#8217;educaci\u00f3 i la creativitat.<\/p>\n<\/div>\n    <\/div>\n<\/div>\n\n\t\t\t\t\t\t\t<\/div>\n\t\t\t\t\t\t\t\t\t\t\t\t\t<div class=\"wp-block-getwid-post-carousel__slide\">\n\t\t\t\t\t\t\t\t\n<div class=\"wp-block-getwid-post-carousel__post\">\n            <div class=\"wp-block-getwid-post-carousel__post-thumbnail\">\n            <a href=\"https:\/\/projectes.xtec.cat\/araart\/general\/jornada-araart\/\"><img loading=\"lazy\" decoding=\"async\" width=\"300\" height=\"176\" src=\"https:\/\/projectes.xtec.cat\/araart\/wp-content\/uploads\/usu2396\/2024\/06\/Jornada-300x176-1.png\" class=\"attachment-post-thumbnail size-post-thumbnail wp-post-image\" alt=\"\" \/><\/a>\n        <\/div>\n        <div class=\"wp-block-getwid-post-carousel__post-content-wrapper\">\n        <div class=\"wp-block-getwid-post-carousel__post-header\">\n            <h3 class=\"wp-block-getwid-post-carousel__post-title\"><a href=\"https:\/\/projectes.xtec.cat\/araart\/general\/jornada-araart\/\">Jornada araArt. Curs 2023 &#8211; 2024<\/a><\/h3>        <\/div>\n        <div class=\"wp-block-getwid-post-carousel__post-excerpt\"><p>Un curs m\u00e9s celebrem la cloenda del curs del programa araArt del Departament d&#8217;Educaci\u00f3 amb una Jornada festiva on s&#8217;intercalen actuacions, xerrades d&#8217;experts i com no pot ser d&#8217;una altra manera, experi\u00e8ncies reeixides de centres que participen en el programa, i que generosament comparteixen. I ben segur que tot aquest contingut ens ajuda a crear [&hellip;]<\/p>\n<\/div>\n    <\/div>\n<\/div>\n\n\t\t\t\t\t\t\t<\/div>\n\t\t\t\t\t\t\t\t\t\t\t\t\t<div class=\"wp-block-getwid-post-carousel__slide\">\n\t\t\t\t\t\t\t\t\n<div class=\"wp-block-getwid-post-carousel__post\">\n            <div class=\"wp-block-getwid-post-carousel__post-thumbnail\">\n            <a href=\"https:\/\/projectes.xtec.cat\/araart\/general\/larts-makers-el-projecte-artistic-que-transforma-lescola-angela-roca-de-viladecans\/\"><img loading=\"lazy\" decoding=\"async\" width=\"300\" height=\"300\" src=\"https:\/\/projectes.xtec.cat\/araart\/wp-content\/uploads\/usu2396\/2024\/02\/DBr-iiha_400x400.png\" class=\"attachment-post-thumbnail size-post-thumbnail wp-post-image\" alt=\"\" srcset=\"https:\/\/projectes.xtec.cat\/araart\/wp-content\/uploads\/usu2396\/2024\/02\/DBr-iiha_400x400.png 300w, https:\/\/projectes.xtec.cat\/araart\/wp-content\/uploads\/usu2396\/2024\/02\/DBr-iiha_400x400-150x150.png 150w\" sizes=\"auto, (max-width: 300px) 100vw, 300px\" \/><\/a>\n        <\/div>\n        <div class=\"wp-block-getwid-post-carousel__post-content-wrapper\">\n        <div class=\"wp-block-getwid-post-carousel__post-header\">\n            <h3 class=\"wp-block-getwid-post-carousel__post-title\"><a href=\"https:\/\/projectes.xtec.cat\/araart\/general\/larts-makers-el-projecte-artistic-que-transforma-lescola-angela-roca-de-viladecans\/\">L\u2019Arts Makers, el projecte art\u00edstic que transforma l\u2019escola \u00c0ngela Roca de Viladecans<\/a><\/h3>        <\/div>\n        <div class=\"wp-block-getwid-post-carousel__post-excerpt\"><p>Entre les escoles p\u00fabliques de Viladecans hi ha el centre d\u2019educaci\u00f3 infantil i prim\u00e0ria d\u2019\u00c0ngela Roca, una escola d\u2019una sola l\u00ednia i d\u2019alta complexitat que en nou anys ha viscut un canvi transcendental gr\u00e0cies al seu projecte educatiu Arts Makers.<\/p>\n<\/div>\n    <\/div>\n<\/div>\n\n\t\t\t\t\t\t\t<\/div>\n\t\t\t\t\t\t\t\t\t\t\t\t\t<div class=\"wp-block-getwid-post-carousel__slide\">\n\t\t\t\t\t\t\t\t\n<div class=\"wp-block-getwid-post-carousel__post\">\n            <div class=\"wp-block-getwid-post-carousel__post-thumbnail\">\n            <a href=\"https:\/\/projectes.xtec.cat\/araart\/general\/nou-projecte\/\"><img loading=\"lazy\" decoding=\"async\" width=\"700\" height=\"490\" src=\"https:\/\/projectes.xtec.cat\/araart\/wp-content\/uploads\/usu2396\/2024\/02\/AU323T.jpg\" class=\"attachment-post-thumbnail size-post-thumbnail wp-post-image\" alt=\"\" srcset=\"https:\/\/projectes.xtec.cat\/araart\/wp-content\/uploads\/usu2396\/2024\/02\/AU323T.jpg 700w, https:\/\/projectes.xtec.cat\/araart\/wp-content\/uploads\/usu2396\/2024\/02\/AU323T-300x210.jpg 300w\" sizes=\"auto, (max-width: 700px) 100vw, 700px\" \/><\/a>\n        <\/div>\n        <div class=\"wp-block-getwid-post-carousel__post-content-wrapper\">\n        <div class=\"wp-block-getwid-post-carousel__post-header\">\n            <h3 class=\"wp-block-getwid-post-carousel__post-title\"><a href=\"https:\/\/projectes.xtec.cat\/araart\/general\/nou-projecte\/\">Nou projecte<\/a><\/h3>        <\/div>\n        <div class=\"wp-block-getwid-post-carousel__post-excerpt\"><p>En aquest nou espai intentarem anar presentant diferents informacions que puguin ser de l&#8217;inter\u00e8s dels centres que han realitzat o estan realitzant el programa araArt del Departament d&#8217;Educaci\u00f3.<\/p>\n<\/div>\n    <\/div>\n<\/div>\n\n\t\t\t\t\t\t\t<\/div>\n\t\t\t\t\t\t            <\/div>\n        <\/div>\n        <\/div>\n<\/div>\n\n\n\n<div style=\"height:44px\" aria-hidden=\"true\" class=\"wp-block-spacer\"><\/div>\n\n\n\n<div class=\"wp-block-columns is-layout-flex wp-container-core-columns-is-layout-2 wp-block-columns-is-layout-flex\">\n<div class=\"wp-block-column caixa-link is-layout-flow wp-block-column-is-layout-flow\" id=\"https:\/\/projectes.xtec.cat\/araart\/nodes\/centres\/projectes\/\">\n<h2 class=\"wp-block-heading\"><a href=\"https:\/\/projectes.xtec.cat\/araart\/nodes\/centres\/projectes\/\">Projectes<\/a><\/h2>\n\n\n\n<p class=\"caixa-link has-medium-font-size\" id=\"https:\/\/projectes.xtec.cat\/araart\/nodes\/centres\/projectes\/\">Aqu\u00ed hi trobareu una presentaci\u00f3 de projectes de centres del programa araArt, una iniciativa innovadora que uneix centres educatius amb l&#8217;art per fomentar la creativitat i la reflexi\u00f3 cr\u00edtica entre els estudiants. A trav\u00e9s d&#8217;aquest programa, els centres participants han desenvolupat una \u00e0mplia gamma de projectes que integren l&#8217;art en l&#8217;aprenentatge i promouen una visi\u00f3 interdisciplin\u00e0ria de l&#8217;educaci\u00f3.<br>Els projectes abasten una gran varietat de tem\u00e0tiques i disciplines art\u00edstiques, des de la pintura i l&#8217;escultura fins a la fotografia, el v\u00eddeo i l&#8217;art digital. Cada centre ha abordat les seves pr\u00f2pies necessitats i interessos, creant experi\u00e8ncies \u00faniques i enriquidores per als seus estudiants.<br>Tindreu l&#8217;oportunitat de con\u00e8ixer una selecci\u00f3 de projectes destacats, els quals il\u00b7lustren la diversitat i la creativitat dels centres participants. Des de col\u00b7laboracions amb artistes locals fins a projectes de recerca hist\u00f2rica i social, cada iniciativa ofereix una perspectiva \u00fanica sobre com l&#8217;art pot enriquir el proc\u00e9s d&#8217;aprenentatge i promoure la reflexi\u00f3 cr\u00edtica.<br>A trav\u00e9s d&#8217;aquesta presentaci\u00f3, esperem inspirar-vos i demostrar el poder transformador de l&#8217;art en l&#8217;educaci\u00f3. Agra\u00efm als centres participants per la seva dedicaci\u00f3 i creativitat, aix\u00ed com als artistes i educadors que han col\u00b7laborat en aquests projectes. Sense m\u00e9s pre\u00e0mbuls, us convidem a explorar i celebrar els projectes del programa araArt.<\/p>\n<\/div>\n\n\n\n<div class=\"wp-block-column caixa is-layout-flow wp-block-column-is-layout-flow\">\n<h2 class=\"wp-block-heading\"><a href=\"https:\/\/projectes.xtec.cat\/araart\/nodes\/centres\/agents\/\">Agents art\u00edstics<\/a><\/h2>\n\n\n\n<p class=\"has-medium-font-size\">Aquest programa reuneix una \u00e0mplia gamma d&#8217;agents art\u00edstics, incloent-hi artistes visuals, performers, fot\u00f2grafs, m\u00fasics i altres professionals del m\u00f3n de l&#8217;art, amb l&#8217;objectiu de col\u00b7laborar amb els centres educatius i enriquir l&#8217;experi\u00e8ncia d&#8217;aprenentatge dels estudiants.<br>Els agents art\u00edstics participants en el programa araArt provenen de diferents \u00e0mbits i tenen una gran varietat de pr\u00e0ctiques i perspectives. Alguns s\u00f3n artistes reconeguts a nivell local o internacional, mentre que altres s\u00f3n emergents i experimenten amb formes d&#8217;expressi\u00f3 art\u00edstica innovadores.<br>Durant el programa araArt, els agents art\u00edstics han col\u00b7laborat estretament amb els centres educatius per crear experi\u00e8ncies d&#8217;aprenentatge \u00faniques i significatives. Han compartit el seu coneixement i les seves habilitats amb els estudiants, motivant-los a explorar noves formes d&#8217;expressi\u00f3 i a desenvolupar el seu propi llenguatge art\u00edstic.<br>Tindreu l&#8217;oportunitat de con\u00e8ixer alguns dels agents art\u00edstics que han participat en el programa araArt, aix\u00ed com les seves col\u00b7laboracions amb els centres educatius. Cada agent art\u00edstic porta una perspectiva \u00fanica i una riquesa d&#8217;experi\u00e8ncia al programa, contribuint a enriquir el di\u00e0leg entre l&#8217;art i l&#8217;educaci\u00f3.<br>Agra\u00efm als agents art\u00edstics participants per la seva dedicaci\u00f3 i comprom\u00eds amb el programa araArt, aix\u00ed com per la seva contribuci\u00f3 a l&#8217;educaci\u00f3 i al desenvolupament del pensament cr\u00edtic i la creativitat entre els estudiants.<\/p>\n<\/div>\n<\/div>\n","protected":false},"excerpt":{"rendered":"<p>Projectes Aqu\u00ed hi trobareu una presentaci\u00f3 de projectes de centres del programa araArt, una iniciativa innovadora que uneix centres educatius amb l&#8217;art per fomentar la creativitat i la reflexi\u00f3 cr\u00edtica entre els estudiants. A trav\u00e9s d&#8217;aquest programa, els centres participants han desenvolupat una \u00e0mplia gamma de projectes que integren l&#8217;art en l&#8217;aprenentatge i promouen una [&hellip;]<\/p>\n","protected":false},"author":4,"featured_media":0,"parent":806,"menu_order":1,"comment_status":"closed","ping_status":"close","template":"","meta":{"_bbp_topic_count":0,"_bbp_reply_count":0,"_bbp_total_topic_count":0,"_bbp_total_reply_count":0,"_bbp_voice_count":0,"_bbp_anonymous_reply_count":0,"_bbp_topic_count_hidden":0,"_bbp_reply_count_hidden":0,"_bbp_forum_subforum_count":0,"site-sidebar-layout":"no-sidebar","site-content-layout":"plain-container","ast-site-content-layout":"normal-width-container","site-content-style":"unboxed","site-sidebar-style":"unboxed","ast-global-header-display":"","ast-banner-title-visibility":"","ast-main-header-display":"","ast-hfb-above-header-display":"","ast-hfb-below-header-display":"","ast-hfb-mobile-header-display":"","site-post-title":"","ast-breadcrumbs-content":"","ast-featured-img":"","footer-sml-layout":"","theme-transparent-header-meta":"","adv-header-id-meta":"","stick-header-meta":"","header-above-stick-meta":"","header-main-stick-meta":"","header-below-stick-meta":"","astra-migrate-meta-layouts":"set","ast-page-background-enabled":"default","ast-page-background-meta":{"desktop":{"background-color":"var(--ast-global-color-4)","background-image":"","background-repeat":"repeat","background-position":"center center","background-size":"auto","background-attachment":"scroll","background-type":"","background-media":"","overlay-type":"","overlay-color":"","overlay-opacity":"","overlay-gradient":""},"tablet":{"background-color":"","background-image":"","background-repeat":"repeat","background-position":"center center","background-size":"auto","background-attachment":"scroll","background-type":"","background-media":"","overlay-type":"","overlay-color":"","overlay-opacity":"","overlay-gradient":""},"mobile":{"background-color":"","background-image":"","background-repeat":"repeat","background-position":"center center","background-size":"auto","background-attachment":"scroll","background-type":"","background-media":"","overlay-type":"","overlay-color":"","overlay-opacity":"","overlay-gradient":""}},"ast-content-background-meta":{"desktop":{"background-color":"var(--ast-global-color-5)","background-image":"","background-repeat":"repeat","background-position":"center center","background-size":"auto","background-attachment":"scroll","background-type":"","background-media":"","overlay-type":"","overlay-color":"","overlay-opacity":"","overlay-gradient":""},"tablet":{"background-color":"var(--ast-global-color-5)","background-image":"","background-repeat":"repeat","background-position":"center center","background-size":"auto","background-attachment":"scroll","background-type":"","background-media":"","overlay-type":"","overlay-color":"","overlay-opacity":"","overlay-gradient":""},"mobile":{"background-color":"var(--ast-global-color-5)","background-image":"","background-repeat":"repeat","background-position":"center center","background-size":"auto","background-attachment":"scroll","background-type":"","background-media":"","overlay-type":"","overlay-color":"","overlay-opacity":"","overlay-gradient":""}},"footnotes":""},"class_list":["post-8321","page","type-page","status-publish","hentry"],"post_mailing_queue_ids":[],"_links":{"self":[{"href":"https:\/\/projectes.xtec.cat\/araart\/wp-json\/wp\/v2\/pages\/8321","targetHints":{"allow":["GET"]}}],"collection":[{"href":"https:\/\/projectes.xtec.cat\/araart\/wp-json\/wp\/v2\/pages"}],"about":[{"href":"https:\/\/projectes.xtec.cat\/araart\/wp-json\/wp\/v2\/types\/page"}],"author":[{"embeddable":true,"href":"https:\/\/projectes.xtec.cat\/araart\/wp-json\/wp\/v2\/users\/4"}],"replies":[{"embeddable":true,"href":"https:\/\/projectes.xtec.cat\/araart\/wp-json\/wp\/v2\/comments?post=8321"}],"version-history":[{"count":6,"href":"https:\/\/projectes.xtec.cat\/araart\/wp-json\/wp\/v2\/pages\/8321\/revisions"}],"predecessor-version":[{"id":8485,"href":"https:\/\/projectes.xtec.cat\/araart\/wp-json\/wp\/v2\/pages\/8321\/revisions\/8485"}],"up":[{"embeddable":true,"href":"https:\/\/projectes.xtec.cat\/araart\/wp-json\/wp\/v2\/pages\/806"}],"wp:attachment":[{"href":"https:\/\/projectes.xtec.cat\/araart\/wp-json\/wp\/v2\/media?parent=8321"}],"curies":[{"name":"wp","href":"https:\/\/api.w.org\/{rel}","templated":true}]}}