{"id":8331,"date":"2024-02-07T14:06:38","date_gmt":"2024-02-07T13:06:38","guid":{"rendered":"https:\/\/projectes.xtec.cat\/araart\/?page_id=8331"},"modified":"2024-06-13T09:53:00","modified_gmt":"2024-06-13T07:53:00","slug":"formacio","status":"publish","type":"page","link":"https:\/\/projectes.xtec.cat\/araart\/el-projecte\/formacio\/","title":{"rendered":"Formaci\u00f3"},"content":{"rendered":"\n<figure class=\"wp-block-image size-large is-resized\"><a href=\"https:\/\/projectes.xtec.cat\/araart\/wp-content\/uploads\/usu2396\/2024\/02\/aa4.png\"><img loading=\"lazy\" decoding=\"async\" width=\"1024\" height=\"102\" src=\"https:\/\/projectes.xtec.cat\/araart\/wp-content\/uploads\/usu2396\/2024\/02\/aa4-1024x102.png\" alt=\"\" class=\"wp-image-8414\" style=\"aspect-ratio:10.03921568627451;width:1192px;height:auto\" srcset=\"https:\/\/projectes.xtec.cat\/araart\/wp-content\/uploads\/usu2396\/2024\/02\/aa4-1024x102.png 1024w, https:\/\/projectes.xtec.cat\/araart\/wp-content\/uploads\/usu2396\/2024\/02\/aa4-300x30.png 300w, https:\/\/projectes.xtec.cat\/araart\/wp-content\/uploads\/usu2396\/2024\/02\/aa4-768x76.png 768w, https:\/\/projectes.xtec.cat\/araart\/wp-content\/uploads\/usu2396\/2024\/02\/aa4.png 1069w\" sizes=\"auto, (max-width: 1024px) 100vw, 1024px\" \/><\/a><\/figure>\n\n\n\n<div class=\"wp-block-columns is-layout-flex wp-container-core-columns-is-layout-1 wp-block-columns-is-layout-flex\">\n<div class=\"wp-block-column is-layout-flow wp-block-column-is-layout-flow\">\n<p class=\"caixa has-text-color has-medium-font-size\" style=\"color:#df1d1d\">El programa araArt estableix uns objectius generals que cada centre ha de concretar i desenvolupar mitjan\u00e7ant el seu propi projecte. Mitjan\u00e7ant les arts, es pret\u00e9n millorar les capacitats i compet\u00e8ncies dels alumnes, aix\u00ed com contribuir a l&#8217;estructuraci\u00f3 del seu pensament. \u00c9s un programa innovador que dura tres cursos o fases i acompanya escoles i instituts amb projectes art\u00edstics que busquen transformar el centre en \u00e0mbits de la innovaci\u00f3.<br>Cada projecte araArt ha de ser desenvolupat amb la participaci\u00f3 d&#8217;un agent art\u00edstic extern, ja sigui un centre art\u00edstic del Servei d&#8217;Educaci\u00f3 de Catalunya o una entitat, associaci\u00f3 o artista freelance.<br>El projecte \u00e9s liderat per un equip impulsor format per membres del centre i l&#8217;agent art\u00edstic extern, en el marc d&#8217;un conveni.<br>Els centres entren al programa amb un projecte \u201cinicial\u201d i en surten amb el seu propi projecte art\u00edstic evolucionat. Aquest evoluciona al llarg de les tres fases del programa, desenvolupant-se en un o m\u00e9s dels \u00e0mbits de la innovaci\u00f3: metodol\u00f2gic, organitzatiu i de relaci\u00f3 amb l&#8217;entorn.<br>Aix\u00ed, en finalitzar el programa araArt, cada projecte art\u00edstic acaba esdevenint singular i \u00fanic.<\/p>\n<\/div>\n\n\n\n<div class=\"wp-block-column caixa is-layout-flow wp-block-column-is-layout-flow\">\n        <div class=\"wp-block-getwid-post-carousel custom-post-type-post has-arrows-inside has-dots-outside\">\n            <div data-slider-option=\"{&quot;sliderSlidesToShowDesktop&quot;:&quot;1&quot;,&quot;getwid_slidesToShowLaptop&quot;:&quot;1&quot;,&quot;getwid_slidesToShowTablet&quot;:&quot;1&quot;,&quot;getwid_slidesToShowMobile&quot;:&quot;1&quot;,&quot;getwid_autoplay_speed&quot;:6000,&quot;getwid_animation_speed&quot;:800,&quot;getwid_slidesToScroll&quot;:&quot;1&quot;,&quot;getwid_autoplay&quot;:false,&quot;getwid_pause_on_hover&quot;:false,&quot;getwid_infinite&quot;:true,&quot;getwid_center_mode&quot;:true,&quot;getwid_arrows&quot;:&quot;inside&quot;,&quot;getwid_dots&quot;:&quot;outside&quot;}\" class=\"wp-block-getwid-post-carousel__wrapper\">\n                \t\t\t\t\t\t\t<div class=\"wp-block-getwid-post-carousel__slide\">\n\t\t\t\t\t\t\t\t\n<div class=\"wp-block-getwid-post-carousel__post\">\n            <div class=\"wp-block-getwid-post-carousel__post-thumbnail\">\n            <a href=\"https:\/\/projectes.xtec.cat\/araart\/general\/2a-sessio-taller-dequips-impulsors-2025-2026\/\"><img loading=\"lazy\" decoding=\"async\" width=\"450\" height=\"338\" src=\"https:\/\/projectes.xtec.cat\/araart\/wp-content\/uploads\/usu2396\/2025\/11\/1763373074544_RED-e1764158579511.jpg\" class=\"attachment-post-thumbnail size-post-thumbnail wp-post-image\" alt=\"2a sessi\u00f3 presencial del Taller d&#039;equips impulsors\" \/><\/a>\n        <\/div>\n        <div class=\"wp-block-getwid-post-carousel__post-content-wrapper\">\n        <div class=\"wp-block-getwid-post-carousel__post-header\">\n            <h3 class=\"wp-block-getwid-post-carousel__post-title\"><a href=\"https:\/\/projectes.xtec.cat\/araart\/general\/2a-sessio-taller-dequips-impulsors-2025-2026\/\">2a Sessi\u00f3 Taller d&#8217;Equips Impulsors 2025-2026<\/a><\/h3>        <\/div>\n        <div class=\"wp-block-getwid-post-carousel__post-excerpt\"><p>El dissabte 15 de novembre de 2025, al Conservatori de m\u00fasica de Barcelona, vam celebrar la 2a sessi\u00f3 del Taller d\u2019Equips Impulsors del programa d\u2019innovaci\u00f3 araArt, amb la participaci\u00f3 de docents i professorat dels Equips Impulsors dels centres de 1a, 2a i 3a fase. La jornada va comen\u00e7ar amb una inspiradora confer\u00e8ncia de la Marta [&hellip;]<\/p>\n<\/div>\n    <\/div>\n<\/div>\n\n\t\t\t\t\t\t\t<\/div>\n\t\t\t\t\t\t            <\/div>\n        <\/div>\n        <\/div>\n<\/div>\n","protected":false},"excerpt":{"rendered":"<p>El programa araArt estableix uns objectius generals que cada centre ha de concretar i desenvolupar mitjan\u00e7ant el seu propi projecte. Mitjan\u00e7ant les arts, es pret\u00e9n millorar les capacitats i compet\u00e8ncies dels alumnes, aix\u00ed com contribuir a l&#8217;estructuraci\u00f3 del seu pensament. \u00c9s un programa innovador que dura tres cursos o fases i acompanya escoles i instituts [&hellip;]<\/p>\n","protected":false},"author":4,"featured_media":0,"parent":806,"menu_order":1,"comment_status":"closed","ping_status":"close","template":"","meta":{"_bbp_topic_count":0,"_bbp_reply_count":0,"_bbp_total_topic_count":0,"_bbp_total_reply_count":0,"_bbp_voice_count":0,"_bbp_anonymous_reply_count":0,"_bbp_topic_count_hidden":0,"_bbp_reply_count_hidden":0,"_bbp_forum_subforum_count":0,"site-sidebar-layout":"default","site-content-layout":"","ast-site-content-layout":"default","site-content-style":"default","site-sidebar-style":"default","ast-global-header-display":"","ast-banner-title-visibility":"","ast-main-header-display":"","ast-hfb-above-header-display":"","ast-hfb-below-header-display":"","ast-hfb-mobile-header-display":"","site-post-title":"","ast-breadcrumbs-content":"","ast-featured-img":"","footer-sml-layout":"","theme-transparent-header-meta":"","adv-header-id-meta":"","stick-header-meta":"","header-above-stick-meta":"","header-main-stick-meta":"","header-below-stick-meta":"","astra-migrate-meta-layouts":"set","ast-page-background-enabled":"default","ast-page-background-meta":{"desktop":{"background-color":"var(--ast-global-color-4)","background-image":"","background-repeat":"repeat","background-position":"center center","background-size":"auto","background-attachment":"scroll","background-type":"","background-media":"","overlay-type":"","overlay-color":"","overlay-opacity":"","overlay-gradient":""},"tablet":{"background-color":"","background-image":"","background-repeat":"repeat","background-position":"center center","background-size":"auto","background-attachment":"scroll","background-type":"","background-media":"","overlay-type":"","overlay-color":"","overlay-opacity":"","overlay-gradient":""},"mobile":{"background-color":"","background-image":"","background-repeat":"repeat","background-position":"center center","background-size":"auto","background-attachment":"scroll","background-type":"","background-media":"","overlay-type":"","overlay-color":"","overlay-opacity":"","overlay-gradient":""}},"ast-content-background-meta":{"desktop":{"background-color":"var(--ast-global-color-5)","background-image":"","background-repeat":"repeat","background-position":"center center","background-size":"auto","background-attachment":"scroll","background-type":"","background-media":"","overlay-type":"","overlay-color":"","overlay-opacity":"","overlay-gradient":""},"tablet":{"background-color":"var(--ast-global-color-5)","background-image":"","background-repeat":"repeat","background-position":"center center","background-size":"auto","background-attachment":"scroll","background-type":"","background-media":"","overlay-type":"","overlay-color":"","overlay-opacity":"","overlay-gradient":""},"mobile":{"background-color":"var(--ast-global-color-5)","background-image":"","background-repeat":"repeat","background-position":"center center","background-size":"auto","background-attachment":"scroll","background-type":"","background-media":"","overlay-type":"","overlay-color":"","overlay-opacity":"","overlay-gradient":""}},"footnotes":""},"class_list":["post-8331","page","type-page","status-publish","hentry"],"post_mailing_queue_ids":[],"_links":{"self":[{"href":"https:\/\/projectes.xtec.cat\/araart\/wp-json\/wp\/v2\/pages\/8331","targetHints":{"allow":["GET"]}}],"collection":[{"href":"https:\/\/projectes.xtec.cat\/araart\/wp-json\/wp\/v2\/pages"}],"about":[{"href":"https:\/\/projectes.xtec.cat\/araart\/wp-json\/wp\/v2\/types\/page"}],"author":[{"embeddable":true,"href":"https:\/\/projectes.xtec.cat\/araart\/wp-json\/wp\/v2\/users\/4"}],"replies":[{"embeddable":true,"href":"https:\/\/projectes.xtec.cat\/araart\/wp-json\/wp\/v2\/comments?post=8331"}],"version-history":[{"count":5,"href":"https:\/\/projectes.xtec.cat\/araart\/wp-json\/wp\/v2\/pages\/8331\/revisions"}],"predecessor-version":[{"id":8532,"href":"https:\/\/projectes.xtec.cat\/araart\/wp-json\/wp\/v2\/pages\/8331\/revisions\/8532"}],"up":[{"embeddable":true,"href":"https:\/\/projectes.xtec.cat\/araart\/wp-json\/wp\/v2\/pages\/806"}],"wp:attachment":[{"href":"https:\/\/projectes.xtec.cat\/araart\/wp-json\/wp\/v2\/media?parent=8331"}],"curies":[{"name":"wp","href":"https:\/\/api.w.org\/{rel}","templated":true}]}}