{"id":9,"date":"2014-09-12T10:15:01","date_gmt":"2014-09-12T10:15:01","guid":{"rendered":"http:\/\/projectes.xtec.cat\/araart\/?page_id=9"},"modified":"2024-06-13T10:40:13","modified_gmt":"2024-06-13T08:40:13","slug":"pagina-dinici-buida","status":"publish","type":"page","link":"https:\/\/projectes.xtec.cat\/araart\/","title":{"rendered":"Programa araArt"},"content":{"rendered":"\n<div style=\"height:20px\" aria-hidden=\"true\" class=\"wp-block-spacer\"><\/div>\n\n\n\n<figure class=\"wp-block-image size-large is-resized\"><a href=\"https:\/\/projectes.xtec.cat\/araart\/wp-content\/uploads\/usu2396\/2024\/02\/aa4.png\"><img loading=\"lazy\" decoding=\"async\" width=\"1024\" height=\"102\" src=\"https:\/\/projectes.xtec.cat\/araart\/wp-content\/uploads\/usu2396\/2024\/02\/aa4-1024x102.png\" alt=\"\" class=\"wp-image-8414\" style=\"aspect-ratio:10.03921568627451;width:1184px;height:auto\" srcset=\"https:\/\/projectes.xtec.cat\/araart\/wp-content\/uploads\/usu2396\/2024\/02\/aa4-1024x102.png 1024w, https:\/\/projectes.xtec.cat\/araart\/wp-content\/uploads\/usu2396\/2024\/02\/aa4-300x30.png 300w, https:\/\/projectes.xtec.cat\/araart\/wp-content\/uploads\/usu2396\/2024\/02\/aa4-768x76.png 768w, https:\/\/projectes.xtec.cat\/araart\/wp-content\/uploads\/usu2396\/2024\/02\/aa4.png 1069w\" sizes=\"auto, (max-width: 1024px) 100vw, 1024px\" \/><\/a><\/figure>\n\n\n\n<div class=\"wp-block-columns has-medium-font-size is-layout-flex wp-container-core-columns-is-layout-1 wp-block-columns-is-layout-flex\" style=\"margin-top:0;margin-bottom:0;padding-top:var(--wp--preset--spacing--50);padding-right:0;padding-bottom:var(--wp--preset--spacing--50);padding-left:0\">\n<div class=\"wp-block-column caixa is-layout-flow wp-block-column-is-layout-flow\" style=\"flex-basis:50%\">\n<h5 class=\"wp-block-heading caixa has-ast-global-color-8-color has-text-color has-background\" style=\"background-color:#bfbfbf\"><strong>El Departament d\u2019Educaci\u00f3 crea el Programa d&#8217;innovaci\u00f3 pedag\u00f2gica \u201caraArt\u201d, amb la finalitat de fomentar i posar en valor projectes art\u00edstics que es porten a terme en el si d&#8217;un centre educatiu en col\u00b7laboraci\u00f3 amb un agent art\u00edstic extern, per promoure l&#8217;equitat i<\/strong> <strong>la qualitat del sistema educatiu reflectida en la millora de les capacitats i compet\u00e8ncies de l&#8217;alumnat participant.<\/strong><\/h5>\n\n\n\n<div style=\"height:54px\" aria-hidden=\"true\" class=\"wp-block-spacer\"><\/div>\n\n\n\n<iframe loading=\"lazy\" width=\"560\" height=\"315\" src=\"https:\/\/www.youtube.com\/embed\/dGVv4Y622uI?si=Y-VYSZXBWuLvk8-E\" title=\"YouTube video player\" frameborder=\"0\" allow=\"accelerometer; autoplay; clipboard-write; encrypted-media; gyroscope; picture-in-picture; web-share\" allowfullscreen><\/iframe>\n<\/div>\n\n\n\n<div class=\"wp-block-column caixa is-layout-flow wp-block-column-is-layout-flow\" style=\"flex-basis:50%\">\n        <div class=\"wp-block-getwid-post-carousel custom-post-type-post has-arrows-inside has-dots-outside\">\n            <div data-slider-option=\"{&quot;sliderSlidesToShowDesktop&quot;:&quot;1&quot;,&quot;getwid_slidesToShowLaptop&quot;:&quot;1&quot;,&quot;getwid_slidesToShowTablet&quot;:&quot;1&quot;,&quot;getwid_slidesToShowMobile&quot;:&quot;1&quot;,&quot;getwid_autoplay_speed&quot;:6000,&quot;getwid_animation_speed&quot;:800,&quot;getwid_slidesToScroll&quot;:&quot;1&quot;,&quot;getwid_autoplay&quot;:false,&quot;getwid_pause_on_hover&quot;:false,&quot;getwid_infinite&quot;:true,&quot;getwid_center_mode&quot;:false,&quot;getwid_arrows&quot;:&quot;inside&quot;,&quot;getwid_dots&quot;:&quot;outside&quot;}\" class=\"wp-block-getwid-post-carousel__wrapper\">\n                \t\t\t\t\t\t\t<div class=\"wp-block-getwid-post-carousel__slide\">\n\t\t\t\t\t\t\t\t\n<div class=\"wp-block-getwid-post-carousel__post\">\n            <div class=\"wp-block-getwid-post-carousel__post-thumbnail\">\n            <a href=\"https:\/\/projectes.xtec.cat\/araart\/general\/2a-sessio-taller-dequips-impulsors-2025-2026\/\"><img loading=\"lazy\" decoding=\"async\" width=\"450\" height=\"338\" src=\"https:\/\/projectes.xtec.cat\/araart\/wp-content\/uploads\/usu2396\/2025\/11\/1763373074544_RED-e1764158579511.jpg\" class=\"attachment-post-thumbnail size-post-thumbnail wp-post-image\" alt=\"2a sessi\u00f3 presencial del Taller d&#039;equips impulsors\" \/><\/a>\n        <\/div>\n        <div class=\"wp-block-getwid-post-carousel__post-content-wrapper\">\n        <div class=\"wp-block-getwid-post-carousel__post-header\">\n            <h3 class=\"wp-block-getwid-post-carousel__post-title\"><a href=\"https:\/\/projectes.xtec.cat\/araart\/general\/2a-sessio-taller-dequips-impulsors-2025-2026\/\">2a Sessi\u00f3 Taller d&#8217;Equips Impulsors 2025-2026<\/a><\/h3>        <\/div>\n        <div class=\"wp-block-getwid-post-carousel__post-excerpt\"><p>El dissabte 15 de novembre de 2025, al Conservatori de m\u00fasica de Barcelona, vam celebrar la 2a sessi\u00f3 del Taller d\u2019Equips Impulsors del programa d\u2019innovaci\u00f3 araArt, amb la participaci\u00f3 de docents i professorat dels Equips Impulsors dels centres de 1a, 2a i 3a fase. La jornada va comen\u00e7ar amb una inspiradora confer\u00e8ncia de la Marta [&hellip;]<\/p>\n<\/div>\n    <\/div>\n<\/div>\n\n\t\t\t\t\t\t\t<\/div>\n\t\t\t\t\t\t\t\t\t\t\t\t\t<div class=\"wp-block-getwid-post-carousel__slide\">\n\t\t\t\t\t\t\t\t\n<div class=\"wp-block-getwid-post-carousel__post\">\n            <div class=\"wp-block-getwid-post-carousel__post-thumbnail\">\n            <a href=\"https:\/\/projectes.xtec.cat\/araart\/general\/jornada-fi-de-curs-2024-2025\/\"><img loading=\"lazy\" decoding=\"async\" width=\"960\" height=\"540\" src=\"https:\/\/projectes.xtec.cat\/araart\/wp-content\/uploads\/usu2396\/2025\/05\/Jornada-benvinguda-Programa-dinnovacio-araArt-curs-2024-2025-6-1.png\" class=\"attachment-post-thumbnail size-post-thumbnail wp-post-image\" alt=\"\" srcset=\"https:\/\/projectes.xtec.cat\/araart\/wp-content\/uploads\/usu2396\/2025\/05\/Jornada-benvinguda-Programa-dinnovacio-araArt-curs-2024-2025-6-1.png 960w, https:\/\/projectes.xtec.cat\/araart\/wp-content\/uploads\/usu2396\/2025\/05\/Jornada-benvinguda-Programa-dinnovacio-araArt-curs-2024-2025-6-1-300x169.png 300w, https:\/\/projectes.xtec.cat\/araart\/wp-content\/uploads\/usu2396\/2025\/05\/Jornada-benvinguda-Programa-dinnovacio-araArt-curs-2024-2025-6-1-768x432.png 768w\" sizes=\"auto, (max-width: 960px) 100vw, 960px\" \/><\/a>\n        <\/div>\n        <div class=\"wp-block-getwid-post-carousel__post-content-wrapper\">\n        <div class=\"wp-block-getwid-post-carousel__post-header\">\n            <h3 class=\"wp-block-getwid-post-carousel__post-title\"><a href=\"https:\/\/projectes.xtec.cat\/araart\/general\/jornada-fi-de-curs-2024-2025\/\">Jornada fi de curs 2024-2025<\/a><\/h3>        <\/div>\n        <div class=\"wp-block-getwid-post-carousel__post-excerpt\"><p>El passat dissabte 24 de maig de 2025, a l&#8217;IE Eixample de Barcelona, vam celebrar la jornada presencial de fi de curs del programa d&#8217;innovaci\u00f3 araArt. Despr\u00e9s de la presentaci\u00f3 institucional per part d&#8217;Olga Adroher, cap de servei dels ensenyaments de r\u00e8gim especial i de Montserrat Pay\u00e9s, cap de servei de curr\u00edculum d&#8217;educaci\u00f3 infantil i [&hellip;]<\/p>\n<\/div>\n    <\/div>\n<\/div>\n\n\t\t\t\t\t\t\t<\/div>\n\t\t\t\t\t\t\t\t\t\t\t\t\t<div class=\"wp-block-getwid-post-carousel__slide\">\n\t\t\t\t\t\t\t\t\n<div class=\"wp-block-getwid-post-carousel__post\">\n            <div class=\"wp-block-getwid-post-carousel__post-thumbnail\">\n            <a href=\"https:\/\/projectes.xtec.cat\/araart\/general\/jornada-inici-del-curs-2024-2025\/\"><img loading=\"lazy\" decoding=\"async\" width=\"2000\" height=\"1500\" src=\"https:\/\/projectes.xtec.cat\/araart\/wp-content\/uploads\/usu2396\/2025\/03\/Jornada-araArt-nov.-2024_3.jpg\" class=\"attachment-post-thumbnail size-post-thumbnail wp-post-image\" alt=\"\" srcset=\"https:\/\/projectes.xtec.cat\/araart\/wp-content\/uploads\/usu2396\/2025\/03\/Jornada-araArt-nov.-2024_3.jpg 2000w, https:\/\/projectes.xtec.cat\/araart\/wp-content\/uploads\/usu2396\/2025\/03\/Jornada-araArt-nov.-2024_3-300x225.jpg 300w, https:\/\/projectes.xtec.cat\/araart\/wp-content\/uploads\/usu2396\/2025\/03\/Jornada-araArt-nov.-2024_3-1024x768.jpg 1024w, https:\/\/projectes.xtec.cat\/araart\/wp-content\/uploads\/usu2396\/2025\/03\/Jornada-araArt-nov.-2024_3-768x576.jpg 768w, https:\/\/projectes.xtec.cat\/araart\/wp-content\/uploads\/usu2396\/2025\/03\/Jornada-araArt-nov.-2024_3-1536x1152.jpg 1536w\" sizes=\"auto, (max-width: 2000px) 100vw, 2000px\" \/><\/a>\n        <\/div>\n        <div class=\"wp-block-getwid-post-carousel__post-content-wrapper\">\n        <div class=\"wp-block-getwid-post-carousel__post-header\">\n            <h3 class=\"wp-block-getwid-post-carousel__post-title\"><a href=\"https:\/\/projectes.xtec.cat\/araart\/general\/jornada-inici-del-curs-2024-2025\/\">Jornada inici del curs 2024-2025<\/a><\/h3>        <\/div>\n        <div class=\"wp-block-getwid-post-carousel__post-excerpt\"><p>El passat 9 de novembre de 2024, a la sala d&#8217;actes de l&#8217;Associaci\u00f3 Rosa Sensat, vam celebrar la jornada presencial d&#8217;inici de curs del programa d&#8217;innovaci\u00f3 araArt. La trobada va incloure la xerrada inspiradora d&#8217;Esther Bonal sobre Les eines art\u00edstiques, destacant el seu paper en l&#8217;educaci\u00f3 i la creativitat.<\/p>\n<\/div>\n    <\/div>\n<\/div>\n\n\t\t\t\t\t\t\t<\/div>\n\t\t\t\t\t\t\t\t\t\t\t\t\t<div class=\"wp-block-getwid-post-carousel__slide\">\n\t\t\t\t\t\t\t\t\n<div class=\"wp-block-getwid-post-carousel__post\">\n            <div class=\"wp-block-getwid-post-carousel__post-thumbnail\">\n            <a href=\"https:\/\/projectes.xtec.cat\/araart\/general\/jornada-araart\/\"><img loading=\"lazy\" decoding=\"async\" width=\"300\" height=\"176\" src=\"https:\/\/projectes.xtec.cat\/araart\/wp-content\/uploads\/usu2396\/2024\/06\/Jornada-300x176-1.png\" class=\"attachment-post-thumbnail size-post-thumbnail wp-post-image\" alt=\"\" \/><\/a>\n        <\/div>\n        <div class=\"wp-block-getwid-post-carousel__post-content-wrapper\">\n        <div class=\"wp-block-getwid-post-carousel__post-header\">\n            <h3 class=\"wp-block-getwid-post-carousel__post-title\"><a href=\"https:\/\/projectes.xtec.cat\/araart\/general\/jornada-araart\/\">Jornada araArt. Curs 2023 &#8211; 2024<\/a><\/h3>        <\/div>\n        <div class=\"wp-block-getwid-post-carousel__post-excerpt\"><p>Un curs m\u00e9s celebrem la cloenda del curs del programa araArt del Departament d&#8217;Educaci\u00f3 amb una Jornada festiva on s&#8217;intercalen actuacions, xerrades d&#8217;experts i com no pot ser d&#8217;una altra manera, experi\u00e8ncies reeixides de centres que participen en el programa, i que generosament comparteixen. I ben segur que tot aquest contingut ens ajuda a crear [&hellip;]<\/p>\n<\/div>\n    <\/div>\n<\/div>\n\n\t\t\t\t\t\t\t<\/div>\n\t\t\t\t\t\t\t\t\t\t\t\t\t<div class=\"wp-block-getwid-post-carousel__slide\">\n\t\t\t\t\t\t\t\t\n<div class=\"wp-block-getwid-post-carousel__post\">\n            <div class=\"wp-block-getwid-post-carousel__post-thumbnail\">\n            <a href=\"https:\/\/projectes.xtec.cat\/araart\/general\/larts-makers-el-projecte-artistic-que-transforma-lescola-angela-roca-de-viladecans\/\"><img loading=\"lazy\" decoding=\"async\" width=\"300\" height=\"300\" src=\"https:\/\/projectes.xtec.cat\/araart\/wp-content\/uploads\/usu2396\/2024\/02\/DBr-iiha_400x400.png\" class=\"attachment-post-thumbnail size-post-thumbnail wp-post-image\" alt=\"\" srcset=\"https:\/\/projectes.xtec.cat\/araart\/wp-content\/uploads\/usu2396\/2024\/02\/DBr-iiha_400x400.png 300w, https:\/\/projectes.xtec.cat\/araart\/wp-content\/uploads\/usu2396\/2024\/02\/DBr-iiha_400x400-150x150.png 150w\" sizes=\"auto, (max-width: 300px) 100vw, 300px\" \/><\/a>\n        <\/div>\n        <div class=\"wp-block-getwid-post-carousel__post-content-wrapper\">\n        <div class=\"wp-block-getwid-post-carousel__post-header\">\n            <h3 class=\"wp-block-getwid-post-carousel__post-title\"><a href=\"https:\/\/projectes.xtec.cat\/araart\/general\/larts-makers-el-projecte-artistic-que-transforma-lescola-angela-roca-de-viladecans\/\">L\u2019Arts Makers, el projecte art\u00edstic que transforma l\u2019escola \u00c0ngela Roca de Viladecans<\/a><\/h3>        <\/div>\n        <div class=\"wp-block-getwid-post-carousel__post-excerpt\"><p>Entre les escoles p\u00fabliques de Viladecans hi ha el centre d\u2019educaci\u00f3 infantil i prim\u00e0ria d\u2019\u00c0ngela Roca, una escola d\u2019una sola l\u00ednia i d\u2019alta complexitat que en nou anys ha viscut un canvi transcendental gr\u00e0cies al seu projecte educatiu Arts Makers.<\/p>\n<\/div>\n    <\/div>\n<\/div>\n\n\t\t\t\t\t\t\t<\/div>\n\t\t\t\t\t\t\t\t\t\t\t\t\t<div class=\"wp-block-getwid-post-carousel__slide\">\n\t\t\t\t\t\t\t\t\n<div class=\"wp-block-getwid-post-carousel__post\">\n            <div class=\"wp-block-getwid-post-carousel__post-thumbnail\">\n            <a href=\"https:\/\/projectes.xtec.cat\/araart\/general\/nou-projecte\/\"><img loading=\"lazy\" decoding=\"async\" width=\"700\" height=\"490\" src=\"https:\/\/projectes.xtec.cat\/araart\/wp-content\/uploads\/usu2396\/2024\/02\/AU323T.jpg\" class=\"attachment-post-thumbnail size-post-thumbnail wp-post-image\" alt=\"\" srcset=\"https:\/\/projectes.xtec.cat\/araart\/wp-content\/uploads\/usu2396\/2024\/02\/AU323T.jpg 700w, https:\/\/projectes.xtec.cat\/araart\/wp-content\/uploads\/usu2396\/2024\/02\/AU323T-300x210.jpg 300w\" sizes=\"auto, (max-width: 700px) 100vw, 700px\" \/><\/a>\n        <\/div>\n        <div class=\"wp-block-getwid-post-carousel__post-content-wrapper\">\n        <div class=\"wp-block-getwid-post-carousel__post-header\">\n            <h3 class=\"wp-block-getwid-post-carousel__post-title\"><a href=\"https:\/\/projectes.xtec.cat\/araart\/general\/nou-projecte\/\">Nou projecte<\/a><\/h3>        <\/div>\n        <div class=\"wp-block-getwid-post-carousel__post-excerpt\"><p>En aquest nou espai intentarem anar presentant diferents informacions que puguin ser de l&#8217;inter\u00e8s dels centres que han realitzat o estan realitzant el programa araArt del Departament d&#8217;Educaci\u00f3.<\/p>\n<\/div>\n    <\/div>\n<\/div>\n\n\t\t\t\t\t\t\t<\/div>\n\t\t\t\t\t\t            <\/div>\n        <\/div>\n        <\/div>\n<\/div>\n\n\n\n<div class=\"wp-block-getwid-advanced-spacer\" style=\"height:42px\" aria-hidden=\"true\"><\/div>\n","protected":false},"excerpt":{"rendered":"<p>El Departament d\u2019Educaci\u00f3 crea el Programa d&#8217;innovaci\u00f3 pedag\u00f2gica \u201caraArt\u201d, amb la finalitat de fomentar i posar en valor projectes art\u00edstics que es porten a terme en el si d&#8217;un centre educatiu en col\u00b7laboraci\u00f3 amb un agent art\u00edstic extern, per promoure l&#8217;equitat i la qualitat del sistema educatiu reflectida en la millora de les capacitats i [&hellip;]<\/p>\n","protected":false},"author":1,"featured_media":0,"parent":7,"menu_order":0,"comment_status":"closed","ping_status":"closed","template":"","meta":{"_bbp_topic_count":0,"_bbp_reply_count":0,"_bbp_total_topic_count":0,"_bbp_total_reply_count":0,"_bbp_voice_count":0,"_bbp_anonymous_reply_count":0,"_bbp_topic_count_hidden":0,"_bbp_reply_count_hidden":0,"_bbp_forum_subforum_count":0,"site-sidebar-layout":"no-sidebar","site-content-layout":"default","ast-site-content-layout":"default","site-content-style":"default","site-sidebar-style":"default","ast-global-header-display":"","ast-banner-title-visibility":"","ast-main-header-display":"","ast-hfb-above-header-display":"","ast-hfb-below-header-display":"","ast-hfb-mobile-header-display":"","site-post-title":"","ast-breadcrumbs-content":"","ast-featured-img":"","footer-sml-layout":"","theme-transparent-header-meta":"","adv-header-id-meta":"","stick-header-meta":"","header-above-stick-meta":"","header-main-stick-meta":"","header-below-stick-meta":"","astra-migrate-meta-layouts":"set","ast-page-background-enabled":"default","ast-page-background-meta":{"desktop":{"background-color":"var(--ast-global-color-4)","background-image":"","background-repeat":"repeat","background-position":"center center","background-size":"auto","background-attachment":"scroll","background-type":"","background-media":"","overlay-type":"","overlay-color":"","overlay-opacity":"","overlay-gradient":""},"tablet":{"background-color":"","background-image":"","background-repeat":"repeat","background-position":"center center","background-size":"auto","background-attachment":"scroll","background-type":"","background-media":"","overlay-type":"","overlay-color":"","overlay-opacity":"","overlay-gradient":""},"mobile":{"background-color":"","background-image":"","background-repeat":"repeat","background-position":"center center","background-size":"auto","background-attachment":"scroll","background-type":"","background-media":"","overlay-type":"","overlay-color":"","overlay-opacity":"","overlay-gradient":""}},"ast-content-background-meta":{"desktop":{"background-color":"var(--ast-global-color-5)","background-image":"","background-repeat":"repeat","background-position":"center center","background-size":"auto","background-attachment":"scroll","background-type":"","background-media":"","overlay-type":"","overlay-color":"","overlay-opacity":"","overlay-gradient":""},"tablet":{"background-color":"var(--ast-global-color-5)","background-image":"","background-repeat":"repeat","background-position":"center center","background-size":"auto","background-attachment":"scroll","background-type":"","background-media":"","overlay-type":"","overlay-color":"","overlay-opacity":"","overlay-gradient":""},"mobile":{"background-color":"var(--ast-global-color-5)","background-image":"","background-repeat":"repeat","background-position":"center center","background-size":"auto","background-attachment":"scroll","background-type":"","background-media":"","overlay-type":"","overlay-color":"","overlay-opacity":"","overlay-gradient":""}},"footnotes":""},"class_list":["post-9","page","type-page","status-publish","hentry"],"post_mailing_queue_ids":[],"_links":{"self":[{"href":"https:\/\/projectes.xtec.cat\/araart\/wp-json\/wp\/v2\/pages\/9","targetHints":{"allow":["GET"]}}],"collection":[{"href":"https:\/\/projectes.xtec.cat\/araart\/wp-json\/wp\/v2\/pages"}],"about":[{"href":"https:\/\/projectes.xtec.cat\/araart\/wp-json\/wp\/v2\/types\/page"}],"author":[{"embeddable":true,"href":"https:\/\/projectes.xtec.cat\/araart\/wp-json\/wp\/v2\/users\/1"}],"replies":[{"embeddable":true,"href":"https:\/\/projectes.xtec.cat\/araart\/wp-json\/wp\/v2\/comments?post=9"}],"version-history":[{"count":6,"href":"https:\/\/projectes.xtec.cat\/araart\/wp-json\/wp\/v2\/pages\/9\/revisions"}],"predecessor-version":[{"id":8548,"href":"https:\/\/projectes.xtec.cat\/araart\/wp-json\/wp\/v2\/pages\/9\/revisions\/8548"}],"up":[{"embeddable":true,"href":"https:\/\/projectes.xtec.cat\/araart\/wp-json\/wp\/v2\/pages\/7"}],"wp:attachment":[{"href":"https:\/\/projectes.xtec.cat\/araart\/wp-json\/wp\/v2\/media?parent=9"}],"curies":[{"name":"wp","href":"https:\/\/api.w.org\/{rel}","templated":true}]}}