{"id":10365,"date":"2025-12-03T13:35:08","date_gmt":"2025-12-03T12:35:08","guid":{"rendered":"https:\/\/projectes.xtec.cat\/aula-acollida\/?page_id=10365"},"modified":"2025-12-04T13:56:49","modified_gmt":"2025-12-04T12:56:49","slug":"llengues-dorigen","status":"publish","type":"page","link":"https:\/\/projectes.xtec.cat\/aula-acollida\/eixos-programacio\/contes\/llengues-dorigen\/","title":{"rendered":"Lleng\u00fces d&#8217;origen"},"content":{"rendered":"\n<div class=\"wp-block-group wp-embed-aspect-16-9 wp-has-aspect-ratio is-layout-constrained wp-block-group-is-layout-constrained\" style=\"margin-top:0;margin-right:0;margin-bottom:0;margin-left:0\">\n<div class=\"wp-block-getwid-advanced-heading\"><span class=\"wp-block-getwid-advanced-heading__content has-text-color has-white-color has-background has-ast-global-color-0-background-color\" style=\"text-align:left\"><strong>En Bao i els seus amics<\/strong><\/span><\/div>\n\n\n\n<div class=\"wp-block-columns is-layout-flex wp-container-core-columns-is-layout-1 wp-block-columns-is-layout-flex\" style=\"margin-top:0;margin-bottom:0;padding-top:var(--wp--preset--spacing--30);padding-bottom:var(--wp--preset--spacing--30)\">\n<div class=\"wp-block-column is-layout-flow wp-block-column-is-layout-flow\">\n<iframe loading=\"lazy\" src=\"https:\/\/www.3cat.cat\/video\/embed\/sx3\/6229999\/\" allowfullscreen scrolling=\"no\" frameborder=\"0\" width=\"500px\" height=\"281px\"><\/iframe>\n<\/div>\n\n\n\n<div class=\"wp-block-column is-layout-flow wp-block-column-is-layout-flow\">\n<p class=\"has-black-color has-text-color has-link-color has-medium-font-size wp-elements-d6faa8389cd5c2edd17e17f84e6b34f9\">En Bao i els seus amics<\/p>\n\n\n\n<details class=\"wp-block-details has-ast-global-color-0-color has-text-color has-link-color has-medium-font-size wp-elements-b2f02df021182f5eb00d182bac8e6622 is-layout-flow wp-block-details-is-layout-flow\"><summary>Descripci\u00f3<\/summary>\n<p class=\"has-black-color has-text-color has-link-color has-small-font-size wp-elements-b1c9a8df3d523c415c0d67ae34b7477d\">A la regi\u00f3 d&#8217;Anji, en el lluny\u00e0 pa\u00eds de la Xina, el Bao i els seus amics, el Hai i la Xia, gaudeixen sortint a la recerca d&#8217;aventures. El Bao \u00e9s un os panda molt despistat, que despr\u00e9s d&#8217;anar a passejar amb els seus amics, t\u00e9 un ensurt que li ensenyar\u00e0 la import\u00e0ncia de confiar en els seus amics i tamb\u00e9 de buscar solucions als problemes.<\/p>\n\n\n\n<p class=\"has-black-color has-text-color has-link-color has-small-font-size wp-elements-7f368ebcc18dfa4633c7c9f8da42271f\">Versi\u00f3 <strong><a href=\"https:\/\/www.3cat.cat\/tv3\/sx3\/en-bao-i-els-seus-amics-xines-idiomes-del-mon\/video\/6229999\/\" target=\"_blank\" rel=\"noreferrer noopener\">en xin\u00e8s<\/a><\/strong>, doblada per alumnes de l&#8217;Institut Sunsi M\u00f3ra de Canet de Mar.<\/p>\n\n\n\n<p class=\"has-black-color has-text-color has-link-color has-small-font-size wp-elements-515a2b756556fca435cba39a0805df8d\">Versi\u00f3 <strong><a href=\"https:\/\/www.3cat.cat\/3cat\/en-bao-i-els-seus-amics\/video\/5641986\/\" target=\"_blank\" rel=\"noreferrer noopener\">en catal\u00e0<\/a><\/strong><\/p>\n\n\n\n<p><\/p>\n<\/details>\n\n\n\n<details class=\"wp-block-details has-ast-global-color-0-color has-text-color has-link-color has-medium-font-size wp-elements-85cf5b7e2a8ffc8bcd1d4308389a5474 is-layout-flow wp-block-details-is-layout-flow\"><summary>Habilitat ling\u00fc\u00edstica \/ Nivell MECR \/ Etapa educativa<\/summary>\n<p class=\"has-black-color has-text-color has-link-color has-small-font-size wp-elements-522a32ae9da37de5d2263e1c5b57e134\">Comprensi\u00f3 Oral &#8211; Expressi\u00f3 Oral <\/p>\n\n\n\n<p class=\"has-black-color has-text-color has-link-color has-small-font-size wp-elements-d3bd6c6edf63007547492d8fed2c7a74\">Nivell  A1 &#8211; A2<\/p>\n\n\n\n<p class=\"has-black-color has-text-color has-link-color has-small-font-size wp-elements-f6a6b9d43f7928200c39e4a43f197f66\">Prim\u00e0ria<\/p>\n<\/details>\n\n\n\n<div class=\"wp-block-getwid-icon-box has-icon-left has-text-left\"><div class=\"wp-block-getwid-icon-box__icon-container is-position-middle\"><div class=\"wp-block-getwid-icon-box__icon-wrapper has-text-color has-ast-global-color-0-color\" style=\"font-size:30px\"><i class=\"fas fa-video\"><\/i><\/div><\/div><div class=\"wp-block-getwid-icon-box__content\">\n<figure class=\"wp-block-image aligncenter size-thumbnail is-resized\"><a href=\"https:\/\/projectes.xtec.cat\/aula-acollida\/wp-content\/uploads\/usu59\/2025\/12\/una-ma-de-contes-verd.jpg\"><img loading=\"lazy\" decoding=\"async\" width=\"150\" height=\"150\" src=\"https:\/\/projectes.xtec.cat\/aula-acollida\/wp-content\/uploads\/usu59\/2025\/12\/una-ma-de-contes-verd-150x150.jpg\" alt=\"\" class=\"wp-image-10417\" style=\"width:55px\"\/><\/a><\/figure>\n<\/div><\/div>\n<\/div>\n<\/div>\n<\/div>\n\n\n\n<div class=\"wp-block-group wp-embed-aspect-16-9 wp-has-aspect-ratio is-layout-constrained wp-block-group-is-layout-constrained\" style=\"margin-top:0;margin-right:0;margin-bottom:0;margin-left:0\">\n<div class=\"wp-block-getwid-advanced-heading\"><span class=\"wp-block-getwid-advanced-heading__content has-text-color has-white-color has-background has-ast-global-color-0-background-color\" style=\"text-align:left\"><strong>El senyor Res<\/strong><\/span><\/div>\n\n\n\n<div class=\"wp-block-columns is-layout-flex wp-container-core-columns-is-layout-2 wp-block-columns-is-layout-flex\" style=\"margin-top:0;margin-bottom:0;padding-top:var(--wp--preset--spacing--30);padding-bottom:var(--wp--preset--spacing--30)\">\n<div class=\"wp-block-column is-layout-flow wp-block-column-is-layout-flow\">\n<iframe loading=\"lazy\" src=\"https:\/\/www.3cat.cat\/video\/embed\/sx3\/6230004\/\" allowfullscreen scrolling=\"no\" frameborder=\"0\" width=\"500px\" height=\"281px\"><\/iframe>\n<\/div>\n\n\n\n<div class=\"wp-block-column is-layout-flow wp-block-column-is-layout-flow\">\n<p class=\"has-black-color has-text-color has-link-color has-medium-font-size wp-elements-4a3f7fbe4171bdc3d093983b8cde14bd\">El senyor Res<\/p>\n\n\n\n<details class=\"wp-block-details has-ast-global-color-0-color has-text-color has-link-color has-medium-font-size wp-elements-695fb1c12d3f259e15508828a3d7e902 is-layout-flow wp-block-details-is-layout-flow\"><summary>Descripci\u00f3<\/summary>\n<p class=\"has-black-color has-text-color has-link-color has-small-font-size wp-elements-7c730a8faca26119cd0adacc6db23293\">A l&#8217;Auster no li calia gaire per viure i el senyor Res es va ficar a casa seva per omplir el buit.<\/p>\n\n\n\n<p class=\"has-black-color has-text-color has-link-color has-small-font-size wp-elements-e085333126a4d63f728a4394df245864\"><strong><a href=\"https:\/\/www.3cat.cat\/tv3\/sx3\/el-senyor-res-dariya-idiomes-del-mon\/video\/6230004\/\" target=\"_blank\" rel=\"noreferrer noopener\">Versi\u00f3 en d\u00e0riya<\/a><\/strong>, doblada per alumnes de l&#8217;Institut Guind\u00e0vols de Lleida.<\/p>\n\n\n\n<p class=\"has-black-color has-text-color has-link-color has-small-font-size wp-elements-693929ca5be3beb211c663b4fc2ab441\">Versi\u00f3 <strong><a href=\"https:\/\/www.3cat.cat\/tv3\/sx3\/el-senyor-res\/video\/5507233\/\" target=\"_blank\" rel=\"noreferrer noopener\">en catal\u00e0<\/a><\/strong><\/p>\n\n\n\n<p><\/p>\n<\/details>\n\n\n\n<details class=\"wp-block-details has-ast-global-color-0-color has-text-color has-link-color has-medium-font-size wp-elements-85cf5b7e2a8ffc8bcd1d4308389a5474 is-layout-flow wp-block-details-is-layout-flow\"><summary>Habilitat ling\u00fc\u00edstica \/ Nivell MECR \/ Etapa educativa<\/summary>\n<p class=\"has-black-color has-text-color has-link-color has-small-font-size wp-elements-522a32ae9da37de5d2263e1c5b57e134\">Comprensi\u00f3 Oral &#8211; Expressi\u00f3 Oral <\/p>\n\n\n\n<p class=\"has-black-color has-text-color has-link-color has-small-font-size wp-elements-d3bd6c6edf63007547492d8fed2c7a74\">Nivell  A1 &#8211; A2<\/p>\n\n\n\n<p class=\"has-black-color has-text-color has-link-color has-small-font-size wp-elements-f6a6b9d43f7928200c39e4a43f197f66\">Prim\u00e0ria<\/p>\n<\/details>\n\n\n\n<div class=\"wp-block-getwid-icon-box has-icon-left has-text-left\"><div class=\"wp-block-getwid-icon-box__icon-container is-position-middle\"><div class=\"wp-block-getwid-icon-box__icon-wrapper has-text-color has-ast-global-color-0-color\" style=\"font-size:30px\"><i class=\"fas fa-video\"><\/i><\/div><\/div><div class=\"wp-block-getwid-icon-box__content\">\n<figure class=\"wp-block-image aligncenter size-thumbnail is-resized\"><a href=\"https:\/\/projectes.xtec.cat\/aula-acollida\/wp-content\/uploads\/usu59\/2025\/12\/una-ma-de-contes-verd.jpg\"><img loading=\"lazy\" decoding=\"async\" width=\"150\" height=\"150\" src=\"https:\/\/projectes.xtec.cat\/aula-acollida\/wp-content\/uploads\/usu59\/2025\/12\/una-ma-de-contes-verd-150x150.jpg\" alt=\"\" class=\"wp-image-10417\" style=\"width:55px\"\/><\/a><\/figure>\n<\/div><\/div>\n<\/div>\n<\/div>\n<\/div>\n\n\n\n<div class=\"wp-block-group wp-embed-aspect-16-9 wp-has-aspect-ratio is-layout-constrained wp-block-group-is-layout-constrained\" style=\"margin-top:0;margin-right:0;margin-bottom:0;margin-left:0\">\n<div class=\"wp-block-getwid-advanced-heading\"><span class=\"wp-block-getwid-advanced-heading__content has-text-color has-white-color has-background has-ast-global-color-0-background-color\" style=\"text-align:left\"><strong>El barret m\u00e0gic<\/strong><\/span><\/div>\n\n\n\n<div class=\"wp-block-columns is-layout-flex wp-container-core-columns-is-layout-3 wp-block-columns-is-layout-flex\" style=\"margin-top:0;margin-bottom:0;padding-top:var(--wp--preset--spacing--30);padding-bottom:var(--wp--preset--spacing--30)\">\n<div class=\"wp-block-column is-layout-flow wp-block-column-is-layout-flow\">\n<iframe loading=\"lazy\" src=\"https:\/\/www.3cat.cat\/video\/embed\/sx3\/6281644\/\" allowfullscreen scrolling=\"no\" frameborder=\"0\" width=\"500px\" height=\"281px\"><\/iframe>\n<\/div>\n\n\n\n<div class=\"wp-block-column is-layout-flow wp-block-column-is-layout-flow\">\n<p class=\"has-black-color has-text-color has-link-color has-medium-font-size wp-elements-d38d967b50f12a6f7290711cf1bb3163\">El barret m\u00e0gic<\/p>\n\n\n\n<details class=\"wp-block-details has-ast-global-color-0-color has-text-color has-link-color has-medium-font-size wp-elements-b99c4c5cba970cb1e3a1518d087ced54 is-layout-flow wp-block-details-is-layout-flow\"><summary>Descripci\u00f3<\/summary>\n<p class=\"has-black-color has-text-color has-link-color has-small-font-size wp-elements-a5fc119e9b8e54e980a73422ed8b4689\">En Mohamed, mentre fugia de l&#8217;home que el tenia empresonat, es va trobar amb un bruixot, que el va voler ajudar donant-li un barret m\u00e0gic que el faria invisible. Quan es va fer de nit, el jove va voler inspeccionar sigil\u00b7losament un palau de la llunyania per poder-s&#8217;hi amagar, per\u00f2 all\u00e0 ja l&#8217;estaven esperant. Era la princesa Jamira, qui havia llegit la seva hist\u00f2ria d&#8217;amor escrita en un llibre.<\/p>\n\n\n\n<p class=\"has-black-color has-text-color has-link-color has-small-font-size wp-elements-345723c3a3c746051faddfb6d62ec86f\"><strong><a href=\"https:\/\/www.3cat.cat\/tv3\/sx3\/el-barret-magic-amazic-idiomes-del-mon\/video\/6281644\/\" target=\"_blank\" rel=\"noreferrer noopener\">Versi\u00f3 en amazic<\/a><\/strong>, tradu\u00eft i doblat a la llengua amaziga per la Sara Berdahem, col\u00b7laboradora de la Casa Amaziga de Catalunya.<\/p>\n\n\n\n<p class=\"has-black-color has-text-color has-link-color has-small-font-size wp-elements-fd562f1ec7c0f42def8ba8e527cb5893\">Versi\u00f3 <strong><a href=\"https:\/\/www.3cat.cat\/tv3\/sx3\/el-barret-magic\/video\/856589\/\" target=\"_blank\" rel=\"noreferrer noopener\">en catal\u00e0<\/a><\/strong><\/p>\n\n\n\n<p><\/p>\n<\/details>\n\n\n\n<details class=\"wp-block-details has-ast-global-color-0-color has-text-color has-link-color has-medium-font-size wp-elements-85cf5b7e2a8ffc8bcd1d4308389a5474 is-layout-flow wp-block-details-is-layout-flow\"><summary>Habilitat ling\u00fc\u00edstica \/ Nivell MECR \/ Etapa educativa<\/summary>\n<p class=\"has-black-color has-text-color has-link-color has-small-font-size wp-elements-522a32ae9da37de5d2263e1c5b57e134\">Comprensi\u00f3 Oral &#8211; Expressi\u00f3 Oral <\/p>\n\n\n\n<p class=\"has-black-color has-text-color has-link-color has-small-font-size wp-elements-d3bd6c6edf63007547492d8fed2c7a74\">Nivell  A1 &#8211; A2<\/p>\n\n\n\n<p class=\"has-black-color has-text-color has-link-color has-small-font-size wp-elements-f6a6b9d43f7928200c39e4a43f197f66\">Prim\u00e0ria<\/p>\n<\/details>\n\n\n\n<div class=\"wp-block-getwid-icon-box has-icon-left has-text-left\"><div class=\"wp-block-getwid-icon-box__icon-container is-position-middle\"><div class=\"wp-block-getwid-icon-box__icon-wrapper has-text-color has-ast-global-color-0-color\" style=\"font-size:30px\"><i class=\"fas fa-video\"><\/i><\/div><\/div><div class=\"wp-block-getwid-icon-box__content\">\n<figure class=\"wp-block-image aligncenter size-thumbnail is-resized\"><a href=\"https:\/\/projectes.xtec.cat\/aula-acollida\/wp-content\/uploads\/usu59\/2025\/12\/una-ma-de-contes-verd.jpg\"><img loading=\"lazy\" decoding=\"async\" width=\"150\" height=\"150\" src=\"https:\/\/projectes.xtec.cat\/aula-acollida\/wp-content\/uploads\/usu59\/2025\/12\/una-ma-de-contes-verd-150x150.jpg\" alt=\"\" class=\"wp-image-10417\" style=\"width:55px\"\/><\/a><\/figure>\n<\/div><\/div>\n<\/div>\n<\/div>\n<\/div>\n\n\n\n<div class=\"wp-block-group wp-embed-aspect-16-9 wp-has-aspect-ratio is-layout-constrained wp-block-group-is-layout-constrained\" style=\"margin-top:0;margin-right:0;margin-bottom:0;margin-left:0\">\n<div class=\"wp-block-getwid-advanced-heading\"><span class=\"wp-block-getwid-advanced-heading__content has-text-color has-white-color has-background has-ast-global-color-0-background-color\" style=\"text-align:left\"><strong>Eguzkilore, la flor del sol<\/strong><\/span><\/div>\n\n\n\n<div class=\"wp-block-columns is-layout-flex wp-container-core-columns-is-layout-4 wp-block-columns-is-layout-flex\" style=\"margin-top:0;margin-bottom:0;padding-top:var(--wp--preset--spacing--30);padding-bottom:var(--wp--preset--spacing--30)\">\n<div class=\"wp-block-column is-layout-flow wp-block-column-is-layout-flow\">\n<iframe loading=\"lazy\" src=\"https:\/\/www.3cat.cat\/video\/embed\/sx3\/6266281\/\" allowfullscreen scrolling=\"no\" frameborder=\"0\" width=\"500px\" height=\"281px\"><\/iframe>\n<\/div>\n\n\n\n<div class=\"wp-block-column is-layout-flow wp-block-column-is-layout-flow\">\n<p class=\"has-black-color has-text-color has-link-color has-medium-font-size wp-elements-507c098dcc5cfddc0169c2d8878255aa\">Eguzkilore, la flor del sol<\/p>\n\n\n\n<details class=\"wp-block-details has-ast-global-color-0-color has-text-color has-link-color has-medium-font-size wp-elements-df0ad9f0ed1714d471c9bf402426d053 is-layout-flow wp-block-details-is-layout-flow\"><summary>Descripci\u00f3<\/summary>\n<p class=\"has-black-color has-text-color has-link-color has-small-font-size wp-elements-98f99fc3975eb3633486c9c0ac57220b\">En Eguzkilore, la flor del sol s&#8217;explica l&#8217;origen del m\u00f3n. A l&#8217;inici nom\u00e9s hi havia foscor. I quan les pedres es van aturar, van apar\u00e8ixer els primers homes, les primeres dones, els primers nens i les primeres nenes. De seguida es van posar a feinejar per aconseguir aliments i cuidar els animals.<\/p>\n\n\n\n<p class=\"has-black-color has-text-color has-link-color has-small-font-size wp-elements-9d81b6e07d8928550ffe054e89ea3fca\">Versi\u00f3 <strong><a href=\"https:\/\/www.3cat.cat\/tv3\/sx3\/t22xc4-eguskilore-la-flor-del-sol\/video\/6266281\/\" target=\"_blank\" rel=\"noreferrer noopener\">en euskera<\/a><\/strong><\/p>\n\n\n\n<p class=\"has-black-color has-text-color has-link-color has-small-font-size wp-elements-04e061e04f74e29c61be147e90aee47b\">Versi\u00f3<a href=\"https:\/\/www.3cat.cat\/tv3\/sx3\/t22xc4-eguskilore-la-flor-del-sol\/video\/6265885\/\" target=\"_blank\" rel=\"noreferrer noopener\"> <strong>en catal\u00e0<\/strong><\/a><\/p>\n\n\n\n<p><\/p>\n<\/details>\n\n\n\n<details class=\"wp-block-details has-ast-global-color-0-color has-text-color has-link-color has-medium-font-size wp-elements-85cf5b7e2a8ffc8bcd1d4308389a5474 is-layout-flow wp-block-details-is-layout-flow\"><summary>Habilitat ling\u00fc\u00edstica \/ Nivell MECR \/ Etapa educativa<\/summary>\n<p class=\"has-black-color has-text-color has-link-color has-small-font-size wp-elements-522a32ae9da37de5d2263e1c5b57e134\">Comprensi\u00f3 Oral &#8211; Expressi\u00f3 Oral <\/p>\n\n\n\n<p class=\"has-black-color has-text-color has-link-color has-small-font-size wp-elements-d3bd6c6edf63007547492d8fed2c7a74\">Nivell  A1 &#8211; A2<\/p>\n\n\n\n<p class=\"has-black-color has-text-color has-link-color has-small-font-size wp-elements-f6a6b9d43f7928200c39e4a43f197f66\">Prim\u00e0ria<\/p>\n<\/details>\n\n\n\n<div class=\"wp-block-getwid-icon-box has-icon-left has-text-left\"><div class=\"wp-block-getwid-icon-box__icon-container is-position-middle\"><div class=\"wp-block-getwid-icon-box__icon-wrapper has-text-color has-ast-global-color-0-color\" style=\"font-size:30px\"><i class=\"fas fa-video\"><\/i><\/div><\/div><div class=\"wp-block-getwid-icon-box__content\">\n<figure class=\"wp-block-image aligncenter size-thumbnail is-resized\"><a href=\"https:\/\/projectes.xtec.cat\/aula-acollida\/wp-content\/uploads\/usu59\/2025\/12\/una-ma-de-contes-verd.jpg\"><img loading=\"lazy\" decoding=\"async\" width=\"150\" height=\"150\" src=\"https:\/\/projectes.xtec.cat\/aula-acollida\/wp-content\/uploads\/usu59\/2025\/12\/una-ma-de-contes-verd-150x150.jpg\" alt=\"\" class=\"wp-image-10417\" style=\"width:55px\"\/><\/a><\/figure>\n<\/div><\/div>\n<\/div>\n<\/div>\n<\/div>\n","protected":false},"excerpt":{"rendered":"<p>En Bao i els seus amics El senyor Res El barret m\u00e0gic Eguzkilore, la flor del sol<\/p>\n","protected":false},"author":1,"featured_media":0,"parent":9898,"menu_order":1,"comment_status":"closed","ping_status":"closed","template":"","meta":{"site-sidebar-layout":"default","site-content-layout":"","ast-site-content-layout":"default","site-content-style":"default","site-sidebar-style":"default","ast-global-header-display":"","ast-banner-title-visibility":"","ast-main-header-display":"","ast-hfb-above-header-display":"","ast-hfb-below-header-display":"","ast-hfb-mobile-header-display":"","site-post-title":"","ast-breadcrumbs-content":"","ast-featured-img":"","footer-sml-layout":"","theme-transparent-header-meta":"","adv-header-id-meta":"","stick-header-meta":"","header-above-stick-meta":"","header-main-stick-meta":"","header-below-stick-meta":"","astra-migrate-meta-layouts":"set","ast-page-background-enabled":"default","ast-page-background-meta":{"desktop":{"background-color":"var(--ast-global-color-4)","background-image":"","background-repeat":"repeat","background-position":"center center","background-size":"auto","background-attachment":"scroll","background-type":"","background-media":"","overlay-type":"","overlay-color":"","overlay-opacity":"","overlay-gradient":""},"tablet":{"background-color":"","background-image":"","background-repeat":"repeat","background-position":"center center","background-size":"auto","background-attachment":"scroll","background-type":"","background-media":"","overlay-type":"","overlay-color":"","overlay-opacity":"","overlay-gradient":""},"mobile":{"background-color":"","background-image":"","background-repeat":"repeat","background-position":"center center","background-size":"auto","background-attachment":"scroll","background-type":"","background-media":"","overlay-type":"","overlay-color":"","overlay-opacity":"","overlay-gradient":""}},"ast-content-background-meta":{"desktop":{"background-color":"var(--ast-global-color-5)","background-image":"","background-repeat":"repeat","background-position":"center center","background-size":"auto","background-attachment":"scroll","background-type":"","background-media":"","overlay-type":"","overlay-color":"","overlay-opacity":"","overlay-gradient":""},"tablet":{"background-color":"var(--ast-global-color-5)","background-image":"","background-repeat":"repeat","background-position":"center center","background-size":"auto","background-attachment":"scroll","background-type":"","background-media":"","overlay-type":"","overlay-color":"","overlay-opacity":"","overlay-gradient":""},"mobile":{"background-color":"var(--ast-global-color-5)","background-image":"","background-repeat":"repeat","background-position":"center center","background-size":"auto","background-attachment":"scroll","background-type":"","background-media":"","overlay-type":"","overlay-color":"","overlay-opacity":"","overlay-gradient":""}},"footnotes":""},"class_list":["post-10365","page","type-page","status-publish","hentry"],"post_mailing_queue_ids":[],"_links":{"self":[{"href":"https:\/\/projectes.xtec.cat\/aula-acollida\/wp-json\/wp\/v2\/pages\/10365","targetHints":{"allow":["GET"]}}],"collection":[{"href":"https:\/\/projectes.xtec.cat\/aula-acollida\/wp-json\/wp\/v2\/pages"}],"about":[{"href":"https:\/\/projectes.xtec.cat\/aula-acollida\/wp-json\/wp\/v2\/types\/page"}],"author":[{"embeddable":true,"href":"https:\/\/projectes.xtec.cat\/aula-acollida\/wp-json\/wp\/v2\/users\/1"}],"replies":[{"embeddable":true,"href":"https:\/\/projectes.xtec.cat\/aula-acollida\/wp-json\/wp\/v2\/comments?post=10365"}],"version-history":[{"count":6,"href":"https:\/\/projectes.xtec.cat\/aula-acollida\/wp-json\/wp\/v2\/pages\/10365\/revisions"}],"predecessor-version":[{"id":10438,"href":"https:\/\/projectes.xtec.cat\/aula-acollida\/wp-json\/wp\/v2\/pages\/10365\/revisions\/10438"}],"up":[{"embeddable":true,"href":"https:\/\/projectes.xtec.cat\/aula-acollida\/wp-json\/wp\/v2\/pages\/9898"}],"wp:attachment":[{"href":"https:\/\/projectes.xtec.cat\/aula-acollida\/wp-json\/wp\/v2\/media?parent=10365"}],"curies":[{"name":"wp","href":"https:\/\/api.w.org\/{rel}","templated":true}]}}