{"id":8470,"date":"2024-12-05T13:07:52","date_gmt":"2024-12-05T12:07:52","guid":{"rendered":"https:\/\/projectes.xtec.cat\/aula-acollida\/?page_id=8470"},"modified":"2025-12-03T14:32:57","modified_gmt":"2025-12-03T13:32:57","slug":"eixos-programacio","status":"publish","type":"page","link":"https:\/\/projectes.xtec.cat\/aula-acollida\/eixos-programacio\/","title":{"rendered":"EIXOS PROGRAMACI\u00d3"},"content":{"rendered":"\n<div class=\"wp-block-columns has-ast-global-color-0-background-color has-background is-layout-flex wp-container-core-columns-is-layout-1 wp-block-columns-is-layout-flex\" style=\"border-radius:25px\">\n<div class=\"wp-block-column is-layout-flow wp-block-column-is-layout-flow\">\n<div class=\"wp-block-getwid-advanced-heading has-custom-font-size\" style=\"font-size:50px\"><span class=\"wp-block-getwid-advanced-heading__content\">EIXOS PROGRAMACI\u00d3<\/span><\/div>\n<\/div>\n<\/div>\n\n\n\n<p><\/p>\n\n\n\n<p>En aquesta secci\u00f3 trobareu recursos relacionats amb els eixos tem\u00e0tics de la programaci\u00f3 de l&#8217;aula d&#8217;acollida. Al men\u00fa lateral podeu desplegar els <strong>eixos tem\u00e0tics<\/strong>; el bloc <strong>treball global de llengua<\/strong>, que cont\u00e9 recursos en l\u00ednia, propostes per treballar la llengua a partir del joc i refer\u00e8ncies a materials en format f\u00edsic; l&#8217;apartat <strong>contes<\/strong>, on trobareu recursos per treballar la llengua a partir de narracions audiovisuals; la secci\u00f3<strong> situacions d&#8217;aprenentatge<\/strong>, que cont\u00e9 exemples creats espec\u00edficament per a l&#8217;Aula d&#8217;acollida i, un recull de <strong>diccionaris <\/strong>d&#8217;algunes de les lleng\u00fces d&#8217;origen de l&#8217;alumnat nouvingut.<\/p>\n\n\n\n<p>En cada recurs trobareu l&#8217;enlla\u00e7, la descripci\u00f3, l&#8217;habilitat ling\u00fc\u00edstica que s&#8217;hi treballa principalment, el nivell del MECR, l&#8217;etapa educativa en qu\u00e8 \u00e9s aconsellable aplicar el recurs i les icones que n&#8217;indiquen el format.<\/p>\n\n\n\n<div class=\"wp-block-columns is-layout-flex wp-container-core-columns-is-layout-2 wp-block-columns-is-layout-flex\">\n<div class=\"wp-block-column is-vertically-aligned-center is-layout-flow wp-block-column-is-layout-flow\">\n<div class=\"wp-block-media-text is-stacked-on-mobile\" style=\"grid-template-columns:15% auto\"><figure class=\"wp-block-media-text__media\"><img loading=\"lazy\" decoding=\"async\" width=\"300\" height=\"300\" src=\"https:\/\/projectes.xtec.cat\/aula-acollida\/wp-content\/uploads\/usu59\/2025\/11\/icona_Web.png\" alt=\"\" class=\"wp-image-10323 size-full\" srcset=\"https:\/\/projectes.xtec.cat\/aula-acollida\/wp-content\/uploads\/usu59\/2025\/11\/icona_Web.png 300w, https:\/\/projectes.xtec.cat\/aula-acollida\/wp-content\/uploads\/usu59\/2025\/11\/icona_Web-150x150.png 150w\" sizes=\"auto, (max-width: 300px) 100vw, 300px\" \/><\/figure><div class=\"wp-block-media-text__content\">\n<div class=\"wp-block-getwid-advanced-heading\"><span class=\"wp-block-getwid-advanced-heading__content has-text-color has-white-color has-background has-ast-global-color-0-background-color\">Web<\/span><\/div>\n<\/div><\/div>\n<\/div>\n\n\n\n<div class=\"wp-block-column is-vertically-aligned-center is-layout-flow wp-block-column-is-layout-flow\">\n<div class=\"wp-block-media-text is-stacked-on-mobile\" style=\"grid-template-columns:15% auto\"><figure class=\"wp-block-media-text__media\"><img loading=\"lazy\" decoding=\"async\" width=\"45\" height=\"31\" src=\"https:\/\/projectes.xtec.cat\/aula-acollida\/wp-content\/uploads\/usu59\/2025\/07\/icona-video.png\" alt=\"\" class=\"wp-image-9143 size-full\"\/><\/figure><div class=\"wp-block-media-text__content\">\n<div class=\"wp-block-getwid-advanced-heading\"><span class=\"wp-block-getwid-advanced-heading__content has-text-color has-white-color has-background has-ast-global-color-0-background-color\">V\u00eddeo<\/span><\/div>\n<\/div><\/div>\n<\/div>\n\n\n\n<div class=\"wp-block-column is-vertically-aligned-center is-layout-flow wp-block-column-is-layout-flow\">\n<div class=\"wp-block-media-text is-stacked-on-mobile\" style=\"grid-template-columns:15% auto\"><figure class=\"wp-block-media-text__media\"><img loading=\"lazy\" decoding=\"async\" width=\"40\" height=\"48\" src=\"https:\/\/projectes.xtec.cat\/aula-acollida\/wp-content\/uploads\/usu59\/2025\/08\/logo-audio.png\" alt=\"\" class=\"wp-image-9276 size-full\"\/><\/figure><div class=\"wp-block-media-text__content\">\n<div class=\"wp-block-getwid-advanced-heading\"><span class=\"wp-block-getwid-advanced-heading__content has-text-color has-white-color has-background has-ast-global-color-0-background-color\">\u00c0udio<\/span><\/div>\n<\/div><\/div>\n<\/div>\n<\/div>\n\n\n\n<div class=\"wp-block-columns is-layout-flex wp-container-core-columns-is-layout-3 wp-block-columns-is-layout-flex\">\n<div class=\"wp-block-column is-layout-flow wp-block-column-is-layout-flow\">\n<div class=\"wp-block-media-text is-stacked-on-mobile\" style=\"grid-template-columns:15% auto\"><figure class=\"wp-block-media-text__media\"><img loading=\"lazy\" decoding=\"async\" width=\"34\" height=\"36\" src=\"https:\/\/projectes.xtec.cat\/aula-acollida\/wp-content\/uploads\/usu59\/2025\/08\/icona-imprimible.png\" alt=\"\" class=\"wp-image-9280 size-full\"\/><\/figure><div class=\"wp-block-media-text__content\">\n<div class=\"wp-block-getwid-advanced-heading\"><span class=\"wp-block-getwid-advanced-heading__content has-text-color has-white-color has-background has-ast-global-color-0-background-color\">Imprimible<\/span><\/div>\n<\/div><\/div>\n<\/div>\n\n\n\n<div class=\"wp-block-column is-layout-flow wp-block-column-is-layout-flow\">\n<div class=\"wp-block-media-text is-stacked-on-mobile\" style=\"grid-template-columns:15% auto\"><figure class=\"wp-block-media-text__media\"><img loading=\"lazy\" decoding=\"async\" width=\"34\" height=\"37\" src=\"https:\/\/projectes.xtec.cat\/aula-acollida\/wp-content\/uploads\/usu59\/2025\/08\/icona-pdf-2.png\" alt=\"\" class=\"wp-image-9279 size-full\"\/><\/figure><div class=\"wp-block-media-text__content\">\n<div class=\"wp-block-getwid-advanced-heading\"><span class=\"wp-block-getwid-advanced-heading__content has-text-color has-white-color has-background has-ast-global-color-0-background-color\">PDF<\/span><\/div>\n<\/div><\/div>\n<\/div>\n\n\n\n<div class=\"wp-block-column is-layout-flow wp-block-column-is-layout-flow\"><\/div>\n<\/div>\n\n\n\n<div class=\"wp-block-columns is-layout-flex wp-container-core-columns-is-layout-4 wp-block-columns-is-layout-flex\">\n<div class=\"wp-block-column is-layout-flow wp-block-column-is-layout-flow\">\n<div class=\"wp-block-media-text is-stacked-on-mobile\" style=\"grid-template-columns:15% auto\"><figure class=\"wp-block-media-text__media\"><img loading=\"lazy\" decoding=\"async\" width=\"1024\" height=\"1024\" src=\"https:\/\/projectes.xtec.cat\/aula-acollida\/wp-content\/uploads\/usu59\/2025\/09\/Publicacions-instagram-acollida2-1024x1024.png\" alt=\"\" class=\"wp-image-9769 size-full\" srcset=\"https:\/\/projectes.xtec.cat\/aula-acollida\/wp-content\/uploads\/usu59\/2025\/09\/Publicacions-instagram-acollida2-1024x1024.png 1024w, https:\/\/projectes.xtec.cat\/aula-acollida\/wp-content\/uploads\/usu59\/2025\/09\/Publicacions-instagram-acollida2-300x300.png 300w, https:\/\/projectes.xtec.cat\/aula-acollida\/wp-content\/uploads\/usu59\/2025\/09\/Publicacions-instagram-acollida2-150x150.png 150w, https:\/\/projectes.xtec.cat\/aula-acollida\/wp-content\/uploads\/usu59\/2025\/09\/Publicacions-instagram-acollida2-768x768.png 768w, https:\/\/projectes.xtec.cat\/aula-acollida\/wp-content\/uploads\/usu59\/2025\/09\/Publicacions-instagram-acollida2.png 1080w\" sizes=\"auto, (max-width: 1024px) 100vw, 1024px\" \/><\/figure><div class=\"wp-block-media-text__content\">\n<div class=\"wp-block-getwid-advanced-heading\"><span class=\"wp-block-getwid-advanced-heading__content has-background has-luminous-vivid-amber-background-color\">Jocs<\/span><\/div>\n<\/div><\/div>\n<\/div>\n\n\n\n<div class=\"wp-block-column is-layout-flow wp-block-column-is-layout-flow\">\n<div class=\"wp-block-media-text alignwide is-stacked-on-mobile is-vertically-aligned-center\" style=\"grid-template-columns:15% auto\"><figure class=\"wp-block-media-text__media\"><img loading=\"lazy\" decoding=\"async\" width=\"451\" height=\"468\" src=\"https:\/\/projectes.xtec.cat\/aula-acollida\/wp-content\/uploads\/usu59\/2025\/11\/MDC_AA-1.jpg\" alt=\"\" class=\"wp-image-10311 size-full\" srcset=\"https:\/\/projectes.xtec.cat\/aula-acollida\/wp-content\/uploads\/usu59\/2025\/11\/MDC_AA-1.jpg 451w, https:\/\/projectes.xtec.cat\/aula-acollida\/wp-content\/uploads\/usu59\/2025\/11\/MDC_AA-1-289x300.jpg 289w\" sizes=\"auto, (max-width: 451px) 100vw, 451px\" \/><\/figure><div class=\"wp-block-media-text__content\">\n<div class=\"wp-block-getwid-advanced-heading\"><span class=\"wp-block-getwid-advanced-heading__content has-text-color has-white-color has-background has-vivid-purple-background-color\">Col\u00b7lecci\u00f3 Aula d&#8217;Acollida<\/span><\/div>\n<\/div><\/div>\n<\/div>\n\n\n\n<div class=\"wp-block-column is-layout-flow wp-block-column-is-layout-flow\">\n<div class=\"wp-block-media-text is-stacked-on-mobile\" style=\"grid-template-columns:16% auto\"><figure class=\"wp-block-media-text__media\"><img loading=\"lazy\" decoding=\"async\" width=\"150\" height=\"115\" src=\"https:\/\/projectes.xtec.cat\/aula-acollida\/wp-content\/uploads\/usu59\/2025\/08\/icona-llibre-verd-e1754377327335.png\" alt=\"\" class=\"wp-image-9268 size-full\"\/><\/figure><div class=\"wp-block-media-text__content\">\n<div class=\"wp-block-getwid-advanced-heading\"><span class=\"wp-block-getwid-advanced-heading__content has-text-color has-white-color has-background has-ast-global-color-1-background-color\">Recurs en format f\u00edsic<\/span><\/div>\n<\/div><\/div>\n<\/div>\n<\/div>\n\n\n\n<div class=\"wp-block-columns is-layout-flex wp-container-core-columns-is-layout-5 wp-block-columns-is-layout-flex\">\n<div class=\"wp-block-column is-layout-flow wp-block-column-is-layout-flow\" style=\"flex-basis:33.33%\"><\/div>\n\n\n\n<div class=\"wp-block-column is-layout-flow wp-block-column-is-layout-flow\" style=\"flex-basis:66.66%\"><\/div>\n<\/div>\n\n\n\n<p>Els aparts en groc fan refer\u00e8ncia a propostes per treballar la llengua a partir de jocs i els apartats en verd fosc, a materials o recursos en format f\u00edsic que podeu trobar als centres educatius o al CRP. Els apartats marcats en color lila corresponen als contes de la col\u00b7lecci\u00f3 <em>Una m\u00e0 de contes<\/em> creats per a l&#8217;aula d&#8217;acollida.<\/p>\n\n\n\n<div class=\"wp-block-getwid-toggle has-icon-left\"><\/div>\n\n\n\n<p><\/p>\n","protected":false},"excerpt":{"rendered":"<p>En aquesta secci\u00f3 trobareu recursos relacionats amb els eixos tem\u00e0tics de la programaci\u00f3 de l&#8217;aula d&#8217;acollida. Al men\u00fa lateral podeu [&hellip;]<\/p>\n","protected":false},"author":1,"featured_media":0,"parent":0,"menu_order":0,"comment_status":"closed","ping_status":"close","template":"","meta":{"site-sidebar-layout":"left-sidebar","site-content-layout":"","ast-site-content-layout":"default","site-content-style":"default","site-sidebar-style":"default","ast-global-header-display":"","ast-banner-title-visibility":"","ast-main-header-display":"","ast-hfb-above-header-display":"","ast-hfb-below-header-display":"","ast-hfb-mobile-header-display":"","site-post-title":"disabled","ast-breadcrumbs-content":"","ast-featured-img":"","footer-sml-layout":"","theme-transparent-header-meta":"","adv-header-id-meta":"","stick-header-meta":"","header-above-stick-meta":"","header-main-stick-meta":"","header-below-stick-meta":"","astra-migrate-meta-layouts":"set","ast-page-background-enabled":"default","ast-page-background-meta":{"desktop":{"background-color":"var(--ast-global-color-4)","background-image":"","background-repeat":"repeat","background-position":"center center","background-size":"auto","background-attachment":"scroll","background-type":"","background-media":"","overlay-type":"","overlay-color":"","overlay-opacity":"","overlay-gradient":""},"tablet":{"background-color":"","background-image":"","background-repeat":"repeat","background-position":"center center","background-size":"auto","background-attachment":"scroll","background-type":"","background-media":"","overlay-type":"","overlay-color":"","overlay-opacity":"","overlay-gradient":""},"mobile":{"background-color":"","background-image":"","background-repeat":"repeat","background-position":"center center","background-size":"auto","background-attachment":"scroll","background-type":"","background-media":"","overlay-type":"","overlay-color":"","overlay-opacity":"","overlay-gradient":""}},"ast-content-background-meta":{"desktop":{"background-color":"var(--ast-global-color-5)","background-image":"","background-repeat":"repeat","background-position":"center center","background-size":"auto","background-attachment":"scroll","background-type":"","background-media":"","overlay-type":"","overlay-color":"","overlay-opacity":"","overlay-gradient":""},"tablet":{"background-color":"var(--ast-global-color-5)","background-image":"","background-repeat":"repeat","background-position":"center center","background-size":"auto","background-attachment":"scroll","background-type":"","background-media":"","overlay-type":"","overlay-color":"","overlay-opacity":"","overlay-gradient":""},"mobile":{"background-color":"var(--ast-global-color-5)","background-image":"","background-repeat":"repeat","background-position":"center center","background-size":"auto","background-attachment":"scroll","background-type":"","background-media":"","overlay-type":"","overlay-color":"","overlay-opacity":"","overlay-gradient":""}},"footnotes":""},"class_list":["post-8470","page","type-page","status-publish","hentry"],"post_mailing_queue_ids":[],"_links":{"self":[{"href":"https:\/\/projectes.xtec.cat\/aula-acollida\/wp-json\/wp\/v2\/pages\/8470","targetHints":{"allow":["GET"]}}],"collection":[{"href":"https:\/\/projectes.xtec.cat\/aula-acollida\/wp-json\/wp\/v2\/pages"}],"about":[{"href":"https:\/\/projectes.xtec.cat\/aula-acollida\/wp-json\/wp\/v2\/types\/page"}],"author":[{"embeddable":true,"href":"https:\/\/projectes.xtec.cat\/aula-acollida\/wp-json\/wp\/v2\/users\/1"}],"replies":[{"embeddable":true,"href":"https:\/\/projectes.xtec.cat\/aula-acollida\/wp-json\/wp\/v2\/comments?post=8470"}],"version-history":[{"count":6,"href":"https:\/\/projectes.xtec.cat\/aula-acollida\/wp-json\/wp\/v2\/pages\/8470\/revisions"}],"predecessor-version":[{"id":10326,"href":"https:\/\/projectes.xtec.cat\/aula-acollida\/wp-json\/wp\/v2\/pages\/8470\/revisions\/10326"}],"wp:attachment":[{"href":"https:\/\/projectes.xtec.cat\/aula-acollida\/wp-json\/wp\/v2\/media?parent=8470"}],"curies":[{"name":"wp","href":"https:\/\/api.w.org\/{rel}","templated":true}]}}