{"id":9562,"date":"2025-09-10T08:41:44","date_gmt":"2025-09-10T06:41:44","guid":{"rendered":"https:\/\/projectes.xtec.cat\/aula-acollida\/?page_id=9562"},"modified":"2026-02-11T09:34:04","modified_gmt":"2026-02-11T08:34:04","slug":"orientacions-per-a-la-gestio-i-lorganitzacio-de-laula-dacollida","status":"publish","type":"page","link":"https:\/\/projectes.xtec.cat\/aula-acollida\/documents\/orientacions-per-a-la-gestio-i-lorganitzacio-de-laula-dacollida\/","title":{"rendered":"Orientacions per a la gesti\u00f3 i l&#8217;organitzaci\u00f3 de l&#8217;aula d&#8217;acollida"},"content":{"rendered":"\n<div data-wp-interactive=\"core\/file\" class=\"wp-block-file\"><object data-wp-bind--hidden=\"!state.hasPdfPreview\" hidden class=\"wp-block-file__embed\" data=\"https:\/\/projectes.xtec.cat\/aula-acollida\/wp-content\/uploads\/usu59\/2026\/02\/Aules-dacollida.-Orientacions-per-a-la-gestio-i-lorganitzacio-Setembre-2025.pdf\" type=\"application\/pdf\" style=\"width:100%;height:600px\" aria-label=\"Incrustaci\u00f3 del fitxer Aules d&#039;acollida. Orientacions per a la gesti\u00f3 i l&#039;organitzaci\u00f3 (Setembre 2025).\"><\/object><a id=\"wp-block-file--media-9a8962b3-53d6-45fb-9207-e6fe59253b4f\" href=\"https:\/\/projectes.xtec.cat\/aula-acollida\/wp-content\/uploads\/usu59\/2026\/02\/Aules-dacollida.-Orientacions-per-a-la-gestio-i-lorganitzacio-Setembre-2025.pdf\">Aules d&#8217;acollida. Orientacions per a la gesti\u00f3 i l&#8217;organitzaci\u00f3 (Setembre 2025)<\/a><a href=\"https:\/\/projectes.xtec.cat\/aula-acollida\/wp-content\/uploads\/usu59\/2026\/02\/Aules-dacollida.-Orientacions-per-a-la-gestio-i-lorganitzacio-Setembre-2025.pdf\" class=\"wp-block-file__button wp-element-button\" download aria-describedby=\"wp-block-file--media-9a8962b3-53d6-45fb-9207-e6fe59253b4f\">Baixa<\/a><\/div>\n\n\n\n<p>Setembre 2025<\/p>\n","protected":false},"excerpt":{"rendered":"<p>Setembre 2025<\/p>\n","protected":false},"author":1,"featured_media":0,"parent":8308,"menu_order":1,"comment_status":"closed","ping_status":"closed","template":"","meta":{"site-sidebar-layout":"default","site-content-layout":"","ast-site-content-layout":"default","site-content-style":"default","site-sidebar-style":"default","ast-global-header-display":"","ast-banner-title-visibility":"","ast-main-header-display":"","ast-hfb-above-header-display":"","ast-hfb-below-header-display":"","ast-hfb-mobile-header-display":"","site-post-title":"","ast-breadcrumbs-content":"","ast-featured-img":"","footer-sml-layout":"","theme-transparent-header-meta":"","adv-header-id-meta":"","stick-header-meta":"","header-above-stick-meta":"","header-main-stick-meta":"","header-below-stick-meta":"","astra-migrate-meta-layouts":"set","ast-page-background-enabled":"default","ast-page-background-meta":{"desktop":{"background-color":"var(--ast-global-color-4)","background-image":"","background-repeat":"repeat","background-position":"center center","background-size":"auto","background-attachment":"scroll","background-type":"","background-media":"","overlay-type":"","overlay-color":"","overlay-opacity":"","overlay-gradient":""},"tablet":{"background-color":"","background-image":"","background-repeat":"repeat","background-position":"center center","background-size":"auto","background-attachment":"scroll","background-type":"","background-media":"","overlay-type":"","overlay-color":"","overlay-opacity":"","overlay-gradient":""},"mobile":{"background-color":"","background-image":"","background-repeat":"repeat","background-position":"center center","background-size":"auto","background-attachment":"scroll","background-type":"","background-media":"","overlay-type":"","overlay-color":"","overlay-opacity":"","overlay-gradient":""}},"ast-content-background-meta":{"desktop":{"background-color":"var(--ast-global-color-5)","background-image":"","background-repeat":"repeat","background-position":"center center","background-size":"auto","background-attachment":"scroll","background-type":"","background-media":"","overlay-type":"","overlay-color":"","overlay-opacity":"","overlay-gradient":""},"tablet":{"background-color":"var(--ast-global-color-5)","background-image":"","background-repeat":"repeat","background-position":"center center","background-size":"auto","background-attachment":"scroll","background-type":"","background-media":"","overlay-type":"","overlay-color":"","overlay-opacity":"","overlay-gradient":""},"mobile":{"background-color":"var(--ast-global-color-5)","background-image":"","background-repeat":"repeat","background-position":"center center","background-size":"auto","background-attachment":"scroll","background-type":"","background-media":"","overlay-type":"","overlay-color":"","overlay-opacity":"","overlay-gradient":""}},"footnotes":""},"class_list":["post-9562","page","type-page","status-publish","hentry"],"post_mailing_queue_ids":[],"_links":{"self":[{"href":"https:\/\/projectes.xtec.cat\/aula-acollida\/wp-json\/wp\/v2\/pages\/9562","targetHints":{"allow":["GET"]}}],"collection":[{"href":"https:\/\/projectes.xtec.cat\/aula-acollida\/wp-json\/wp\/v2\/pages"}],"about":[{"href":"https:\/\/projectes.xtec.cat\/aula-acollida\/wp-json\/wp\/v2\/types\/page"}],"author":[{"embeddable":true,"href":"https:\/\/projectes.xtec.cat\/aula-acollida\/wp-json\/wp\/v2\/users\/1"}],"replies":[{"embeddable":true,"href":"https:\/\/projectes.xtec.cat\/aula-acollida\/wp-json\/wp\/v2\/comments?post=9562"}],"version-history":[{"count":3,"href":"https:\/\/projectes.xtec.cat\/aula-acollida\/wp-json\/wp\/v2\/pages\/9562\/revisions"}],"predecessor-version":[{"id":10466,"href":"https:\/\/projectes.xtec.cat\/aula-acollida\/wp-json\/wp\/v2\/pages\/9562\/revisions\/10466"}],"up":[{"embeddable":true,"href":"https:\/\/projectes.xtec.cat\/aula-acollida\/wp-json\/wp\/v2\/pages\/8308"}],"wp:attachment":[{"href":"https:\/\/projectes.xtec.cat\/aula-acollida\/wp-json\/wp\/v2\/media?parent=9562"}],"curies":[{"name":"wp","href":"https:\/\/api.w.org\/{rel}","templated":true}]}}