{"id":9564,"date":"2025-09-10T08:47:04","date_gmt":"2025-09-10T06:47:04","guid":{"rendered":"https:\/\/projectes.xtec.cat\/aula-acollida\/?page_id=9564"},"modified":"2025-11-12T15:36:27","modified_gmt":"2025-11-12T14:36:27","slug":"marc-europeu-comu-de-referencia","status":"publish","type":"page","link":"https:\/\/projectes.xtec.cat\/aula-acollida\/documents\/marc-europeu-comu-de-referencia\/","title":{"rendered":"Marc Europeu Com\u00fa de Refer\u00e8ncia"},"content":{"rendered":"\n<figure class=\"wp-block-image aligncenter size-full is-resized\"><a href=\"https:\/\/llengua.gencat.cat\/ca\/serveis\/informacio_i_difusio\/publicacions_en_linia\/classific_temes\/temes_materials_didactics\/marc_europeu_de_referencia_per_a_les_llengues\"><img loading=\"lazy\" decoding=\"async\" width=\"133\" height=\"180\" src=\"https:\/\/projectes.xtec.cat\/aula-acollida\/wp-content\/uploads\/usu59\/2024\/12\/mecr_portada.jpg\" alt=\"\" class=\"wp-image-8457\" style=\"width:180px;height:auto\"\/><\/a><\/figure>\n\n\n\n<p><a href=\"http:\/\/ADCL - Did\u00e0ctica del catal\u00e0 com a segona llengua per a l'alumnat nouvingut\">Enlla\u00e7<\/a> a materials de l&#8217;Ateneu del Curs: Did\u00e0ctica del catal\u00e0 com a segona llengua per a l&#8217;alumnat nouvingut.<\/p>\n\n\n\n<p>La\u00a0<a href=\"https:\/\/projectes.xtec.cat\/acollidasuport\/portada\/marc-europeu-comu-de-referencia-volume-companion-del-mecr\/\">darrera actualitzaci\u00f3 del MECR<\/a>\u00a0amplia el conjunt de descriptors a partir de noves escales il\u00b7lustratives en qu\u00e8 es proporcionen explicacions m\u00e9s completes de cadascun dels nivells i s\u2019estableix un set\u00e8 nivell anomenat\u00a0<strong>pre-A1<\/strong>, que ajudaria a establir, per exemple, objectius m\u00e9s assolibles per a l\u2019alumnat nouvingut que comen\u00e7a a aprendre una nova llengua.<\/p>\n\n\n\n<p><\/p>\n","protected":false},"excerpt":{"rendered":"<p>Enlla\u00e7 a materials de l&#8217;Ateneu del Curs: Did\u00e0ctica del catal\u00e0 com a segona llengua per a l&#8217;alumnat nouvingut. La\u00a0darrera actualitzaci\u00f3 [&hellip;]<\/p>\n","protected":false},"author":1,"featured_media":0,"parent":8308,"menu_order":6,"comment_status":"closed","ping_status":"closed","template":"","meta":{"site-sidebar-layout":"default","site-content-layout":"","ast-site-content-layout":"default","site-content-style":"default","site-sidebar-style":"default","ast-global-header-display":"","ast-banner-title-visibility":"","ast-main-header-display":"","ast-hfb-above-header-display":"","ast-hfb-below-header-display":"","ast-hfb-mobile-header-display":"","site-post-title":"","ast-breadcrumbs-content":"","ast-featured-img":"","footer-sml-layout":"","theme-transparent-header-meta":"","adv-header-id-meta":"","stick-header-meta":"","header-above-stick-meta":"","header-main-stick-meta":"","header-below-stick-meta":"","astra-migrate-meta-layouts":"set","ast-page-background-enabled":"default","ast-page-background-meta":{"desktop":{"background-color":"var(--ast-global-color-4)","background-image":"","background-repeat":"repeat","background-position":"center center","background-size":"auto","background-attachment":"scroll","background-type":"","background-media":"","overlay-type":"","overlay-color":"","overlay-opacity":"","overlay-gradient":""},"tablet":{"background-color":"","background-image":"","background-repeat":"repeat","background-position":"center center","background-size":"auto","background-attachment":"scroll","background-type":"","background-media":"","overlay-type":"","overlay-color":"","overlay-opacity":"","overlay-gradient":""},"mobile":{"background-color":"","background-image":"","background-repeat":"repeat","background-position":"center center","background-size":"auto","background-attachment":"scroll","background-type":"","background-media":"","overlay-type":"","overlay-color":"","overlay-opacity":"","overlay-gradient":""}},"ast-content-background-meta":{"desktop":{"background-color":"var(--ast-global-color-5)","background-image":"","background-repeat":"repeat","background-position":"center center","background-size":"auto","background-attachment":"scroll","background-type":"","background-media":"","overlay-type":"","overlay-color":"","overlay-opacity":"","overlay-gradient":""},"tablet":{"background-color":"var(--ast-global-color-5)","background-image":"","background-repeat":"repeat","background-position":"center center","background-size":"auto","background-attachment":"scroll","background-type":"","background-media":"","overlay-type":"","overlay-color":"","overlay-opacity":"","overlay-gradient":""},"mobile":{"background-color":"var(--ast-global-color-5)","background-image":"","background-repeat":"repeat","background-position":"center center","background-size":"auto","background-attachment":"scroll","background-type":"","background-media":"","overlay-type":"","overlay-color":"","overlay-opacity":"","overlay-gradient":""}},"footnotes":""},"class_list":["post-9564","page","type-page","status-publish","hentry"],"post_mailing_queue_ids":[],"_links":{"self":[{"href":"https:\/\/projectes.xtec.cat\/aula-acollida\/wp-json\/wp\/v2\/pages\/9564","targetHints":{"allow":["GET"]}}],"collection":[{"href":"https:\/\/projectes.xtec.cat\/aula-acollida\/wp-json\/wp\/v2\/pages"}],"about":[{"href":"https:\/\/projectes.xtec.cat\/aula-acollida\/wp-json\/wp\/v2\/types\/page"}],"author":[{"embeddable":true,"href":"https:\/\/projectes.xtec.cat\/aula-acollida\/wp-json\/wp\/v2\/users\/1"}],"replies":[{"embeddable":true,"href":"https:\/\/projectes.xtec.cat\/aula-acollida\/wp-json\/wp\/v2\/comments?post=9564"}],"version-history":[{"count":1,"href":"https:\/\/projectes.xtec.cat\/aula-acollida\/wp-json\/wp\/v2\/pages\/9564\/revisions"}],"predecessor-version":[{"id":9566,"href":"https:\/\/projectes.xtec.cat\/aula-acollida\/wp-json\/wp\/v2\/pages\/9564\/revisions\/9566"}],"up":[{"embeddable":true,"href":"https:\/\/projectes.xtec.cat\/aula-acollida\/wp-json\/wp\/v2\/pages\/8308"}],"wp:attachment":[{"href":"https:\/\/projectes.xtec.cat\/aula-acollida\/wp-json\/wp\/v2\/media?parent=9564"}],"curies":[{"name":"wp","href":"https:\/\/api.w.org\/{rel}","templated":true}]}}