{"id":9623,"date":"2025-09-10T13:01:14","date_gmt":"2025-09-10T11:01:14","guid":{"rendered":"https:\/\/projectes.xtec.cat\/aula-acollida\/?page_id=9623"},"modified":"2025-11-10T14:21:27","modified_gmt":"2025-11-10T13:21:27","slug":"ramada","status":"publish","type":"page","link":"https:\/\/projectes.xtec.cat\/aula-acollida\/festes-i-tradicions\/ramada\/","title":{"rendered":"Ramad\u00e0"},"content":{"rendered":"\n<div class=\"wp-block-group is-layout-constrained wp-block-group-is-layout-constrained\">\n<div class=\"wp-block-getwid-advanced-heading\"><span class=\"wp-block-getwid-advanced-heading__content has-text-color has-white-color has-background has-ast-global-color-0-background-color\" style=\"text-align:left\"><strong>InfoK<\/strong>. Ramad\u00e0<\/span><\/div>\n\n\n\n<div class=\"wp-block-group is-layout-constrained wp-block-group-is-layout-constrained\">\n<div class=\"wp-block-columns is-layout-flex wp-container-core-columns-is-layout-1 wp-block-columns-is-layout-flex\" style=\"margin-top:0;margin-bottom:0;padding-top:var(--wp--preset--spacing--30);padding-bottom:var(--wp--preset--spacing--30)\">\n<div class=\"wp-block-column is-layout-flow wp-block-column-is-layout-flow\">\n<iframe loading=\"lazy\" src=\"https:\/\/www.3cat.cat\/video\/embed\/sx3\/6331760\/\" allowfullscreen scrolling=\"no\" frameborder=\"0\" width=\"500px\" height=\"281px\"><\/iframe>\n<\/div>\n\n\n\n<div class=\"wp-block-column is-layout-flow wp-block-column-is-layout-flow\">\n<p class=\"has-black-color has-text-color has-link-color has-medium-font-size wp-elements-1b146c141990b2f878ef55835da07f3c\"><a href=\"https:\/\/www.3cat.cat\/tv3\/sx3\/que-es-el-ramada\/video\/6331760\/\">01. Qu\u00e8 \u00e9s el ramad\u00e0? (2025)<\/a><\/p>\n\n\n\n<details class=\"wp-block-details has-ast-global-color-0-color has-text-color has-link-color has-medium-font-size wp-elements-212a42e4ea96901dc995f68e43301e08 is-layout-flow wp-block-details-is-layout-flow\"><summary>Descripci\u00f3<\/summary>\n<p class=\"has-black-color has-text-color has-link-color has-small-font-size wp-elements-b0a0075098bf9d454c41e776233379d2\">En aquest<a href=\"https:\/\/www.3cat.cat\/tv3\/sx3\/que-es-el-ramada\/video\/6331760\/\"> v\u00eddeo <\/a>parlen del ramad\u00e0, la celebraci\u00f3 m\u00e9s important per a les persones de religi\u00f3 musulmana. A Catalunya hi ha mig mili\u00f3 de persones d&#8217;aquesta religi\u00f3 que des de fa tres setmanes l&#8217;estan fent i encara queden els dies finals.Per\u00f2, qu\u00e8 \u00e9s exactament? I, sobretot, per qu\u00e8 es fa?<\/p>\n\n\n\n<p class=\"has-black-color has-text-color has-link-color has-small-font-size wp-elements-bf8020c836a5ebe0c2ef0eb1c49e61f5\"><\/p>\n<\/details>\n\n\n\n<details class=\"wp-block-details has-ast-global-color-0-color has-text-color has-link-color has-medium-font-size wp-elements-0281ce07a8ecb861843cf49e0a52cdf7 is-layout-flow wp-block-details-is-layout-flow\"><summary>Habilitat ling\u00fc\u00edstica \/ Nivell MERC \/ Etapa educativa <\/summary>\n<p class=\"has-black-color has-text-color has-link-color has-small-font-size wp-elements-b936815f392cd1a371603f135d06aafe\">Comprensi\u00f3 Oral<\/p>\n\n\n\n<p class=\"has-black-color has-text-color has-link-color has-small-font-size wp-elements-d356531642ad55e040c6eb5db5158636\">Nivell<\/p>\n\n\n\n<p class=\"has-black-color has-text-color has-link-color has-small-font-size wp-elements-4b76d808cb1df8758cb5ff1ea34c1c23\">Prim\u00e0ria i Secund\u00e0ria<\/p>\n<\/details>\n\n\n\n<div class=\"wp-block-getwid-icon-box has-icon-left has-text-left\"><div class=\"wp-block-getwid-icon-box__icon-container is-position-middle\"><div class=\"wp-block-getwid-icon-box__icon-wrapper has-text-color has-ast-global-color-0-color\" style=\"font-size:30px\"><i class=\"fas fa-video\"><\/i><\/div><\/div><div class=\"wp-block-getwid-icon-box__content\">\n<h3 class=\"wp-block-heading has-ast-global-color-0-color has-text-color has-link-color has-small-font-size wp-elements-7d3045fcc8aa81a132ebe7d40b0ef5b6\"><\/h3>\n<\/div><\/div>\n<\/div>\n<\/div>\n\n\n\n<div class=\"wp-block-columns is-layout-flex wp-container-core-columns-is-layout-2 wp-block-columns-is-layout-flex\" style=\"margin-top:0;margin-bottom:0;padding-top:var(--wp--preset--spacing--30);padding-bottom:var(--wp--preset--spacing--30)\">\n<div class=\"wp-block-column is-layout-flow wp-block-column-is-layout-flow\">\n<iframe loading=\"lazy\" src=\"https:\/\/www.3cat.cat\/video\/embed\/sx3\/6095039\/\" allowfullscreen scrolling=\"no\" frameborder=\"0\" width=\"500px\" height=\"281px\"><\/iframe>\n<\/div>\n\n\n\n<div class=\"wp-block-column is-layout-flow wp-block-column-is-layout-flow\">\n<p class=\"has-black-color has-text-color has-link-color has-medium-font-size wp-elements-0794adde5079c01276c61fdbb5d10270\">02. <a href=\"https:\/\/www.3cat.cat\/tv3\/sx3\/la-zeinab-ens-explica-com-celebra-el-ramada\/video\/6095039\/\">La Zeinab ens explica com celebra el ramad\u00e0<\/a> (2021)<\/p>\n\n\n\n<details class=\"wp-block-details has-ast-global-color-0-color has-text-color has-link-color has-medium-font-size wp-elements-f2660e2cf60cae42505c121ed1dc0b18 is-layout-flow wp-block-details-is-layout-flow\"><summary>Descripci\u00f3<\/summary>\n<p class=\"has-black-color has-text-color has-link-color has-small-font-size wp-elements-155981a94b93515e3731f668f9ad2802\">En aquest <a href=\"https:\/\/www.3cat.cat\/tv3\/sx3\/la-zeinab-ens-explica-com-celebra-el-ramada\/video\/6095039\/\">v\u00eddeo<\/a> la Zeinab que t\u00e9 12 ens explica que \u00e9s el ramad\u00e0. A part de ser un v\u00eddeo descriptiu pot servir de modelatge per fer activitats de presentaci\u00f3 d&#8217;un mateix i de tradicions dels pa\u00efsos d&#8217;origen. <\/p>\n\n\n\n<p class=\"has-black-color has-text-color has-link-color has-small-font-size wp-elements-bf8020c836a5ebe0c2ef0eb1c49e61f5\"><\/p>\n<\/details>\n\n\n\n<details class=\"wp-block-details has-ast-global-color-0-color has-text-color has-link-color has-medium-font-size wp-elements-0281ce07a8ecb861843cf49e0a52cdf7 is-layout-flow wp-block-details-is-layout-flow\"><summary>Habilitat ling\u00fc\u00edstica \/ Nivell MERC \/ Etapa educativa <\/summary>\n<p class=\"has-black-color has-text-color has-link-color has-small-font-size wp-elements-b936815f392cd1a371603f135d06aafe\">Comprensi\u00f3 Oral<\/p>\n\n\n\n<p class=\"has-black-color has-text-color has-link-color has-small-font-size wp-elements-d356531642ad55e040c6eb5db5158636\">Nivell<\/p>\n\n\n\n<p class=\"has-black-color has-text-color has-link-color has-small-font-size wp-elements-4b76d808cb1df8758cb5ff1ea34c1c23\">Prim\u00e0ria i Secund\u00e0ria<\/p>\n<\/details>\n\n\n\n<div class=\"wp-block-getwid-icon-box has-icon-left has-text-left\"><div class=\"wp-block-getwid-icon-box__icon-container is-position-middle\"><div class=\"wp-block-getwid-icon-box__icon-wrapper has-text-color has-ast-global-color-0-color\" style=\"font-size:30px\"><i class=\"fas fa-video\"><\/i><\/div><\/div><div class=\"wp-block-getwid-icon-box__content\">\n<h3 class=\"wp-block-heading has-ast-global-color-0-color has-text-color has-link-color has-small-font-size wp-elements-7d3045fcc8aa81a132ebe7d40b0ef5b6\"><\/h3>\n<\/div><\/div>\n<\/div>\n<\/div>\n\n\n\n<div class=\"wp-block-columns is-layout-flex wp-container-core-columns-is-layout-3 wp-block-columns-is-layout-flex\" style=\"margin-top:0;margin-bottom:0;padding-top:var(--wp--preset--spacing--30);padding-bottom:var(--wp--preset--spacing--30)\">\n<div class=\"wp-block-column is-layout-flow wp-block-column-is-layout-flow\">\n<iframe loading=\"lazy\" src=\"https:\/\/www.3cat.cat\/video\/embed\/sx3\/5766572\/\" allowfullscreen scrolling=\"no\" frameborder=\"0\" width=\"500px\" height=\"281px\"><\/iframe>\n<\/div>\n\n\n\n<div class=\"wp-block-column is-layout-flow wp-block-column-is-layout-flow\">\n<p class=\"has-black-color has-text-color has-link-color has-medium-font-size wp-elements-25906df458ee90ff0ef2329dd8f80897\">03. Ha comen\u00e7at el ramad\u00e0 (2018)<\/p>\n\n\n\n<details class=\"wp-block-details has-ast-global-color-0-color has-text-color has-link-color has-medium-font-size wp-elements-29520f98003ea2b94b223aec7e34bfb5 is-layout-flow wp-block-details-is-layout-flow\"><summary>Descripci\u00f3<\/summary>\n<p class=\"has-black-color has-text-color has-link-color has-small-font-size wp-elements-b0d075f93fb0a78ede637c05c5beb9d9\">Els nens de l&#8217;escola Mare de Deu de Montserrat de Terrassa ens expliquen qu\u00e8 \u00e9s i com el celebren.<\/p>\n\n\n\n<p class=\"has-black-color has-text-color has-link-color has-small-font-size wp-elements-bf8020c836a5ebe0c2ef0eb1c49e61f5\"><\/p>\n<\/details>\n\n\n\n<details class=\"wp-block-details has-ast-global-color-0-color has-text-color has-link-color has-medium-font-size wp-elements-0281ce07a8ecb861843cf49e0a52cdf7 is-layout-flow wp-block-details-is-layout-flow\"><summary>Habilitat ling\u00fc\u00edstica \/ Nivell MERC \/ Etapa educativa <\/summary>\n<p class=\"has-black-color has-text-color has-link-color has-small-font-size wp-elements-b936815f392cd1a371603f135d06aafe\">Comprensi\u00f3 Oral<\/p>\n\n\n\n<p class=\"has-black-color has-text-color has-link-color has-small-font-size wp-elements-d356531642ad55e040c6eb5db5158636\">Nivell<\/p>\n\n\n\n<p class=\"has-black-color has-text-color has-link-color has-small-font-size wp-elements-4b76d808cb1df8758cb5ff1ea34c1c23\">Prim\u00e0ria i Secund\u00e0ria<\/p>\n<\/details>\n\n\n\n<div class=\"wp-block-getwid-icon-box has-icon-left has-text-left\"><div class=\"wp-block-getwid-icon-box__icon-container is-position-middle\"><div class=\"wp-block-getwid-icon-box__icon-wrapper has-text-color has-ast-global-color-0-color\" style=\"font-size:30px\"><i class=\"fas fa-video\"><\/i><\/div><\/div><div class=\"wp-block-getwid-icon-box__content\">\n<h3 class=\"wp-block-heading has-ast-global-color-0-color has-text-color has-link-color has-small-font-size wp-elements-7d3045fcc8aa81a132ebe7d40b0ef5b6\"><\/h3>\n<\/div><\/div>\n<\/div>\n<\/div>\n<\/div>\n<\/div>\n","protected":false},"excerpt":{"rendered":"<p>01. Qu\u00e8 \u00e9s el ramad\u00e0? (2025) 02. La Zeinab ens explica com celebra el ramad\u00e0 (2021) 03. Ha comen\u00e7at el [&hellip;]<\/p>\n","protected":false},"author":1,"featured_media":0,"parent":8482,"menu_order":7,"comment_status":"closed","ping_status":"closed","template":"","meta":{"site-sidebar-layout":"default","site-content-layout":"","ast-site-content-layout":"default","site-content-style":"default","site-sidebar-style":"default","ast-global-header-display":"","ast-banner-title-visibility":"","ast-main-header-display":"","ast-hfb-above-header-display":"","ast-hfb-below-header-display":"","ast-hfb-mobile-header-display":"","site-post-title":"","ast-breadcrumbs-content":"","ast-featured-img":"","footer-sml-layout":"","theme-transparent-header-meta":"","adv-header-id-meta":"","stick-header-meta":"","header-above-stick-meta":"","header-main-stick-meta":"","header-below-stick-meta":"","astra-migrate-meta-layouts":"set","ast-page-background-enabled":"default","ast-page-background-meta":{"desktop":{"background-color":"var(--ast-global-color-4)","background-image":"","background-repeat":"repeat","background-position":"center center","background-size":"auto","background-attachment":"scroll","background-type":"","background-media":"","overlay-type":"","overlay-color":"","overlay-opacity":"","overlay-gradient":""},"tablet":{"background-color":"","background-image":"","background-repeat":"repeat","background-position":"center center","background-size":"auto","background-attachment":"scroll","background-type":"","background-media":"","overlay-type":"","overlay-color":"","overlay-opacity":"","overlay-gradient":""},"mobile":{"background-color":"","background-image":"","background-repeat":"repeat","background-position":"center center","background-size":"auto","background-attachment":"scroll","background-type":"","background-media":"","overlay-type":"","overlay-color":"","overlay-opacity":"","overlay-gradient":""}},"ast-content-background-meta":{"desktop":{"background-color":"var(--ast-global-color-5)","background-image":"","background-repeat":"repeat","background-position":"center center","background-size":"auto","background-attachment":"scroll","background-type":"","background-media":"","overlay-type":"","overlay-color":"","overlay-opacity":"","overlay-gradient":""},"tablet":{"background-color":"var(--ast-global-color-5)","background-image":"","background-repeat":"repeat","background-position":"center center","background-size":"auto","background-attachment":"scroll","background-type":"","background-media":"","overlay-type":"","overlay-color":"","overlay-opacity":"","overlay-gradient":""},"mobile":{"background-color":"var(--ast-global-color-5)","background-image":"","background-repeat":"repeat","background-position":"center center","background-size":"auto","background-attachment":"scroll","background-type":"","background-media":"","overlay-type":"","overlay-color":"","overlay-opacity":"","overlay-gradient":""}},"footnotes":""},"class_list":["post-9623","page","type-page","status-publish","hentry"],"post_mailing_queue_ids":[],"_links":{"self":[{"href":"https:\/\/projectes.xtec.cat\/aula-acollida\/wp-json\/wp\/v2\/pages\/9623","targetHints":{"allow":["GET"]}}],"collection":[{"href":"https:\/\/projectes.xtec.cat\/aula-acollida\/wp-json\/wp\/v2\/pages"}],"about":[{"href":"https:\/\/projectes.xtec.cat\/aula-acollida\/wp-json\/wp\/v2\/types\/page"}],"author":[{"embeddable":true,"href":"https:\/\/projectes.xtec.cat\/aula-acollida\/wp-json\/wp\/v2\/users\/1"}],"replies":[{"embeddable":true,"href":"https:\/\/projectes.xtec.cat\/aula-acollida\/wp-json\/wp\/v2\/comments?post=9623"}],"version-history":[{"count":6,"href":"https:\/\/projectes.xtec.cat\/aula-acollida\/wp-json\/wp\/v2\/pages\/9623\/revisions"}],"predecessor-version":[{"id":10222,"href":"https:\/\/projectes.xtec.cat\/aula-acollida\/wp-json\/wp\/v2\/pages\/9623\/revisions\/10222"}],"up":[{"embeddable":true,"href":"https:\/\/projectes.xtec.cat\/aula-acollida\/wp-json\/wp\/v2\/pages\/8482"}],"wp:attachment":[{"href":"https:\/\/projectes.xtec.cat\/aula-acollida\/wp-json\/wp\/v2\/media?parent=9623"}],"curies":[{"name":"wp","href":"https:\/\/api.w.org\/{rel}","templated":true}]}}