{"id":9630,"date":"2025-09-10T13:03:53","date_gmt":"2025-09-10T11:03:53","guid":{"rendered":"https:\/\/projectes.xtec.cat\/aula-acollida\/?page_id=9630"},"modified":"2025-09-29T14:55:14","modified_gmt":"2025-09-29T12:55:14","slug":"sant-joan","status":"publish","type":"page","link":"https:\/\/projectes.xtec.cat\/aula-acollida\/festes-i-tradicions\/sant-joan\/","title":{"rendered":"Sant Joan"},"content":{"rendered":"\n<div class=\"wp-block-group wp-embed-aspect-16-9 wp-has-aspect-ratio is-layout-constrained wp-block-group-is-layout-constrained\" style=\"margin-top:0;margin-right:0;margin-bottom:0;margin-left:0\">\n<div class=\"wp-block-getwid-advanced-heading\"><span class=\"wp-block-getwid-advanced-heading__content has-text-color has-white-color has-background has-ast-global-color-0-background-color\" style=\"text-align:left\"><strong>4 cats. <\/strong>Sant Joan<\/span><\/div>\n\n\n\n<div class=\"wp-block-columns is-layout-flex wp-container-core-columns-is-layout-1 wp-block-columns-is-layout-flex\" style=\"margin-top:0;margin-bottom:0;padding-top:var(--wp--preset--spacing--30);padding-bottom:var(--wp--preset--spacing--30)\">\n<div class=\"wp-block-column is-layout-flow wp-block-column-is-layout-flow\">\n<figure class=\"wp-block-embed is-type-video is-provider-youtube wp-block-embed-youtube wp-embed-aspect-16-9 wp-has-aspect-ratio\"><div class=\"wp-block-embed__wrapper\">\n<div class=\"ast-oembed-container \" style=\"height: 100%;\"><iframe loading=\"lazy\" title=\"4 cats - Sant Joan\" width=\"500\" height=\"281\" src=\"https:\/\/www.youtube.com\/embed\/IC8JLxkez8A?feature=oembed\" frameborder=\"0\" allow=\"accelerometer; autoplay; clipboard-write; encrypted-media; gyroscope; picture-in-picture; web-share\" referrerpolicy=\"strict-origin-when-cross-origin\" allowfullscreen><\/iframe><\/div>\n<\/div><\/figure>\n<\/div>\n\n\n\n<div class=\"wp-block-column is-layout-flow wp-block-column-is-layout-flow\">\n<p class=\"has-black-color has-text-color has-link-color has-medium-font-size wp-elements-22665440f0e965cddcd8cca7d58a60ed\">4 cats &#8211; Sant Joan<\/p>\n\n\n\n<details class=\"wp-block-details has-ast-global-color-0-color has-text-color has-link-color has-medium-font-size wp-elements-3841a452b17e4f36f19eecdcc9e79ad4 is-layout-flow wp-block-details-is-layout-flow\"><summary>Descripci\u00f3<\/summary>\n<p class=\"has-black-color has-text-color has-link-color has-small-font-size wp-elements-cf423be9c437834b097df787b83599cc\"><strong><a href=\"https:\/\/www.youtube.com\/watch?v=IC8JLxkez8A\" target=\"_blank\" rel=\"noreferrer noopener\">V\u00eddeos<\/a><\/strong> per aprendre catal\u00e0: 4 cats<br>L&#8217;Institut Ramon Llull ofereix 20 cap\u00edtols d&#8217;una s\u00e8rie amb cinc personatges diferents que parlen catal\u00e0 amb accents diversos. 4 cats \u00e9s un material divertit i \u00fatil per millorar el vocabulari, la comprensi\u00f3 oral i les expressions en llengua catalana.<br>Es poden veure tots els cap\u00edtols per ordre cronol\u00f2gic, per\u00f2 tamb\u00e9 es poden classificar per grau de dificultat (nivell baix, mitj\u00e0 i alt). A<strong><a href=\"https:\/\/4cats.llull.cat\/4cats\/detall.cfm\/CAPITOL\/19\/ID\/27380\/CAT\/sant-joan.html\" target=\"_blank\" rel=\"noreferrer noopener\"> la p\u00e0gina web 4 cats<\/a><\/strong> tamb\u00e9 hi trobareu la transcripci\u00f3 de les converses, una explicaci\u00f3 sobre el context socioling\u00fc\u00edstic, l&#8217;explicaci\u00f3 d&#8217;algun aspecte gramatical i el significat de paraules i expressions dif\u00edcils.<\/p>\n\n\n\n<p class=\"has-black-color has-text-color has-link-color has-small-font-size wp-elements-eb6c0cac8eb17f28af539244bf850e5e\">El <strong><a href=\"https:\/\/www.youtube.com\/watch?v=IC8JLxkez8A\" target=\"_blank\" rel=\"noreferrer noopener\">v\u00eddeo <\/a><\/strong>reprodueix una conversa entre companys de pis sobre les celebracions tradicionals de cada lloc d&#8217;origen per Sant Joan. Les estructures ling\u00fc\u00edstiques permeten introduir el mode subjuntiu per parlar de desitjos o accions possibles. Tamb\u00e9 hi apareix l\u00e8xic com<em> petard, monyo, process\u00f3, aglomeraci\u00f3<\/em>\u2026<br>Al final del v\u00eddeo hi ha una explicaci\u00f3 de les festes tradicionals catalanes on hi ha pres\u00e8ncia de de foc (<em>Sant Joan, correfocs per les festes majors, Patum de Berga<\/em>, etc.)<br>Les persones que es presenten tenen accents de diferents parts del m\u00f3n i parlen en dialectes central i occidental.<\/p>\n\n\n\n<p class=\"has-black-color has-text-color has-link-color has-small-font-size wp-elements-c4df2cb1d8120f5764d7a15122b85783\"><\/p>\n<\/details>\n\n\n\n<details class=\"wp-block-details has-ast-global-color-0-color has-text-color has-link-color has-medium-font-size wp-elements-9e9446363ad48fc52a855df6682b498d is-layout-flow wp-block-details-is-layout-flow\"><summary>Habilitat ling\u00fc\u00edstica \/ Nivell MECR \/ Etapa educativa<\/summary>\n<p class=\"has-black-color has-text-color has-link-color has-small-font-size wp-elements-08d56837b1fbe46d5868fd11503609dd\">Comprensi\u00f3 Oral <\/p>\n\n\n\n<p class=\"has-black-color has-text-color has-link-color has-small-font-size wp-elements-a31f068d5f8c196555082b6400ca08c6\">Nivell A2 &#8211; B1<\/p>\n\n\n\n<p class=\"has-black-color has-text-color has-link-color has-small-font-size wp-elements-b16bbc381c1fa3471a463e65585ded17\">Secund\u00e0ria<\/p>\n<\/details>\n\n\n\n<div class=\"wp-block-getwid-icon-box has-icon-left has-text-left\"><div class=\"wp-block-getwid-icon-box__icon-container is-position-middle\"><div class=\"wp-block-getwid-icon-box__icon-wrapper has-text-color has-ast-global-color-0-color\" style=\"font-size:30px\"><i class=\"fas fa-video\"><\/i><\/div><\/div><div class=\"wp-block-getwid-icon-box__content\">\n<h3 class=\"wp-block-heading has-ast-global-color-0-color has-text-color has-link-color has-small-font-size wp-elements-7d3045fcc8aa81a132ebe7d40b0ef5b6\"><\/h3>\n<\/div><\/div>\n<\/div>\n<\/div>\n<\/div>\n","protected":false},"excerpt":{"rendered":"<p>4 cats &#8211; Sant Joan<\/p>\n","protected":false},"author":1,"featured_media":0,"parent":8482,"menu_order":8,"comment_status":"closed","ping_status":"closed","template":"","meta":{"site-sidebar-layout":"default","site-content-layout":"","ast-site-content-layout":"default","site-content-style":"default","site-sidebar-style":"default","ast-global-header-display":"","ast-banner-title-visibility":"","ast-main-header-display":"","ast-hfb-above-header-display":"","ast-hfb-below-header-display":"","ast-hfb-mobile-header-display":"","site-post-title":"","ast-breadcrumbs-content":"","ast-featured-img":"","footer-sml-layout":"","theme-transparent-header-meta":"","adv-header-id-meta":"","stick-header-meta":"","header-above-stick-meta":"","header-main-stick-meta":"","header-below-stick-meta":"","astra-migrate-meta-layouts":"set","ast-page-background-enabled":"default","ast-page-background-meta":{"desktop":{"background-color":"var(--ast-global-color-4)","background-image":"","background-repeat":"repeat","background-position":"center center","background-size":"auto","background-attachment":"scroll","background-type":"","background-media":"","overlay-type":"","overlay-color":"","overlay-opacity":"","overlay-gradient":""},"tablet":{"background-color":"","background-image":"","background-repeat":"repeat","background-position":"center center","background-size":"auto","background-attachment":"scroll","background-type":"","background-media":"","overlay-type":"","overlay-color":"","overlay-opacity":"","overlay-gradient":""},"mobile":{"background-color":"","background-image":"","background-repeat":"repeat","background-position":"center center","background-size":"auto","background-attachment":"scroll","background-type":"","background-media":"","overlay-type":"","overlay-color":"","overlay-opacity":"","overlay-gradient":""}},"ast-content-background-meta":{"desktop":{"background-color":"var(--ast-global-color-5)","background-image":"","background-repeat":"repeat","background-position":"center center","background-size":"auto","background-attachment":"scroll","background-type":"","background-media":"","overlay-type":"","overlay-color":"","overlay-opacity":"","overlay-gradient":""},"tablet":{"background-color":"var(--ast-global-color-5)","background-image":"","background-repeat":"repeat","background-position":"center center","background-size":"auto","background-attachment":"scroll","background-type":"","background-media":"","overlay-type":"","overlay-color":"","overlay-opacity":"","overlay-gradient":""},"mobile":{"background-color":"var(--ast-global-color-5)","background-image":"","background-repeat":"repeat","background-position":"center center","background-size":"auto","background-attachment":"scroll","background-type":"","background-media":"","overlay-type":"","overlay-color":"","overlay-opacity":"","overlay-gradient":""}},"footnotes":""},"class_list":["post-9630","page","type-page","status-publish","hentry"],"post_mailing_queue_ids":[],"_links":{"self":[{"href":"https:\/\/projectes.xtec.cat\/aula-acollida\/wp-json\/wp\/v2\/pages\/9630","targetHints":{"allow":["GET"]}}],"collection":[{"href":"https:\/\/projectes.xtec.cat\/aula-acollida\/wp-json\/wp\/v2\/pages"}],"about":[{"href":"https:\/\/projectes.xtec.cat\/aula-acollida\/wp-json\/wp\/v2\/types\/page"}],"author":[{"embeddable":true,"href":"https:\/\/projectes.xtec.cat\/aula-acollida\/wp-json\/wp\/v2\/users\/1"}],"replies":[{"embeddable":true,"href":"https:\/\/projectes.xtec.cat\/aula-acollida\/wp-json\/wp\/v2\/comments?post=9630"}],"version-history":[{"count":2,"href":"https:\/\/projectes.xtec.cat\/aula-acollida\/wp-json\/wp\/v2\/pages\/9630\/revisions"}],"predecessor-version":[{"id":9632,"href":"https:\/\/projectes.xtec.cat\/aula-acollida\/wp-json\/wp\/v2\/pages\/9630\/revisions\/9632"}],"up":[{"embeddable":true,"href":"https:\/\/projectes.xtec.cat\/aula-acollida\/wp-json\/wp\/v2\/pages\/8482"}],"wp:attachment":[{"href":"https:\/\/projectes.xtec.cat\/aula-acollida\/wp-json\/wp\/v2\/media?parent=9630"}],"curies":[{"name":"wp","href":"https:\/\/api.w.org\/{rel}","templated":true}]}}