{"id":9746,"date":"2025-09-19T15:10:19","date_gmt":"2025-09-19T13:10:19","guid":{"rendered":"https:\/\/projectes.xtec.cat\/aula-acollida\/?page_id=9746"},"modified":"2025-09-29T15:00:23","modified_gmt":"2025-09-29T13:00:23","slug":"estrategies-per-a-una-instruccio-comprensible","status":"publish","type":"page","link":"https:\/\/projectes.xtec.cat\/aula-acollida\/documents\/estrategies-per-a-una-instruccio-comprensible\/","title":{"rendered":"Estrat\u00e8gies per a una instrucci\u00f3 comprensible"},"content":{"rendered":"\n<div data-wp-interactive=\"core\/file\" class=\"wp-block-file\"><object data-wp-bind--hidden=\"!state.hasPdfPreview\" hidden class=\"wp-block-file__embed\" data=\"https:\/\/projectes.xtec.cat\/aula-acollida\/wp-content\/uploads\/usu59\/2025\/09\/Estrategies-per-a-una-instruccio-comprensible.pdf\" type=\"application\/pdf\" style=\"width:100%;height:600px\" aria-label=\"Incrustaci\u00f3 del fitxer Estrat\u00e8gies per a una instrucci\u00f3 comprensible.\"><\/object><a id=\"wp-block-file--media-1902273a-472c-4a23-840c-d2053e3e3ca4\" href=\"https:\/\/projectes.xtec.cat\/aula-acollida\/wp-content\/uploads\/usu59\/2025\/09\/Estrategies-per-a-una-instruccio-comprensible.pdf\">Estrat\u00e8gies per a una instrucci\u00f3 comprensible<\/a><a href=\"https:\/\/projectes.xtec.cat\/aula-acollida\/wp-content\/uploads\/usu59\/2025\/09\/Estrategies-per-a-una-instruccio-comprensible.pdf\" class=\"wp-block-file__button wp-element-button\" download aria-describedby=\"wp-block-file--media-1902273a-472c-4a23-840c-d2053e3e3ca4\">Baixa<\/a><\/div>\n\n\n\n<p>En aquest <strong><a href=\"https:\/\/projectes.xtec.cat\/acollidasuport\/portada\/segur-que-ho-han-entes-fer-comprensible-linput\/\" target=\"_blank\" rel=\"noreferrer noopener\">enlla\u00e7 <\/a><\/strong>trobareu un article relacionat amb aquest tema.<\/p>\n","protected":false},"excerpt":{"rendered":"<p>En aquest enlla\u00e7 trobareu un article relacionat amb aquest tema.<\/p>\n","protected":false},"author":1,"featured_media":0,"parent":8308,"menu_order":4,"comment_status":"closed","ping_status":"closed","template":"","meta":{"site-sidebar-layout":"default","site-content-layout":"","ast-site-content-layout":"default","site-content-style":"default","site-sidebar-style":"default","ast-global-header-display":"","ast-banner-title-visibility":"","ast-main-header-display":"","ast-hfb-above-header-display":"","ast-hfb-below-header-display":"","ast-hfb-mobile-header-display":"","site-post-title":"","ast-breadcrumbs-content":"","ast-featured-img":"","footer-sml-layout":"","theme-transparent-header-meta":"","adv-header-id-meta":"","stick-header-meta":"","header-above-stick-meta":"","header-main-stick-meta":"","header-below-stick-meta":"","astra-migrate-meta-layouts":"set","ast-page-background-enabled":"default","ast-page-background-meta":{"desktop":{"background-color":"var(--ast-global-color-4)","background-image":"","background-repeat":"repeat","background-position":"center center","background-size":"auto","background-attachment":"scroll","background-type":"","background-media":"","overlay-type":"","overlay-color":"","overlay-opacity":"","overlay-gradient":""},"tablet":{"background-color":"","background-image":"","background-repeat":"repeat","background-position":"center center","background-size":"auto","background-attachment":"scroll","background-type":"","background-media":"","overlay-type":"","overlay-color":"","overlay-opacity":"","overlay-gradient":""},"mobile":{"background-color":"","background-image":"","background-repeat":"repeat","background-position":"center center","background-size":"auto","background-attachment":"scroll","background-type":"","background-media":"","overlay-type":"","overlay-color":"","overlay-opacity":"","overlay-gradient":""}},"ast-content-background-meta":{"desktop":{"background-color":"var(--ast-global-color-5)","background-image":"","background-repeat":"repeat","background-position":"center center","background-size":"auto","background-attachment":"scroll","background-type":"","background-media":"","overlay-type":"","overlay-color":"","overlay-opacity":"","overlay-gradient":""},"tablet":{"background-color":"var(--ast-global-color-5)","background-image":"","background-repeat":"repeat","background-position":"center center","background-size":"auto","background-attachment":"scroll","background-type":"","background-media":"","overlay-type":"","overlay-color":"","overlay-opacity":"","overlay-gradient":""},"mobile":{"background-color":"var(--ast-global-color-5)","background-image":"","background-repeat":"repeat","background-position":"center center","background-size":"auto","background-attachment":"scroll","background-type":"","background-media":"","overlay-type":"","overlay-color":"","overlay-opacity":"","overlay-gradient":""}},"footnotes":""},"class_list":["post-9746","page","type-page","status-publish","hentry"],"post_mailing_queue_ids":[],"_links":{"self":[{"href":"https:\/\/projectes.xtec.cat\/aula-acollida\/wp-json\/wp\/v2\/pages\/9746","targetHints":{"allow":["GET"]}}],"collection":[{"href":"https:\/\/projectes.xtec.cat\/aula-acollida\/wp-json\/wp\/v2\/pages"}],"about":[{"href":"https:\/\/projectes.xtec.cat\/aula-acollida\/wp-json\/wp\/v2\/types\/page"}],"author":[{"embeddable":true,"href":"https:\/\/projectes.xtec.cat\/aula-acollida\/wp-json\/wp\/v2\/users\/1"}],"replies":[{"embeddable":true,"href":"https:\/\/projectes.xtec.cat\/aula-acollida\/wp-json\/wp\/v2\/comments?post=9746"}],"version-history":[{"count":2,"href":"https:\/\/projectes.xtec.cat\/aula-acollida\/wp-json\/wp\/v2\/pages\/9746\/revisions"}],"predecessor-version":[{"id":9789,"href":"https:\/\/projectes.xtec.cat\/aula-acollida\/wp-json\/wp\/v2\/pages\/9746\/revisions\/9789"}],"up":[{"embeddable":true,"href":"https:\/\/projectes.xtec.cat\/aula-acollida\/wp-json\/wp\/v2\/pages\/8308"}],"wp:attachment":[{"href":"https:\/\/projectes.xtec.cat\/aula-acollida\/wp-json\/wp\/v2\/media?parent=9746"}],"curies":[{"name":"wp","href":"https:\/\/api.w.org\/{rel}","templated":true}]}}