{"id":318,"date":"2015-11-24T18:18:24","date_gmt":"2015-11-24T17:18:24","guid":{"rendered":"http:\/\/projectes.xtec.cat\/avancem\/?page_id=318"},"modified":"2021-05-04T14:11:53","modified_gmt":"2021-05-04T12:11:53","slug":"on-som","status":"publish","type":"page","link":"https:\/\/projectes.xtec.cat\/avancem\/el-projecte\/on-som\/","title":{"rendered":"Recursos i enlla\u00e7os"},"content":{"rendered":"<p><a href=\"http:\/\/xtec.gencat.cat\/ca\/projectes\/plurilinguisme\/programes\/institucionals\/avancem\/\">AVANCEM <\/a><\/p>\n<p>Els centres participants en el programa AVANCEM gaudiran dels recursos seg\u00fcents:<\/p>\n<p>a) Assessorament al grup impulsor per al disseny i implementaci\u00f3 del projecte, aix\u00ed com per a la redacci\u00f3 de la mem\u00f2ria d\u2019activitats i d\u2019avaluaci\u00f3 de l\u2019acci\u00f3 en el centre.<\/p>\n<p>b) Formaci\u00f3 adre\u00e7ada als docents designats per la direcci\u00f3 del centre educatiu.<\/p>\n<p>c) Difusi\u00f3 dels materials did\u00e0ctics fruit de la participaci\u00f3 en l\u2019AVANCEM que hagin estat seleccionats per la unitat gestora del programa per la seva qualitat i rellev\u00e0ncia.<\/p>\n<p>d) Documentaci\u00f3 per a la gesti\u00f3 del programa.<\/p>\n<p>&nbsp;<\/p>\n<p>Teniu m\u00e9s informaci\u00f3 relacionada amb el tractament integrat de lleng\u00fces en els seg\u00fcents enlla\u00e7os:<\/p>\n<p><a href=\"https:\/\/docs.google.com\/document\/d\/1DaaXqb1TFe-uv4-5QzoHHeg4zXs5JrbqnWcAE0kybJQ\/edit\" target=\"_blank\" rel=\"noopener noreferrer\">Council of Europe;\u00a0<em>From Linguistic Diversity to Plurilingual Education: Guide for the Development of Language Education Policies in Europe; Main Version 2007.<\/em><\/a><\/p>\n<p>Ruiz, Teresa (2008)\u00a0<a href=\"https:\/\/dialnet.unirioja.es\/servlet\/articulo?codigo=2512685\"><em>El tratamiento integrado de las lenguas<\/em><\/a><em>:\u00a0<\/em><em>construir una programaci\u00f3n conjunta\u00a0<\/em>\u00a0en\u00a0<a href=\"https:\/\/dialnet.unirioja.es\/servlet\/revista?codigo=1416\">Textos de did\u00e1ctica de la lengua y la literatura<\/a>,\u00a0<a href=\"https:\/\/dialnet.unirioja.es\/ejemplar\/180890\">N\u00ba 47,\u00a0<\/a>\u00a0p\u00e1gs.\u00a046-58.<\/p>\n<p>(<a href=\"http:\/\/ateneu.xtec.cat\/wikiform\/wikiexport\/_media\/fic\/cco\/cco04\/fase_4\/tildelateoriaalapractica.pdf\" target=\"_blank\" rel=\"noopener noreferrer\">Exemplar dedicat al tractament integrat de les lleng\u00fces<\/a>).<\/p>\n<p><a href=\"https:\/\/tratamientointegrado.wordpress.com\/\" target=\"_blank\" rel=\"noopener noreferrer\">Berritzegune Nagusie. (Blog del Departament d\u2019Educaci\u00f3 del Pa\u00eds Basc amb seq\u00fc\u00e8ncies i material did\u00e0ctic)<\/a><\/p>\n<p><a href=\"https:\/\/projectes.xtec.cat\/intercomprensio\/\">Intercomprensi\u00f3 Catalunya<\/a><\/p>\n","protected":false},"excerpt":{"rendered":"<p><a href=\"http:\/\/xtec.gencat.cat\/ca\/projectes\/plurilinguisme\/programes\/institucionals\/avancem\/\">AVANCEM <\/a><br \/>\nEls centres participants en el programa AVANCEM gaudiran dels recursos seg\u00fcents:<br \/>\na) Assessorament al grup impulsor per al disseny i implementaci\u00f3 del projecte, aix\u00ed com per a la redacci\u00f3 de la mem\u00f2ria d\u2019activitats i d\u2019avaluaci\u00f3 de l\u2019acci\u00f3 en el centre.<br \/>\nb) Formaci\u00f3 adre\u00e7ada als docents&hellip;  <a href=\"https:\/\/projectes.xtec.cat\/avancem\/el-projecte\/on-som\/\" title=\"Read Recursos i enlla\u00e7os\">Llegeix m\u00e9s\u00bb<\/a><\/p>\n","protected":false},"author":1,"featured_media":0,"parent":806,"menu_order":50,"comment_status":"closed","ping_status":"closed","template":"page-templates\/side-menu.php","meta":{"_bbp_topic_count":0,"_bbp_reply_count":0,"_bbp_total_topic_count":0,"_bbp_total_reply_count":0,"_bbp_voice_count":0,"_bbp_anonymous_reply_count":0,"_bbp_topic_count_hidden":0,"_bbp_reply_count_hidden":0,"_bbp_forum_subforum_count":0,"footnotes":""},"class_list":["post-318","page","type-page","status-publish","hentry"],"post_mailing_queue_ids":[],"_links":{"self":[{"href":"https:\/\/projectes.xtec.cat\/avancem\/wp-json\/wp\/v2\/pages\/318","targetHints":{"allow":["GET"]}}],"collection":[{"href":"https:\/\/projectes.xtec.cat\/avancem\/wp-json\/wp\/v2\/pages"}],"about":[{"href":"https:\/\/projectes.xtec.cat\/avancem\/wp-json\/wp\/v2\/types\/page"}],"author":[{"embeddable":true,"href":"https:\/\/projectes.xtec.cat\/avancem\/wp-json\/wp\/v2\/users\/1"}],"replies":[{"embeddable":true,"href":"https:\/\/projectes.xtec.cat\/avancem\/wp-json\/wp\/v2\/comments?post=318"}],"version-history":[{"count":3,"href":"https:\/\/projectes.xtec.cat\/avancem\/wp-json\/wp\/v2\/pages\/318\/revisions"}],"predecessor-version":[{"id":8799,"href":"https:\/\/projectes.xtec.cat\/avancem\/wp-json\/wp\/v2\/pages\/318\/revisions\/8799"}],"up":[{"embeddable":true,"href":"https:\/\/projectes.xtec.cat\/avancem\/wp-json\/wp\/v2\/pages\/806"}],"wp:attachment":[{"href":"https:\/\/projectes.xtec.cat\/avancem\/wp-json\/wp\/v2\/media?parent=318"}],"curies":[{"name":"wp","href":"https:\/\/api.w.org\/{rel}","templated":true}]}}