{"id":608,"date":"2015-11-27T10:04:51","date_gmt":"2015-11-27T09:04:51","guid":{"rendered":"http:\/\/projectes.xtec.cat\/avancem\/?page_id=608"},"modified":"2020-01-14T14:39:36","modified_gmt":"2020-01-14T13:39:36","slug":"horari-i-calendari","status":"publish","type":"page","link":"https:\/\/projectes.xtec.cat\/avancem\/el-projecte\/horari-i-calendari\/","title":{"rendered":"Certificaci\u00f3"},"content":{"rendered":"<p><strong>Requeriments per <\/strong><strong>superar la formaci\u00f3 i obtenir el certificat de la formaci\u00f3:<\/strong><\/p>\n<p>La formaci\u00f3 consisteix en dues accions d\u2019assessorament metodol\u00f2gic en centre de 30 hores cadascuna i en dues altres accions d\u2019assessorament organitzatiu en centre de 15 hores cadascuna.<br \/>\nCada curs el centre rep, en total, 45 hores de formaci\u00f3.<\/p>\n<p>Per superar la formaci\u00f3 \u00e9s necessari:<br \/>\n&#8211; Assistir al 80% de les sessions presencials de formaci\u00f3.<br \/>\n&#8211; Realitzar i lliurar totes les tasques encomanades i obtenir-ne una valoraci\u00f3 positiva per part de la persona formadora.<br \/>\n&#8211; En la formaci\u00f3 metodol\u00f2gica, implementar a l\u2019aula els projectes dissenyats i recollir evid\u00e8ncies de la implementaci\u00f3.<br \/>\n&#8211; En la formaci\u00f3 organitzativa (grup impulsor), dissenyar, implementar i avaluar el pla d\u2019acci\u00f3.<\/p>\n<p><strong>Requeriments per optar a la certificaci\u00f3 d&#8217;innovaci\u00f3: <a href=\"https:\/\/projectes.xtec.cat\/avancem\/wp-content\/uploads\/usu2068\/2020\/01\/success-2081167_640.jpg\"><img loading=\"lazy\" decoding=\"async\" class=\" wp-image-8282 alignright\" src=\"https:\/\/projectes.xtec.cat\/avancem\/wp-content\/uploads\/usu2068\/2020\/01\/success-2081167_640.jpg\" alt=\"\" width=\"393\" height=\"221\" srcset=\"https:\/\/projectes.xtec.cat\/avancem\/wp-content\/uploads\/usu2068\/2020\/01\/success-2081167_640.jpg 640w, https:\/\/projectes.xtec.cat\/avancem\/wp-content\/uploads\/usu2068\/2020\/01\/success-2081167_640-300x169.jpg 300w\" sizes=\"auto, (max-width: 393px) 100vw, 393px\" \/><\/a><\/strong><\/p>\n<p>Per optar al reconeixement de la innovaci\u00f3 \u00e9s obligat\u00f2ria la presentaci\u00f3 de la mem\u00f2ria del projecte. \u00c9s requisit previ que com a m\u00ednim el 50% dels docents que han participat en les accions formatives del programa les hagin superat satisfact\u00f2riament. La mem\u00f2ria ha d\u2019anar acompanyada d\u2019un nou projecte de comunicaci\u00f3 integrat elaborat pel centre i representatiu de l\u2019\u00e0mbit on s\u2019ha implementat l\u2019acci\u00f3. Aquest projecte ha de ser diferent dels desenvolupats en les marc de les accions formatives del programa.<br \/>\nPodran obtenir el certificat d\u2019innovaci\u00f3 els docents que hagin participat un m\u00ednim de dos cursos escolars en el programa i que:<br \/>\n&#8211; Hagin obtingut el certificat de formaci\u00f3 de l\u2019Avancem 1 i 2, o b\u00e9 d\u2019un dels dos cursos en cas que s\u2019hagin incorporat al programa en substituci\u00f3 d\u2019un altre docent per for\u00e7a major.<br \/>\n&#8211; Formin part de l\u2019equip impulsor.<\/p>\n","protected":false},"excerpt":{"rendered":"<p>Requeriments per superar la formaci\u00f3 i obtenir el certificat de la formaci\u00f3:<br \/>\nLa formaci\u00f3 consisteix en dues accions d\u2019assessorament metodol\u00f2gic en centre de 30 hores cadascuna i en dues altres accions d\u2019assessorament organitzatiu en centre de 15 hores cadascuna.<br \/>\nCada curs el centre rep, en total, 45&hellip;  <a href=\"https:\/\/projectes.xtec.cat\/avancem\/el-projecte\/horari-i-calendari\/\" title=\"Read Certificaci\u00f3\">Llegeix m\u00e9s\u00bb<\/a><\/p>\n","protected":false},"author":1,"featured_media":0,"parent":806,"menu_order":30,"comment_status":"closed","ping_status":"closed","template":"page-templates\/side-menu.php","meta":{"_bbp_topic_count":0,"_bbp_reply_count":0,"_bbp_total_topic_count":0,"_bbp_total_reply_count":0,"_bbp_voice_count":0,"_bbp_anonymous_reply_count":0,"_bbp_topic_count_hidden":0,"_bbp_reply_count_hidden":0,"_bbp_forum_subforum_count":0,"footnotes":""},"class_list":["post-608","page","type-page","status-publish","hentry"],"post_mailing_queue_ids":[],"_links":{"self":[{"href":"https:\/\/projectes.xtec.cat\/avancem\/wp-json\/wp\/v2\/pages\/608","targetHints":{"allow":["GET"]}}],"collection":[{"href":"https:\/\/projectes.xtec.cat\/avancem\/wp-json\/wp\/v2\/pages"}],"about":[{"href":"https:\/\/projectes.xtec.cat\/avancem\/wp-json\/wp\/v2\/types\/page"}],"author":[{"embeddable":true,"href":"https:\/\/projectes.xtec.cat\/avancem\/wp-json\/wp\/v2\/users\/1"}],"replies":[{"embeddable":true,"href":"https:\/\/projectes.xtec.cat\/avancem\/wp-json\/wp\/v2\/comments?post=608"}],"version-history":[{"count":3,"href":"https:\/\/projectes.xtec.cat\/avancem\/wp-json\/wp\/v2\/pages\/608\/revisions"}],"predecessor-version":[{"id":8284,"href":"https:\/\/projectes.xtec.cat\/avancem\/wp-json\/wp\/v2\/pages\/608\/revisions\/8284"}],"up":[{"embeddable":true,"href":"https:\/\/projectes.xtec.cat\/avancem\/wp-json\/wp\/v2\/pages\/806"}],"wp:attachment":[{"href":"https:\/\/projectes.xtec.cat\/avancem\/wp-json\/wp\/v2\/media?parent=608"}],"curies":[{"name":"wp","href":"https:\/\/api.w.org\/{rel}","templated":true}]}}