{"id":806,"date":"2015-11-28T21:29:55","date_gmt":"2015-11-28T20:29:55","guid":{"rendered":"http:\/\/projectes.xtec.cat\/avancem\/?page_id=806"},"modified":"2024-09-16T08:21:28","modified_gmt":"2024-09-16T06:21:28","slug":"el-projecte","status":"publish","type":"page","link":"https:\/\/projectes.xtec.cat\/avancem\/el-projecte\/","title":{"rendered":"El projecte AVANCEM"},"content":{"rendered":"<p>El programa d\u2019innovaci\u00f3 pedag\u00f2gica del Departament d\u2019Educaci\u00f3 Avancem: Ensenyament i Aprenentatge integrat de les lleng\u00fces t\u00e9 com a finalitat dotar el nostre alumnat d\u2019una compet\u00e8ncia pluriling\u00fce s\u00f2lida que afavoreixi\u00a0 el seu creixement acad\u00e8mic i posterior inserci\u00f3 laboral. D\u2019altra banda, fomenta un ensenyament de les lleng\u00fces competencial, que parteixi del consens i la cooperaci\u00f3 entre el professorat de llengua i que promogui el disseny de projectes d\u2019aula en qu\u00e8 participen diverses lleng\u00fces.<\/p>\n<p>Nascut el curs 2015-2016 com a programa pilot , s\u2019adre\u00e7a als centres educatius que imparteixen ensenyaments d\u2019educaci\u00f3 prim\u00e0ria, d\u2019educaci\u00f3 secund\u00e0ria obligat\u00f2ria o de batxillerat, de titularitat del Departament d\u2019Educaci\u00f3, de titularitat municipal i de titularitat privada en r\u00e8gim de concert. La durada del programa \u00e9s de tres cursos escolars i durant els dos primers, un m\u00ednim del 80% del professorat de llengua de cada centre rep formaci\u00f3 en tractament integrat de lleng\u00fces (TIL). Aquests assessoraments en centre promouen l\u2019enfocament comunicatiu de l\u2019ensenyament de les lleng\u00fces, aplicable a situacions d\u2019aprenentatge en qu\u00e8 coexisteixen diferents lleng\u00fces. D\u2019altra banda, els centres tamb\u00e9 reben orientacions per a la implementaci\u00f3 del programa en el centre, el disseny d\u2019un\u00a0<strong>pla d\u2019acci\u00f3<\/strong>\u00a0i l\u2019elaboraci\u00f3 d\u2019una\u00a0<strong><a href=\"https:\/\/espai.educacio.gencat.cat\/Centres\/Innovacio-pedagogica\/Avancem-Ensenyament-Aprenentatge-integrat\/Pagines\/default.aspx\" target=\"_blank\" rel=\"noopener noreferrer\">mem\u00f2ria final<\/a><\/strong>.<\/p>\n<div>\n<p><a title=\"Obre finestra nova (Ves al DOGC)\" href=\"http:\/\/dogc.gencat.cat\/ca\/pdogc_canals_interns\/pdogc_resultats_fitxa\/?action=fitxa&amp;mode=single&amp;documentId=796394&amp;language=ca_ES\" target=\"_blank\" rel=\"noopener noreferrer\">Resoluci\u00f3 ENS\/2094\/2017<\/a>, de 28 d&#8217;agost, per la qual es crea el programa d&#8217;innovaci\u00f3 pedag\u00f2gica &#8220;Avancem: Ensenyament i Aprenentatge integrat de les lleng\u00fces\u201d.<\/p>\n<\/div>\n","protected":false},"excerpt":{"rendered":"<p>El programa d\u2019innovaci\u00f3 pedag\u00f2gica del Departament d\u2019Educaci\u00f3 Avancem: Ensenyament i Aprenentatge integrat de les lleng\u00fces t\u00e9 com a finalitat dotar el nostre alumnat d\u2019una compet\u00e8ncia pluriling\u00fce s\u00f2lida que afavoreixi\u00a0 el seu creixement acad\u00e8mic i posterior inserci\u00f3 laboral. D\u2019altra banda, fomenta un ensenyament de les lleng\u00fces&hellip;  <a href=\"https:\/\/projectes.xtec.cat\/avancem\/el-projecte\/\" title=\"Read El projecte AVANCEM\">Llegeix m\u00e9s\u00bb<\/a><\/p>\n","protected":false},"author":1,"featured_media":0,"parent":0,"menu_order":0,"comment_status":"closed","ping_status":"closed","template":"page-templates\/side-menu.php","meta":{"_bbp_topic_count":0,"_bbp_reply_count":0,"_bbp_total_topic_count":0,"_bbp_total_reply_count":0,"_bbp_voice_count":0,"_bbp_anonymous_reply_count":0,"_bbp_topic_count_hidden":0,"_bbp_reply_count_hidden":0,"_bbp_forum_subforum_count":0,"footnotes":""},"class_list":["post-806","page","type-page","status-publish","hentry"],"post_mailing_queue_ids":[],"_links":{"self":[{"href":"https:\/\/projectes.xtec.cat\/avancem\/wp-json\/wp\/v2\/pages\/806","targetHints":{"allow":["GET"]}}],"collection":[{"href":"https:\/\/projectes.xtec.cat\/avancem\/wp-json\/wp\/v2\/pages"}],"about":[{"href":"https:\/\/projectes.xtec.cat\/avancem\/wp-json\/wp\/v2\/types\/page"}],"author":[{"embeddable":true,"href":"https:\/\/projectes.xtec.cat\/avancem\/wp-json\/wp\/v2\/users\/1"}],"replies":[{"embeddable":true,"href":"https:\/\/projectes.xtec.cat\/avancem\/wp-json\/wp\/v2\/comments?post=806"}],"version-history":[{"count":3,"href":"https:\/\/projectes.xtec.cat\/avancem\/wp-json\/wp\/v2\/pages\/806\/revisions"}],"predecessor-version":[{"id":8416,"href":"https:\/\/projectes.xtec.cat\/avancem\/wp-json\/wp\/v2\/pages\/806\/revisions\/8416"}],"wp:attachment":[{"href":"https:\/\/projectes.xtec.cat\/avancem\/wp-json\/wp\/v2\/media?parent=806"}],"curies":[{"name":"wp","href":"https:\/\/api.w.org\/{rel}","templated":true}]}}