{"id":8273,"date":"2020-01-14T12:26:38","date_gmt":"2020-01-14T11:26:38","guid":{"rendered":"https:\/\/projectes.xtec.cat\/avancem\/?page_id=8273"},"modified":"2020-01-14T12:47:37","modified_gmt":"2020-01-14T11:47:37","slug":"equip-de-formadors","status":"publish","type":"page","link":"https:\/\/projectes.xtec.cat\/avancem\/el-projecte\/equip-de-formadors\/","title":{"rendered":"Equip de formadors"},"content":{"rendered":"<p>El programa AVANCEM consta d&#8217;un gran equip de formadors LIC que assessoren els centres en tractament integrat de lleng\u00fces i en l&#8217;elaboraci\u00f3 del pla d&#8217;acci\u00f3 del grup impulsor.<\/p>\n<p><a href=\"https:\/\/projectes.xtec.cat\/avancem\/wp-content\/uploads\/usu2068\/2020\/01\/LIC-1.jpg\"><img loading=\"lazy\" decoding=\"async\" class=\" wp-image-8278 aligncenter\" src=\"https:\/\/projectes.xtec.cat\/avancem\/wp-content\/uploads\/usu2068\/2020\/01\/LIC-1-1024x403.jpg\" alt=\"\" width=\"986\" height=\"388\" srcset=\"https:\/\/projectes.xtec.cat\/avancem\/wp-content\/uploads\/usu2068\/2020\/01\/LIC-1-1024x403.jpg 1024w, https:\/\/projectes.xtec.cat\/avancem\/wp-content\/uploads\/usu2068\/2020\/01\/LIC-1-300x118.jpg 300w, https:\/\/projectes.xtec.cat\/avancem\/wp-content\/uploads\/usu2068\/2020\/01\/LIC-1-768x302.jpg 768w, https:\/\/projectes.xtec.cat\/avancem\/wp-content\/uploads\/usu2068\/2020\/01\/LIC-1.jpg 1085w\" sizes=\"auto, (max-width: 986px) 100vw, 986px\" \/><\/a><\/p>\n<p>&nbsp;<\/p>\n","protected":false},"excerpt":{"rendered":"<p>El programa AVANCEM consta d&#8217;un gran equip de formadors LIC que assessoren els centres en tractament integrat de lleng\u00fces i en l&#8217;elaboraci\u00f3 del pla d&#8217;acci\u00f3 del grup impulsor.<br \/>\n<a href=\"https:\/\/projectes.xtec.cat\/avancem\/wp-content\/uploads\/usu2068\/2020\/01\/LIC-1.jpg\"><\/a><br \/>\n&nbsp;<\/p>\n","protected":false},"author":1,"featured_media":0,"parent":806,"menu_order":2,"comment_status":"closed","ping_status":"closed","template":"page-templates\/side-menu.php","meta":{"_bbp_topic_count":0,"_bbp_reply_count":0,"_bbp_total_topic_count":0,"_bbp_total_reply_count":0,"_bbp_voice_count":0,"_bbp_anonymous_reply_count":0,"_bbp_topic_count_hidden":0,"_bbp_reply_count_hidden":0,"_bbp_forum_subforum_count":0,"footnotes":""},"class_list":["post-8273","page","type-page","status-publish","hentry"],"post_mailing_queue_ids":[],"_links":{"self":[{"href":"https:\/\/projectes.xtec.cat\/avancem\/wp-json\/wp\/v2\/pages\/8273","targetHints":{"allow":["GET"]}}],"collection":[{"href":"https:\/\/projectes.xtec.cat\/avancem\/wp-json\/wp\/v2\/pages"}],"about":[{"href":"https:\/\/projectes.xtec.cat\/avancem\/wp-json\/wp\/v2\/types\/page"}],"author":[{"embeddable":true,"href":"https:\/\/projectes.xtec.cat\/avancem\/wp-json\/wp\/v2\/users\/1"}],"replies":[{"embeddable":true,"href":"https:\/\/projectes.xtec.cat\/avancem\/wp-json\/wp\/v2\/comments?post=8273"}],"version-history":[{"count":3,"href":"https:\/\/projectes.xtec.cat\/avancem\/wp-json\/wp\/v2\/pages\/8273\/revisions"}],"predecessor-version":[{"id":8279,"href":"https:\/\/projectes.xtec.cat\/avancem\/wp-json\/wp\/v2\/pages\/8273\/revisions\/8279"}],"up":[{"embeddable":true,"href":"https:\/\/projectes.xtec.cat\/avancem\/wp-json\/wp\/v2\/pages\/806"}],"wp:attachment":[{"href":"https:\/\/projectes.xtec.cat\/avancem\/wp-json\/wp\/v2\/media?parent=8273"}],"curies":[{"name":"wp","href":"https:\/\/api.w.org\/{rel}","templated":true}]}}