{"id":9157,"date":"2023-01-25T13:10:27","date_gmt":"2023-01-25T12:10:27","guid":{"rendered":"https:\/\/projectes.xtec.cat\/avancem\/?page_id=9157"},"modified":"2026-04-24T10:45:28","modified_gmt":"2026-04-24T08:45:28","slug":"avancem-2","status":"publish","type":"page","link":"https:\/\/projectes.xtec.cat\/avancem\/avancem-2\/","title":{"rendered":"Formaci\u00f3"},"content":{"rendered":"<p><span style=\"font-weight: 400;\">En aquest espai hi trobareu la informaci\u00f3 relacionada amb la formaci\u00f3 del programa d\u2019innovaci\u00f3 AVANCEM. Cliqueu el men\u00fa desplegable per accedir als continguts de cada any. Per a informaci\u00f3 m\u00e9s detallada, consulteu <\/span><span style=\"font-weight: 400;\">aquest document<\/span><span style=\"font-weight: 400;\">.<\/span><\/p>\n<p>&nbsp;<\/p>\n<p><!--a=1--><\/p>\n<p><!--a=1--><\/p>\n<p><!--a=1--><\/p>\n","protected":false},"excerpt":{"rendered":"<p>En aquest espai hi trobareu la informaci\u00f3 relacionada amb la formaci\u00f3 del programa d\u2019innovaci\u00f3 AVANCEM. Cliqueu el men\u00fa desplegable per accedir als continguts de cada any. Per a informaci\u00f3 m\u00e9s detallada, consulteu aquest document.<br \/>\n&nbsp;<\/p>\n","protected":false},"author":1,"featured_media":0,"parent":0,"menu_order":0,"comment_status":"closed","ping_status":"closed","template":"page-templates\/side-menu.php","meta":{"_bbp_topic_count":0,"_bbp_reply_count":0,"_bbp_total_topic_count":0,"_bbp_total_reply_count":0,"_bbp_voice_count":0,"_bbp_anonymous_reply_count":0,"_bbp_topic_count_hidden":0,"_bbp_reply_count_hidden":0,"_bbp_forum_subforum_count":0,"footnotes":""},"class_list":["post-9157","page","type-page","status-publish","hentry"],"post_mailing_queue_ids":[],"_links":{"self":[{"href":"https:\/\/projectes.xtec.cat\/avancem\/wp-json\/wp\/v2\/pages\/9157","targetHints":{"allow":["GET"]}}],"collection":[{"href":"https:\/\/projectes.xtec.cat\/avancem\/wp-json\/wp\/v2\/pages"}],"about":[{"href":"https:\/\/projectes.xtec.cat\/avancem\/wp-json\/wp\/v2\/types\/page"}],"author":[{"embeddable":true,"href":"https:\/\/projectes.xtec.cat\/avancem\/wp-json\/wp\/v2\/users\/1"}],"replies":[{"embeddable":true,"href":"https:\/\/projectes.xtec.cat\/avancem\/wp-json\/wp\/v2\/comments?post=9157"}],"version-history":[{"count":5,"href":"https:\/\/projectes.xtec.cat\/avancem\/wp-json\/wp\/v2\/pages\/9157\/revisions"}],"predecessor-version":[{"id":9767,"href":"https:\/\/projectes.xtec.cat\/avancem\/wp-json\/wp\/v2\/pages\/9157\/revisions\/9767"}],"wp:attachment":[{"href":"https:\/\/projectes.xtec.cat\/avancem\/wp-json\/wp\/v2\/media?parent=9157"}],"curies":[{"name":"wp","href":"https:\/\/api.w.org\/{rel}","templated":true}]}}