{"id":9160,"date":"2023-01-25T13:13:18","date_gmt":"2023-01-25T12:13:18","guid":{"rendered":"https:\/\/projectes.xtec.cat\/avancem\/?page_id=9160"},"modified":"2026-04-28T08:54:52","modified_gmt":"2026-04-28T06:54:52","slug":"avancem-1","status":"publish","type":"page","link":"https:\/\/projectes.xtec.cat\/avancem\/avancem-2\/avancem-1\/","title":{"rendered":"Avancem 1"},"content":{"rendered":"<p><span style=\"font-weight: 400;\">Durant el primer any, els centres reben un assessorament de 15 hores de durada per al grup impulsor i una formaci\u00f3 metodol\u00f2gica per a tots els docents que participen en el programa de 45 hores de durada.<\/span><\/p>\n<p><b>Formaci\u00f3 per al grup impulsor<\/b><\/p>\n<p><span style=\"font-weight: 400;\">L\u2019objectiu de l\u2019assessorament al grup impulsor \u00e9s ajudar el centre a fer una diagnosi ling\u00fc\u00edstica, dissenyar el pla d\u2019acci\u00f3 i facilitar els instruments per al seguiment, l\u2019avaluaci\u00f3 i la millora del projecte del centre.<\/span><\/p>\n<p><span style=\"font-weight: 400;\">Aquesta taula mostra les sessions que es duran a terme al llarg del curs.<\/span><\/p>\n<h6><\/h6>\n<table>\n<tbody>\n<tr>\n<td><strong>Sessions<\/strong><\/td>\n<td><strong>T\u00edtol de les sessions<\/strong><\/td>\n<\/tr>\n<tr>\n<td><span style=\"font-weight: 400;\">Sessi\u00f3 1<\/span><\/td>\n<td><span style=\"font-weight: 400;\">Coneguem-nos: visi\u00f3 compartida de centre<\/span><\/td>\n<\/tr>\n<tr>\n<td><span style=\"font-weight: 400;\">Sessi\u00f3 2<\/span><\/td>\n<td><span style=\"font-weight: 400;\">Diagnosi<\/span><\/td>\n<\/tr>\n<tr>\n<td><span style=\"font-weight: 400;\">Sessi\u00f3 3<\/span><\/td>\n<td><span style=\"font-weight: 400;\">Fem cam\u00ed: necessitats i recursos<\/span><\/td>\n<\/tr>\n<tr>\n<td><span style=\"font-weight: 400;\">Sessi\u00f3 4<\/span><\/td>\n<td><span style=\"font-weight: 400;\">Pla d\u2019acci\u00f3 I<\/span><\/td>\n<\/tr>\n<tr>\n<td><span style=\"font-weight: 400;\">Sessi\u00f3 5<\/span><\/td>\n<td><span style=\"font-weight: 400;\">Pla d\u2019acci\u00f3 II<\/span><\/td>\n<\/tr>\n<tr>\n<td><span style=\"font-weight: 400;\">Sessi\u00f3 6<\/span><\/td>\n<td><span style=\"font-weight: 400;\">Mirem endavant<\/span><\/td>\n<\/tr>\n<\/tbody>\n<\/table>\n<h6><\/h6>\n<p><b>Formaci\u00f3 pmetodol\u00f2gica per a docents<\/b><\/p>\n<p><span style=\"font-weight: 400;\">L\u2019objectiu de la formaci\u00f3 metodol\u00f2gica del professorat \u00e9s dotar els docents de lleng\u00fces d\u2019eines i estrat\u00e8gies per integrar l\u2019ensenyament de les lleng\u00fces, dissenyar i aplicar situacions d&#8217;aprenentatge competencials i projectes comunicatius, fomentar el treball cooperatiu i coordinar la planificaci\u00f3 d\u2019objectius, continguts i criteris d\u2019avaluaci\u00f3 entre les diferents lleng\u00fces.<\/span><\/p>\n<p><span style=\"font-weight: 400;\">Aquesta formaci\u00f3 consisteix en una acci\u00f3 d\u2019assessorament en centre. A continuaci\u00f3 s\u2019especifiquen les sessions:<\/span><\/p>\n<h6><\/h6>\n<table>\n<tbody>\n<tr>\n<td><strong>Sessions<\/strong><\/td>\n<td><strong>T\u00edtol de les sessions<\/strong><\/td>\n<\/tr>\n<tr>\n<td><span style=\"font-weight: 400;\">Sessi\u00f3 1<\/span><\/td>\n<td><span style=\"font-weight: 400;\">Introducci\u00f3 al Pluriling\u00fcisme. Qu\u00e8 \u00e9s TIL?<\/span><\/td>\n<\/tr>\n<tr>\n<td><span style=\"font-weight: 400;\">Sessi\u00f3 2<\/span><\/td>\n<td><span style=\"font-weight: 400;\">Treball per tasques<\/span><\/td>\n<\/tr>\n<tr>\n<td><span style=\"font-weight: 400;\">Sessi\u00f3 3<\/span><\/td>\n<td><span style=\"font-weight: 400;\">El TILC i les Funcions Cognitives del Discurs (FCD)<\/span><\/td>\n<\/tr>\n<tr>\n<td><span style=\"font-weight: 400;\">Sessi\u00f3 4<\/span><\/td>\n<td><span style=\"font-weight: 400;\">Lectura i oralitat: activitats de llengua\u00a0<\/span><\/td>\n<\/tr>\n<tr>\n<td><span style=\"font-weight: 400;\">Sessi\u00f3 5<\/span><\/td>\n<td><span style=\"font-weight: 400;\">Escriptura i oralitat: activitats de llengua\u00a0<\/span><\/td>\n<\/tr>\n<tr>\n<td><span style=\"font-weight: 400;\">Sessi\u00f3 6<\/span><\/td>\n<td><span style=\"font-weight: 400;\">Oralitat: activitats de llengua\u00a0<\/span><\/td>\n<\/tr>\n<tr>\n<td><span style=\"font-weight: 400;\">Sessi\u00f3 7<\/span><\/td>\n<td><span style=\"font-weight: 400;\">El transllenguatge<\/span><\/td>\n<\/tr>\n<tr>\n<td><span style=\"font-weight: 400;\">Sessi\u00f3 8<\/span><\/td>\n<td><span style=\"font-weight: 400;\">An\u00e0lisi d\u2019un projecte de comunicaci\u00f3 integrat I (PCI-I)<\/span><\/td>\n<\/tr>\n<tr>\n<td><span style=\"font-weight: 400;\">Sessi\u00f3 9<\/span><\/td>\n<td><span style=\"font-weight: 400;\">Disseny dels PCI-I<\/span><\/td>\n<\/tr>\n<tr>\n<td><span style=\"font-weight: 400;\">Sessi\u00f3 10<\/span><\/td>\n<td><span style=\"font-weight: 400;\">Disseny dels PCI-I<\/span><\/td>\n<\/tr>\n<tr>\n<td><span style=\"font-weight: 400;\">Sessi\u00f3 11<\/span><\/td>\n<td><span style=\"font-weight: 400;\">Disseny dels PCI-I<\/span><\/td>\n<\/tr>\n<tr>\n<td colspan=\"2\"><span style=\"font-weight: 400;\">Implementaci\u00f3 dels PCI-I i recollida d\u2019evid\u00e8ncies<\/span><\/td>\n<\/tr>\n<tr>\n<td><span style=\"font-weight: 400;\">Sessi\u00f3 12<\/span><\/td>\n<td><span style=\"font-weight: 400;\">Compartim els projectes<\/span><\/td>\n<\/tr>\n<\/tbody>\n<\/table>\n<h6><\/h6>\n<p><span style=\"font-weight: 400;\">El producte final de la formaci\u00f3 de primer any consisteix en l\u2019elaboraci\u00f3 de projectes de comunicaci\u00f3 integrats de primer any o PCI-I, que cada equip docent del centre elabora de forma col\u00b7laborativa. Aquests projectes, que es programen conjuntament entre els docents de totes les lleng\u00fces i, opcionalment, amb la participaci\u00f3 de professorat d\u2019altres continguts, tenen com a eix com\u00fa un tipus un tema i un tipus de text que es concreta en un g\u00e8nere textual per a cada llengua. Els docents planifiquen conjuntament un projecte que consta de situacions d\u2019aprenentatge en cadascuna de les lleng\u00fces i que culmina en un producte final com\u00fa.<\/span><\/p>\n<p><span style=\"font-weight: 400;\">En finalitzar l\u2019any, els centres han de presentar la mem\u00f2ria anual del projecte. Per a aquesta tasca, al <a href=\"https:\/\/espai.educacio.gencat.cat\/Centres\/Innovacio-pedagogica\/Programes\/Pagines\/Informacio-convocatoria-PIN.aspx#!#h24\" target=\"_blank\" rel=\"noopener\">Portal de centre<\/a> hi ha disponibles les plantilles corresponents a cada curs, que cal completar i adjuntar a la mem\u00f2ria anual del centre.<\/span><\/p>\n<div style=\"width: 100%;\">\n<div style=\"position: relative; padding-bottom: 56.25%; padding-top: 0; height: 0;\"><iframe loading=\"lazy\" style=\"position: absolute; top: 0; left: 0; width: 100%; height: 100%;\" title=\"AVANCEM 1 2026-27\" src=\"https:\/\/view.genially.com\/69982c4662a5e7e8153e45f7\" width=\"1200\" height=\"675\" frameborder=\"0\" scrolling=\"yes\" allowfullscreen=\"allowfullscreen\"><\/iframe><\/div>\n<\/div>\n<p>&nbsp;<\/p>\n<p><!--a=1--><\/p>\n<p><!--a=1--><\/p>\n<p><!----comment node----><!--a=1--><\/p>\n<p><!----comment node----><!--a=1--><\/p>\n<p><!----comment node----><!--a=1--><\/p>\n","protected":false},"excerpt":{"rendered":"<p>Durant el primer any, els centres reben un assessorament de 15 hores de durada per al grup impulsor i una formaci\u00f3 metodol\u00f2gica per a tots els docents que participen en el programa de 45 hores de durada.<br \/>\nFormaci\u00f3 per al grup impulsor<br \/>\nL\u2019objectiu de l\u2019assessorament al grup&hellip;  <a href=\"https:\/\/projectes.xtec.cat\/avancem\/avancem-2\/avancem-1\/\" title=\"Read Avancem 1\">Llegeix m\u00e9s\u00bb<\/a><\/p>\n","protected":false},"author":1,"featured_media":0,"parent":9157,"menu_order":1,"comment_status":"closed","ping_status":"closed","template":"","meta":{"footnotes":""},"class_list":["post-9160","page","type-page","status-publish","hentry"],"post_mailing_queue_ids":[],"_links":{"self":[{"href":"https:\/\/projectes.xtec.cat\/avancem\/wp-json\/wp\/v2\/pages\/9160","targetHints":{"allow":["GET"]}}],"collection":[{"href":"https:\/\/projectes.xtec.cat\/avancem\/wp-json\/wp\/v2\/pages"}],"about":[{"href":"https:\/\/projectes.xtec.cat\/avancem\/wp-json\/wp\/v2\/types\/page"}],"author":[{"embeddable":true,"href":"https:\/\/projectes.xtec.cat\/avancem\/wp-json\/wp\/v2\/users\/1"}],"replies":[{"embeddable":true,"href":"https:\/\/projectes.xtec.cat\/avancem\/wp-json\/wp\/v2\/comments?post=9160"}],"version-history":[{"count":6,"href":"https:\/\/projectes.xtec.cat\/avancem\/wp-json\/wp\/v2\/pages\/9160\/revisions"}],"predecessor-version":[{"id":9776,"href":"https:\/\/projectes.xtec.cat\/avancem\/wp-json\/wp\/v2\/pages\/9160\/revisions\/9776"}],"up":[{"embeddable":true,"href":"https:\/\/projectes.xtec.cat\/avancem\/wp-json\/wp\/v2\/pages\/9157"}],"wp:attachment":[{"href":"https:\/\/projectes.xtec.cat\/avancem\/wp-json\/wp\/v2\/media?parent=9160"}],"curies":[{"name":"wp","href":"https:\/\/api.w.org\/{rel}","templated":true}]}}