{"id":9167,"date":"2023-01-25T13:16:25","date_gmt":"2023-01-25T12:16:25","guid":{"rendered":"https:\/\/projectes.xtec.cat\/avancem\/?page_id=9167"},"modified":"2024-11-12T11:58:03","modified_gmt":"2024-11-12T10:58:03","slug":"la-formacio-avancem-1","status":"publish","type":"page","link":"https:\/\/projectes.xtec.cat\/avancem\/avancem-2\/avancem-1\/la-formacio-avancem-1\/","title":{"rendered":"La formaci\u00f3 Avancem 1"},"content":{"rendered":"<div>\n<p>La formaci\u00f3 de primer any consta de dos tipus d&#8217;assessorament: per equips impulsors i per docents.<\/p>\n<p><strong><a href=\"https:\/\/projectes.xtec.cat\/avancem\/wp-content\/uploads\/usu2068\/2020\/01\/coworking.png\"><img loading=\"lazy\" decoding=\"async\" class=\"wp-image-8321 alignleft\" src=\"https:\/\/projectes.xtec.cat\/avancem\/wp-content\/uploads\/usu2068\/2020\/01\/coworking.png\" alt=\"\" width=\"184\" height=\"184\" srcset=\"https:\/\/projectes.xtec.cat\/avancem\/wp-content\/uploads\/usu2068\/2020\/01\/coworking.png 512w, https:\/\/projectes.xtec.cat\/avancem\/wp-content\/uploads\/usu2068\/2020\/01\/coworking-150x150.png 150w, https:\/\/projectes.xtec.cat\/avancem\/wp-content\/uploads\/usu2068\/2020\/01\/coworking-300x300.png 300w\" sizes=\"auto, (max-width: 184px) 100vw, 184px\" \/><\/a>EL GRUP IMPULSOR: Quines accions consensuaran?<\/strong><\/p>\n<p>Impulsar l\u2019acci\u00f3 coordinada dels membres del grup impulsor.<br \/>\nOrientar la diagnosi de la compet\u00e8ncia ling\u00fc\u00edstica al centre.<br \/>\nAjudar a establir la prioritat d\u2019actuaci\u00f3 del centre.<br \/>\nGuiar les accions per consolidar la coordinaci\u00f3 de les actuacions del programa.<br \/>\nAssessorar el grup impulsor en el disseny, revisi\u00f3 i seguiment d\u2019un pla d\u2019acci\u00f3.<br \/>\nFacilitar instruments per al seguiment, avaluaci\u00f3 i millora del projecte del centre.<\/p>\n\r\n\t<div class=\"slideshow_container slideshow_container_style-light\" style=\"height: 300px; \" data-slideshow-id=\"8307\" data-style-name=\"style-light\" data-style-version=\"2.3.1\" >\r\n\r\n\t\t\t\t\t<div class=\"slideshow_loading_icon\"><\/div>\r\n\t\t\r\n\t\t<div class=\"slideshow_content\" style=\"display: none;\">\r\n\r\n\t\t\t<div class=\"slideshow_view\">\r\n\t\t\t\t<div class=\"slideshow_slide slideshow_slide_image\">\r\n\t\t\t\t\t\t\t\t\t\t\t<img src=\"https:\/\/projectes.xtec.cat\/avancem\/wp-content\/uploads\/usu2068\/2020\/01\/IMG_20191010_141636.jpg\" alt=\"IMG_20191010_141636\" width=\"4160\" height=\"3120\" \/>\r\n\t\t\t\t\t\t\t\t\t\t<div class=\"slideshow_description_box slideshow_transparent\">\r\n\t\t\t\t\t\t<div class=\"slideshow_title\">IMG_20191010_141636<\/div>\t\t\t\t\t\t\t\t\t\t\t<\/div>\r\n\t\t\t\t<\/div>\r\n\r\n\t\t\t\t\t\t<div style=\"clear: both;\"><\/div><\/div><div class=\"slideshow_view\">\r\n\t\t\t\t<div class=\"slideshow_slide slideshow_slide_image\">\r\n\t\t\t\t\t\t\t\t\t\t\t<img src=\"https:\/\/projectes.xtec.cat\/avancem\/wp-content\/uploads\/usu2068\/2020\/01\/5.png\" alt=\"5\" width=\"666\" height=\"435\" \/>\r\n\t\t\t\t\t\t\t\t\t\t<div class=\"slideshow_description_box slideshow_transparent\">\r\n\t\t\t\t\t\t<div class=\"slideshow_title\">5<\/div>\t\t\t\t\t\t\t\t\t\t\t<\/div>\r\n\t\t\t\t<\/div>\r\n\r\n\t\t\t\t\t\t<div style=\"clear: both;\"><\/div><\/div><div class=\"slideshow_view\">\r\n\t\t\t\t<div class=\"slideshow_slide slideshow_slide_image\">\r\n\t\t\t\t\t\t\t\t\t\t\t<img src=\"https:\/\/projectes.xtec.cat\/avancem\/wp-content\/uploads\/usu2068\/2020\/01\/4.png\" alt=\"4\" width=\"784\" height=\"588\" \/>\r\n\t\t\t\t\t\t\t\t\t\t<div class=\"slideshow_description_box slideshow_transparent\">\r\n\t\t\t\t\t\t<div class=\"slideshow_title\">4<\/div>\t\t\t\t\t\t\t\t\t\t\t<\/div>\r\n\t\t\t\t<\/div>\r\n\r\n\t\t\t\t\t\t<div style=\"clear: both;\"><\/div><\/div><div class=\"slideshow_view\">\r\n\t\t\t\t<div class=\"slideshow_slide slideshow_slide_image\">\r\n\t\t\t\t\t\t\t\t\t\t\t<img src=\"https:\/\/projectes.xtec.cat\/avancem\/wp-content\/uploads\/usu2068\/2020\/01\/3.png\" alt=\"3\" width=\"496\" height=\"696\" \/>\r\n\t\t\t\t\t\t\t\t\t\t<div class=\"slideshow_description_box slideshow_transparent\">\r\n\t\t\t\t\t\t<div class=\"slideshow_title\">3<\/div>\t\t\t\t\t\t\t\t\t\t\t<\/div>\r\n\t\t\t\t<\/div>\r\n\r\n\t\t\t\t\t\t<div style=\"clear: both;\"><\/div><\/div><div class=\"slideshow_view\">\r\n\t\t\t\t<div class=\"slideshow_slide slideshow_slide_image\">\r\n\t\t\t\t\t\t\t\t\t\t\t<img src=\"https:\/\/projectes.xtec.cat\/avancem\/wp-content\/uploads\/usu2068\/2020\/01\/2.png\" alt=\"2\" width=\"424\" height=\"688\" \/>\r\n\t\t\t\t\t\t\t\t\t\t<div class=\"slideshow_description_box slideshow_transparent\">\r\n\t\t\t\t\t\t<div class=\"slideshow_title\">2<\/div>\t\t\t\t\t\t\t\t\t\t\t<\/div>\r\n\t\t\t\t<\/div>\r\n\r\n\t\t\t\t\t\t<div style=\"clear: both;\"><\/div><\/div><div class=\"slideshow_view\">\r\n\t\t\t\t<div class=\"slideshow_slide slideshow_slide_image\">\r\n\t\t\t\t\t\t\t\t\t\t\t<img src=\"https:\/\/projectes.xtec.cat\/avancem\/wp-content\/uploads\/usu2068\/2020\/01\/1.png\" alt=\"1\" width=\"484\" height=\"430\" \/>\r\n\t\t\t\t\t\t\t\t\t\t<div class=\"slideshow_description_box slideshow_transparent\">\r\n\t\t\t\t\t\t<div class=\"slideshow_title\">1<\/div>\t\t\t\t\t\t\t\t\t\t\t<\/div>\r\n\t\t\t\t<\/div>\r\n\r\n\t\t\t\t\t\t<div style=\"clear: both;\"><\/div><\/div>\r\n\t\t<\/div>\r\n\r\n\t\t<div class=\"slideshow_controlPanel slideshow_transparent\" style=\"display: none;\"><ul><li class=\"slideshow_togglePlay\" data-play-text=\"Visualitza\" data-pause-text=\"Pausa\"><\/li><\/ul><\/div>\r\n\r\n\t\t<div class=\"slideshow_button slideshow_previous slideshow_transparent\" role=\"button\" data-previous-text=\"Anterior\" style=\"display: none;\"><\/div>\r\n\t\t<div class=\"slideshow_button slideshow_next slideshow_transparent\" role=\"button\" data-next-text=\"Seg\u00fcent\" style=\"display: none;\"><\/div>\r\n\r\n\t\t<div class=\"slideshow_pagination\" style=\"display: none;\" data-go-to-text=\"V\u00e9s a la diapositiva\"><div class=\"slideshow_pagination_center\"><\/div><\/div>\r\n\r\n\t\t<!-- WordPress Slideshow Version 2.3.1 -->\r\n\r\n\t\t\t<\/div>\r\n\r\n\n<p><strong>FORMACI\u00d3 DOCENTS: Quines accions es duran a terme?<a href=\"https:\/\/projectes.xtec.cat\/avancem\/wp-content\/uploads\/usu2068\/2020\/01\/playmobil-451203_1920.jpg\"><img loading=\"lazy\" decoding=\"async\" class=\"wp-image-8323 alignleft\" src=\"https:\/\/projectes.xtec.cat\/avancem\/wp-content\/uploads\/usu2068\/2020\/01\/playmobil-451203_1920-1024x768.jpg\" alt=\"\" width=\"207\" height=\"156\" srcset=\"https:\/\/projectes.xtec.cat\/avancem\/wp-content\/uploads\/usu2068\/2020\/01\/playmobil-451203_1920-1024x768.jpg 1024w, https:\/\/projectes.xtec.cat\/avancem\/wp-content\/uploads\/usu2068\/2020\/01\/playmobil-451203_1920-300x225.jpg 300w, https:\/\/projectes.xtec.cat\/avancem\/wp-content\/uploads\/usu2068\/2020\/01\/playmobil-451203_1920-768x576.jpg 768w, https:\/\/projectes.xtec.cat\/avancem\/wp-content\/uploads\/usu2068\/2020\/01\/playmobil-451203_1920-200x150.jpg 200w, https:\/\/projectes.xtec.cat\/avancem\/wp-content\/uploads\/usu2068\/2020\/01\/playmobil-451203_1920.jpg 1920w\" sizes=\"auto, (max-width: 207px) 100vw, 207px\" \/><\/a><\/strong><\/p>\n<p>Iniciar el professorat en el tractament integrat de les lleng\u00fces.<br \/>\nPromoure un ensenyament de les lleng\u00fces de car\u00e0cter competencial i integrador.<br \/>\nProporcionar als docents les estrat\u00e8gies necess\u00e0ries per al disseny de seq\u00fc\u00e8ncies did\u00e0ctiques i projectes de comunicaci\u00f3 integrats.<br \/>\nAfavorir la coordinaci\u00f3 entre el professorat de llengua amb l\u2019objectiu de consensuar i planificar criteris d\u2019instrucci\u00f3 i avaluaci\u00f3.<\/p>\n<p>&nbsp;<\/p>\n<\/div>\n<div>\n\r\n\t<div class=\"slideshow_container slideshow_container_style-light\" style=\"height: 300px; \" data-slideshow-id=\"8295\" data-style-name=\"style-light\" data-style-version=\"2.3.1\" >\r\n\r\n\t\t\t\t\t<div class=\"slideshow_loading_icon\"><\/div>\r\n\t\t\r\n\t\t<div class=\"slideshow_content\" style=\"display: none;\">\r\n\r\n\t\t\t<div class=\"slideshow_view\">\r\n\t\t\t\t<div class=\"slideshow_slide slideshow_slide_image\">\r\n\t\t\t\t\t\t\t\t\t\t\t<img src=\"https:\/\/projectes.xtec.cat\/avancem\/wp-content\/uploads\/usu2068\/2020\/01\/IMG-20200123-WA0006.jpg\" alt=\"IMG-20200123-WA0006\" width=\"1600\" height=\"1200\" \/>\r\n\t\t\t\t\t\t\t\t\t\t<div class=\"slideshow_description_box slideshow_transparent\">\r\n\t\t\t\t\t\t<div class=\"slideshow_title\">IMG-20200123-WA0006<\/div>\t\t\t\t\t\t\t\t\t\t\t<\/div>\r\n\t\t\t\t<\/div>\r\n\r\n\t\t\t\t\t\t<div style=\"clear: both;\"><\/div><\/div><div class=\"slideshow_view\">\r\n\t\t\t\t<div class=\"slideshow_slide slideshow_slide_image\">\r\n\t\t\t\t\t\t\t\t\t\t\t<img src=\"https:\/\/projectes.xtec.cat\/avancem\/wp-content\/uploads\/usu2068\/2020\/01\/IMG-20200123-WA0005.jpg\" alt=\"IMG-20200123-WA0005\" width=\"1600\" height=\"1200\" \/>\r\n\t\t\t\t\t\t\t\t\t\t<div class=\"slideshow_description_box slideshow_transparent\">\r\n\t\t\t\t\t\t<div class=\"slideshow_title\">IMG-20200123-WA0005<\/div>\t\t\t\t\t\t\t\t\t\t\t<\/div>\r\n\t\t\t\t<\/div>\r\n\r\n\t\t\t\t\t\t<div style=\"clear: both;\"><\/div><\/div><div class=\"slideshow_view\">\r\n\t\t\t\t<div class=\"slideshow_slide slideshow_slide_image\">\r\n\t\t\t\t\t\t\t\t\t\t\t<img src=\"https:\/\/projectes.xtec.cat\/avancem\/wp-content\/uploads\/usu2068\/2020\/01\/IMG-20200123-WA0004.jpg\" alt=\"IMG-20200123-WA0004\" width=\"1600\" height=\"1200\" \/>\r\n\t\t\t\t\t\t\t\t\t\t<div class=\"slideshow_description_box slideshow_transparent\">\r\n\t\t\t\t\t\t<div class=\"slideshow_title\">IMG-20200123-WA0004<\/div>\t\t\t\t\t\t\t\t\t\t\t<\/div>\r\n\t\t\t\t<\/div>\r\n\r\n\t\t\t\t\t\t<div style=\"clear: both;\"><\/div><\/div><div class=\"slideshow_view\">\r\n\t\t\t\t<div class=\"slideshow_slide slideshow_slide_image\">\r\n\t\t\t\t\t\t\t\t\t\t\t<img src=\"https:\/\/projectes.xtec.cat\/avancem\/wp-content\/uploads\/usu2068\/2020\/01\/IMG-20200123-WA0003.jpg\" alt=\"IMG-20200123-WA0003\" width=\"1600\" height=\"1200\" \/>\r\n\t\t\t\t\t\t\t\t\t\t<div class=\"slideshow_description_box slideshow_transparent\">\r\n\t\t\t\t\t\t<div class=\"slideshow_title\">IMG-20200123-WA0003<\/div>\t\t\t\t\t\t\t\t\t\t\t<\/div>\r\n\t\t\t\t<\/div>\r\n\r\n\t\t\t\t\t\t<div style=\"clear: both;\"><\/div><\/div><div class=\"slideshow_view\">\r\n\t\t\t\t<div class=\"slideshow_slide slideshow_slide_image\">\r\n\t\t\t\t\t\t\t\t\t\t\t<img src=\"https:\/\/projectes.xtec.cat\/avancem\/wp-content\/uploads\/usu2068\/2020\/01\/IMG-20200123-WA0002.jpg\" alt=\"IMG-20200123-WA0002\" width=\"1600\" height=\"1200\" \/>\r\n\t\t\t\t\t\t\t\t\t\t<div class=\"slideshow_description_box slideshow_transparent\">\r\n\t\t\t\t\t\t<div class=\"slideshow_title\">IMG-20200123-WA0002<\/div>\t\t\t\t\t\t\t\t\t\t\t<\/div>\r\n\t\t\t\t<\/div>\r\n\r\n\t\t\t\t\t\t<div style=\"clear: both;\"><\/div><\/div><div class=\"slideshow_view\">\r\n\t\t\t\t<div class=\"slideshow_slide slideshow_slide_image\">\r\n\t\t\t\t\t\t\t\t\t\t\t<img src=\"https:\/\/projectes.xtec.cat\/avancem\/wp-content\/uploads\/usu2068\/2020\/01\/IMG-20200123-WA0000.jpg\" alt=\"IMG-20200123-WA0000\" width=\"1600\" height=\"1200\" \/>\r\n\t\t\t\t\t\t\t\t\t\t<div class=\"slideshow_description_box slideshow_transparent\">\r\n\t\t\t\t\t\t<div class=\"slideshow_title\">IMG-20200123-WA0000<\/div>\t\t\t\t\t\t\t\t\t\t\t<\/div>\r\n\t\t\t\t<\/div>\r\n\r\n\t\t\t\t\t\t<div style=\"clear: both;\"><\/div><\/div><div class=\"slideshow_view\">\r\n\t\t\t\t<div class=\"slideshow_slide slideshow_slide_image\">\r\n\t\t\t\t\t\t\t\t\t\t\t<img src=\"https:\/\/projectes.xtec.cat\/avancem\/wp-content\/uploads\/usu2068\/2020\/01\/pont-suert5.jpg\" alt=\"pont suert5\" width=\"1600\" height=\"1200\" \/>\r\n\t\t\t\t\t\t\t\t\t\t<div class=\"slideshow_description_box slideshow_transparent\">\r\n\t\t\t\t\t\t<div class=\"slideshow_title\">pont suert5<\/div>\t\t\t\t\t\t\t\t\t\t\t<\/div>\r\n\t\t\t\t<\/div>\r\n\r\n\t\t\t\t\t\t<div style=\"clear: both;\"><\/div><\/div><div class=\"slideshow_view\">\r\n\t\t\t\t<div class=\"slideshow_slide slideshow_slide_image\">\r\n\t\t\t\t\t\t\t\t\t\t\t<img src=\"https:\/\/projectes.xtec.cat\/avancem\/wp-content\/uploads\/usu2068\/2020\/01\/pont-suert4.jpg\" alt=\"pont suert4\" width=\"1600\" height=\"1200\" \/>\r\n\t\t\t\t\t\t\t\t\t\t<div class=\"slideshow_description_box slideshow_transparent\">\r\n\t\t\t\t\t\t<div class=\"slideshow_title\">pont suert4<\/div>\t\t\t\t\t\t\t\t\t\t\t<\/div>\r\n\t\t\t\t<\/div>\r\n\r\n\t\t\t\t\t\t<div style=\"clear: both;\"><\/div><\/div><div class=\"slideshow_view\">\r\n\t\t\t\t<div class=\"slideshow_slide slideshow_slide_image\">\r\n\t\t\t\t\t\t\t\t\t\t\t<img src=\"https:\/\/projectes.xtec.cat\/avancem\/wp-content\/uploads\/usu2068\/2020\/01\/pont-suert3.jpg\" alt=\"pont suert3\" width=\"1600\" height=\"1200\" \/>\r\n\t\t\t\t\t\t\t\t\t\t<div class=\"slideshow_description_box slideshow_transparent\">\r\n\t\t\t\t\t\t<div class=\"slideshow_title\">pont suert3<\/div>\t\t\t\t\t\t\t\t\t\t\t<\/div>\r\n\t\t\t\t<\/div>\r\n\r\n\t\t\t\t\t\t<div style=\"clear: both;\"><\/div><\/div><div class=\"slideshow_view\">\r\n\t\t\t\t<div class=\"slideshow_slide slideshow_slide_image\">\r\n\t\t\t\t\t\t\t\t\t\t\t<img src=\"https:\/\/projectes.xtec.cat\/avancem\/wp-content\/uploads\/usu2068\/2020\/01\/pont-suert2.jpg\" alt=\"pont suert2\" width=\"1600\" height=\"1200\" \/>\r\n\t\t\t\t\t\t\t\t\t\t<div class=\"slideshow_description_box slideshow_transparent\">\r\n\t\t\t\t\t\t<div class=\"slideshow_title\">pont suert2<\/div>\t\t\t\t\t\t\t\t\t\t\t<\/div>\r\n\t\t\t\t<\/div>\r\n\r\n\t\t\t\t\t\t<div style=\"clear: both;\"><\/div><\/div><div class=\"slideshow_view\">\r\n\t\t\t\t<div class=\"slideshow_slide slideshow_slide_image\">\r\n\t\t\t\t\t\t\t\t\t\t\t<img src=\"https:\/\/projectes.xtec.cat\/avancem\/wp-content\/uploads\/usu2068\/2020\/01\/pont-suert1.jpg\" alt=\"pont suert1\" width=\"1200\" height=\"1600\" \/>\r\n\t\t\t\t\t\t\t\t\t\t<div class=\"slideshow_description_box slideshow_transparent\">\r\n\t\t\t\t\t\t<div class=\"slideshow_title\">pont suert1<\/div>\t\t\t\t\t\t\t\t\t\t\t<\/div>\r\n\t\t\t\t<\/div>\r\n\r\n\t\t\t\t\t\t<div style=\"clear: both;\"><\/div><\/div>\r\n\t\t<\/div>\r\n\r\n\t\t<div class=\"slideshow_controlPanel slideshow_transparent\" style=\"display: none;\"><ul><li class=\"slideshow_togglePlay\" data-play-text=\"Visualitza\" data-pause-text=\"Pausa\"><\/li><\/ul><\/div>\r\n\r\n\t\t<div class=\"slideshow_button slideshow_previous slideshow_transparent\" role=\"button\" data-previous-text=\"Anterior\" style=\"display: none;\"><\/div>\r\n\t\t<div class=\"slideshow_button slideshow_next slideshow_transparent\" role=\"button\" data-next-text=\"Seg\u00fcent\" style=\"display: none;\"><\/div>\r\n\r\n\t\t<div class=\"slideshow_pagination\" style=\"display: none;\" data-go-to-text=\"V\u00e9s a la diapositiva\"><div class=\"slideshow_pagination_center\"><\/div><\/div>\r\n\r\n\t\t<!-- WordPress Slideshow Version 2.3.1 -->\r\n\r\n\t\t\t<\/div>\r\n\r\n\n<\/div>\n","protected":false},"excerpt":{"rendered":"<p>La formaci\u00f3 de primer any consta de dos tipus d&#8217;assessorament: per equips impulsors i per docents.<br \/>\n<a href=\"https:\/\/projectes.xtec.cat\/avancem\/wp-content\/uploads\/usu2068\/2020\/01\/coworking.png\"><\/a>EL GRUP IMPULSOR: Quines accions consensuaran?<br \/>\nImpulsar l\u2019acci\u00f3 coordinada dels membres del grup impulsor.<br \/>\nOrientar la diagnosi de la compet\u00e8ncia ling\u00fc\u00edstica al centre.<br \/>\nAjudar a establir la prioritat d\u2019actuaci\u00f3 del centre.<br \/>\nGuiar les&hellip;  <a href=\"https:\/\/projectes.xtec.cat\/avancem\/avancem-2\/avancem-1\/la-formacio-avancem-1\/\" title=\"Read La formaci\u00f3 Avancem 1\">Llegeix m\u00e9s\u00bb<\/a><\/p>\n","protected":false},"author":1,"featured_media":0,"parent":9160,"menu_order":0,"comment_status":"closed","ping_status":"closed","template":"","meta":{"_bbp_topic_count":0,"_bbp_reply_count":0,"_bbp_total_topic_count":0,"_bbp_total_reply_count":0,"_bbp_voice_count":0,"_bbp_anonymous_reply_count":0,"_bbp_topic_count_hidden":0,"_bbp_reply_count_hidden":0,"_bbp_forum_subforum_count":0,"footnotes":""},"class_list":["post-9167","page","type-page","status-publish","hentry"],"post_mailing_queue_ids":[],"_links":{"self":[{"href":"https:\/\/projectes.xtec.cat\/avancem\/wp-json\/wp\/v2\/pages\/9167","targetHints":{"allow":["GET"]}}],"collection":[{"href":"https:\/\/projectes.xtec.cat\/avancem\/wp-json\/wp\/v2\/pages"}],"about":[{"href":"https:\/\/projectes.xtec.cat\/avancem\/wp-json\/wp\/v2\/types\/page"}],"author":[{"embeddable":true,"href":"https:\/\/projectes.xtec.cat\/avancem\/wp-json\/wp\/v2\/users\/1"}],"replies":[{"embeddable":true,"href":"https:\/\/projectes.xtec.cat\/avancem\/wp-json\/wp\/v2\/comments?post=9167"}],"version-history":[{"count":3,"href":"https:\/\/projectes.xtec.cat\/avancem\/wp-json\/wp\/v2\/pages\/9167\/revisions"}],"predecessor-version":[{"id":9528,"href":"https:\/\/projectes.xtec.cat\/avancem\/wp-json\/wp\/v2\/pages\/9167\/revisions\/9528"}],"up":[{"embeddable":true,"href":"https:\/\/projectes.xtec.cat\/avancem\/wp-json\/wp\/v2\/pages\/9160"}],"wp:attachment":[{"href":"https:\/\/projectes.xtec.cat\/avancem\/wp-json\/wp\/v2\/media?parent=9167"}],"curies":[{"name":"wp","href":"https:\/\/api.w.org\/{rel}","templated":true}]}}