{"id":9169,"date":"2023-01-25T13:16:49","date_gmt":"2023-01-25T12:16:49","guid":{"rendered":"https:\/\/projectes.xtec.cat\/avancem\/?page_id=9169"},"modified":"2026-04-24T10:16:27","modified_gmt":"2026-04-24T08:16:27","slug":"materials-de-referencia-2","status":"publish","type":"page","link":"https:\/\/projectes.xtec.cat\/avancem\/avancem-2\/materials-de-referencia-2\/","title":{"rendered":"Materials de refer\u00e8ncia"},"content":{"rendered":"<p><span style=\"font-weight: 400;\">Aquest apartat \u00e9s un banc de materials de refer\u00e8ncia on hi podeu trobar exemples de <strong>Projectes de comunicaci\u00f3 integrats (PCI-I i PCI-II)<\/strong>.<\/span><\/p>\n<p><a href=\"https:\/\/projectes.xtec.cat\/avancem\/wp-content\/uploads\/usu2068\/2020\/11\/Mou-te_en_bici_PROJECTE_S.pdf\" target=\"_blank\" rel=\"noopener\">Mou-te en bici! CS de Prim\u00e0ria (PCI S)<\/a><\/p>\n<p><a href=\"https:\/\/projectes.xtec.cat\/avancem\/wp-content\/uploads\/usu2068\/2020\/11\/Mou-te-en-bici-retallat.jpg\"><img loading=\"lazy\" decoding=\"async\" class=\"alignnone wp-image-9497\" src=\"https:\/\/projectes.xtec.cat\/avancem\/wp-content\/uploads\/usu2068\/2020\/11\/Mou-te-en-bici-retallat.jpg\" alt=\"\" width=\"306\" height=\"216\" srcset=\"https:\/\/projectes.xtec.cat\/avancem\/wp-content\/uploads\/usu2068\/2020\/11\/Mou-te-en-bici-retallat.jpg 902w, https:\/\/projectes.xtec.cat\/avancem\/wp-content\/uploads\/usu2068\/2020\/11\/Mou-te-en-bici-retallat-300x212.jpg 300w, https:\/\/projectes.xtec.cat\/avancem\/wp-content\/uploads\/usu2068\/2020\/11\/Mou-te-en-bici-retallat-768x543.jpg 768w\" sizes=\"auto, (max-width: 306px) 100vw, 306px\" \/><\/a><\/p>\n<p><a href=\"https:\/\/projectes.xtec.cat\/avancem\/wp-content\/uploads\/usu2068\/2023\/12\/PCI-S-Educacio-basica-AV2-2023-24-Que-hi-fa-una-maleta-a-la-porta.pdf\" target=\"_blank\" rel=\"noopener\">PCI-S- Educaci\u00f3 b\u00e0sica AV2 2023-24 &#8211; Qu\u00e8 hi fa una maleta a la porta? 4ESO<\/a><\/p>\n<p><a href=\"https:\/\/projectes.xtec.cat\/avancem\/wp-content\/uploads\/usu2068\/2020\/11\/PCI-S_Qu%C3%A8-hi-fa-una-maleta-a-la-porta.pdf\"><img loading=\"lazy\" decoding=\"async\" class=\"alignnone size-medium wp-image-8727\" src=\"https:\/\/projectes.xtec.cat\/avancem\/wp-content\/uploads\/usu2068\/2020\/11\/Qu\u00e8-hi-fa-una-maleta-a-la-porta-300x212.png\" alt=\"\" width=\"300\" height=\"212\" srcset=\"https:\/\/projectes.xtec.cat\/avancem\/wp-content\/uploads\/usu2068\/2020\/11\/Qu\u00e8-hi-fa-una-maleta-a-la-porta-300x212.png 300w, https:\/\/projectes.xtec.cat\/avancem\/wp-content\/uploads\/usu2068\/2020\/11\/Qu\u00e8-hi-fa-una-maleta-a-la-porta-768x543.png 768w, https:\/\/projectes.xtec.cat\/avancem\/wp-content\/uploads\/usu2068\/2020\/11\/Qu\u00e8-hi-fa-una-maleta-a-la-porta-1024x724.png 1024w, https:\/\/projectes.xtec.cat\/avancem\/wp-content\/uploads\/usu2068\/2020\/11\/Qu\u00e8-hi-fa-una-maleta-a-la-porta.png 1123w\" sizes=\"auto, (max-width: 300px) 100vw, 300px\" \/><\/a><\/p>\n<p><a href=\"https:\/\/projectes.xtec.cat\/avancem\/wp-content\/uploads\/usu2068\/2020\/11\/FSD-Educacio-basica-AV1-2023-24-I-tu-que-hi-pots-fer.pdf\" target=\"_blank\" rel=\"noopener\">\u00a0I tu qu\u00e8 hi pots fer? 3r d&#8217;ESO (FSD)\u00a0<\/a><\/p>\n<p><a href=\"https:\/\/projectes.xtec.cat\/avancem\/wp-content\/uploads\/usu2068\/2020\/11\/i-tu-que-hi-pots-fer-retallat.jpg\"><img loading=\"lazy\" decoding=\"async\" class=\"alignnone wp-image-9495\" src=\"https:\/\/projectes.xtec.cat\/avancem\/wp-content\/uploads\/usu2068\/2020\/11\/i-tu-que-hi-pots-fer-retallat.jpg\" alt=\"\" width=\"298\" height=\"214\" srcset=\"https:\/\/projectes.xtec.cat\/avancem\/wp-content\/uploads\/usu2068\/2020\/11\/i-tu-que-hi-pots-fer-retallat.jpg 1002w, https:\/\/projectes.xtec.cat\/avancem\/wp-content\/uploads\/usu2068\/2020\/11\/i-tu-que-hi-pots-fer-retallat-300x216.jpg 300w, https:\/\/projectes.xtec.cat\/avancem\/wp-content\/uploads\/usu2068\/2020\/11\/i-tu-que-hi-pots-fer-retallat-768x552.jpg 768w\" sizes=\"auto, (max-width: 298px) 100vw, 298px\" \/><\/a><\/p>\n<p><a href=\"https:\/\/projectes.xtec.cat\/avancem\/wp-content\/uploads\/usu2068\/2023\/12\/PCI-XL-Educacio-basica-AV2-2023-24-Un-mon-ple-de-dones.pdf\" target=\"_blank\" rel=\"noopener\">PCI-XL- Educaci\u00f3 b\u00e0sica AV2 2023-24 &#8211; Un m\u00f3n ple de dones. 3ESO<\/a><\/p>\n<p><a href=\"https:\/\/projectes.xtec.cat\/avancem\/wp-content\/uploads\/usu2068\/2020\/11\/PCI-XL_Un-m\u00f3n-ple-de-dones-.pdf\"><img loading=\"lazy\" decoding=\"async\" class=\"alignnone size-medium wp-image-8725\" src=\"https:\/\/projectes.xtec.cat\/avancem\/wp-content\/uploads\/usu2068\/2020\/11\/un-m\u00f3n-ple-de-dones-300x212.png\" alt=\"\" width=\"300\" height=\"212\" srcset=\"https:\/\/projectes.xtec.cat\/avancem\/wp-content\/uploads\/usu2068\/2020\/11\/un-m\u00f3n-ple-de-dones-300x212.png 300w, https:\/\/projectes.xtec.cat\/avancem\/wp-content\/uploads\/usu2068\/2020\/11\/un-m\u00f3n-ple-de-dones-768x543.png 768w, https:\/\/projectes.xtec.cat\/avancem\/wp-content\/uploads\/usu2068\/2020\/11\/un-m\u00f3n-ple-de-dones-1024x724.png 1024w, https:\/\/projectes.xtec.cat\/avancem\/wp-content\/uploads\/usu2068\/2020\/11\/un-m\u00f3n-ple-de-dones.png 1123w\" sizes=\"auto, (max-width: 300px) 100vw, 300px\" \/><\/a><\/p>\n<p><!--a=1--><\/p>\n<p><!--a=1--><\/p>\n<p><!--a=1--><\/p>\n<p><!--a=1--><\/p>\n<p><!--a=1--><\/p>\n<p><!--a=1--><\/p>\n","protected":false},"excerpt":{"rendered":"<p>Aquest apartat \u00e9s un banc de materials de refer\u00e8ncia on hi podeu trobar exemples de Projectes de comunicaci\u00f3 integrats (PCI-I i PCI-II).<br \/>\n<a href=\"https:\/\/projectes.xtec.cat\/avancem\/wp-content\/uploads\/usu2068\/2020\/11\/Mou-te_en_bici_PROJECTE_S.pdf\" target=\"_blank\" rel=\"noopener\">Mou-te en bici! CS de Prim\u00e0ria (PCI S)<\/a><br \/>\n<a href=\"https:\/\/projectes.xtec.cat\/avancem\/wp-content\/uploads\/usu2068\/2020\/11\/Mou-te-en-bici-retallat.jpg\"><\/a><br \/>\n<a href=\"https:\/\/projectes.xtec.cat\/avancem\/wp-content\/uploads\/usu2068\/2023\/12\/PCI-S-Educacio-basica-AV2-2023-24-Que-hi-fa-una-maleta-a-la-porta.pdf\" target=\"_blank\" rel=\"noopener\">PCI-S- Educaci\u00f3 b\u00e0sica AV2 2023-24 &#8211; Qu\u00e8 hi fa una&hellip;  <a href=\"https:\/\/projectes.xtec.cat\/avancem\/avancem-2\/materials-de-referencia-2\/\" title=\"Read Materials de refer\u00e8ncia\">Llegeix m\u00e9s\u00bb<\/a><\/p>\n","protected":false},"author":1,"featured_media":0,"parent":9157,"menu_order":4,"comment_status":"closed","ping_status":"closed","template":"page-templates\/side-menu.php","meta":{"footnotes":""},"class_list":["post-9169","page","type-page","status-publish","hentry"],"post_mailing_queue_ids":[],"_links":{"self":[{"href":"https:\/\/projectes.xtec.cat\/avancem\/wp-json\/wp\/v2\/pages\/9169","targetHints":{"allow":["GET"]}}],"collection":[{"href":"https:\/\/projectes.xtec.cat\/avancem\/wp-json\/wp\/v2\/pages"}],"about":[{"href":"https:\/\/projectes.xtec.cat\/avancem\/wp-json\/wp\/v2\/types\/page"}],"author":[{"embeddable":true,"href":"https:\/\/projectes.xtec.cat\/avancem\/wp-json\/wp\/v2\/users\/1"}],"replies":[{"embeddable":true,"href":"https:\/\/projectes.xtec.cat\/avancem\/wp-json\/wp\/v2\/comments?post=9169"}],"version-history":[{"count":7,"href":"https:\/\/projectes.xtec.cat\/avancem\/wp-json\/wp\/v2\/pages\/9169\/revisions"}],"predecessor-version":[{"id":9765,"href":"https:\/\/projectes.xtec.cat\/avancem\/wp-json\/wp\/v2\/pages\/9169\/revisions\/9765"}],"up":[{"embeddable":true,"href":"https:\/\/projectes.xtec.cat\/avancem\/wp-json\/wp\/v2\/pages\/9157"}],"wp:attachment":[{"href":"https:\/\/projectes.xtec.cat\/avancem\/wp-json\/wp\/v2\/media?parent=9169"}],"curies":[{"name":"wp","href":"https:\/\/api.w.org\/{rel}","templated":true}]}}