{"id":9179,"date":"2023-01-25T13:22:23","date_gmt":"2023-01-25T12:22:23","guid":{"rendered":"https:\/\/projectes.xtec.cat\/avancem\/?page_id=9179"},"modified":"2023-01-25T13:22:23","modified_gmt":"2023-01-25T12:22:23","slug":"memoria-final","status":"publish","type":"page","link":"https:\/\/projectes.xtec.cat\/avancem\/avancem-2\/avancem-3\/memoria-final\/","title":{"rendered":"Mem\u00f2ria final"},"content":{"rendered":"<p>En finalitzar la formaci\u00f3 AVANCEM, el centre ha d&#8217;elaborar una mem\u00f2ria final. Trobareu el document per omplir al &#8220;<a href=\"http:\/\/educacio.gencat.cat\/portal\/page\/portal\/EducacioIntranet\/Inici\/PortalCentres\/pcInnovacioPedagogica\/Detall?p_proc=80801\">portal de centre<\/a>&#8220;.<\/p>\n<p><a href=\"https:\/\/projectes.xtec.cat\/avancem\/wp-content\/uploads\/usu2068\/2020\/01\/memo-2.png\"><img loading=\"lazy\" decoding=\"async\" class=\"alignnone size-full wp-image-8422\" src=\"https:\/\/projectes.xtec.cat\/avancem\/wp-content\/uploads\/usu2068\/2020\/01\/memo-2.png\" alt=\"\" width=\"784\" height=\"341\" srcset=\"https:\/\/projectes.xtec.cat\/avancem\/wp-content\/uploads\/usu2068\/2020\/01\/memo-2.png 784w, https:\/\/projectes.xtec.cat\/avancem\/wp-content\/uploads\/usu2068\/2020\/01\/memo-2-300x130.png 300w, https:\/\/projectes.xtec.cat\/avancem\/wp-content\/uploads\/usu2068\/2020\/01\/memo-2-768x334.png 768w\" sizes=\"auto, (max-width: 784px) 100vw, 784px\" \/><\/a><\/p>\n<p>&nbsp;<\/p>\n<p>Aquest document ha de contenir la informaci\u00f3 detallada de les actuacions que s&#8217;han portat a terme durant els tres anys del programa.<\/p>\n<p>&nbsp;<\/p>\n<p>&nbsp;<\/p>\n","protected":false},"excerpt":{"rendered":"<p>En finalitzar la formaci\u00f3 AVANCEM, el centre ha d&#8217;elaborar una mem\u00f2ria final. Trobareu el document per omplir al &#8220;<a href=\"http:\/\/educacio.gencat.cat\/portal\/page\/portal\/EducacioIntranet\/Inici\/PortalCentres\/pcInnovacioPedagogica\/Detall?p_proc=80801\">portal de centre<\/a>&#8220;.<br \/>\n<a href=\"https:\/\/projectes.xtec.cat\/avancem\/wp-content\/uploads\/usu2068\/2020\/01\/memo-2.png\"><\/a><br \/>\n&nbsp;<br \/>\nAquest document ha de contenir la informaci\u00f3 detallada de les actuacions que s&#8217;han portat a terme durant els tres anys del programa.<br \/>\n&nbsp;<br \/>\n&nbsp;<\/p>\n","protected":false},"author":1,"featured_media":0,"parent":9165,"menu_order":0,"comment_status":"closed","ping_status":"closed","template":"","meta":{"_bbp_topic_count":0,"_bbp_reply_count":0,"_bbp_total_topic_count":0,"_bbp_total_reply_count":0,"_bbp_voice_count":0,"_bbp_anonymous_reply_count":0,"_bbp_topic_count_hidden":0,"_bbp_reply_count_hidden":0,"_bbp_forum_subforum_count":0,"footnotes":""},"class_list":["post-9179","page","type-page","status-publish","hentry"],"post_mailing_queue_ids":[],"_links":{"self":[{"href":"https:\/\/projectes.xtec.cat\/avancem\/wp-json\/wp\/v2\/pages\/9179","targetHints":{"allow":["GET"]}}],"collection":[{"href":"https:\/\/projectes.xtec.cat\/avancem\/wp-json\/wp\/v2\/pages"}],"about":[{"href":"https:\/\/projectes.xtec.cat\/avancem\/wp-json\/wp\/v2\/types\/page"}],"author":[{"embeddable":true,"href":"https:\/\/projectes.xtec.cat\/avancem\/wp-json\/wp\/v2\/users\/1"}],"replies":[{"embeddable":true,"href":"https:\/\/projectes.xtec.cat\/avancem\/wp-json\/wp\/v2\/comments?post=9179"}],"version-history":[{"count":1,"href":"https:\/\/projectes.xtec.cat\/avancem\/wp-json\/wp\/v2\/pages\/9179\/revisions"}],"predecessor-version":[{"id":9180,"href":"https:\/\/projectes.xtec.cat\/avancem\/wp-json\/wp\/v2\/pages\/9179\/revisions\/9180"}],"up":[{"embeddable":true,"href":"https:\/\/projectes.xtec.cat\/avancem\/wp-json\/wp\/v2\/pages\/9165"}],"wp:attachment":[{"href":"https:\/\/projectes.xtec.cat\/avancem\/wp-json\/wp\/v2\/media?parent=9179"}],"curies":[{"name":"wp","href":"https:\/\/api.w.org\/{rel}","templated":true}]}}