{"id":9508,"date":"2024-09-13T13:14:23","date_gmt":"2024-09-13T11:14:23","guid":{"rendered":"https:\/\/projectes.xtec.cat\/avancem\/?page_id=9508"},"modified":"2024-09-13T13:16:13","modified_gmt":"2024-09-13T11:16:13","slug":"materials-de-referencia-av1","status":"publish","type":"page","link":"https:\/\/projectes.xtec.cat\/avancem\/avancem-2\/avancem-1\/materials-de-referencia-av1\/","title":{"rendered":"Materials de refer\u00e8ncia AV1"},"content":{"rendered":"<p>Aquest apartat \u00e9s un banc de materials de refer\u00e8ncia on hi podeu trobar exemples de\u00a0<strong>Projectes de comunicaci\u00f3 integrats (PCI -S) i Fam\u00edlies de seq\u00fc\u00e8ncies did\u00e0ctiques (FSD)<\/strong><\/p>\n<p><a href=\"https:\/\/projectes.xtec.cat\/avancem\/wp-content\/uploads\/usu2068\/2020\/11\/Mou-te_en_bici_PROJECTE_S.pdf\">Mou-te en bici! CS de Prim\u00e0ria (PCI S)<\/a><\/p>\n<p><a href=\"https:\/\/projectes.xtec.cat\/avancem\/wp-content\/uploads\/usu2068\/2020\/11\/Mou-te-en-bici-retallat.jpg\"><img loading=\"lazy\" decoding=\"async\" class=\"alignnone wp-image-9497\" src=\"https:\/\/projectes.xtec.cat\/avancem\/wp-content\/uploads\/usu2068\/2020\/11\/Mou-te-en-bici-retallat.jpg\" alt=\"\" width=\"306\" height=\"216\" srcset=\"https:\/\/projectes.xtec.cat\/avancem\/wp-content\/uploads\/usu2068\/2020\/11\/Mou-te-en-bici-retallat.jpg 902w, https:\/\/projectes.xtec.cat\/avancem\/wp-content\/uploads\/usu2068\/2020\/11\/Mou-te-en-bici-retallat-300x212.jpg 300w, https:\/\/projectes.xtec.cat\/avancem\/wp-content\/uploads\/usu2068\/2020\/11\/Mou-te-en-bici-retallat-768x543.jpg 768w\" sizes=\"auto, (max-width: 306px) 100vw, 306px\" \/><\/a><\/p>\n<p><a href=\"https:\/\/projectes.xtec.cat\/avancem\/wp-content\/uploads\/usu2068\/2020\/11\/PCI-S_Qu\u00e8-hi-fa-una-maleta-a-la-porta.pdf\">Qu\u00e8 hi fa una maleta a la porta? 4t d&#8217;ESO (PCI S)<\/a><\/p>\n<p><a href=\"https:\/\/projectes.xtec.cat\/avancem\/wp-content\/uploads\/usu2068\/2020\/11\/PCI-S_Qu%C3%A8-hi-fa-una-maleta-a-la-porta.pdf\"><img loading=\"lazy\" decoding=\"async\" class=\"alignnone size-medium wp-image-8727\" src=\"https:\/\/projectes.xtec.cat\/avancem\/wp-content\/uploads\/usu2068\/2020\/11\/Qu\u00e8-hi-fa-una-maleta-a-la-porta-300x212.png\" alt=\"\" width=\"300\" height=\"212\" srcset=\"https:\/\/projectes.xtec.cat\/avancem\/wp-content\/uploads\/usu2068\/2020\/11\/Qu\u00e8-hi-fa-una-maleta-a-la-porta-300x212.png 300w, https:\/\/projectes.xtec.cat\/avancem\/wp-content\/uploads\/usu2068\/2020\/11\/Qu\u00e8-hi-fa-una-maleta-a-la-porta-768x543.png 768w, https:\/\/projectes.xtec.cat\/avancem\/wp-content\/uploads\/usu2068\/2020\/11\/Qu\u00e8-hi-fa-una-maleta-a-la-porta-1024x724.png 1024w, https:\/\/projectes.xtec.cat\/avancem\/wp-content\/uploads\/usu2068\/2020\/11\/Qu\u00e8-hi-fa-una-maleta-a-la-porta.png 1123w\" sizes=\"auto, (max-width: 300px) 100vw, 300px\" \/><\/a><\/p>\n<p><a href=\"https:\/\/projectes.xtec.cat\/avancem\/wp-content\/uploads\/usu2068\/2020\/11\/FSD-Educacio-basica-AV1-2023-24-I-tu-que-hi-pots-fer.pdf\">\u00a0I tu qu\u00e8 hi pots fer? 3r d&#8217;ESO (FSD)\u00a0<\/a><\/p>\n<p><a href=\"https:\/\/projectes.xtec.cat\/avancem\/wp-content\/uploads\/usu2068\/2020\/11\/i-tu-que-hi-pots-fer-retallat.jpg\"><img loading=\"lazy\" decoding=\"async\" class=\"alignnone wp-image-9495\" src=\"https:\/\/projectes.xtec.cat\/avancem\/wp-content\/uploads\/usu2068\/2020\/11\/i-tu-que-hi-pots-fer-retallat.jpg\" alt=\"\" width=\"298\" height=\"214\" srcset=\"https:\/\/projectes.xtec.cat\/avancem\/wp-content\/uploads\/usu2068\/2020\/11\/i-tu-que-hi-pots-fer-retallat.jpg 1002w, https:\/\/projectes.xtec.cat\/avancem\/wp-content\/uploads\/usu2068\/2020\/11\/i-tu-que-hi-pots-fer-retallat-300x216.jpg 300w, https:\/\/projectes.xtec.cat\/avancem\/wp-content\/uploads\/usu2068\/2020\/11\/i-tu-que-hi-pots-fer-retallat-768x552.jpg 768w\" sizes=\"auto, (max-width: 298px) 100vw, 298px\" \/><\/a><\/p>\n<p>&nbsp;<\/p>\n","protected":false},"excerpt":{"rendered":"<p>Aquest apartat \u00e9s un banc de materials de refer\u00e8ncia on hi podeu trobar exemples de\u00a0Projectes de comunicaci\u00f3 integrats (PCI -S) i Fam\u00edlies de seq\u00fc\u00e8ncies did\u00e0ctiques (FSD)<br \/>\n<a href=\"https:\/\/projectes.xtec.cat\/avancem\/wp-content\/uploads\/usu2068\/2020\/11\/Mou-te_en_bici_PROJECTE_S.pdf\">Mou-te en bici! CS de Prim\u00e0ria (PCI S)<\/a><br \/>\n<a href=\"https:\/\/projectes.xtec.cat\/avancem\/wp-content\/uploads\/usu2068\/2020\/11\/Mou-te-en-bici-retallat.jpg\"><\/a><br \/>\n<a href=\"https:\/\/projectes.xtec.cat\/avancem\/wp-content\/uploads\/usu2068\/2020\/11\/PCI-S_Qu\u00e8-hi-fa-una-maleta-a-la-porta.pdf\">Qu\u00e8 hi fa una maleta a la porta? 4t d&#8217;ESO&hellip;  <a href=\"https:\/\/projectes.xtec.cat\/avancem\/avancem-2\/avancem-1\/materials-de-referencia-av1\/\" title=\"Read Materials de refer\u00e8ncia AV1\">Llegeix m\u00e9s\u00bb<\/a><\/p>\n","protected":false},"author":1,"featured_media":0,"parent":9160,"menu_order":1,"comment_status":"closed","ping_status":"closed","template":"","meta":{"_bbp_topic_count":0,"_bbp_reply_count":0,"_bbp_total_topic_count":0,"_bbp_total_reply_count":0,"_bbp_voice_count":0,"_bbp_anonymous_reply_count":0,"_bbp_topic_count_hidden":0,"_bbp_reply_count_hidden":0,"_bbp_forum_subforum_count":0,"footnotes":""},"class_list":["post-9508","page","type-page","status-publish","hentry"],"post_mailing_queue_ids":[],"_links":{"self":[{"href":"https:\/\/projectes.xtec.cat\/avancem\/wp-json\/wp\/v2\/pages\/9508","targetHints":{"allow":["GET"]}}],"collection":[{"href":"https:\/\/projectes.xtec.cat\/avancem\/wp-json\/wp\/v2\/pages"}],"about":[{"href":"https:\/\/projectes.xtec.cat\/avancem\/wp-json\/wp\/v2\/types\/page"}],"author":[{"embeddable":true,"href":"https:\/\/projectes.xtec.cat\/avancem\/wp-json\/wp\/v2\/users\/1"}],"replies":[{"embeddable":true,"href":"https:\/\/projectes.xtec.cat\/avancem\/wp-json\/wp\/v2\/comments?post=9508"}],"version-history":[{"count":1,"href":"https:\/\/projectes.xtec.cat\/avancem\/wp-json\/wp\/v2\/pages\/9508\/revisions"}],"predecessor-version":[{"id":9509,"href":"https:\/\/projectes.xtec.cat\/avancem\/wp-json\/wp\/v2\/pages\/9508\/revisions\/9509"}],"up":[{"embeddable":true,"href":"https:\/\/projectes.xtec.cat\/avancem\/wp-json\/wp\/v2\/pages\/9160"}],"wp:attachment":[{"href":"https:\/\/projectes.xtec.cat\/avancem\/wp-json\/wp\/v2\/media?parent=9508"}],"curies":[{"name":"wp","href":"https:\/\/api.w.org\/{rel}","templated":true}]}}