{"id":10462,"date":"2022-09-30T10:18:28","date_gmt":"2022-09-30T08:18:28","guid":{"rendered":"https:\/\/projectes.xtec.cat\/barcelona-apren-ciencia\/?page_id=10462"},"modified":"2023-02-01T12:59:52","modified_gmt":"2023-02-01T11:59:52","slug":"calendari-10e-congres-de-ciencia","status":"publish","type":"page","link":"https:\/\/projectes.xtec.cat\/barcelona-apren-ciencia\/calendari-10e-congres-de-ciencia\/","title":{"rendered":"Calendari 10\u00e8 Congr\u00e9s de Ci\u00e8ncia"},"content":{"rendered":"<p>&nbsp;<\/p>\n<p><a href=\"https:\/\/projectes.xtec.cat\/barcelona-apren-ciencia\/wp-content\/uploads\/usu2041\/2023\/02\/Cronograma-curs-Congres-de-Ciencia.jpg\"><img loading=\"lazy\" decoding=\"async\" class=\"alignnone  wp-image-10775\" src=\"https:\/\/projectes.xtec.cat\/barcelona-apren-ciencia\/wp-content\/uploads\/usu2041\/2023\/02\/Cronograma-curs-Congres-de-Ciencia.jpg\" alt=\"\" width=\"1029\" height=\"579\" srcset=\"https:\/\/projectes.xtec.cat\/barcelona-apren-ciencia\/wp-content\/uploads\/usu2041\/2023\/02\/Cronograma-curs-Congres-de-Ciencia.jpg 1920w, https:\/\/projectes.xtec.cat\/barcelona-apren-ciencia\/wp-content\/uploads\/usu2041\/2023\/02\/Cronograma-curs-Congres-de-Ciencia-300x169.jpg 300w, https:\/\/projectes.xtec.cat\/barcelona-apren-ciencia\/wp-content\/uploads\/usu2041\/2023\/02\/Cronograma-curs-Congres-de-Ciencia-1024x576.jpg 1024w, https:\/\/projectes.xtec.cat\/barcelona-apren-ciencia\/wp-content\/uploads\/usu2041\/2023\/02\/Cronograma-curs-Congres-de-Ciencia-768x432.jpg 768w, https:\/\/projectes.xtec.cat\/barcelona-apren-ciencia\/wp-content\/uploads\/usu2041\/2023\/02\/Cronograma-curs-Congres-de-Ciencia-1536x864.jpg 1536w\" sizes=\"auto, (max-width: 1029px) 100vw, 1029px\" \/><\/a><\/p>\n","protected":false},"excerpt":{"rendered":"<p>&nbsp;<br \/>\n<a href=\"https:\/\/projectes.xtec.cat\/barcelona-apren-ciencia\/wp-content\/uploads\/usu2041\/2023\/02\/Cronograma-curs-Congres-de-Ciencia.jpg\"><\/a><\/p>\n","protected":false},"author":117,"featured_media":0,"parent":0,"menu_order":0,"comment_status":"closed","ping_status":"closed","template":"","meta":{"_bbp_topic_count":0,"_bbp_reply_count":0,"_bbp_total_topic_count":0,"_bbp_total_reply_count":0,"_bbp_voice_count":0,"_bbp_anonymous_reply_count":0,"_bbp_topic_count_hidden":0,"_bbp_reply_count_hidden":0,"_bbp_forum_subforum_count":0,"footnotes":""},"class_list":["post-10462","page","type-page","status-publish","hentry"],"post_mailing_queue_ids":[],"_links":{"self":[{"href":"https:\/\/projectes.xtec.cat\/barcelona-apren-ciencia\/wp-json\/wp\/v2\/pages\/10462","targetHints":{"allow":["GET"]}}],"collection":[{"href":"https:\/\/projectes.xtec.cat\/barcelona-apren-ciencia\/wp-json\/wp\/v2\/pages"}],"about":[{"href":"https:\/\/projectes.xtec.cat\/barcelona-apren-ciencia\/wp-json\/wp\/v2\/types\/page"}],"author":[{"embeddable":true,"href":"https:\/\/projectes.xtec.cat\/barcelona-apren-ciencia\/wp-json\/wp\/v2\/users\/117"}],"replies":[{"embeddable":true,"href":"https:\/\/projectes.xtec.cat\/barcelona-apren-ciencia\/wp-json\/wp\/v2\/comments?post=10462"}],"version-history":[{"count":4,"href":"https:\/\/projectes.xtec.cat\/barcelona-apren-ciencia\/wp-json\/wp\/v2\/pages\/10462\/revisions"}],"predecessor-version":[{"id":10777,"href":"https:\/\/projectes.xtec.cat\/barcelona-apren-ciencia\/wp-json\/wp\/v2\/pages\/10462\/revisions\/10777"}],"wp:attachment":[{"href":"https:\/\/projectes.xtec.cat\/barcelona-apren-ciencia\/wp-json\/wp\/v2\/media?parent=10462"}],"curies":[{"name":"wp","href":"https:\/\/api.w.org\/{rel}","templated":true}]}}