{"id":11392,"date":"2023-10-04T13:27:53","date_gmt":"2023-10-04T11:27:53","guid":{"rendered":"https:\/\/projectes.xtec.cat\/barcelona-apren-ciencia\/?page_id=11392"},"modified":"2024-10-03T12:42:43","modified_gmt":"2024-10-03T10:42:43","slug":"guia-pels-centres","status":"publish","type":"page","link":"https:\/\/projectes.xtec.cat\/barcelona-apren-ciencia\/guia-pels-centres\/","title":{"rendered":"Guia pels centres 11\u00e8 Congr\u00e9s de Ci\u00e8ncia"},"content":{"rendered":"<p><iframe loading=\"lazy\" src=\"https:\/\/docs.google.com\/presentation\/d\/e\/2PACX-1vQak2RRrHEws7rr_v1hLq7JTj4hBjbHymP3sdeu8Vw3ETOIGOmwjeVFi0yY9AlZfA\/embed?start=false&amp;loop=false&amp;delayms=3000\" width=\"1040\" height=\"749\" frameborder=\"0\" allowfullscreen=\"allowfullscreen\"><span data-mce-type=\"bookmark\" style=\"display: inline-block; width: 0px; overflow: hidden; line-height: 0;\" class=\"mce_SELRES_start\">\ufeff<\/span><\/iframe><\/p>\n","protected":false},"excerpt":{"rendered":"<p>\ufeff<\/p>\n","protected":false},"author":117,"featured_media":0,"parent":0,"menu_order":0,"comment_status":"closed","ping_status":"closed","template":"","meta":{"_bbp_topic_count":0,"_bbp_reply_count":0,"_bbp_total_topic_count":0,"_bbp_total_reply_count":0,"_bbp_voice_count":0,"_bbp_anonymous_reply_count":0,"_bbp_topic_count_hidden":0,"_bbp_reply_count_hidden":0,"_bbp_forum_subforum_count":0,"footnotes":""},"class_list":["post-11392","page","type-page","status-publish","hentry"],"post_mailing_queue_ids":[],"_links":{"self":[{"href":"https:\/\/projectes.xtec.cat\/barcelona-apren-ciencia\/wp-json\/wp\/v2\/pages\/11392","targetHints":{"allow":["GET"]}}],"collection":[{"href":"https:\/\/projectes.xtec.cat\/barcelona-apren-ciencia\/wp-json\/wp\/v2\/pages"}],"about":[{"href":"https:\/\/projectes.xtec.cat\/barcelona-apren-ciencia\/wp-json\/wp\/v2\/types\/page"}],"author":[{"embeddable":true,"href":"https:\/\/projectes.xtec.cat\/barcelona-apren-ciencia\/wp-json\/wp\/v2\/users\/117"}],"replies":[{"embeddable":true,"href":"https:\/\/projectes.xtec.cat\/barcelona-apren-ciencia\/wp-json\/wp\/v2\/comments?post=11392"}],"version-history":[{"count":6,"href":"https:\/\/projectes.xtec.cat\/barcelona-apren-ciencia\/wp-json\/wp\/v2\/pages\/11392\/revisions"}],"predecessor-version":[{"id":11997,"href":"https:\/\/projectes.xtec.cat\/barcelona-apren-ciencia\/wp-json\/wp\/v2\/pages\/11392\/revisions\/11997"}],"wp:attachment":[{"href":"https:\/\/projectes.xtec.cat\/barcelona-apren-ciencia\/wp-json\/wp\/v2\/media?parent=11392"}],"curies":[{"name":"wp","href":"https:\/\/api.w.org\/{rel}","templated":true}]}}