{"id":11918,"date":"2024-04-15T14:06:57","date_gmt":"2024-04-15T12:06:57","guid":{"rendered":"https:\/\/projectes.xtec.cat\/barcelona-apren-ciencia\/?page_id=11918"},"modified":"2024-04-18T12:23:21","modified_gmt":"2024-04-18T10:23:21","slug":"propostes","status":"publish","type":"page","link":"https:\/\/projectes.xtec.cat\/barcelona-apren-ciencia\/propostes\/","title":{"rendered":"La veu de l&#8217;alumnat"},"content":{"rendered":"<p>Durant tota la setmana de l&#8217;11\u00e8 Congr\u00e9s de ci\u00e8ncia, l&#8217;alumnat ha presentat els resultats de les seves recerques, les quals podeu veure a l&#8217;apartat <a href=\"https:\/\/projectes.xtec.cat\/barcelona-apren-ciencia\/categoria\/ponencies-2\/\">Pon\u00e8ncies<\/a>. A banda, molts centres ens han compartit <strong>idees i propostes per tenir cura dels mars i oceans, i del planeta en general.<\/strong> Mireu algunes de les propostes en les seg\u00fcents diapositives. Felicitats a tot l&#8217;alumnat i a tot el professorat per la implicaci\u00f3!<\/p>\n<p><img loading=\"lazy\" decoding=\"async\" class=\"alignnone wp-image-11935\" src=\"https:\/\/projectes.xtec.cat\/barcelona-apren-ciencia\/wp-content\/uploads\/usu2041\/2024\/04\/20-1-1024x576.jpg\" alt=\"\" width=\"674\" height=\"379\" srcset=\"https:\/\/projectes.xtec.cat\/barcelona-apren-ciencia\/wp-content\/uploads\/usu2041\/2024\/04\/20-1-1024x576.jpg 1024w, https:\/\/projectes.xtec.cat\/barcelona-apren-ciencia\/wp-content\/uploads\/usu2041\/2024\/04\/20-1-300x169.jpg 300w, https:\/\/projectes.xtec.cat\/barcelona-apren-ciencia\/wp-content\/uploads\/usu2041\/2024\/04\/20-1-768x432.jpg 768w, https:\/\/projectes.xtec.cat\/barcelona-apren-ciencia\/wp-content\/uploads\/usu2041\/2024\/04\/20-1-1536x864.jpg 1536w, https:\/\/projectes.xtec.cat\/barcelona-apren-ciencia\/wp-content\/uploads\/usu2041\/2024\/04\/20-1.jpg 1920w\" sizes=\"auto, (max-width: 674px) 100vw, 674px\" \/><\/p>\n<p><img loading=\"lazy\" decoding=\"async\" class=\"alignnone wp-image-11936\" src=\"https:\/\/projectes.xtec.cat\/barcelona-apren-ciencia\/wp-content\/uploads\/usu2041\/2024\/04\/21-1-1024x576.jpg\" alt=\"\" width=\"674\" height=\"379\" srcset=\"https:\/\/projectes.xtec.cat\/barcelona-apren-ciencia\/wp-content\/uploads\/usu2041\/2024\/04\/21-1-1024x576.jpg 1024w, https:\/\/projectes.xtec.cat\/barcelona-apren-ciencia\/wp-content\/uploads\/usu2041\/2024\/04\/21-1-300x169.jpg 300w, https:\/\/projectes.xtec.cat\/barcelona-apren-ciencia\/wp-content\/uploads\/usu2041\/2024\/04\/21-1-768x432.jpg 768w, https:\/\/projectes.xtec.cat\/barcelona-apren-ciencia\/wp-content\/uploads\/usu2041\/2024\/04\/21-1-1536x864.jpg 1536w, https:\/\/projectes.xtec.cat\/barcelona-apren-ciencia\/wp-content\/uploads\/usu2041\/2024\/04\/21-1.jpg 1920w\" sizes=\"auto, (max-width: 674px) 100vw, 674px\" \/><\/p>\n<p>&nbsp;<\/p>\n","protected":false},"excerpt":{"rendered":"<p>Durant tota la setmana de l&#8217;11\u00e8 Congr\u00e9s de ci\u00e8ncia, l&#8217;alumnat ha presentat els resultats de les seves recerques, les quals podeu veure a l&#8217;apartat <a href=\"https:\/\/projectes.xtec.cat\/barcelona-apren-ciencia\/categoria\/ponencies-2\/\">Pon\u00e8ncies<\/a>. A banda, molts centres ens han compartit idees i propostes per tenir cura dels mars i oceans, i del&hellip;  <a href=\"https:\/\/projectes.xtec.cat\/barcelona-apren-ciencia\/propostes\/\" title=\"Read La veu de l&#8217;alumnat\">Llegeix m\u00e9s\u00bb<\/a><\/p>\n","protected":false},"author":179,"featured_media":0,"parent":0,"menu_order":0,"comment_status":"closed","ping_status":"closed","template":"","meta":{"_bbp_topic_count":0,"_bbp_reply_count":0,"_bbp_total_topic_count":0,"_bbp_total_reply_count":0,"_bbp_voice_count":0,"_bbp_anonymous_reply_count":0,"_bbp_topic_count_hidden":0,"_bbp_reply_count_hidden":0,"_bbp_forum_subforum_count":0,"footnotes":""},"class_list":["post-11918","page","type-page","status-publish","hentry"],"post_mailing_queue_ids":[],"_links":{"self":[{"href":"https:\/\/projectes.xtec.cat\/barcelona-apren-ciencia\/wp-json\/wp\/v2\/pages\/11918","targetHints":{"allow":["GET"]}}],"collection":[{"href":"https:\/\/projectes.xtec.cat\/barcelona-apren-ciencia\/wp-json\/wp\/v2\/pages"}],"about":[{"href":"https:\/\/projectes.xtec.cat\/barcelona-apren-ciencia\/wp-json\/wp\/v2\/types\/page"}],"author":[{"embeddable":true,"href":"https:\/\/projectes.xtec.cat\/barcelona-apren-ciencia\/wp-json\/wp\/v2\/users\/179"}],"replies":[{"embeddable":true,"href":"https:\/\/projectes.xtec.cat\/barcelona-apren-ciencia\/wp-json\/wp\/v2\/comments?post=11918"}],"version-history":[{"count":6,"href":"https:\/\/projectes.xtec.cat\/barcelona-apren-ciencia\/wp-json\/wp\/v2\/pages\/11918\/revisions"}],"predecessor-version":[{"id":11938,"href":"https:\/\/projectes.xtec.cat\/barcelona-apren-ciencia\/wp-json\/wp\/v2\/pages\/11918\/revisions\/11938"}],"wp:attachment":[{"href":"https:\/\/projectes.xtec.cat\/barcelona-apren-ciencia\/wp-json\/wp\/v2\/media?parent=11918"}],"curies":[{"name":"wp","href":"https:\/\/api.w.org\/{rel}","templated":true}]}}