{"id":12119,"date":"2024-11-15T12:28:12","date_gmt":"2024-11-15T11:28:12","guid":{"rendered":"https:\/\/projectes.xtec.cat\/barcelona-apren-ciencia\/?page_id=12119"},"modified":"2024-11-15T12:32:06","modified_gmt":"2024-11-15T11:32:06","slug":"dissenyem-una-investigacio-genina-calafell","status":"publish","type":"page","link":"https:\/\/projectes.xtec.cat\/barcelona-apren-ciencia\/dissenyem-una-investigacio-genina-calafell\/","title":{"rendered":"Dissenyem una investigaci\u00f3-Genina Calafell"},"content":{"rendered":"<p><span class=\"OYPEnA font-feature-liga-off font-feature-clig-off font-feature-calt-off text-decoration-none text-strikethrough-none\">Si b\u00e9 hi ha diversitat de formes de programar una investigaci\u00f3 cient\u00edfica, us presentem un procediment que s\u2019inicia amb una proposta del Grup de Recerca Complex de la Universitat Aut\u00f2noma de Barcelona i que el Grup de Recerca EMA, el Grup d\u2019innovaci\u00f3 Educits de la Universitat de Barcelona i el Congr\u00e9s de Ci\u00e8ncia hem fet evolucionar per adaptar-lo al nou curr\u00edculum LOMLOE.<\/span><\/p>\n<p><iframe style=\"position: relative; width: 100%; height: 600px; max-height: 80vh; border: none; border-radius: 8px; padding: 0; margin: 0; overflow: hidden;\" src=\"https:\/\/www.canva.com\/design\/DAGWK5JYZMY\/P1WOeTM3AhzOgAcyrfnjgQ\/view?embed\" allowfullscreen=\"allowfullscreen\"> <\/iframe><\/p>\n<p>DESCARREGA EL DOCUMENT <a href=\"https:\/\/projectes.xtec.cat\/barcelona-apren-ciencia\/wp-content\/uploads\/usu2041\/2024\/11\/Soc-docent-com-puc-dissenyar-una-investigacio-cientifica-a-la-meva-escola.pdf\">Soc docent, com puc dissenyar una investigaci\u00f3 cient\u00edfica a la meva escola<\/a><\/p>\n","protected":false},"excerpt":{"rendered":"<p>Si b\u00e9 hi ha diversitat de formes de programar una investigaci\u00f3 cient\u00edfica, us presentem un procediment que s\u2019inicia amb una proposta del Grup de Recerca Complex de la Universitat Aut\u00f2noma de Barcelona i que el Grup de Recerca EMA, el Grup d\u2019innovaci\u00f3 Educits de la&hellip;  <a href=\"https:\/\/projectes.xtec.cat\/barcelona-apren-ciencia\/dissenyem-una-investigacio-genina-calafell\/\" title=\"Read Dissenyem una investigaci\u00f3-Genina Calafell\">Llegeix m\u00e9s\u00bb<\/a><\/p>\n","protected":false},"author":179,"featured_media":0,"parent":0,"menu_order":0,"comment_status":"closed","ping_status":"closed","template":"","meta":{"_bbp_topic_count":0,"_bbp_reply_count":0,"_bbp_total_topic_count":0,"_bbp_total_reply_count":0,"_bbp_voice_count":0,"_bbp_anonymous_reply_count":0,"_bbp_topic_count_hidden":0,"_bbp_reply_count_hidden":0,"_bbp_forum_subforum_count":0,"footnotes":""},"class_list":["post-12119","page","type-page","status-publish","hentry"],"post_mailing_queue_ids":[],"_links":{"self":[{"href":"https:\/\/projectes.xtec.cat\/barcelona-apren-ciencia\/wp-json\/wp\/v2\/pages\/12119","targetHints":{"allow":["GET"]}}],"collection":[{"href":"https:\/\/projectes.xtec.cat\/barcelona-apren-ciencia\/wp-json\/wp\/v2\/pages"}],"about":[{"href":"https:\/\/projectes.xtec.cat\/barcelona-apren-ciencia\/wp-json\/wp\/v2\/types\/page"}],"author":[{"embeddable":true,"href":"https:\/\/projectes.xtec.cat\/barcelona-apren-ciencia\/wp-json\/wp\/v2\/users\/179"}],"replies":[{"embeddable":true,"href":"https:\/\/projectes.xtec.cat\/barcelona-apren-ciencia\/wp-json\/wp\/v2\/comments?post=12119"}],"version-history":[{"count":6,"href":"https:\/\/projectes.xtec.cat\/barcelona-apren-ciencia\/wp-json\/wp\/v2\/pages\/12119\/revisions"}],"predecessor-version":[{"id":12142,"href":"https:\/\/projectes.xtec.cat\/barcelona-apren-ciencia\/wp-json\/wp\/v2\/pages\/12119\/revisions\/12142"}],"wp:attachment":[{"href":"https:\/\/projectes.xtec.cat\/barcelona-apren-ciencia\/wp-json\/wp\/v2\/media?parent=12119"}],"curies":[{"name":"wp","href":"https:\/\/api.w.org\/{rel}","templated":true}]}}