{"id":12655,"date":"2026-03-04T09:31:51","date_gmt":"2026-03-04T08:31:51","guid":{"rendered":"https:\/\/projectes.xtec.cat\/barcelona-apren-ciencia\/?page_id=12655"},"modified":"2026-04-07T09:47:43","modified_gmt":"2026-04-07T07:47:43","slug":"acte-13e-congres-de-ciencia-de-barcelona","status":"publish","type":"page","link":"https:\/\/projectes.xtec.cat\/barcelona-apren-ciencia\/acte-13e-congres-de-ciencia-de-barcelona\/","title":{"rendered":"Acte 13\u00e8 Congr\u00e9s de Ci\u00e8ncia de Barcelona"},"content":{"rendered":"\n<div class=\"wp-block-getwid-tabs\" data-active-tab=\"0\"><ul class=\"wp-block-getwid-tabs__nav-links\"><\/ul>\n<div class=\"wp-block-getwid-tabs__nav-link\"><h2 class=\"wp-block-getwid-tabs__title-wrapper\"><a href=\"#\"><span class=\"wp-block-getwid-tabs__title\">Programa<\/span><\/a><\/h2><\/div><div class=\"wp-block-getwid-tabs__tab-content-wrapper\"><div class=\"wp-block-getwid-tabs__tab-content\">\n<p><\/p>\n<\/div><\/div>\n\n\n\n<div class=\"wp-block-getwid-tabs__nav-link\"><h2 class=\"wp-block-getwid-tabs__title-wrapper\"><a href=\"#\"><span class=\"wp-block-getwid-tabs__title\">1 jornada<\/span><\/a><\/h2><\/div><div class=\"wp-block-getwid-tabs__tab-content-wrapper\"><div class=\"wp-block-getwid-tabs__tab-content\">\n<p>Jornada 4 de maig<\/p>\n\n\n\n<p>1 Torn<\/p>\n\n\n\n<p>2 Torn<\/p>\n<\/div><\/div>\n\n\n\n<div class=\"wp-block-getwid-tabs__nav-link\"><h2 class=\"wp-block-getwid-tabs__title-wrapper\"><a href=\"#\"><span class=\"wp-block-getwid-tabs__title\">2a jornada<\/span><\/a><\/h2><\/div><div class=\"wp-block-getwid-tabs__tab-content-wrapper\"><div class=\"wp-block-getwid-tabs__tab-content\">\n<p>Jornada 5 de maig<\/p>\n\n\n\n<p>1 Torn<\/p>\n\n\n\n<p>2 Torn<\/p>\n\n\n\n<p><\/p>\n<\/div><\/div>\n\n\n\n<div class=\"wp-block-getwid-tabs__nav-link\"><h2 class=\"wp-block-getwid-tabs__title-wrapper\"><a href=\"#\"><span class=\"wp-block-getwid-tabs__title\">3a jornada<\/span><\/a><\/h2><\/div><div class=\"wp-block-getwid-tabs__tab-content-wrapper\"><div class=\"wp-block-getwid-tabs__tab-content\">\n<p>Jornada 6 de maig<\/p>\n\n\n\n<p>1 Torn<\/p>\n\n\n\n<p>2 Torn<\/p>\n\n\n\n<p><\/p>\n<\/div><\/div>\n\n\n\n<div class=\"wp-block-getwid-tabs__nav-link\"><h2 class=\"wp-block-getwid-tabs__title-wrapper\"><a href=\"#\"><span class=\"wp-block-getwid-tabs__title\">4a jornada<\/span><\/a><\/h2><\/div><div class=\"wp-block-getwid-tabs__tab-content-wrapper\"><div class=\"wp-block-getwid-tabs__tab-content\">\n<p>Jornada 7 de maig<\/p>\n\n\n\n<p>1 Torn<\/p>\n\n\n\n<p>2 Torn<\/p>\n\n\n\n<p><\/p>\n<\/div><\/div>\n\n\n\n<div class=\"wp-block-getwid-tabs__nav-link\"><h2 class=\"wp-block-getwid-tabs__title-wrapper\"><a href=\"#\"><span class=\"wp-block-getwid-tabs__title\">5a jornada<\/span><\/a><\/h2><\/div><div class=\"wp-block-getwid-tabs__tab-content-wrapper\"><div class=\"wp-block-getwid-tabs__tab-content\">\n<p>Jornada 8 de maig<\/p>\n\n\n\n<p>1r torn<\/p>\n\n\n\n<p>2n torn<\/p>\n<\/div><\/div>\n<\/div>\n\n\n<div class=\"wp-block-image\">\n<figure class=\"aligncenter size-full is-resized\"><a href=\"https:\/\/projectes.xtec.cat\/barcelona-apren-ciencia\/wp-content\/uploads\/usu2041\/2026\/03\/Dibuix-sense-titol-1-1.jpg\"><img loading=\"lazy\" decoding=\"async\" width=\"571\" height=\"238\" src=\"https:\/\/projectes.xtec.cat\/barcelona-apren-ciencia\/wp-content\/uploads\/usu2041\/2026\/03\/Dibuix-sense-titol-1-1.jpg\" alt=\"\" class=\"wp-image-12673\" style=\"width:447px;height:auto\" srcset=\"https:\/\/projectes.xtec.cat\/barcelona-apren-ciencia\/wp-content\/uploads\/usu2041\/2026\/03\/Dibuix-sense-titol-1-1.jpg 571w, https:\/\/projectes.xtec.cat\/barcelona-apren-ciencia\/wp-content\/uploads\/usu2041\/2026\/03\/Dibuix-sense-titol-1-1-300x125.jpg 300w\" sizes=\"auto, (max-width: 571px) 100vw, 571px\" \/><\/a><\/figure><\/div>\n\n\n<div style=\"height:100px\" aria-hidden=\"true\" class=\"wp-block-spacer\"><\/div>\n\n\n\n<p><strong>Indicacions per al dia de l&#8217;acte<\/strong><\/p>\n\n\n\n<iframe loading=\"lazy\" src=\"https:\/\/docs.google.com\/presentation\/d\/e\/2PACX-1vQIYF61HTERURx1zTnQ4HFik4NGB824hd7Rcc2ab0yy0LxkGEgsg3XvG42mHWYH1fZtq2tA0CKcmWJQ\/pubembed?start=false&#038;loop=false&#038;delayms=3000\" frameborder=\"0\" width=\"960\" height=\"569\" allowfullscreen=\"true\" mozallowfullscreen=\"true\" webkitallowfullscreen=\"true\"><\/iframe>\n","protected":false},"excerpt":{"rendered":"<ul class=\"wp-block-getwid-tabs__nav-links\"><\/ul>\n<p><a href=\"#\">Programa<\/a><\/p>\n<p><a href=\"#\">1 jornada<\/a><br \/>\nJornada 4 de maig<\/p>\n<p>1 Torn<\/p>\n<p>2 Torn<\/p>\n<p><a href=\"#\">2a jornada<\/a><br \/>\nJornada 5 de maig<\/p>\n<p>1 Torn<\/p>\n<p>2 Torn<\/p>\n<p><a href=\"#\">3a jornada<\/a><br \/>\nJornada 6 de maig<\/p>\n<p>1 Torn<\/p>\n<p>2 Torn<\/p>\n<p><a href=\"#\">4a jornada<\/a><br \/>\nJornada 7 de maig<\/p>\n<p>1 Torn<\/p>\n<p>2 Torn<\/p>\n<p><a href=\"#\">5a jornada<\/a><br \/>\nJornada 8 de maig<\/p>\n<p>1r torn<\/p>\n<p>2n torn<\/p>\n<p><a href=\"https:\/\/projectes.xtec.cat\/barcelona-apren-ciencia\/wp-content\/uploads\/usu2041\/2026\/03\/Dibuix-sense-titol-1-1.jpg\"><\/a><\/p>\n<p>Indicacions per al dia de l&#8217;acte<\/p>\n","protected":false},"author":117,"featured_media":0,"parent":0,"menu_order":0,"comment_status":"closed","ping_status":"close","template":"","meta":{"_bbp_topic_count":0,"_bbp_reply_count":0,"_bbp_total_topic_count":0,"_bbp_total_reply_count":0,"_bbp_voice_count":0,"_bbp_anonymous_reply_count":0,"_bbp_topic_count_hidden":0,"_bbp_reply_count_hidden":0,"_bbp_forum_subforum_count":0,"footnotes":""},"class_list":["post-12655","page","type-page","status-publish","hentry"],"post_mailing_queue_ids":[],"_links":{"self":[{"href":"https:\/\/projectes.xtec.cat\/barcelona-apren-ciencia\/wp-json\/wp\/v2\/pages\/12655","targetHints":{"allow":["GET"]}}],"collection":[{"href":"https:\/\/projectes.xtec.cat\/barcelona-apren-ciencia\/wp-json\/wp\/v2\/pages"}],"about":[{"href":"https:\/\/projectes.xtec.cat\/barcelona-apren-ciencia\/wp-json\/wp\/v2\/types\/page"}],"author":[{"embeddable":true,"href":"https:\/\/projectes.xtec.cat\/barcelona-apren-ciencia\/wp-json\/wp\/v2\/users\/117"}],"replies":[{"embeddable":true,"href":"https:\/\/projectes.xtec.cat\/barcelona-apren-ciencia\/wp-json\/wp\/v2\/comments?post=12655"}],"version-history":[{"count":6,"href":"https:\/\/projectes.xtec.cat\/barcelona-apren-ciencia\/wp-json\/wp\/v2\/pages\/12655\/revisions"}],"predecessor-version":[{"id":12679,"href":"https:\/\/projectes.xtec.cat\/barcelona-apren-ciencia\/wp-json\/wp\/v2\/pages\/12655\/revisions\/12679"}],"wp:attachment":[{"href":"https:\/\/projectes.xtec.cat\/barcelona-apren-ciencia\/wp-json\/wp\/v2\/media?parent=12655"}],"curies":[{"name":"wp","href":"https:\/\/api.w.org\/{rel}","templated":true}]}}