{"id":797,"date":"2015-11-28T21:06:57","date_gmt":"2015-11-28T20:06:57","guid":{"rendered":"http:\/\/projectes.xtec.cat\/barcelona-apren-ciencia\/?page_id=797"},"modified":"2021-06-03T10:32:25","modified_gmt":"2021-06-03T08:32:25","slug":"presentacio-2","status":"publish","type":"page","link":"https:\/\/projectes.xtec.cat\/barcelona-apren-ciencia\/presentacio-2\/","title":{"rendered":"Presentaci\u00f3"},"content":{"rendered":"<p><a href=\"https:\/\/projectes.xtec.cat\/barcelona-apren-ciencia\/wp-content\/uploads\/usu2041\/2019\/11\/1Barcelona-apr\u00e8n-ci\u00e8ncia-2-e1574767618478.png\"><img loading=\"lazy\" decoding=\"async\" class=\"size-full wp-image-8364 alignleft\" src=\"https:\/\/projectes.xtec.cat\/barcelona-apren-ciencia\/wp-content\/uploads\/usu2041\/2019\/11\/1Barcelona-apr\u00e8n-ci\u00e8ncia-2-e1574767618478.png\" alt=\"\" width=\"300\" height=\"300\" \/><\/a>Benvinguts\/des a aquest nou espai,<\/p>\n<p>Ens fa molta il\u00b7lusi\u00f3 compartir aquest nou recurs amb vosaltres, ja que feia un temps que v\u00e8iem la necessitat de tenir un espai de refer\u00e8ncia de Barcelona basat en l&#8217;\u00e0mbit cient\u00edfic. A m\u00e9s, ens agrada que aquest lloc web s\u2019enriqueixi amb la plataforma Nodes, donat que ens permet afegir algunes funcionalitats avan\u00e7ades en un entorn flexible i segur.<\/p>\n<p>&nbsp;<\/p>\n<p>L\u2019objectiu principal d\u2019aquesta iniciativa \u00e9s compartir informaci\u00f3, not\u00edcies i recursos sobre les activitats, programes i jornades que es realitzen a Barcelona sota el marc de les STEAM. Paral\u00b7lelament, ens pot ajudar per a fer cr\u00e9ixer la comunitat d\u2019aprenentatge.<\/p>\n<p>&nbsp;<\/p>\n<p>La primera pestanya que obrirem \u00e9s la del Congr\u00e9s de Ci\u00e8ncia, programa liderat des del territori pels centres de recursos pedag\u00f2gics, i amb anys de tradici\u00f3 impulsant la recerca i la investigaci\u00f3.<\/p>\n<p>&nbsp;<\/p>\n<p><a href=\"https:\/\/projectes.xtec.cat\/barcelona-apren-ciencia\/wp-content\/uploads\/usu2041\/2019\/11\/ci\u00e8ncia.jpg\"><img loading=\"lazy\" decoding=\"async\" class=\"wp-image-8268 aligncenter\" src=\"https:\/\/projectes.xtec.cat\/barcelona-apren-ciencia\/wp-content\/uploads\/usu2041\/2019\/11\/ci\u00e8ncia.jpg\" alt=\"\" width=\"285\" height=\"217\" \/><\/a><\/p>\n<p>&nbsp;<\/p>\n<p>&nbsp;<\/p>\n<p>&nbsp;<\/p>\n<p>&nbsp;<\/p>\n<p>&nbsp;<\/p>\n<p>&nbsp;<\/p>\n","protected":false},"excerpt":{"rendered":"<p><a href=\"https:\/\/projectes.xtec.cat\/barcelona-apren-ciencia\/wp-content\/uploads\/usu2041\/2019\/11\/1Barcelona-apr\u00e8n-ci\u00e8ncia-2-e1574767618478.png\"><\/a>Benvinguts\/des a aquest nou espai,<br \/>\nEns fa molta il\u00b7lusi\u00f3 compartir aquest nou recurs amb vosaltres, ja que feia un temps que v\u00e8iem la necessitat de tenir un espai de refer\u00e8ncia de Barcelona basat en l&#8217;\u00e0mbit cient\u00edfic. A m\u00e9s, ens agrada que aquest lloc web s\u2019enriqueixi&hellip;  <a href=\"https:\/\/projectes.xtec.cat\/barcelona-apren-ciencia\/presentacio-2\/\" title=\"Read Presentaci\u00f3\">Llegeix m\u00e9s\u00bb<\/a><\/p>\n","protected":false},"author":1,"featured_media":0,"parent":0,"menu_order":10,"comment_status":"closed","ping_status":"closed","template":"page-templates\/side-menu.php","meta":{"_bbp_topic_count":0,"_bbp_reply_count":0,"_bbp_total_topic_count":0,"_bbp_total_reply_count":0,"_bbp_voice_count":0,"_bbp_anonymous_reply_count":0,"_bbp_topic_count_hidden":0,"_bbp_reply_count_hidden":0,"_bbp_forum_subforum_count":0,"footnotes":""},"class_list":["post-797","page","type-page","status-publish","hentry"],"post_mailing_queue_ids":[],"_links":{"self":[{"href":"https:\/\/projectes.xtec.cat\/barcelona-apren-ciencia\/wp-json\/wp\/v2\/pages\/797","targetHints":{"allow":["GET"]}}],"collection":[{"href":"https:\/\/projectes.xtec.cat\/barcelona-apren-ciencia\/wp-json\/wp\/v2\/pages"}],"about":[{"href":"https:\/\/projectes.xtec.cat\/barcelona-apren-ciencia\/wp-json\/wp\/v2\/types\/page"}],"author":[{"embeddable":true,"href":"https:\/\/projectes.xtec.cat\/barcelona-apren-ciencia\/wp-json\/wp\/v2\/users\/1"}],"replies":[{"embeddable":true,"href":"https:\/\/projectes.xtec.cat\/barcelona-apren-ciencia\/wp-json\/wp\/v2\/comments?post=797"}],"version-history":[{"count":3,"href":"https:\/\/projectes.xtec.cat\/barcelona-apren-ciencia\/wp-json\/wp\/v2\/pages\/797\/revisions"}],"predecessor-version":[{"id":9545,"href":"https:\/\/projectes.xtec.cat\/barcelona-apren-ciencia\/wp-json\/wp\/v2\/pages\/797\/revisions\/9545"}],"wp:attachment":[{"href":"https:\/\/projectes.xtec.cat\/barcelona-apren-ciencia\/wp-json\/wp\/v2\/media?parent=797"}],"curies":[{"name":"wp","href":"https:\/\/api.w.org\/{rel}","templated":true}]}}