{"id":8215,"date":"2019-11-21T11:03:00","date_gmt":"2019-11-21T10:03:00","guid":{"rendered":"https:\/\/projectes.xtec.cat\/barcelona-apren-ciencia\/?page_id=8215"},"modified":"2024-01-11T11:42:58","modified_gmt":"2024-01-11T10:42:58","slug":"congresciencia","status":"publish","type":"page","link":"https:\/\/projectes.xtec.cat\/barcelona-apren-ciencia\/congres-de-ciencia\/congresciencia\/","title":{"rendered":"8\u00e8 Congr\u00e9s de Ci\u00e8ncia"},"content":{"rendered":"<p style=\"text-align: left;\">Comencem, amb m\u00e9s il\u00b7lusi\u00f3 que mai, una nova edici\u00f3 del Congr\u00e9s de Ci\u00e8ncia. Enguany la tem\u00e0tica del congr\u00e9s gira, novament, en torn als <b>Objectius Globals de Desenvolupament Sostenible.<\/b> El 8\u00e8 Congr\u00e9s porta per t\u00edtol:<\/p>\n<div>\n<div class=\"entry-content\">\n<blockquote>\n<h3 style=\"text-align: center;\"><span style=\"color: #ff6600;\">Cuidant el futur<\/span><\/h3>\n<p style=\"text-align: center;\"><span style=\"color: #ff6600;\">\u00a0[ Objectius Globals de Desenvolupament Sostenible]<\/span><\/p>\n<\/blockquote>\n<p style=\"text-align: left;\"><a href=\"https:\/\/projectes.xtec.cat\/barcelona-apren-ciencia\/wp-content\/uploads\/usu2041\/2020\/11\/ods.png\"><img loading=\"lazy\" decoding=\"async\" class=\"alignnone size-large wp-image-9092\" src=\"https:\/\/projectes.xtec.cat\/barcelona-apren-ciencia\/wp-content\/uploads\/usu2041\/2020\/11\/ods-1024x724.png\" alt=\"\" width=\"1024\" height=\"724\" srcset=\"https:\/\/projectes.xtec.cat\/barcelona-apren-ciencia\/wp-content\/uploads\/usu2041\/2020\/11\/ods-1024x724.png 1024w, https:\/\/projectes.xtec.cat\/barcelona-apren-ciencia\/wp-content\/uploads\/usu2041\/2020\/11\/ods-300x212.png 300w, https:\/\/projectes.xtec.cat\/barcelona-apren-ciencia\/wp-content\/uploads\/usu2041\/2020\/11\/ods-768x543.png 768w, https:\/\/projectes.xtec.cat\/barcelona-apren-ciencia\/wp-content\/uploads\/usu2041\/2020\/11\/ods.png 1914w\" sizes=\"auto, (max-width: 1024px) 100vw, 1024px\" \/><\/a><span style=\"font-family: inherit; font-size: 1em;\">En cas que volgu\u00e9ssiu intervenir en la xarxa social twitter, us proposem utilitzar la seg\u00fcent etiqueta (hashtag):<\/span><\/p>\n<\/div>\n<\/div>\n<div>\n<h3 style=\"text-align: center;\"><span style=\"color: #ff6600;\"> #8cciencia<\/span><\/h3>\n<p>&nbsp;<\/p>\n<\/div>\n","protected":false},"excerpt":{"rendered":"<p>Comencem, amb m\u00e9s il\u00b7lusi\u00f3 que mai, una nova edici\u00f3 del Congr\u00e9s de Ci\u00e8ncia. Enguany la tem\u00e0tica del congr\u00e9s gira, novament, en torn als Objectius Globals de Desenvolupament Sostenible. El 8\u00e8 Congr\u00e9s porta per t\u00edtol:<\/p>\n<p>Cuidant el futur<br \/>\n\u00a0[ Objectius Globals de Desenvolupament Sostenible]<\/p>\n<p><a href=\"https:\/\/projectes.xtec.cat\/barcelona-apren-ciencia\/wp-content\/uploads\/usu2041\/2020\/11\/ods.png\"><\/a>En cas que volgu\u00e9ssiu&hellip;  <a href=\"https:\/\/projectes.xtec.cat\/barcelona-apren-ciencia\/congres-de-ciencia\/congresciencia\/\" title=\"Read 8\u00e8 Congr\u00e9s de Ci\u00e8ncia\">Llegeix m\u00e9s\u00bb<\/a><\/p>\n","protected":false},"author":3,"featured_media":0,"parent":8454,"menu_order":1,"comment_status":"closed","ping_status":"closed","template":"","meta":{"_bbp_topic_count":0,"_bbp_reply_count":0,"_bbp_total_topic_count":0,"_bbp_total_reply_count":0,"_bbp_voice_count":0,"_bbp_anonymous_reply_count":0,"_bbp_topic_count_hidden":0,"_bbp_reply_count_hidden":0,"_bbp_forum_subforum_count":0,"footnotes":""},"class_list":["post-8215","page","type-page","status-publish","hentry"],"post_mailing_queue_ids":[],"_links":{"self":[{"href":"https:\/\/projectes.xtec.cat\/barcelona-apren-ciencia\/wp-json\/wp\/v2\/pages\/8215","targetHints":{"allow":["GET"]}}],"collection":[{"href":"https:\/\/projectes.xtec.cat\/barcelona-apren-ciencia\/wp-json\/wp\/v2\/pages"}],"about":[{"href":"https:\/\/projectes.xtec.cat\/barcelona-apren-ciencia\/wp-json\/wp\/v2\/types\/page"}],"author":[{"embeddable":true,"href":"https:\/\/projectes.xtec.cat\/barcelona-apren-ciencia\/wp-json\/wp\/v2\/users\/3"}],"replies":[{"embeddable":true,"href":"https:\/\/projectes.xtec.cat\/barcelona-apren-ciencia\/wp-json\/wp\/v2\/comments?post=8215"}],"version-history":[{"count":3,"href":"https:\/\/projectes.xtec.cat\/barcelona-apren-ciencia\/wp-json\/wp\/v2\/pages\/8215\/revisions"}],"predecessor-version":[{"id":9094,"href":"https:\/\/projectes.xtec.cat\/barcelona-apren-ciencia\/wp-json\/wp\/v2\/pages\/8215\/revisions\/9094"}],"up":[{"embeddable":true,"href":"https:\/\/projectes.xtec.cat\/barcelona-apren-ciencia\/wp-json\/wp\/v2\/pages\/8454"}],"wp:attachment":[{"href":"https:\/\/projectes.xtec.cat\/barcelona-apren-ciencia\/wp-json\/wp\/v2\/media?parent=8215"}],"curies":[{"name":"wp","href":"https:\/\/api.w.org\/{rel}","templated":true}]}}