{"id":8289,"date":"2019-11-22T09:03:28","date_gmt":"2019-11-22T08:03:28","guid":{"rendered":"https:\/\/projectes.xtec.cat\/barcelona-apren-ciencia\/?page_id=8289"},"modified":"2021-11-02T13:44:28","modified_gmt":"2021-11-02T12:44:28","slug":"historic","status":"publish","type":"page","link":"https:\/\/projectes.xtec.cat\/barcelona-apren-ciencia\/historic\/","title":{"rendered":"Hist\u00f2ric"},"content":{"rendered":"<p>8\u00e8 Congr\u00e9s de ci\u00e8ncia<\/p>\n<ul>\n<li style=\"list-style-type: none;\">\n<ul>\n<li><a href=\"https:\/\/projectes.xtec.cat\/barcelona-apren-ciencia\/congres-de-ciencia\/congresciencia\/calendari-2\/\">Calendari<\/a><\/li>\n<li><a href=\"https:\/\/projectes.xtec.cat\/barcelona-apren-ciencia\/congres-de-ciencia\/congresciencia\/participants-20-21\/\">Participants 2020-2021<\/a><\/li>\n<li><a href=\"https:\/\/projectes.xtec.cat\/barcelona-apren-ciencia\/categoria\/formacio\/\">Formaci\u00f3<\/a><\/li>\n<li><a href=\"https:\/\/projectes.xtec.cat\/barcelona-apren-ciencia\/evidencies-recerca\/\">Evid\u00e8ncies de recerca<\/a><\/li>\n<li><a href=\"https:\/\/projectes.xtec.cat\/barcelona-apren-ciencia\/general\/un-logo-pel-congres-2021\/\">Un logo pel congr\u00e9s<\/a><\/li>\n<li><a href=\"https:\/\/projectes.xtec.cat\/barcelona-apren-ciencia\/ponencies\/\">Pon\u00e8ncies<\/a><\/li>\n<li>Recursos<\/li>\n<\/ul>\n<\/li>\n<\/ul>\n<p><a href=\"https:\/\/projectes.xtec.cat\/barcelona-apren-ciencia\/portada\/7e-congres-de-ciencia\/\" target=\"_blank\" rel=\"noopener noreferrer\">7\u00e8 Congr\u00e9s de ci\u00e8ncia<\/a><\/p>\n<p><a href=\"https:\/\/blocs.xtec.cat\/6congresdeciencia\/formacio\/actes-sessions-de-formacio\/\">6\u00e8 Congr\u00e9s de Ci\u00e8ncia<\/a><\/p>\n<p><a href=\"https:\/\/blocs.xtec.cat\/5congresdeciencia\/\">5\u00e8 Congr\u00e9s de Ci\u00e8ncia<\/a><\/p>\n<p><a href=\"https:\/\/sites.google.com\/a\/xtec.cat\/4t-congres-de-ciencia\/ponencies\" target=\"_blank\" rel=\"noopener noreferrer\">4t Congr\u00e9s de Ci\u00e8ncia<\/a><\/p>\n<p><a href=\"https:\/\/sites.google.com\/a\/xtec.cat\/3r-congres-ciencia\/ponencies\" target=\"_blank\" rel=\"noopener noreferrer\">3r Congr\u00e9s de Ci\u00e8ncia<\/a><\/p>\n<p><a href=\"https:\/\/sites.google.com\/a\/xtec.cat\/2on-congres-ciencia\/ponencies-publicades\" target=\"_blank\" rel=\"noopener noreferrer\">2n Congr\u00e9s de Ci\u00e8ncia<\/a><\/p>\n<p><a href=\"https:\/\/sites.google.com\/a\/xtec.cat\/ciencia-nb-sa\/\" target=\"_blank\" rel=\"noopener noreferrer\">1r Congr\u00e9s de Ci\u00e8ncia<\/a><\/p>\n<p>&nbsp;<\/p>\n","protected":false},"excerpt":{"rendered":"<p>8\u00e8 Congr\u00e9s de ci\u00e8ncia<\/p>\n<ul>\n<li style=\"list-style-type: none;\">\n<ul>\n<li><a href=\"https:\/\/projectes.xtec.cat\/barcelona-apren-ciencia\/congres-de-ciencia\/congresciencia\/calendari-2\/\">Calendari<\/a><\/li>\n<li><a href=\"https:\/\/projectes.xtec.cat\/barcelona-apren-ciencia\/congres-de-ciencia\/congresciencia\/participants-20-21\/\">Participants 2020-2021<\/a><\/li>\n<li><a href=\"https:\/\/projectes.xtec.cat\/barcelona-apren-ciencia\/categoria\/formacio\/\">Formaci\u00f3<\/a><\/li>\n<li><a href=\"https:\/\/projectes.xtec.cat\/barcelona-apren-ciencia\/evidencies-recerca\/\">Evid\u00e8ncies de recerca<\/a><\/li>\n<li><a href=\"https:\/\/projectes.xtec.cat\/barcelona-apren-ciencia\/general\/un-logo-pel-congres-2021\/\">Un logo pel congr\u00e9s<\/a><\/li>\n<li><a href=\"https:\/\/projectes.xtec.cat\/barcelona-apren-ciencia\/ponencies\/\">Pon\u00e8ncies<\/a><\/li>\n<li>Recursos<\/li>\n<\/ul>\n<\/li>\n<\/ul>\n<p><a href=\"https:\/\/projectes.xtec.cat\/barcelona-apren-ciencia\/portada\/7e-congres-de-ciencia\/\" target=\"_blank\" rel=\"noopener noreferrer\">7\u00e8 Congr\u00e9s de ci\u00e8ncia<\/a><br \/>\n<a href=\"https:\/\/blocs.xtec.cat\/6congresdeciencia\/formacio\/actes-sessions-de-formacio\/\">6\u00e8 Congr\u00e9s de Ci\u00e8ncia<\/a><br \/>\n<a href=\"https:\/\/blocs.xtec.cat\/5congresdeciencia\/\">5\u00e8 Congr\u00e9s de Ci\u00e8ncia<\/a><br \/>\n<a href=\"https:\/\/sites.google.com\/a\/xtec.cat\/4t-congres-de-ciencia\/ponencies\" target=\"_blank\" rel=\"noopener noreferrer\">4t Congr\u00e9s de Ci\u00e8ncia<\/a><br \/>\n<a href=\"https:\/\/sites.google.com\/a\/xtec.cat\/3r-congres-ciencia\/ponencies\" target=\"_blank\" rel=\"noopener noreferrer\">3r Congr\u00e9s&hellip;  <a href=\"https:\/\/projectes.xtec.cat\/barcelona-apren-ciencia\/historic\/\" title=\"Read Hist\u00f2ric\">Llegeix m\u00e9s\u00bb<\/a><\/p>\n","protected":false},"author":1,"featured_media":0,"parent":0,"menu_order":0,"comment_status":"closed","ping_status":"closed","template":"","meta":{"_bbp_topic_count":0,"_bbp_reply_count":0,"_bbp_total_topic_count":0,"_bbp_total_reply_count":0,"_bbp_voice_count":0,"_bbp_anonymous_reply_count":0,"_bbp_topic_count_hidden":0,"_bbp_reply_count_hidden":0,"_bbp_forum_subforum_count":0,"footnotes":""},"class_list":["post-8289","page","type-page","status-publish","hentry"],"post_mailing_queue_ids":[],"_links":{"self":[{"href":"https:\/\/projectes.xtec.cat\/barcelona-apren-ciencia\/wp-json\/wp\/v2\/pages\/8289","targetHints":{"allow":["GET"]}}],"collection":[{"href":"https:\/\/projectes.xtec.cat\/barcelona-apren-ciencia\/wp-json\/wp\/v2\/pages"}],"about":[{"href":"https:\/\/projectes.xtec.cat\/barcelona-apren-ciencia\/wp-json\/wp\/v2\/types\/page"}],"author":[{"embeddable":true,"href":"https:\/\/projectes.xtec.cat\/barcelona-apren-ciencia\/wp-json\/wp\/v2\/users\/1"}],"replies":[{"embeddable":true,"href":"https:\/\/projectes.xtec.cat\/barcelona-apren-ciencia\/wp-json\/wp\/v2\/comments?post=8289"}],"version-history":[{"count":5,"href":"https:\/\/projectes.xtec.cat\/barcelona-apren-ciencia\/wp-json\/wp\/v2\/pages\/8289\/revisions"}],"predecessor-version":[{"id":9785,"href":"https:\/\/projectes.xtec.cat\/barcelona-apren-ciencia\/wp-json\/wp\/v2\/pages\/8289\/revisions\/9785"}],"wp:attachment":[{"href":"https:\/\/projectes.xtec.cat\/barcelona-apren-ciencia\/wp-json\/wp\/v2\/media?parent=8289"}],"curies":[{"name":"wp","href":"https:\/\/api.w.org\/{rel}","templated":true}]}}