{"id":9725,"date":"2021-11-02T12:02:29","date_gmt":"2021-11-02T11:02:29","guid":{"rendered":"https:\/\/projectes.xtec.cat\/barcelona-apren-ciencia\/?page_id=9725"},"modified":"2021-12-14T11:43:10","modified_gmt":"2021-12-14T10:43:10","slug":"9e-congres-de-ciencia","status":"publish","type":"page","link":"https:\/\/projectes.xtec.cat\/barcelona-apren-ciencia\/9e-congres-de-ciencia\/","title":{"rendered":"9\u00e8 Congr\u00e9s de Ci\u00e8ncia: Alimentant el futur"},"content":{"rendered":"<p>La ciutat de Barcelona ha sigut la Capital de l\u2019Alimentaci\u00f3 Sostenible al llarg del 2021. \u00c9s una palanca per impulsar una transici\u00f3 aliment\u00e0ria cap a la sostenibilitat amb la qual s\u2019aconsegueixi enfortir les economies locals sostenibles i millorar la salut de les persones, aix\u00ed com la del conjunt del planeta.<\/p>\n<p>Des del Congr\u00e9s de Ci\u00e8ncia es pret\u00e9n impulsar la investigaci\u00f3 i recerca envers aquesta tem\u00e0tica degut a la seva import\u00e0ncia i l&#8217;impacte en les vides de l&#8217;alumnat.<\/p>\n<p><a href=\"https:\/\/projectes.xtec.cat\/barcelona-apren-ciencia\/wp-content\/uploads\/usu2041\/2021\/12\/sdfsdfsd.png\"><img loading=\"lazy\" decoding=\"async\" class=\"size-large wp-image-9874 aligncenter\" src=\"https:\/\/projectes.xtec.cat\/barcelona-apren-ciencia\/wp-content\/uploads\/usu2041\/2021\/12\/sdfsdfsd-1024x483.png\" alt=\"\" width=\"1024\" height=\"483\" srcset=\"https:\/\/projectes.xtec.cat\/barcelona-apren-ciencia\/wp-content\/uploads\/usu2041\/2021\/12\/sdfsdfsd-1024x483.png 1024w, https:\/\/projectes.xtec.cat\/barcelona-apren-ciencia\/wp-content\/uploads\/usu2041\/2021\/12\/sdfsdfsd-300x141.png 300w, https:\/\/projectes.xtec.cat\/barcelona-apren-ciencia\/wp-content\/uploads\/usu2041\/2021\/12\/sdfsdfsd-768x362.png 768w, https:\/\/projectes.xtec.cat\/barcelona-apren-ciencia\/wp-content\/uploads\/usu2041\/2021\/12\/sdfsdfsd.png 1164w\" sizes=\"auto, (max-width: 1024px) 100vw, 1024px\" \/><\/a><\/p>\n","protected":false},"excerpt":{"rendered":"<p>La ciutat de Barcelona ha sigut la Capital de l\u2019Alimentaci\u00f3 Sostenible al llarg del 2021. \u00c9s una palanca per impulsar una transici\u00f3 aliment\u00e0ria cap a la sostenibilitat amb la qual s\u2019aconsegueixi enfortir les economies locals sostenibles i millorar la salut de les persones, aix\u00ed com&hellip;  <a href=\"https:\/\/projectes.xtec.cat\/barcelona-apren-ciencia\/9e-congres-de-ciencia\/\" title=\"Read 9\u00e8 Congr\u00e9s de Ci\u00e8ncia: Alimentant el futur\">Llegeix m\u00e9s\u00bb<\/a><\/p>\n","protected":false},"author":117,"featured_media":0,"parent":0,"menu_order":0,"comment_status":"closed","ping_status":"closed","template":"","meta":{"_bbp_topic_count":0,"_bbp_reply_count":0,"_bbp_total_topic_count":0,"_bbp_total_reply_count":0,"_bbp_voice_count":0,"_bbp_anonymous_reply_count":0,"_bbp_topic_count_hidden":0,"_bbp_reply_count_hidden":0,"_bbp_forum_subforum_count":0,"footnotes":""},"class_list":["post-9725","page","type-page","status-publish","hentry"],"post_mailing_queue_ids":[],"_links":{"self":[{"href":"https:\/\/projectes.xtec.cat\/barcelona-apren-ciencia\/wp-json\/wp\/v2\/pages\/9725","targetHints":{"allow":["GET"]}}],"collection":[{"href":"https:\/\/projectes.xtec.cat\/barcelona-apren-ciencia\/wp-json\/wp\/v2\/pages"}],"about":[{"href":"https:\/\/projectes.xtec.cat\/barcelona-apren-ciencia\/wp-json\/wp\/v2\/types\/page"}],"author":[{"embeddable":true,"href":"https:\/\/projectes.xtec.cat\/barcelona-apren-ciencia\/wp-json\/wp\/v2\/users\/117"}],"replies":[{"embeddable":true,"href":"https:\/\/projectes.xtec.cat\/barcelona-apren-ciencia\/wp-json\/wp\/v2\/comments?post=9725"}],"version-history":[{"count":4,"href":"https:\/\/projectes.xtec.cat\/barcelona-apren-ciencia\/wp-json\/wp\/v2\/pages\/9725\/revisions"}],"predecessor-version":[{"id":9875,"href":"https:\/\/projectes.xtec.cat\/barcelona-apren-ciencia\/wp-json\/wp\/v2\/pages\/9725\/revisions\/9875"}],"wp:attachment":[{"href":"https:\/\/projectes.xtec.cat\/barcelona-apren-ciencia\/wp-json\/wp\/v2\/media?parent=9725"}],"curies":[{"name":"wp","href":"https:\/\/api.w.org\/{rel}","templated":true}]}}