{"id":9734,"date":"2021-11-02T12:21:33","date_gmt":"2021-11-02T11:21:33","guid":{"rendered":"https:\/\/projectes.xtec.cat\/barcelona-apren-ciencia\/?page_id=9734"},"modified":"2021-12-13T13:12:28","modified_gmt":"2021-12-13T12:12:28","slug":"calendari-9e-congres-de-ciencia","status":"publish","type":"page","link":"https:\/\/projectes.xtec.cat\/barcelona-apren-ciencia\/calendari-9e-congres-de-ciencia\/","title":{"rendered":"Calendari 9\u00e8 Congr\u00e9s de Ci\u00e8ncia"},"content":{"rendered":"<p><a href=\"https:\/\/projectes.xtec.cat\/barcelona-apren-ciencia\/wp-content\/uploads\/usu2041\/2021\/12\/Congres-Ciencia-Timeline-4.png\"><img loading=\"lazy\" decoding=\"async\" class=\"alignnone size-large wp-image-9860\" src=\"https:\/\/projectes.xtec.cat\/barcelona-apren-ciencia\/wp-content\/uploads\/usu2041\/2021\/12\/Congres-Ciencia-Timeline-4-1024x576.png\" alt=\"\" width=\"1024\" height=\"576\" srcset=\"https:\/\/projectes.xtec.cat\/barcelona-apren-ciencia\/wp-content\/uploads\/usu2041\/2021\/12\/Congres-Ciencia-Timeline-4-1024x576.png 1024w, https:\/\/projectes.xtec.cat\/barcelona-apren-ciencia\/wp-content\/uploads\/usu2041\/2021\/12\/Congres-Ciencia-Timeline-4-300x169.png 300w, https:\/\/projectes.xtec.cat\/barcelona-apren-ciencia\/wp-content\/uploads\/usu2041\/2021\/12\/Congres-Ciencia-Timeline-4-768x432.png 768w, https:\/\/projectes.xtec.cat\/barcelona-apren-ciencia\/wp-content\/uploads\/usu2041\/2021\/12\/Congres-Ciencia-Timeline-4-1536x864.png 1536w, https:\/\/projectes.xtec.cat\/barcelona-apren-ciencia\/wp-content\/uploads\/usu2041\/2021\/12\/Congres-Ciencia-Timeline-4.png 1920w\" sizes=\"auto, (max-width: 1024px) 100vw, 1024px\" \/><\/a><\/p>\n","protected":false},"excerpt":{"rendered":"<p><a href=\"https:\/\/projectes.xtec.cat\/barcelona-apren-ciencia\/wp-content\/uploads\/usu2041\/2021\/12\/Congres-Ciencia-Timeline-4.png\"><\/a><\/p>\n","protected":false},"author":117,"featured_media":0,"parent":0,"menu_order":0,"comment_status":"closed","ping_status":"closed","template":"","meta":{"_bbp_topic_count":0,"_bbp_reply_count":0,"_bbp_total_topic_count":0,"_bbp_total_reply_count":0,"_bbp_voice_count":0,"_bbp_anonymous_reply_count":0,"_bbp_topic_count_hidden":0,"_bbp_reply_count_hidden":0,"_bbp_forum_subforum_count":0,"footnotes":""},"class_list":["post-9734","page","type-page","status-publish","hentry"],"post_mailing_queue_ids":[],"_links":{"self":[{"href":"https:\/\/projectes.xtec.cat\/barcelona-apren-ciencia\/wp-json\/wp\/v2\/pages\/9734","targetHints":{"allow":["GET"]}}],"collection":[{"href":"https:\/\/projectes.xtec.cat\/barcelona-apren-ciencia\/wp-json\/wp\/v2\/pages"}],"about":[{"href":"https:\/\/projectes.xtec.cat\/barcelona-apren-ciencia\/wp-json\/wp\/v2\/types\/page"}],"author":[{"embeddable":true,"href":"https:\/\/projectes.xtec.cat\/barcelona-apren-ciencia\/wp-json\/wp\/v2\/users\/117"}],"replies":[{"embeddable":true,"href":"https:\/\/projectes.xtec.cat\/barcelona-apren-ciencia\/wp-json\/wp\/v2\/comments?post=9734"}],"version-history":[{"count":3,"href":"https:\/\/projectes.xtec.cat\/barcelona-apren-ciencia\/wp-json\/wp\/v2\/pages\/9734\/revisions"}],"predecessor-version":[{"id":9861,"href":"https:\/\/projectes.xtec.cat\/barcelona-apren-ciencia\/wp-json\/wp\/v2\/pages\/9734\/revisions\/9861"}],"wp:attachment":[{"href":"https:\/\/projectes.xtec.cat\/barcelona-apren-ciencia\/wp-json\/wp\/v2\/media?parent=9734"}],"curies":[{"name":"wp","href":"https:\/\/api.w.org\/{rel}","templated":true}]}}