{"id":9746,"date":"2021-11-02T12:22:20","date_gmt":"2021-11-02T11:22:20","guid":{"rendered":"https:\/\/projectes.xtec.cat\/barcelona-apren-ciencia\/?page_id=9746"},"modified":"2022-05-09T09:24:37","modified_gmt":"2022-05-09T07:24:37","slug":"un-logo-pel-9e-cc","status":"publish","type":"page","link":"https:\/\/projectes.xtec.cat\/barcelona-apren-ciencia\/un-logo-pel-9e-cc\/","title":{"rendered":"Un logo pel 9\u00e8 CC"},"content":{"rendered":"<div class=\"entry-content\">\n<p>Necessitem un logo pel dia del congr\u00e9s!! <span style=\"font-family: inherit; font-size: 1em;\">\u00c9s per aix\u00f2 que demanem ajuda a tot l&#8217;alumnat de les escoles participants. <\/span><span style=\"font-family: inherit; font-size: 1em;\">Ens ajudeu? <\/span><span style=\"font-family: inherit; font-size: 1em;\">Us proposem que feu un dibuix. <\/span><span style=\"font-family: inherit; font-size: 1em;\">El tema? El <strong>tema<\/strong> hauria de ser el del 9\u00e8 congr\u00e9s:<\/span><\/p>\n<p style=\"text-align: center;\"><span style=\"font-size: 1.6875em; font-weight: bold; text-align: center;\">Alimentant el futur<\/span><\/p>\n<\/div>\n<div class=\"entry-content\">\n<p><a href=\"https:\/\/projectes.xtec.cat\/barcelona-apren-ciencia\/wp-content\/uploads\/usu2041\/2021\/12\/sdfsdfsd.png\"><img loading=\"lazy\" decoding=\"async\" class=\"wp-image-9874 aligncenter\" src=\"https:\/\/projectes.xtec.cat\/barcelona-apren-ciencia\/wp-content\/uploads\/usu2041\/2021\/12\/sdfsdfsd-1024x483.png\" alt=\"\" width=\"525\" height=\"248\" srcset=\"https:\/\/projectes.xtec.cat\/barcelona-apren-ciencia\/wp-content\/uploads\/usu2041\/2021\/12\/sdfsdfsd-1024x483.png 1024w, https:\/\/projectes.xtec.cat\/barcelona-apren-ciencia\/wp-content\/uploads\/usu2041\/2021\/12\/sdfsdfsd-300x141.png 300w, https:\/\/projectes.xtec.cat\/barcelona-apren-ciencia\/wp-content\/uploads\/usu2041\/2021\/12\/sdfsdfsd-768x362.png 768w, https:\/\/projectes.xtec.cat\/barcelona-apren-ciencia\/wp-content\/uploads\/usu2041\/2021\/12\/sdfsdfsd.png 1164w\" sizes=\"auto, (max-width: 525px) 100vw, 525px\" \/><\/a><\/p>\n<p>El dibuix que escolliu l&#8217;heu d&#8217;adjuntar al formulari que trobareu a la p\u00e0gina de <strong><a href=\"https:\/\/projectes.xtec.cat\/barcelona-apren-ciencia\/lliuraments\/\" target=\"_blank\" rel=\"noopener\">Lliuraments<\/a><\/strong>. <span style=\"font-family: inherit; font-size: 1em;\">ATENCI\u00d3: <\/span><strong style=\"font-family: inherit; font-size: 1em;\">S\u2019accedeix a la p\u00e0gina amb la contrasenya que heu rebut per correu electr\u00f2nic.<\/strong><\/p>\n<p>Ja podeu votar del <strong>9 al 16 de maig<\/strong>. El <strong>18 de maig<\/strong> tindrem el logo m\u00e9s votat.<\/p>\n<p><a href=\"https:\/\/projectes.xtec.cat\/barcelona-apren-ciencia\/wp-content\/uploads\/usu2041\/2022\/05\/logo-1.jpg\"><img loading=\"lazy\" decoding=\"async\" class=\"alignnone size-large wp-image-10269\" src=\"https:\/\/projectes.xtec.cat\/barcelona-apren-ciencia\/wp-content\/uploads\/usu2041\/2022\/05\/logo-1-742x1024.jpg\" alt=\"\" width=\"742\" height=\"1024\" srcset=\"https:\/\/projectes.xtec.cat\/barcelona-apren-ciencia\/wp-content\/uploads\/usu2041\/2022\/05\/logo-1-742x1024.jpg 742w, https:\/\/projectes.xtec.cat\/barcelona-apren-ciencia\/wp-content\/uploads\/usu2041\/2022\/05\/logo-1-217x300.jpg 217w, https:\/\/projectes.xtec.cat\/barcelona-apren-ciencia\/wp-content\/uploads\/usu2041\/2022\/05\/logo-1-768x1060.jpg 768w, https:\/\/projectes.xtec.cat\/barcelona-apren-ciencia\/wp-content\/uploads\/usu2041\/2022\/05\/logo-1.jpg 793w\" sizes=\"auto, (max-width: 742px) 100vw, 742px\" \/><\/a> <a href=\"https:\/\/projectes.xtec.cat\/barcelona-apren-ciencia\/wp-content\/uploads\/usu2041\/2022\/05\/logo-2.jpg\"><img loading=\"lazy\" decoding=\"async\" class=\"alignnone size-large wp-image-10270\" src=\"https:\/\/projectes.xtec.cat\/barcelona-apren-ciencia\/wp-content\/uploads\/usu2041\/2022\/05\/logo-2-742x1024.jpg\" alt=\"\" width=\"742\" height=\"1024\" srcset=\"https:\/\/projectes.xtec.cat\/barcelona-apren-ciencia\/wp-content\/uploads\/usu2041\/2022\/05\/logo-2-742x1024.jpg 742w, https:\/\/projectes.xtec.cat\/barcelona-apren-ciencia\/wp-content\/uploads\/usu2041\/2022\/05\/logo-2-217x300.jpg 217w, https:\/\/projectes.xtec.cat\/barcelona-apren-ciencia\/wp-content\/uploads\/usu2041\/2022\/05\/logo-2-768x1060.jpg 768w, https:\/\/projectes.xtec.cat\/barcelona-apren-ciencia\/wp-content\/uploads\/usu2041\/2022\/05\/logo-2.jpg 793w\" sizes=\"auto, (max-width: 742px) 100vw, 742px\" \/><\/a><\/p>\n<\/div>\n","protected":false},"excerpt":{"rendered":"<p>Necessitem un logo pel dia del congr\u00e9s!! \u00c9s per aix\u00f2 que demanem ajuda a tot l&#8217;alumnat de les escoles participants. Ens ajudeu? Us proposem que feu un dibuix. El tema? El tema hauria de ser el del 9\u00e8 congr\u00e9s:<br \/>\nAlimentant el futur<\/p>\n<p><a href=\"https:\/\/projectes.xtec.cat\/barcelona-apren-ciencia\/wp-content\/uploads\/usu2041\/2021\/12\/sdfsdfsd.png\"><\/a><br \/>\nEl dibuix que escolliu&hellip;  <a href=\"https:\/\/projectes.xtec.cat\/barcelona-apren-ciencia\/un-logo-pel-9e-cc\/\" title=\"Read Un logo pel 9\u00e8 CC\">Llegeix m\u00e9s\u00bb<\/a><\/p>\n","protected":false},"author":117,"featured_media":0,"parent":0,"menu_order":0,"comment_status":"closed","ping_status":"closed","template":"","meta":{"_bbp_topic_count":0,"_bbp_reply_count":0,"_bbp_total_topic_count":0,"_bbp_total_reply_count":0,"_bbp_voice_count":0,"_bbp_anonymous_reply_count":0,"_bbp_topic_count_hidden":0,"_bbp_reply_count_hidden":0,"_bbp_forum_subforum_count":0,"footnotes":""},"class_list":["post-9746","page","type-page","status-publish","hentry"],"post_mailing_queue_ids":[],"_links":{"self":[{"href":"https:\/\/projectes.xtec.cat\/barcelona-apren-ciencia\/wp-json\/wp\/v2\/pages\/9746","targetHints":{"allow":["GET"]}}],"collection":[{"href":"https:\/\/projectes.xtec.cat\/barcelona-apren-ciencia\/wp-json\/wp\/v2\/pages"}],"about":[{"href":"https:\/\/projectes.xtec.cat\/barcelona-apren-ciencia\/wp-json\/wp\/v2\/types\/page"}],"author":[{"embeddable":true,"href":"https:\/\/projectes.xtec.cat\/barcelona-apren-ciencia\/wp-json\/wp\/v2\/users\/117"}],"replies":[{"embeddable":true,"href":"https:\/\/projectes.xtec.cat\/barcelona-apren-ciencia\/wp-json\/wp\/v2\/comments?post=9746"}],"version-history":[{"count":3,"href":"https:\/\/projectes.xtec.cat\/barcelona-apren-ciencia\/wp-json\/wp\/v2\/pages\/9746\/revisions"}],"predecessor-version":[{"id":10281,"href":"https:\/\/projectes.xtec.cat\/barcelona-apren-ciencia\/wp-json\/wp\/v2\/pages\/9746\/revisions\/10281"}],"wp:attachment":[{"href":"https:\/\/projectes.xtec.cat\/barcelona-apren-ciencia\/wp-json\/wp\/v2\/media?parent=9746"}],"curies":[{"name":"wp","href":"https:\/\/api.w.org\/{rel}","templated":true}]}}