{"id":14350,"date":"2024-10-23T13:29:38","date_gmt":"2024-10-23T11:29:38","guid":{"rendered":"https:\/\/projectes.xtec.cat\/bescat\/?page_id=14350"},"modified":"2024-10-23T13:34:55","modified_gmt":"2024-10-23T11:34:55","slug":"sinapsis-plamib","status":"publish","type":"page","link":"https:\/\/projectes.xtec.cat\/bescat\/sinapsis-plamib\/","title":{"rendered":"Sinapsi PLAMIB"},"content":{"rendered":"\n<div class=\"wp-block-columns is-layout-flex wp-container-core-columns-is-layout-1 wp-block-columns-is-layout-flex\">\n<div class=\"wp-block-column is-layout-flow wp-block-column-is-layout-flow\">\n<figure class=\"wp-block-image size-large\"><a href=\"https:\/\/projectes.xtec.cat\/bescat\/wp-content\/uploads\/usu793\/2024\/10\/Sinapsis.png\" target=\"_blank\" rel=\"noreferrer noopener\"><img loading=\"lazy\" decoding=\"async\" width=\"1024\" height=\"598\" src=\"https:\/\/projectes.xtec.cat\/bescat\/wp-content\/uploads\/usu793\/2024\/10\/Sinapsis-1024x598.png\" alt=\"\" class=\"wp-image-14354\" srcset=\"https:\/\/projectes.xtec.cat\/bescat\/wp-content\/uploads\/usu793\/2024\/10\/Sinapsis-1024x598.png 1024w, https:\/\/projectes.xtec.cat\/bescat\/wp-content\/uploads\/usu793\/2024\/10\/Sinapsis-300x175.png 300w, https:\/\/projectes.xtec.cat\/bescat\/wp-content\/uploads\/usu793\/2024\/10\/Sinapsis-768x448.png 768w, https:\/\/projectes.xtec.cat\/bescat\/wp-content\/uploads\/usu793\/2024\/10\/Sinapsis.png 1161w\" sizes=\"auto, (max-width: 1024px) 100vw, 1024px\" \/><\/a><\/figure>\n<\/div>\n\n\n\n<div class=\"wp-block-column is-layout-flow wp-block-column-is-layout-flow\">\n<p><a href=\"https:\/\/sinapsi.xtec.cat\/ca\/tags\/plamib\" target=\"_blank\" rel=\"noreferrer noopener\"><strong>Sinapsi<\/strong> #PLAMIB<\/a>\u00a0recull les not\u00edcies que publiquen els centres educatius catalans a les seves p\u00e0gines web que fan refer\u00e8ncia al pla pilot de millora de les biblioteques escolars de Catalunya. Fa visible la major part del treball desenvolupat pels centres i busca promoure sinergies entre ells.<\/p>\n<\/div>\n<\/div>\n","protected":false},"excerpt":{"rendered":"<p><a href=\"https:\/\/projectes.xtec.cat\/bescat\/wp-content\/uploads\/usu793\/2024\/10\/Sinapsis.png\" target=\"_blank\" rel=\"noreferrer noopener\"><\/a><\/p>\n<p><a href=\"https:\/\/sinapsi.xtec.cat\/ca\/tags\/plamib\" target=\"_blank\" rel=\"noreferrer noopener\">Sinapsi #PLAMIB<\/a>\u00a0recull les not\u00edcies que publiquen els centres educatius catalans a les seves p\u00e0gines web que fan refer\u00e8ncia al pla pilot de millora de les biblioteques escolars de Catalunya. Fa visible la major part del treball desenvolupat&hellip;  <a href=\"https:\/\/projectes.xtec.cat\/bescat\/sinapsis-plamib\/\" title=\"Read Sinapsi PLAMIB\">Llegeix m\u00e9s\u00bb<\/a><\/p>\n","protected":false},"author":133,"featured_media":14354,"parent":0,"menu_order":0,"comment_status":"closed","ping_status":"close","template":"","meta":{"_bbp_topic_count":0,"_bbp_reply_count":0,"_bbp_total_topic_count":0,"_bbp_total_reply_count":0,"_bbp_voice_count":0,"_bbp_anonymous_reply_count":0,"_bbp_topic_count_hidden":0,"_bbp_reply_count_hidden":0,"_bbp_forum_subforum_count":0,"footnotes":""},"class_list":["post-14350","page","type-page","status-publish","has-post-thumbnail","hentry"],"post_mailing_queue_ids":[],"_links":{"self":[{"href":"https:\/\/projectes.xtec.cat\/bescat\/wp-json\/wp\/v2\/pages\/14350","targetHints":{"allow":["GET"]}}],"collection":[{"href":"https:\/\/projectes.xtec.cat\/bescat\/wp-json\/wp\/v2\/pages"}],"about":[{"href":"https:\/\/projectes.xtec.cat\/bescat\/wp-json\/wp\/v2\/types\/page"}],"author":[{"embeddable":true,"href":"https:\/\/projectes.xtec.cat\/bescat\/wp-json\/wp\/v2\/users\/133"}],"replies":[{"embeddable":true,"href":"https:\/\/projectes.xtec.cat\/bescat\/wp-json\/wp\/v2\/comments?post=14350"}],"version-history":[{"count":4,"href":"https:\/\/projectes.xtec.cat\/bescat\/wp-json\/wp\/v2\/pages\/14350\/revisions"}],"predecessor-version":[{"id":14357,"href":"https:\/\/projectes.xtec.cat\/bescat\/wp-json\/wp\/v2\/pages\/14350\/revisions\/14357"}],"wp:featuredmedia":[{"embeddable":true,"href":"https:\/\/projectes.xtec.cat\/bescat\/wp-json\/wp\/v2\/media\/14354"}],"wp:attachment":[{"href":"https:\/\/projectes.xtec.cat\/bescat\/wp-json\/wp\/v2\/media?parent=14350"}],"curies":[{"name":"wp","href":"https:\/\/api.w.org\/{rel}","templated":true}]}}