{"id":16140,"date":"2025-11-10T13:19:41","date_gmt":"2025-11-10T12:19:41","guid":{"rendered":"https:\/\/projectes.xtec.cat\/bescat\/?page_id=16140"},"modified":"2026-02-20T15:51:51","modified_gmt":"2026-02-20T14:51:51","slug":"maleta-audiovisual","status":"publish","type":"page","link":"https:\/\/projectes.xtec.cat\/bescat\/maleta-audiovisual\/","title":{"rendered":"Maleta audiovisual"},"content":{"rendered":"\n<p>Les propostes que us presentem esdevenen experi\u00e8ncies que fomenten l\u2019\u00fas de la llengua amb una visi\u00f3 integradora i globalitzadora dels aprenentatges ling\u00fc\u00edstics utilitzant els elements de <a href=\"https:\/\/projectes.xtec.cat\/digital\/equipaments-i-infraestructures\/maleta-audiovisual\/\" target=\"_blank\" rel=\"noreferrer noopener\">la maleta audiovisual<\/a> (trobareu m\u00e9s informaci\u00f3 de la maleta audiovisual al nodes digital).<\/p>\n\n\n\n<p><\/p>\n\n\n\n<div class=\"wp-block-columns is-layout-flex wp-container-core-columns-is-layout-1 wp-block-columns-is-layout-flex\">\n<div class=\"wp-block-column is-layout-flow wp-block-column-is-layout-flow\">\n<figure class=\"wp-block-embed is-type-video is-provider-youtube wp-block-embed-youtube wp-embed-aspect-16-9 wp-has-aspect-ratio\"><div class=\"wp-block-embed__wrapper\">\n<iframe loading=\"lazy\" title=\"Unboxing elements - Maleta Audiovisual\" width=\"500\" height=\"281\" src=\"https:\/\/www.youtube.com\/embed\/awsuZ7tyYmY?feature=oembed\" frameborder=\"0\" allow=\"accelerometer; autoplay; clipboard-write; encrypted-media; gyroscope; picture-in-picture; web-share\" referrerpolicy=\"strict-origin-when-cross-origin\" allowfullscreen><\/iframe>\n<\/div><\/figure>\n<\/div>\n\n\n\n<div class=\"wp-block-column is-layout-flow wp-block-column-is-layout-flow\">\n<div class=\"wp-block-buttons is-layout-flex wp-block-buttons-is-layout-flex\">\n<div class=\"wp-block-button\"><a class=\"wp-block-button__link has-white-color has-black-background-color has-text-color has-background has-link-color wp-element-button\" href=\"https:\/\/projectes.xtec.cat\/digital\/equipaments-i-infraestructures\/maleta-audiovisual\/\" target=\"_blank\" rel=\"noreferrer noopener\">Manual d&#8217;\u00fas de la maleta<\/a><\/div>\n<\/div>\n<\/div>\n<\/div>\n\n\n\n<div style=\"height:23px\" aria-hidden=\"true\" class=\"wp-block-spacer\"><\/div>\n\n\n\n<p>Totes les propostes s\u00f3n treballs en equip: Canal de reporters, \u00e0rea de cultura digital i el programa de biblioteques escolars.<\/p>\n\n\n\n<div class=\"wp-block-getwid-section getwid-section-content-full-width\"><div class=\"wp-block-getwid-section__wrapper\"><div class=\"wp-block-getwid-section__inner-wrapper\"><div class=\"wp-block-getwid-section__background-holder\"><div class=\"wp-block-getwid-section__background\"><\/div><div class=\"wp-block-getwid-section__foreground\"><\/div><\/div><div class=\"wp-block-getwid-section__content\"><div class=\"wp-block-getwid-section__inner-content\">\n<div class=\"wp-block-columns is-layout-flex wp-container-core-columns-is-layout-2 wp-block-columns-is-layout-flex\">\n<div class=\"wp-block-column caixa-link is-layout-flow wp-block-column-is-layout-flow\">\n<h2 class=\"wp-block-heading\"><a href=\"https:\/\/projectes.xtec.cat\/digital\/equipaments-i-infraestructures\/maleta-audiovisual\/conte-audiovisual\/\" target=\"_blank\" rel=\"noreferrer noopener\">Conte audiovisual<\/a><\/h2>\n\n\n\n<figure class=\"wp-block-image size-full\"><img loading=\"lazy\" decoding=\"async\" width=\"832\" height=\"470\" src=\"https:\/\/projectes.xtec.cat\/bescat\/wp-content\/uploads\/usu793\/2025\/11\/Un-conte-petit.png\" alt=\"\" class=\"wp-image-16143\" srcset=\"https:\/\/projectes.xtec.cat\/bescat\/wp-content\/uploads\/usu793\/2025\/11\/Un-conte-petit.png 832w, https:\/\/projectes.xtec.cat\/bescat\/wp-content\/uploads\/usu793\/2025\/11\/Un-conte-petit-300x169.png 300w, https:\/\/projectes.xtec.cat\/bescat\/wp-content\/uploads\/usu793\/2025\/11\/Un-conte-petit-768x434.png 768w\" sizes=\"auto, (max-width: 832px) 100vw, 832px\" \/><\/figure>\n<\/div>\n\n\n\n<div class=\"wp-block-column caixa-link is-layout-flow wp-block-column-is-layout-flow\">\n<h2 class=\"wp-block-heading\"><a href=\"https:\/\/drive.google.com\/drive\/u\/2\/folders\/18JNEL4xza-jIuR61bCysZhWrxoO1LU0a\" target=\"_blank\" rel=\"noreferrer noopener\">Previsi\u00f3 lectora<\/a><\/h2>\n\n\n\n<figure class=\"wp-block-image size-full\"><img loading=\"lazy\" decoding=\"async\" width=\"545\" height=\"394\" src=\"https:\/\/projectes.xtec.cat\/bescat\/wp-content\/uploads\/usu793\/2025\/11\/previsio-2.png\" alt=\"\" class=\"wp-image-16172\" srcset=\"https:\/\/projectes.xtec.cat\/bescat\/wp-content\/uploads\/usu793\/2025\/11\/previsio-2.png 545w, https:\/\/projectes.xtec.cat\/bescat\/wp-content\/uploads\/usu793\/2025\/11\/previsio-2-300x217.png 300w\" sizes=\"auto, (max-width: 545px) 100vw, 545px\" \/><\/figure>\n<\/div>\n\n\n\n<div class=\"wp-block-column caixa-link is-layout-flow wp-block-column-is-layout-flow\">\n<h2 class=\"wp-block-heading\"><a href=\"https:\/\/www.youtube.com\/watch?v=9y6-ekGzA6s\" target=\"_blank\" rel=\"noreferrer noopener\">Carnet BE<\/a><\/h2>\n\n\n\n<figure class=\"wp-block-image size-full\"><img loading=\"lazy\" decoding=\"async\" width=\"1284\" height=\"730\" src=\"https:\/\/projectes.xtec.cat\/bescat\/wp-content\/uploads\/usu793\/2025\/11\/Carnet-1.png\" alt=\"\" class=\"wp-image-16146\" srcset=\"https:\/\/projectes.xtec.cat\/bescat\/wp-content\/uploads\/usu793\/2025\/11\/Carnet-1.png 1284w, https:\/\/projectes.xtec.cat\/bescat\/wp-content\/uploads\/usu793\/2025\/11\/Carnet-1-300x171.png 300w, https:\/\/projectes.xtec.cat\/bescat\/wp-content\/uploads\/usu793\/2025\/11\/Carnet-1-1024x582.png 1024w, https:\/\/projectes.xtec.cat\/bescat\/wp-content\/uploads\/usu793\/2025\/11\/Carnet-1-768x437.png 768w\" sizes=\"auto, (max-width: 1284px) 100vw, 1284px\" \/><\/figure>\n<\/div>\n<\/div>\n<\/div><\/div><\/div><\/div><\/div>\n\n\n\n<div class=\"wp-block-getwid-section getwid-section-content-full-width\"><div class=\"wp-block-getwid-section__wrapper\"><div class=\"wp-block-getwid-section__inner-wrapper\"><div class=\"wp-block-getwid-section__background-holder\"><div class=\"wp-block-getwid-section__background\"><\/div><div class=\"wp-block-getwid-section__foreground\"><\/div><\/div><div class=\"wp-block-getwid-section__content\"><div class=\"wp-block-getwid-section__inner-content\">\n<div class=\"wp-block-columns is-layout-flex wp-container-core-columns-is-layout-3 wp-block-columns-is-layout-flex\">\n<div class=\"wp-block-column caixa-link is-layout-flow wp-block-column-is-layout-flow\">\n<h2 class=\"wp-block-heading\"><a href=\"https:\/\/drive.google.com\/file\/d\/17hCI_pan5S76yrLFlhHoCOkdZG2soKBr\/view\" target=\"_blank\" rel=\"noreferrer noopener\">Entrevista C. Correro<\/a><\/h2>\n\n\n\n<figure class=\"wp-block-image size-full\"><img loading=\"lazy\" decoding=\"async\" width=\"433\" height=\"244\" src=\"https:\/\/projectes.xtec.cat\/bescat\/wp-content\/uploads\/usu793\/2025\/05\/Entrevista-Correro-e1747989417981.png\" alt=\"\" class=\"wp-image-15491\" srcset=\"https:\/\/projectes.xtec.cat\/bescat\/wp-content\/uploads\/usu793\/2025\/05\/Entrevista-Correro-e1747989417981.png 433w, https:\/\/projectes.xtec.cat\/bescat\/wp-content\/uploads\/usu793\/2025\/05\/Entrevista-Correro-e1747989417981-300x169.png 300w\" sizes=\"auto, (max-width: 433px) 100vw, 433px\" \/><\/figure>\n<\/div>\n\n\n\n<div class=\"wp-block-column caixa-link is-layout-flow wp-block-column-is-layout-flow\">\n<h2 class=\"wp-block-heading\"><a href=\"https:\/\/www.youtube.com\/watch?v=JqKnyA3zy-g\" target=\"_blank\" rel=\"noreferrer noopener\">Entrevista J. Portell<\/a><\/h2>\n\n\n\n<figure class=\"wp-block-image size-full\"><img loading=\"lazy\" decoding=\"async\" width=\"734\" height=\"603\" src=\"https:\/\/projectes.xtec.cat\/bescat\/wp-content\/uploads\/usu793\/2025\/11\/entrevista.png\" alt=\"\" class=\"wp-image-16150\" srcset=\"https:\/\/projectes.xtec.cat\/bescat\/wp-content\/uploads\/usu793\/2025\/11\/entrevista.png 734w, https:\/\/projectes.xtec.cat\/bescat\/wp-content\/uploads\/usu793\/2025\/11\/entrevista-300x246.png 300w\" sizes=\"auto, (max-width: 734px) 100vw, 734px\" \/><\/figure>\n<\/div>\n\n\n\n<div class=\"wp-block-column caixa-link is-layout-flow wp-block-column-is-layout-flow\">\n<h2 class=\"wp-block-heading\"><\/h2>\n<\/div>\n<\/div>\n<\/div><\/div><\/div><\/div><\/div>\n\n\n\n<div style=\"height:28px\" aria-hidden=\"true\" class=\"wp-block-spacer\"><\/div>\n\n\n\n<div class=\"wp-block-getwid-section getwid-section-content-full-width\"><div class=\"wp-block-getwid-section__wrapper\"><div class=\"wp-block-getwid-section__inner-wrapper\"><div class=\"wp-block-getwid-section__background-holder\"><div class=\"wp-block-getwid-section__background\"><\/div><div class=\"wp-block-getwid-section__foreground\"><\/div><\/div><div class=\"wp-block-getwid-section__content\"><div class=\"wp-block-getwid-section__inner-content\">\n<div class=\"wp-block-columns is-layout-flex wp-container-core-columns-is-layout-4 wp-block-columns-is-layout-flex\">\n<div class=\"wp-block-column caixa-link is-layout-flow wp-block-column-is-layout-flow\">\n<h2 class=\"wp-block-heading\"><a href=\"https:\/\/drive.google.com\/file\/d\/1ICofFOFk6W7PevnoALVBJ-wHcNI8lxk0\/view\" target=\"_blank\" rel=\"noreferrer noopener\">Revista digital<\/a><\/h2>\n\n\n\n<figure class=\"wp-block-image size-full\"><img loading=\"lazy\" decoding=\"async\" width=\"500\" height=\"500\" src=\"https:\/\/projectes.xtec.cat\/bescat\/wp-content\/uploads\/usu793\/2025\/11\/RevistaDigital-Voluntaris-contra-la-desinformacio.png\" alt=\"\" class=\"wp-image-16154\" srcset=\"https:\/\/projectes.xtec.cat\/bescat\/wp-content\/uploads\/usu793\/2025\/11\/RevistaDigital-Voluntaris-contra-la-desinformacio.png 500w, https:\/\/projectes.xtec.cat\/bescat\/wp-content\/uploads\/usu793\/2025\/11\/RevistaDigital-Voluntaris-contra-la-desinformacio-300x300.png 300w, https:\/\/projectes.xtec.cat\/bescat\/wp-content\/uploads\/usu793\/2025\/11\/RevistaDigital-Voluntaris-contra-la-desinformacio-150x150.png 150w\" sizes=\"auto, (max-width: 500px) 100vw, 500px\" \/><\/figure>\n<\/div>\n\n\n\n<div class=\"wp-block-column caixa-link is-layout-flow wp-block-column-is-layout-flow\">\n<h2 class=\"wp-block-heading\"><a href=\"https:\/\/drive.google.com\/file\/d\/1jKoKLkKvD9DbYa8Ctd_eEzQPu1LMHOsB\/view\" target=\"_blank\" rel=\"noreferrer noopener\">Revista digital<\/a><\/h2>\n\n\n\n<figure class=\"wp-block-image size-full\"><img loading=\"lazy\" decoding=\"async\" width=\"300\" height=\"300\" src=\"https:\/\/projectes.xtec.cat\/bescat\/wp-content\/uploads\/usu793\/2025\/11\/logo-revista-periodisme-cientific-i-divulgatiu.png\" alt=\"\" class=\"wp-image-16155\" srcset=\"https:\/\/projectes.xtec.cat\/bescat\/wp-content\/uploads\/usu793\/2025\/11\/logo-revista-periodisme-cientific-i-divulgatiu.png 300w, https:\/\/projectes.xtec.cat\/bescat\/wp-content\/uploads\/usu793\/2025\/11\/logo-revista-periodisme-cientific-i-divulgatiu-150x150.png 150w\" sizes=\"auto, (max-width: 300px) 100vw, 300px\" \/><\/figure>\n<\/div>\n\n\n\n<div class=\"wp-block-column caixa-link is-layout-flow wp-block-column-is-layout-flow\">\n<h2 class=\"wp-block-heading\"><a href=\"https:\/\/drive.google.com\/file\/d\/1o9CpwfLr6KQy5a0tGAiwosmd1O7uy-WP\/view\" target=\"_blank\" rel=\"noreferrer noopener\">Propostes AMI<\/a><\/h2>\n\n\n\n<figure class=\"wp-block-image size-full\"><img loading=\"lazy\" decoding=\"async\" width=\"300\" height=\"214\" src=\"https:\/\/projectes.xtec.cat\/bescat\/wp-content\/uploads\/usu793\/2025\/11\/Propostes_Treball_AMI-2023-2024.png\" alt=\"\" class=\"wp-image-16153\"\/><\/figure>\n<\/div>\n<\/div>\n<\/div><\/div><\/div><\/div><\/div>\n\n\n\n<div class=\"wp-block-getwid-section getwid-section-content-full-width\"><div class=\"wp-block-getwid-section__wrapper\"><div class=\"wp-block-getwid-section__inner-wrapper\"><div class=\"wp-block-getwid-section__background-holder\"><div class=\"wp-block-getwid-section__background\"><\/div><div class=\"wp-block-getwid-section__foreground\"><\/div><\/div><div class=\"wp-block-getwid-section__content\"><div class=\"wp-block-getwid-section__inner-content\">\n<div class=\"wp-block-columns is-layout-flex wp-container-core-columns-is-layout-5 wp-block-columns-is-layout-flex\">\n<div class=\"wp-block-column caixa-link is-layout-flow wp-block-column-is-layout-flow\">\n<h2 class=\"wp-block-heading\"><a href=\"https:\/\/drive.google.com\/file\/d\/1jKoKLkKvD9DbYa8Ctd_eEzQPu1LMHOsB\/view\" target=\"_blank\" rel=\"noreferrer noopener\">Dossier treball<\/a><\/h2>\n\n\n\n<figure class=\"wp-block-image size-full\"><img loading=\"lazy\" decoding=\"async\" width=\"500\" height=\"500\" src=\"https:\/\/projectes.xtec.cat\/bescat\/wp-content\/uploads\/usu793\/2025\/11\/logo-dossier-2024-2025.png\" alt=\"\" class=\"wp-image-16152\" srcset=\"https:\/\/projectes.xtec.cat\/bescat\/wp-content\/uploads\/usu793\/2025\/11\/logo-dossier-2024-2025.png 500w, https:\/\/projectes.xtec.cat\/bescat\/wp-content\/uploads\/usu793\/2025\/11\/logo-dossier-2024-2025-300x300.png 300w, https:\/\/projectes.xtec.cat\/bescat\/wp-content\/uploads\/usu793\/2025\/11\/logo-dossier-2024-2025-150x150.png 150w\" sizes=\"auto, (max-width: 500px) 100vw, 500px\" \/><\/figure>\n<\/div>\n\n\n\n<div class=\"wp-block-column caixa-link is-layout-flow wp-block-column-is-layout-flow\">\n<h2 class=\"wp-block-heading\"><a href=\"https:\/\/drive.google.com\/file\/d\/1v9jfVVvVbd_oVTQPSOveAI-j6lr2mKHq\/view\" target=\"_blank\" rel=\"noreferrer noopener\">Dossier treball<\/a><\/h2>\n\n\n\n<figure class=\"wp-block-image size-full\"><img loading=\"lazy\" decoding=\"async\" width=\"334\" height=\"330\" src=\"https:\/\/projectes.xtec.cat\/bescat\/wp-content\/uploads\/usu793\/2025\/11\/dossier-AMI-2025-2026.png\" alt=\"\" class=\"wp-image-16151\" srcset=\"https:\/\/projectes.xtec.cat\/bescat\/wp-content\/uploads\/usu793\/2025\/11\/dossier-AMI-2025-2026.png 334w, https:\/\/projectes.xtec.cat\/bescat\/wp-content\/uploads\/usu793\/2025\/11\/dossier-AMI-2025-2026-300x296.png 300w\" sizes=\"auto, (max-width: 334px) 100vw, 334px\" \/><\/figure>\n<\/div>\n\n\n\n<div class=\"wp-block-column caixa-link is-layout-flow wp-block-column-is-layout-flow\">\n<h2 class=\"wp-block-heading\"><\/h2>\n<\/div>\n<\/div>\n<\/div><\/div><\/div><\/div><\/div>\n\n\n\n<div class=\"wp-block-columns is-layout-flex wp-container-core-columns-is-layout-6 wp-block-columns-is-layout-flex\">\n<div class=\"wp-block-column is-layout-flow wp-block-column-is-layout-flow\"><\/div>\n\n\n\n<div class=\"wp-block-column is-layout-flow wp-block-column-is-layout-flow\"><\/div>\n<\/div>\n\n\n\n<div class=\"wp-block-columns is-layout-flex wp-container-core-columns-is-layout-7 wp-block-columns-is-layout-flex\">\n<div class=\"wp-block-column is-layout-flow wp-block-column-is-layout-flow\"><\/div>\n\n\n\n<div class=\"wp-block-column is-layout-flow wp-block-column-is-layout-flow\">\n<p><\/p>\n<\/div>\n<\/div>\n\n\n\n<div style=\"height:28px\" aria-hidden=\"true\" class=\"wp-block-spacer\"><\/div>\n\n\n\n<p><\/p>\n","protected":false},"excerpt":{"rendered":"<p>Les propostes que us presentem esdevenen experi\u00e8ncies que fomenten l\u2019\u00fas de la llengua amb una visi\u00f3 integradora i globalitzadora dels aprenentatges ling\u00fc\u00edstics utilitzant els elements de <a href=\"https:\/\/projectes.xtec.cat\/digital\/equipaments-i-infraestructures\/maleta-audiovisual\/\" target=\"_blank\" rel=\"noreferrer noopener\">la maleta audiovisual<\/a> (trobareu m\u00e9s informaci\u00f3 de la maleta audiovisual al nodes digital).<\/p>\n<p><a class=\"wp-block-button__link has-white-color&hellip;  <a href=\"https:\/\/projectes.xtec.cat\/bescat\/maleta-audiovisual\/\" title=\"Read Maleta audiovisual\">Llegeix m\u00e9s\u00bb<\/a><\/p>\n","protected":false},"author":133,"featured_media":0,"parent":0,"menu_order":0,"comment_status":"closed","ping_status":"close","template":"","meta":{"_bbp_topic_count":0,"_bbp_reply_count":0,"_bbp_total_topic_count":0,"_bbp_total_reply_count":0,"_bbp_voice_count":0,"_bbp_anonymous_reply_count":0,"_bbp_topic_count_hidden":0,"_bbp_reply_count_hidden":0,"_bbp_forum_subforum_count":0,"footnotes":""},"class_list":["post-16140","page","type-page","status-publish","hentry"],"post_mailing_queue_ids":[],"_links":{"self":[{"href":"https:\/\/projectes.xtec.cat\/bescat\/wp-json\/wp\/v2\/pages\/16140","targetHints":{"allow":["GET"]}}],"collection":[{"href":"https:\/\/projectes.xtec.cat\/bescat\/wp-json\/wp\/v2\/pages"}],"about":[{"href":"https:\/\/projectes.xtec.cat\/bescat\/wp-json\/wp\/v2\/types\/page"}],"author":[{"embeddable":true,"href":"https:\/\/projectes.xtec.cat\/bescat\/wp-json\/wp\/v2\/users\/133"}],"replies":[{"embeddable":true,"href":"https:\/\/projectes.xtec.cat\/bescat\/wp-json\/wp\/v2\/comments?post=16140"}],"version-history":[{"count":6,"href":"https:\/\/projectes.xtec.cat\/bescat\/wp-json\/wp\/v2\/pages\/16140\/revisions"}],"predecessor-version":[{"id":16440,"href":"https:\/\/projectes.xtec.cat\/bescat\/wp-json\/wp\/v2\/pages\/16140\/revisions\/16440"}],"wp:attachment":[{"href":"https:\/\/projectes.xtec.cat\/bescat\/wp-json\/wp\/v2\/media?parent=16140"}],"curies":[{"name":"wp","href":"https:\/\/api.w.org\/{rel}","templated":true}]}}