{"id":8289,"date":"2019-09-20T11:14:27","date_gmt":"2019-09-20T09:14:27","guid":{"rendered":"https:\/\/projectes.xtec.cat\/bescat\/?page_id=8289"},"modified":"2025-09-03T12:42:26","modified_gmt":"2025-09-03T10:42:26","slug":"segellbonespractiques","status":"publish","type":"page","link":"https:\/\/projectes.xtec.cat\/bescat\/segellbonespractiques\/","title":{"rendered":"Segell de bones pr\u00e0ctiques"},"content":{"rendered":"\n<p>En el moment de transformaci\u00f3 educativa actual es vol iniciar un proc\u00e9s col\u00b7lectiu de reflexi\u00f3 i intercanvi al voltant de la biblioteca escolar. Es pret\u00e9n fer emergir bons models de biblioteques de centres educatius que donin respostes a l\u2019escola i a les necessitats del segle XXI, tot afavorint la interacci\u00f3 i l\u2019intercanvi entre centres. En definitiva, la creaci\u00f3 de xarxa.<\/p>\n\n\n\n<p>Per tal d\u2019afavorir l\u2019intercanvi entre centres es proposa la creaci\u00f3 d\u2019un segell de bones pr\u00e0ctiques per complir els seg\u00fcents objectius:<\/p>\n\n\n\n<ul class=\"wp-block-list\">\n<li>Detectar bons models de funcionament de biblioteques de centres educatius de totes les etapes.<\/li>\n\n\n\n<li>Afavorir l\u2019intercanvi entre centres i la consolidaci\u00f3 d\u2019una xarxa de biblioteques escolars.<\/li>\n\n\n\n<li>Establir lligams entre el programa de biblioteques escolars i les biblioteques dels centres educatius.<\/li>\n\n\n\n<li>Fer visible el paper de la biblioteca com a centre de recursos per a l\u2019aprenentatge i l\u2019ensenyament, com a eix del pla de lectura de centre i com a motor d\u2019innovaci\u00f3 en el centre educatiu.<\/li>\n<\/ul>\n\n\n\n<div style=\"height:27px\" aria-hidden=\"true\" class=\"wp-block-spacer\"><\/div>\n\n\n\n<p><strong>Tipologia de bones pr\u00e0ctiques<\/strong><\/p>\n\n\n\n<p>Les pr\u00e0ctiques es classifiquen segons unes l\u00ednies de contingut. Aquestes l\u00ednies, recollides a la FIC <a href=\"http:\/\/ateneu.xtec.cat\/wikiform\/wikiexport\/fic\/cco\/benm\/index\">BENR Biblioteca escolar: nous reptes<\/a>&nbsp;a partir de la proposta de la <a href=\"https:\/\/educaciodema.cat\/crides\/bibliorevolucio\/bibliorevolucio\" target=\"_blank\" rel=\"noopener noreferrer\">Biblio(r)evoluci\u00f3<\/a> de la Fundaci\u00f3 Jaume Bofill, s\u00f3n les seg\u00fcents:<\/p>\n\n\n\n<ul class=\"wp-block-list\">\n<li>L\u00ednia 1: La biblioteca escolar com a agent de canvi i innovaci\u00f3<\/li>\n\n\n\n<li>L\u00ednia 2: La biblioteca escolar com a agent d&#8217;equitat, participaci\u00f3 i cohesi\u00f3 de la comunitat educativa<\/li>\n\n\n\n<li>L\u00ednia 3: La biblioteca escolar com a agent dinamitzador cultural del centre<\/li>\n\n\n\n<li>L\u00ednia 4: La biblioteca escolar com a laboratori per liderar i promoure un centre lector<\/li>\n\n\n\n<li>L\u00ednia 5: La biblioteca escolar com a agent d&#8217;impuls i participaci\u00f3 activa a la cultura digital<\/li>\n\n\n\n<li>L\u00ednia 6: La biblioteca escolar com a agent d&#8217;impuls a la lectura entre el professorat<\/li>\n<\/ul>\n\n\n\n<p>Per als Seminaris i grups de treball de biblioteques escolars hi ha un segell espec\u00edfic.<\/p>\n\n\n\n<p>Cada centre o Seminari\/grup de treball haur\u00e0 de concretar a quina l\u00ednia fa refer\u00e8ncia la seva experi\u00e8ncia, penjar-la a l&#8217;espai Nodes o web del centre i respondre al seg\u00fcent formulari.<\/p>\n\n\n\n<div style=\"height:28px\" aria-hidden=\"true\" class=\"wp-block-spacer\"><\/div>\n\n\n\n<div class=\"wp-block-buttons is-content-justification-center is-layout-flex wp-container-core-buttons-is-layout-1 wp-block-buttons-is-layout-flex\">\n<div class=\"wp-block-button has-custom-width wp-block-button__width-25 has-custom-font-size has-small-font-size\"><a class=\"wp-block-button__link has-white-color has-vivid-purple-background-color has-text-color has-background has-link-color wp-element-button\" href=\"https:\/\/docs.google.com\/forms\/d\/e\/1FAIpQLSfeFgUtod0m2Ft4v-QhrevlbUStecb1VM-H4nQh6xvfxqZqNA\/viewform?usp=sharing&amp;ouid=118109558527819785754\" style=\"border-radius:54px\" target=\"_blank\" rel=\"noreferrer noopener\"><strong>formulari<\/strong><\/a><\/div>\n<\/div>\n\n\n\n<div style=\"height:34px\" aria-hidden=\"true\" class=\"wp-block-spacer\"><\/div>\n\n\n\n<p><strong>Criteris de selecci\u00f3<\/strong><\/p>\n\n\n\n<p>Per tal de poder obtenir el segell cal que les pr\u00e0ctiques compleixin els seg\u00fcents criteris de qualitat:<\/p>\n\n\n\n<ul class=\"wp-block-list\">\n<li>Actualitat: que el centre o la xarxa que la porta a terme estigui en funcionament i l&#8217;experi\u00e8ncia sigui innovadora.<\/li>\n\n\n\n<li>Transferibilitat: que pugui ser transferida a un altre centre o territori.<\/li>\n\n\n\n<li>Sostenibilitat: que no sigui una activitat puntual sense continu\u00eftat, sin\u00f3 que tingui durada en el temps.<\/li>\n\n\n\n<li>Qualitat: que sigui rica i interessant des del punt de vista pedag\u00f2gic.<\/li>\n\n\n\n<li>Participaci\u00f3: que afavoreixi la implicaci\u00f3 de diferents agents i la relaci\u00f3 amb l\u2019entorn.<\/li>\n<\/ul>\n\n\n\n<div style=\"height:23px\" aria-hidden=\"true\" class=\"wp-block-spacer\"><\/div>\n\n\n\n<p><strong>Publicaci\u00f3 de l&#8217;experi\u00e8ncia<\/strong><\/p>\n\n\n\n<p>Les experi\u00e8ncies seleccionades es publicaran a l&#8217;espai nodes BESCAT per poder-ne fer difusi\u00f3 i donar-hi visibilitat. Aquestes experi\u00e8ncies no es publiquen autom\u00e0ticament, sin\u00f3 que es tenen en compte els diferents criteris que hem descrit anteriorment i tamb\u00e9:<\/p>\n\n\n\n<ul class=\"wp-block-list\">\n<li>que hi hagi una descripci\u00f3 acurada i completa de la pr\u00e0ctica presentada a la publicaci\u00f3 que n&#8217;hagi fet el centre en el seu espai digital,<\/li>\n\n\n\n<li>que la pr\u00e0ctica respongui a la l\u00ednia de contingut seleccionada,<\/li>\n\n\n\n<li>que les imatges siguin de qualitat i que tinguin en compte els permisos i drets d&#8217;imatge,<\/li>\n\n\n\n<li>que siguin diferents de les publicades anteriorment al nostre espai.<\/li>\n<\/ul>\n\n\n\n<div style=\"height:26px\" aria-hidden=\"true\" class=\"wp-block-spacer\"><\/div>\n\n\n\n<p><strong>Segell de bones pr\u00e0ctiques<\/strong><\/p>\n\n\n\n<p>Aquests s\u00f3n els 6 segells, que s&#8217;actualitzen cada curs:<\/p>\n\n\n<div class=\"wp-block-image\">\n<figure class=\"aligncenter\"><img loading=\"lazy\" decoding=\"async\" width=\"300\" height=\"300\" src=\"https:\/\/projectes.xtec.cat\/bescat\/wp-content\/uploads\/usu793\/2024\/09\/2425-Segells-Bones-practiques-3-300x300.png\" alt=\"\" class=\"wp-image-14112\" srcset=\"https:\/\/projectes.xtec.cat\/bescat\/wp-content\/uploads\/usu793\/2024\/09\/2425-Segells-Bones-practiques-3-300x300.png 300w, https:\/\/projectes.xtec.cat\/bescat\/wp-content\/uploads\/usu793\/2024\/09\/2425-Segells-Bones-practiques-3-150x150.png 150w, https:\/\/projectes.xtec.cat\/bescat\/wp-content\/uploads\/usu793\/2024\/09\/2425-Segells-Bones-practiques-3.png 500w\" sizes=\"auto, (max-width: 300px) 100vw, 300px\" \/><\/figure><\/div>\n\n\n<div style=\"height:40px\" aria-hidden=\"true\" class=\"wp-block-spacer\"><\/div>\n\n\n\n<p>El segell, que s&#8217;enviar\u00e0 al correu del centre educatiu un cop publicada la pr\u00e0ctica, es pot inserir al nodes o espai web de la biblioteca escolar a mode de reconeixement. Demanem que quan inseriu el segell l\u2019enllaceu a l\u2019espai nodes del BESCAT on es descriu la iniciativa.<\/p>\n","protected":false},"excerpt":{"rendered":"<p>En el moment de transformaci\u00f3 educativa actual es vol iniciar un proc\u00e9s col\u00b7lectiu de reflexi\u00f3 i intercanvi al voltant de la biblioteca escolar. Es pret\u00e9n fer emergir bons models de biblioteques de centres educatius que donin respostes a l\u2019escola i a les necessitats del segle&hellip;  <a href=\"https:\/\/projectes.xtec.cat\/bescat\/segellbonespractiques\/\" title=\"Read Segell de bones pr\u00e0ctiques\">Llegeix m\u00e9s\u00bb<\/a><\/p>\n","protected":false},"author":3,"featured_media":0,"parent":0,"menu_order":0,"comment_status":"closed","ping_status":"closed","template":"","meta":{"_bbp_topic_count":0,"_bbp_reply_count":0,"_bbp_total_topic_count":0,"_bbp_total_reply_count":0,"_bbp_voice_count":0,"_bbp_anonymous_reply_count":0,"_bbp_topic_count_hidden":0,"_bbp_reply_count_hidden":0,"_bbp_forum_subforum_count":0,"footnotes":""},"class_list":["post-8289","page","type-page","status-publish","hentry"],"post_mailing_queue_ids":[],"_links":{"self":[{"href":"https:\/\/projectes.xtec.cat\/bescat\/wp-json\/wp\/v2\/pages\/8289","targetHints":{"allow":["GET"]}}],"collection":[{"href":"https:\/\/projectes.xtec.cat\/bescat\/wp-json\/wp\/v2\/pages"}],"about":[{"href":"https:\/\/projectes.xtec.cat\/bescat\/wp-json\/wp\/v2\/types\/page"}],"author":[{"embeddable":true,"href":"https:\/\/projectes.xtec.cat\/bescat\/wp-json\/wp\/v2\/users\/3"}],"replies":[{"embeddable":true,"href":"https:\/\/projectes.xtec.cat\/bescat\/wp-json\/wp\/v2\/comments?post=8289"}],"version-history":[{"count":6,"href":"https:\/\/projectes.xtec.cat\/bescat\/wp-json\/wp\/v2\/pages\/8289\/revisions"}],"predecessor-version":[{"id":15834,"href":"https:\/\/projectes.xtec.cat\/bescat\/wp-json\/wp\/v2\/pages\/8289\/revisions\/15834"}],"wp:attachment":[{"href":"https:\/\/projectes.xtec.cat\/bescat\/wp-json\/wp\/v2\/media?parent=8289"}],"curies":[{"name":"wp","href":"https:\/\/api.w.org\/{rel}","templated":true}]}}