{"id":8207,"date":"2021-05-12T11:31:07","date_gmt":"2021-05-12T09:31:07","guid":{"rendered":"https:\/\/projectes.xtec.cat\/camps\/?page_id=8207"},"modified":"2024-10-09T12:45:29","modified_gmt":"2024-10-09T10:45:29","slug":"qui-som","status":"publish","type":"page","link":"https:\/\/projectes.xtec.cat\/camps\/qui-som\/","title":{"rendered":"Qui som?"},"content":{"rendered":"<p style=\"text-align: justify;\">Els Camps i els Entorns d\u2019Aprenentatge som serveis educatius de suport curricular. Les nostres funcions s\u2019actualitzen cada any a trav\u00e9s de les <i>Directrius per a l\u2019organitzaci\u00f3 i la gesti\u00f3 dels serveis educatius<\/i> del Departament d\u2019Educaci\u00f3.<\/p>\n<p style=\"text-align: center;\"><span style=\"color: #48736a;\"><strong>Quina \u00e9s la nostra singularitat?<\/strong><\/span><br \/>\n<img loading=\"lazy\" decoding=\"async\" class=\"alignnone size-medium wp-image-8332\" src=\"https:\/\/projectes.xtec.cat\/camps\/wp-content\/uploads\/usu2431\/2021\/05\/linia1-300x11.png\" alt=\"\" width=\"300\" height=\"11\" srcset=\"https:\/\/projectes.xtec.cat\/camps\/wp-content\/uploads\/usu2431\/2021\/05\/linia1-300x11.png 300w, https:\/\/projectes.xtec.cat\/camps\/wp-content\/uploads\/usu2431\/2021\/05\/linia1.png 463w\" sizes=\"auto, (max-width: 300px) 100vw, 300px\" \/><\/p>\n<p style=\"text-align: justify;\">Els camps d\u2019aprenentatge formem part dels serveis educatius del Departament d\u2019Educaci\u00f3 i estem regulats pel Decret 155\/1994. La Llei d\u2019Educaci\u00f3 de Catalunya 2009, reconeix els camps d\u2019aprenentatge com a serveis educatius que ofereixen serveis did\u00e0ctics de suport a la doc\u00e8ncia.<\/p>\n<p style=\"text-align: justify;\">Els Camps d\u2019Aprenentatge (CdA) i els Entorns d&#8217;Aprenentatge (EdA) som serveis educatius de suport curricular i de car\u00e0cter interterritorial que treballem conjuntament amb els centres educatius. El valor afegit dels camps d\u2019aprenentatge \u00e9s promoure l\u2019aprenentatge competencial dels alumnes a partir d\u2019activitats did\u00e0ctiques en entorns naturals, socials i culturals singulars de Catalunya. A m\u00e9s, degut a la nostra situaci\u00f3 estrat\u00e8gica de proximitat als centres esdevenim agents per donar suport i acompanyar els centres cap a la transformaci\u00f3 educativa, des de la mirada de la disciplinaritat, especialitat i expertesa tem\u00e0tica de cada CdA\/EdA.<\/p>\n<p style=\"text-align: center;\"><span style=\"color: #48736a;\"><strong>Quina \u00e9s la nostra proposta educativa?<\/strong><\/span><br \/>\n<img loading=\"lazy\" decoding=\"async\" class=\"alignnone size-medium wp-image-8332\" src=\"https:\/\/projectes.xtec.cat\/camps\/wp-content\/uploads\/usu2431\/2021\/05\/linia1-300x11.png\" alt=\"\" width=\"300\" height=\"11\" srcset=\"https:\/\/projectes.xtec.cat\/camps\/wp-content\/uploads\/usu2431\/2021\/05\/linia1-300x11.png 300w, https:\/\/projectes.xtec.cat\/camps\/wp-content\/uploads\/usu2431\/2021\/05\/linia1.png 463w\" sizes=\"auto, (max-width: 300px) 100vw, 300px\" \/><\/p>\n<p style=\"text-align: justify;\">Les propostes educatives es dissenyen a partir de sortides, estades i projectes compartits amb els centres educatius.<\/p>\n<p style=\"text-align: justify;\">Les estades i les sortides d\u2019un dia es preparen com a activitats (seq\u00fc\u00e8ncies did\u00e0ctiques) del propi centre educatiu que es volen treballar al CdA\/EdA. Aquestes activitats han d\u2019estar vinculades al projecte educatiu de cada centre (PEC). Les activitats de m\u00e9s d\u2019un dia promouen la consolidaci\u00f3 dels aprenentatges de l&#8217;alumnat.<\/p>\n<p style=\"text-align: center;\"><span style=\"color: #48736a;\"><strong>A qui oferim els nostres serveis?<\/strong><\/span><br \/>\n<img loading=\"lazy\" decoding=\"async\" class=\"alignnone size-medium wp-image-8332\" src=\"https:\/\/projectes.xtec.cat\/camps\/wp-content\/uploads\/usu2431\/2021\/05\/linia1-300x11.png\" alt=\"\" width=\"300\" height=\"11\" srcset=\"https:\/\/projectes.xtec.cat\/camps\/wp-content\/uploads\/usu2431\/2021\/05\/linia1-300x11.png 300w, https:\/\/projectes.xtec.cat\/camps\/wp-content\/uploads\/usu2431\/2021\/05\/linia1.png 463w\" sizes=\"auto, (max-width: 300px) 100vw, 300px\" \/><\/p>\n<p style=\"text-align: justify;\">Els CdA\/EdA s&#8217;adrecen principalment a alumnes d&#8217;educaci\u00f3 infantil, prim\u00e0ria, secund\u00e0ria, cicles formatius, batxillerat i universitats dels centres educatius de Catalunya. En cas excepcional, condicionat per les activitats col\u00b7laboratives concretes i a la disponibilitat del CdA\/EdA, es poden atendre centres educatius p\u00fablics de fora de Catalunya.<\/p>\n<p style=\"text-align: center;\"><span style=\"color: #48736a;\"><strong>Quines s\u00f3n les nostres aliances educatives?<\/strong><\/span><br \/>\n<img loading=\"lazy\" decoding=\"async\" class=\"alignnone size-medium wp-image-8332\" src=\"https:\/\/projectes.xtec.cat\/camps\/wp-content\/uploads\/usu2431\/2021\/05\/linia1-300x11.png\" alt=\"\" width=\"300\" height=\"11\" srcset=\"https:\/\/projectes.xtec.cat\/camps\/wp-content\/uploads\/usu2431\/2021\/05\/linia1-300x11.png 300w, https:\/\/projectes.xtec.cat\/camps\/wp-content\/uploads\/usu2431\/2021\/05\/linia1.png 463w\" sizes=\"auto, (max-width: 300px) 100vw, 300px\" \/><\/p>\n<p style=\"text-align: justify;\">Els nostres projectes plantegen sovint\u00a0 diverses aliances i col\u00b7laboracions amb entitats, institucions, fundacions i s\u2019exploren i es vinculen tamb\u00e9 moltes de les activitats proposades amb els ODS (Objectius de Desenvolupament Sostenible) i amb l&#8217;\u00e0mbit STEAM.<\/p>\n<p style=\"text-align: justify;\">A m\u00e9s, moltes de les propostes es poden implementar tant en escenaris educatius virtuals com presencials o h\u00edbrids.<\/p>\n<p style=\"text-align: center;\"><span style=\"color: #48736a;\"><strong>De qui depenem?<\/strong><\/span><br \/>\n<img loading=\"lazy\" decoding=\"async\" class=\"alignnone size-medium wp-image-8332\" src=\"https:\/\/projectes.xtec.cat\/camps\/wp-content\/uploads\/usu2431\/2021\/05\/linia1-300x11.png\" alt=\"\" width=\"300\" height=\"11\" srcset=\"https:\/\/projectes.xtec.cat\/camps\/wp-content\/uploads\/usu2431\/2021\/05\/linia1-300x11.png 300w, https:\/\/projectes.xtec.cat\/camps\/wp-content\/uploads\/usu2431\/2021\/05\/linia1.png 463w\" sizes=\"auto, (max-width: 300px) 100vw, 300px\" \/><\/p>\n<p style=\"text-align: justify;\">La gesti\u00f3 administrativa i econ\u00f2mica la realitza el Departament d\u2019Educaci\u00f3. Tant els Camps com els Entorns d\u2019Aprenentatge depenen org\u00e0nicament del Servei de Xarxes i Serveis Educatius, de la Subdirecci\u00f3 General d\u2019Innovaci\u00f3 i Formaci\u00f3, de la Direcci\u00f3 General d\u2019Innovaci\u00f3, Digitalitzaci\u00f3 i Curr\u00edculum del Departament d\u2019Educaci\u00f3 i Formaci\u00f3 Professional.<\/p>\n<p style=\"text-align: center;\"><strong><span style=\"color: #2c5250;\"><a href=\"https:\/\/projectes.xtec.cat\/camps\/qui-som\/antecedents-historics\/\"><img loading=\"lazy\" decoding=\"async\" class=\"alignnone size-full wp-image-8477\" src=\"https:\/\/projectes.xtec.cat\/camps\/wp-content\/uploads\/usu2431\/2021\/05\/clic-verd2.png\" alt=\"\" width=\"55\" height=\"50\" \/><\/a><\/span><\/strong><span style=\"color: #2c5250;\"> \u00a0<a href=\"https:\/\/projectes.xtec.cat\/camps\/qui-som\/antecedents-historics\/\"><span style=\"color: #48736a;\"><strong>Antecedents hist\u00f2rics<\/strong><\/span><\/a><\/span><strong><span style=\"color: #2c5250;\"><br \/>\n<img loading=\"lazy\" decoding=\"async\" class=\"size-medium wp-image-8332 aligncenter\" src=\"https:\/\/projectes.xtec.cat\/camps\/wp-content\/uploads\/usu2431\/2021\/05\/linia1-300x11.png\" alt=\"\" width=\"300\" height=\"11\" srcset=\"https:\/\/projectes.xtec.cat\/camps\/wp-content\/uploads\/usu2431\/2021\/05\/linia1-300x11.png 300w, https:\/\/projectes.xtec.cat\/camps\/wp-content\/uploads\/usu2431\/2021\/05\/linia1.png 463w\" sizes=\"auto, (max-width: 300px) 100vw, 300px\" \/><\/span><\/strong><\/p>\n","protected":false},"excerpt":{"rendered":"<p>Els Camps i els Entorns d\u2019Aprenentatge som serveis educatius de suport curricular. Les nostres funcions s\u2019actualitzen cada any a trav\u00e9s [&hellip;]<\/p>\n","protected":false},"author":1,"featured_media":0,"parent":0,"menu_order":0,"comment_status":"closed","ping_status":"closed","template":"","meta":{"_bbp_topic_count":0,"_bbp_reply_count":0,"_bbp_total_topic_count":0,"_bbp_total_reply_count":0,"_bbp_voice_count":0,"_bbp_anonymous_reply_count":0,"_bbp_topic_count_hidden":0,"_bbp_reply_count_hidden":0,"_bbp_forum_subforum_count":0,"site-sidebar-layout":"default","site-content-layout":"","ast-site-content-layout":"","site-content-style":"default","site-sidebar-style":"default","ast-global-header-display":"","ast-banner-title-visibility":"","ast-main-header-display":"","ast-hfb-above-header-display":"","ast-hfb-below-header-display":"","ast-hfb-mobile-header-display":"","site-post-title":"","ast-breadcrumbs-content":"","ast-featured-img":"","footer-sml-layout":"","theme-transparent-header-meta":"","adv-header-id-meta":"","stick-header-meta":"","header-above-stick-meta":"","header-main-stick-meta":"","header-below-stick-meta":"","astra-migrate-meta-layouts":"default","ast-page-background-enabled":"default","ast-page-background-meta":{"desktop":{"background-color":"var(--ast-global-color-4)","background-image":"","background-repeat":"repeat","background-position":"center center","background-size":"auto","background-attachment":"scroll","background-type":"","background-media":"","overlay-type":"","overlay-color":"","overlay-opacity":"","overlay-gradient":""},"tablet":{"background-color":"","background-image":"","background-repeat":"repeat","background-position":"center center","background-size":"auto","background-attachment":"scroll","background-type":"","background-media":"","overlay-type":"","overlay-color":"","overlay-opacity":"","overlay-gradient":""},"mobile":{"background-color":"","background-image":"","background-repeat":"repeat","background-position":"center center","background-size":"auto","background-attachment":"scroll","background-type":"","background-media":"","overlay-type":"","overlay-color":"","overlay-opacity":"","overlay-gradient":""}},"ast-content-background-meta":{"desktop":{"background-color":"var(--ast-global-color-5)","background-image":"","background-repeat":"repeat","background-position":"center center","background-size":"auto","background-attachment":"scroll","background-type":"","background-media":"","overlay-type":"","overlay-color":"","overlay-opacity":"","overlay-gradient":""},"tablet":{"background-color":"var(--ast-global-color-5)","background-image":"","background-repeat":"repeat","background-position":"center center","background-size":"auto","background-attachment":"scroll","background-type":"","background-media":"","overlay-type":"","overlay-color":"","overlay-opacity":"","overlay-gradient":""},"mobile":{"background-color":"var(--ast-global-color-5)","background-image":"","background-repeat":"repeat","background-position":"center center","background-size":"auto","background-attachment":"scroll","background-type":"","background-media":"","overlay-type":"","overlay-color":"","overlay-opacity":"","overlay-gradient":""}},"footnotes":""},"class_list":["post-8207","page","type-page","status-publish","hentry"],"post_mailing_queue_ids":[],"_links":{"self":[{"href":"https:\/\/projectes.xtec.cat\/camps\/wp-json\/wp\/v2\/pages\/8207","targetHints":{"allow":["GET"]}}],"collection":[{"href":"https:\/\/projectes.xtec.cat\/camps\/wp-json\/wp\/v2\/pages"}],"about":[{"href":"https:\/\/projectes.xtec.cat\/camps\/wp-json\/wp\/v2\/types\/page"}],"author":[{"embeddable":true,"href":"https:\/\/projectes.xtec.cat\/camps\/wp-json\/wp\/v2\/users\/1"}],"replies":[{"embeddable":true,"href":"https:\/\/projectes.xtec.cat\/camps\/wp-json\/wp\/v2\/comments?post=8207"}],"version-history":[{"count":6,"href":"https:\/\/projectes.xtec.cat\/camps\/wp-json\/wp\/v2\/pages\/8207\/revisions"}],"predecessor-version":[{"id":10239,"href":"https:\/\/projectes.xtec.cat\/camps\/wp-json\/wp\/v2\/pages\/8207\/revisions\/10239"}],"wp:attachment":[{"href":"https:\/\/projectes.xtec.cat\/camps\/wp-json\/wp\/v2\/media?parent=8207"}],"curies":[{"name":"wp","href":"https:\/\/api.w.org\/{rel}","templated":true}]}}