{"id":8344,"date":"2021-05-18T19:55:15","date_gmt":"2021-05-18T17:55:15","guid":{"rendered":"https:\/\/projectes.xtec.cat\/camps\/?page_id=8344"},"modified":"2024-10-09T12:36:41","modified_gmt":"2024-10-09T10:36:41","slug":"antecedents-historics","status":"publish","type":"page","link":"https:\/\/projectes.xtec.cat\/camps\/qui-som\/antecedents-historics\/","title":{"rendered":"Antecedents hist\u00f2rics"},"content":{"rendered":"<p style=\"text-align: center;\"><span style=\"color: #48736a;\"><strong>El sentit de les col\u00f2nies de principi del S.XX<\/strong><\/span><br \/>\n<img loading=\"lazy\" decoding=\"async\" class=\"alignnone size-medium wp-image-8332\" src=\"https:\/\/projectes.xtec.cat\/camps\/wp-content\/uploads\/usu2431\/2021\/05\/linia1-300x11.png\" alt=\"\" width=\"300\" height=\"11\" srcset=\"https:\/\/projectes.xtec.cat\/camps\/wp-content\/uploads\/usu2431\/2021\/05\/linia1-300x11.png 300w, https:\/\/projectes.xtec.cat\/camps\/wp-content\/uploads\/usu2431\/2021\/05\/linia1.png 463w\" sizes=\"auto, (max-width: 300px) 100vw, 300px\" \/><\/p>\n<p style=\"text-align: justify;\">Les primeres col\u00f2nies escolars estaven dirigides a nens i nenes de ciutat, majorit\u00e0riament fills de classe obrera, que vivien en males condicions higi\u00e8niques i als quals\u00a0 enviaven uns dies a la natura. A la ciutat de Barcelona, neixen cap a l\u2019any 1906 en una proposta a l\u2019Ajuntament barcelon\u00ed d&#8217;Hermenegildo Giner de los R\u00edos, pedagog vinculat a la <i>Instituci\u00f3n Llibre de Ense\u00f1anza<\/i>.<\/p>\n<p style=\"text-align: justify;\">Amb l\u2019adveniment de la Mancomunitat de Catalunya (1914-1925), el fenomen es multiplica i diverses poblacions es proposen com a lloc d\u2019acollida de col\u00f2nies escolars:\u00a0 Cadaqu\u00e9s, Sant Antoni Calonge, Manresa, Tortosa, Balaguer, Sant Boi de Llobregat, Calafell, Badalona, Terrassa, Reus, etc. L\u2019alberg Jaume I, anomenat llavors Villa Engracia, actual seu del CdA dels Monestirs del Cister, n\u2019allotj\u00e0 tamb\u00e9.<\/p>\n<table style=\"border-color: #ffffff; background-color: #ffffff; width: 100%;\">\n<tbody>\n<tr>\n<td style=\"border-color: #ffffff; background-color: #ffffff; width: 56.157%;\"><strong><img loading=\"lazy\" decoding=\"async\" class=\"size-medium wp-image-8368 aligncenter\" src=\"https:\/\/projectes.xtec.cat\/camps\/wp-content\/uploads\/usu2431\/2021\/05\/col\u00f2nies-1910-1-300x231.png\" alt=\"\" width=\"300\" height=\"231\" srcset=\"https:\/\/projectes.xtec.cat\/camps\/wp-content\/uploads\/usu2431\/2021\/05\/col\u00f2nies-1910-1-300x231.png 300w, https:\/\/projectes.xtec.cat\/camps\/wp-content\/uploads\/usu2431\/2021\/05\/col\u00f2nies-1910-1.png 524w\" sizes=\"auto, (max-width: 300px) 100vw, 300px\" \/><\/strong><\/td>\n<td style=\"border-color: #ffffff; background-color: #ffffff; width: 42.8958%;\"><img loading=\"lazy\" decoding=\"async\" class=\"size-medium wp-image-8372 alignleft\" src=\"https:\/\/projectes.xtec.cat\/camps\/wp-content\/uploads\/usu2431\/2021\/05\/col\u00f2nies-1925-300x174.png\" alt=\"\" width=\"300\" height=\"174\" srcset=\"https:\/\/projectes.xtec.cat\/camps\/wp-content\/uploads\/usu2431\/2021\/05\/col\u00f2nies-1925-300x174.png 300w, https:\/\/projectes.xtec.cat\/camps\/wp-content\/uploads\/usu2431\/2021\/05\/col\u00f2nies-1925.png 615w\" sizes=\"auto, (max-width: 300px) 100vw, 300px\" \/><\/td>\n<\/tr>\n<\/tbody>\n<\/table>\n<p style=\"text-align: center;\"><span style=\"color: #48736a;\"><strong>Les sortides com a espais reals d&#8217;aprenentatge<\/strong><\/span><br \/>\n<img loading=\"lazy\" decoding=\"async\" class=\"alignnone size-medium wp-image-8332\" src=\"https:\/\/projectes.xtec.cat\/camps\/wp-content\/uploads\/usu2431\/2021\/05\/linia1-300x11.png\" alt=\"\" width=\"300\" height=\"11\" srcset=\"https:\/\/projectes.xtec.cat\/camps\/wp-content\/uploads\/usu2431\/2021\/05\/linia1-300x11.png 300w, https:\/\/projectes.xtec.cat\/camps\/wp-content\/uploads\/usu2431\/2021\/05\/linia1.png 463w\" sizes=\"auto, (max-width: 300px) 100vw, 300px\" \/><\/p>\n<p style=\"text-align: justify;\">La dictadura de Primo de Rivera va acabar amb el projecte, que trob\u00e0 un nou impuls a la Segona Rep\u00fablica, tenint com a marc pedag\u00f2gic l\u2019Escola Nova, que entre els seus postulats assenyalava la necessitat de portar l\u2019alumnat a espais reals d\u2019aprenentatge. Les sortides es convertien aix\u00ed en element clau del proc\u00e9s educatiu.<\/p>\n<p style=\"text-align: justify;\"><img loading=\"lazy\" decoding=\"async\" class=\"size-medium wp-image-8395 alignright\" src=\"https:\/\/projectes.xtec.cat\/camps\/wp-content\/uploads\/usu2431\/2021\/05\/col\u00f2nies-Segona-Rep\u00fablica-1-288x300.png\" alt=\"\" width=\"288\" height=\"300\" srcset=\"https:\/\/projectes.xtec.cat\/camps\/wp-content\/uploads\/usu2431\/2021\/05\/col\u00f2nies-Segona-Rep\u00fablica-1-288x300.png 288w, https:\/\/projectes.xtec.cat\/camps\/wp-content\/uploads\/usu2431\/2021\/05\/col\u00f2nies-Segona-Rep\u00fablica-1.png 648w\" sizes=\"auto, (max-width: 288px) 100vw, 288px\" \/>Els seus principis pedag\u00f2gics es basaven en els m\u00e8todes globalitzats descrits per Ovide Decroly, i concretats en els anomenats centres d\u2019inter\u00e8s. Basaven l\u2019activitat educativa dels alumnes en l&#8217;observaci\u00f3, la investigaci\u00f3 i la capacitat individual per expressar coneixements adquirits. I en John Dewey, considerat l\u2019ide\u00f2leg dels projectes d\u2019investigaci\u00f3 escolar, i Celestin Freinet, conven\u00e7ut que els infants aprenen perqu\u00e8 s\u00f3n capa\u00e7os d\u2019actuar directament en els medis on participen.<\/p>\n<p style=\"text-align: justify;\">Una de les gran propostes era la desaparici\u00f3 de la fragmentaci\u00f3 del coneixement en disciplines.<\/p>\n<p style=\"text-align: justify;\">La guerra i el franquisme acabaren amb totes aquestes experi\u00e8ncies retornant\u00a0 l\u2019ensenyament al sistema transmissiu i memor\u00edstic de l\u2019escola tradicional.<\/p>\n<p style=\"text-align: center;\"><span style=\"color: #48736a;\"><strong>Renaixen\u00e7a de l&#8217;educaci\u00f3 en entorns naturals<\/strong><\/span><br \/>\n<img loading=\"lazy\" decoding=\"async\" class=\"alignnone size-medium wp-image-8332\" src=\"https:\/\/projectes.xtec.cat\/camps\/wp-content\/uploads\/usu2431\/2021\/05\/linia1-300x11.png\" alt=\"\" width=\"300\" height=\"11\" srcset=\"https:\/\/projectes.xtec.cat\/camps\/wp-content\/uploads\/usu2431\/2021\/05\/linia1-300x11.png 300w, https:\/\/projectes.xtec.cat\/camps\/wp-content\/uploads\/usu2431\/2021\/05\/linia1.png 463w\" sizes=\"auto, (max-width: 300px) 100vw, 300px\" \/><\/p>\n<p style=\"text-align: justify;\">No ser\u00e0 fins a la segona meitat de la d\u00e8cada dels 60 que a Catalunya apareixen un seguit d\u2019experi\u00e8ncies, vinculades fonamentalment a l\u2019educaci\u00f3 en entorns naturals, que recuperaran els principis de l\u2019Escola Nova, referents a la necessitat de proposar activitats d\u2019experimentaci\u00f3 a l\u2019alumnat, per aconseguir resultats d\u2019investigaci\u00f3 sota el principi denominat de descobriment guiat, allunyant-se aix\u00ed dels models tradicionals d\u2019escola i d\u2019educaci\u00f3.<\/p>\n<p style=\"text-align: justify;\">Aquests mestres renovadors foren els creadors de diverses granges-escola i altres espais educatius d\u2019entorn que, seguint els principis dels Moviments de Renovaci\u00f3 Pedag\u00f2gica del moment, tindran el seu moment de m\u00e0xima eclosi\u00f3 en la d\u00e8cada dels 70.<\/p>\n<p style=\"text-align: center;\"><span style=\"color: #48736a;\"><strong>Creaci\u00f3 dels Camps d&#8217;Aprenentatge<\/strong><\/span><br \/>\n<img loading=\"lazy\" decoding=\"async\" class=\"alignnone size-medium wp-image-8332\" src=\"https:\/\/projectes.xtec.cat\/camps\/wp-content\/uploads\/usu2431\/2021\/05\/linia1-300x11.png\" alt=\"\" width=\"300\" height=\"11\" srcset=\"https:\/\/projectes.xtec.cat\/camps\/wp-content\/uploads\/usu2431\/2021\/05\/linia1-300x11.png 300w, https:\/\/projectes.xtec.cat\/camps\/wp-content\/uploads\/usu2431\/2021\/05\/linia1.png 463w\" sizes=\"auto, (max-width: 300px) 100vw, 300px\" \/><\/p>\n<p style=\"text-align: justify;\">Finalment va ser una <a href=\"https:\/\/drive.google.com\/file\/d\/1Mru2Gyh64aEEvRJW_1caurNJKyDUkuNk\/view\">Ordre del 31 d\u2019agost de 1982 <\/a>de la Generalitat restablerta, a inicis del postfranquisme, fruit del trasp\u00e0s de compet\u00e8ncies educatives al govern auton\u00f2mic catal\u00e0 que es crearan, en el marc del Programa d\u2019Ajuda a la Renovaci\u00f3 Pedag\u00f2gica, els Camps d\u2019Aprenentatge.<\/p>\n<p style=\"text-align: justify;\">L&#8217;objectiu ser\u00e0 contribuir a estendre i potenciar pr\u00e0ctiques did\u00e0ctiques innovadores en el camp d\u2019estudi del medi. Aix\u00ed doncs, els primers Camps sorgeixen aprofitant les iniciatives de grups de mestres vinculats als Moviments de Renovaci\u00f3 Pedag\u00f2gica, com projectes innovadors en el marc de la direcci\u00f3 General d\u2019Innovaci\u00f3 Educativa del Departament d\u2019Ensenyament d\u2019aquell moment.<\/p>\n<p style=\"text-align: center;\"><span style=\"color: #48736a;\"><strong>Els actuals Camps i Entorns d&#8217;Aprenentatge<\/strong><\/span><br \/>\n<img loading=\"lazy\" decoding=\"async\" class=\"alignnone size-medium wp-image-8332\" src=\"https:\/\/projectes.xtec.cat\/camps\/wp-content\/uploads\/usu2431\/2021\/05\/linia1-300x11.png\" alt=\"\" width=\"300\" height=\"11\" srcset=\"https:\/\/projectes.xtec.cat\/camps\/wp-content\/uploads\/usu2431\/2021\/05\/linia1-300x11.png 300w, https:\/\/projectes.xtec.cat\/camps\/wp-content\/uploads\/usu2431\/2021\/05\/linia1.png 463w\" sizes=\"auto, (max-width: 300px) 100vw, 300px\" \/><\/p>\n<p style=\"text-align: justify;\">El novembre del 1983 s&#8217;estableixen les funcions a desenvolupar i fins avui s\u2019ha anat ampliant el mapa fins a configurar el conjunt de dinou Camps d\u2019Aprenentatge actuals amb eixos conceptuals heterogenis, per\u00f2 amb din\u00e0miques metodol\u00f2giques i did\u00e0ctiques iguals.<\/p>\n<p style=\"text-align: justify;\"><img loading=\"lazy\" decoding=\"async\" class=\"size-medium wp-image-8384 alignright\" src=\"https:\/\/projectes.xtec.cat\/camps\/wp-content\/uploads\/usu2431\/2021\/05\/Jornades-CsA-i-EdA-2020-300x245.png\" alt=\"\" width=\"300\" height=\"245\" srcset=\"https:\/\/projectes.xtec.cat\/camps\/wp-content\/uploads\/usu2431\/2021\/05\/Jornades-CsA-i-EdA-2020-300x245.png 300w, https:\/\/projectes.xtec.cat\/camps\/wp-content\/uploads\/usu2431\/2021\/05\/Jornades-CsA-i-EdA-2020-768x627.png 768w, https:\/\/projectes.xtec.cat\/camps\/wp-content\/uploads\/usu2431\/2021\/05\/Jornades-CsA-i-EdA-2020.png 794w\" sizes=\"auto, (max-width: 300px) 100vw, 300px\" \/>Un fet rellevant succeeix l&#8217;any 2008, quan el Departament d\u2019Educaci\u00f3 inicia, davant la impossibilitat d\u2019augmentar el nombre de CdA\u2019s, la creaci\u00f3 d\u2019Entorns d\u2019Aprenentatge sota els mateixos principis educatius que els Camps, per\u00f2 amb diversa gesti\u00f3 institucional compartida amb el Departament. Actualment, hi ha dinou Camps i dos Entorns d&#8217;Aprenentatge, vint-i-un en total, els quals formem un mateix projecte de servei educatiu de suport curricular <a href=\"https:\/\/docs.google.com\/document\/d\/1Itl7j8b6KNWlgaya8jkUTIcGzvcCIgtwAMdXKT8ECLI\/edit?usp=sharing\"><strong><span style=\"color: #ff6600;\">|<\/span><\/strong> <strong>Inauguraci\u00f3 dels Camps i EdA&#8217;s<\/strong> <span style=\"color: #ff6600;\"><strong>|<\/strong><\/span><\/a><\/p>\n<p style=\"text-align: left;\"><span style=\"color: #000000;\"><strong><a href=\"&quot;https:\/\/projectes.xtec.cat\/camps\/&lt;\/strong\">\u00a0<\/a><\/strong><img loading=\"lazy\" decoding=\"async\" class=\"alignnone size-full wp-image-8477\" src=\"https:\/\/projectes.xtec.cat\/camps\/wp-content\/uploads\/usu2431\/2021\/05\/clic-verd2.png\" alt=\"\" width=\"55\" height=\"50\" \/><\/span><span style=\"color: #000000;\"><a href=\"https:\/\/projectes.xtec.cat\/camps\/qui-som\/\"><strong> Qui som?<\/strong><\/a><\/span><span style=\"color: #000000;\"><br \/>\n<img loading=\"lazy\" decoding=\"async\" class=\"size-medium wp-image-8332 alignleft\" src=\"https:\/\/projectes.xtec.cat\/camps\/wp-content\/uploads\/usu2431\/2021\/05\/linia1-300x11.png\" alt=\"\" width=\"300\" height=\"11\" srcset=\"https:\/\/projectes.xtec.cat\/camps\/wp-content\/uploads\/usu2431\/2021\/05\/linia1-300x11.png 300w, https:\/\/projectes.xtec.cat\/camps\/wp-content\/uploads\/usu2431\/2021\/05\/linia1.png 463w\" sizes=\"auto, (max-width: 300px) 100vw, 300px\" \/><\/span><\/p>\n<p>&nbsp;<\/p>\n<p>&nbsp;<\/p>\n","protected":false},"excerpt":{"rendered":"<p>El sentit de les col\u00f2nies de principi del S.XX Les primeres col\u00f2nies escolars estaven dirigides a nens i nenes de [&hellip;]<\/p>\n","protected":false},"author":7,"featured_media":0,"parent":8207,"menu_order":0,"comment_status":"closed","ping_status":"closed","template":"","meta":{"_bbp_topic_count":0,"_bbp_reply_count":0,"_bbp_total_topic_count":0,"_bbp_total_reply_count":0,"_bbp_voice_count":0,"_bbp_anonymous_reply_count":0,"_bbp_topic_count_hidden":0,"_bbp_reply_count_hidden":0,"_bbp_forum_subforum_count":0,"site-sidebar-layout":"default","site-content-layout":"","ast-site-content-layout":"","site-content-style":"default","site-sidebar-style":"default","ast-global-header-display":"","ast-banner-title-visibility":"","ast-main-header-display":"","ast-hfb-above-header-display":"","ast-hfb-below-header-display":"","ast-hfb-mobile-header-display":"","site-post-title":"","ast-breadcrumbs-content":"","ast-featured-img":"","footer-sml-layout":"","theme-transparent-header-meta":"","adv-header-id-meta":"","stick-header-meta":"","header-above-stick-meta":"","header-main-stick-meta":"","header-below-stick-meta":"","astra-migrate-meta-layouts":"default","ast-page-background-enabled":"default","ast-page-background-meta":{"desktop":{"background-color":"var(--ast-global-color-4)","background-image":"","background-repeat":"repeat","background-position":"center center","background-size":"auto","background-attachment":"scroll","background-type":"","background-media":"","overlay-type":"","overlay-color":"","overlay-opacity":"","overlay-gradient":""},"tablet":{"background-color":"","background-image":"","background-repeat":"repeat","background-position":"center center","background-size":"auto","background-attachment":"scroll","background-type":"","background-media":"","overlay-type":"","overlay-color":"","overlay-opacity":"","overlay-gradient":""},"mobile":{"background-color":"","background-image":"","background-repeat":"repeat","background-position":"center center","background-size":"auto","background-attachment":"scroll","background-type":"","background-media":"","overlay-type":"","overlay-color":"","overlay-opacity":"","overlay-gradient":""}},"ast-content-background-meta":{"desktop":{"background-color":"var(--ast-global-color-5)","background-image":"","background-repeat":"repeat","background-position":"center center","background-size":"auto","background-attachment":"scroll","background-type":"","background-media":"","overlay-type":"","overlay-color":"","overlay-opacity":"","overlay-gradient":""},"tablet":{"background-color":"var(--ast-global-color-5)","background-image":"","background-repeat":"repeat","background-position":"center center","background-size":"auto","background-attachment":"scroll","background-type":"","background-media":"","overlay-type":"","overlay-color":"","overlay-opacity":"","overlay-gradient":""},"mobile":{"background-color":"var(--ast-global-color-5)","background-image":"","background-repeat":"repeat","background-position":"center center","background-size":"auto","background-attachment":"scroll","background-type":"","background-media":"","overlay-type":"","overlay-color":"","overlay-opacity":"","overlay-gradient":""}},"footnotes":""},"class_list":["post-8344","page","type-page","status-publish","hentry"],"post_mailing_queue_ids":[],"_links":{"self":[{"href":"https:\/\/projectes.xtec.cat\/camps\/wp-json\/wp\/v2\/pages\/8344","targetHints":{"allow":["GET"]}}],"collection":[{"href":"https:\/\/projectes.xtec.cat\/camps\/wp-json\/wp\/v2\/pages"}],"about":[{"href":"https:\/\/projectes.xtec.cat\/camps\/wp-json\/wp\/v2\/types\/page"}],"author":[{"embeddable":true,"href":"https:\/\/projectes.xtec.cat\/camps\/wp-json\/wp\/v2\/users\/7"}],"replies":[{"embeddable":true,"href":"https:\/\/projectes.xtec.cat\/camps\/wp-json\/wp\/v2\/comments?post=8344"}],"version-history":[{"count":4,"href":"https:\/\/projectes.xtec.cat\/camps\/wp-json\/wp\/v2\/pages\/8344\/revisions"}],"predecessor-version":[{"id":10237,"href":"https:\/\/projectes.xtec.cat\/camps\/wp-json\/wp\/v2\/pages\/8344\/revisions\/10237"}],"up":[{"embeddable":true,"href":"https:\/\/projectes.xtec.cat\/camps\/wp-json\/wp\/v2\/pages\/8207"}],"wp:attachment":[{"href":"https:\/\/projectes.xtec.cat\/camps\/wp-json\/wp\/v2\/media?parent=8344"}],"curies":[{"name":"wp","href":"https:\/\/api.w.org\/{rel}","templated":true}]}}