{"id":8400,"date":"2021-05-29T12:00:17","date_gmt":"2021-05-29T10:00:17","guid":{"rendered":"https:\/\/projectes.xtec.cat\/camps\/?page_id=8400"},"modified":"2021-06-25T20:40:49","modified_gmt":"2021-06-25T18:40:49","slug":"objectius-de-desenvolupament-sostenible","status":"publish","type":"page","link":"https:\/\/projectes.xtec.cat\/camps\/objectius-de-desenvolupament-sostenible\/","title":{"rendered":"Objectius de Desenvolupament Sostenible"},"content":{"rendered":"<p style=\"text-align: justify;\"><em>Les persones tenim dret a una vida saludable, en harmonia amb la naturalesa. El dret al desenvolupament ha de tenir en compte les necessitats de desenvolupament i ambientals de les generacions presents i futures, tenint com a objectiu aconseguir un desenvolupament sostenible<\/em>. \u00a0<strong>|<\/strong><em><a href=\"https:\/\/projectes.xtec.cat\/encara-hi-som-a-temps\/inici2\/\" target=\"_blank\" rel=\"noopener noreferrer\"><strong> Manifest <\/strong><\/a><\/em><strong>|<\/strong><\/p>\n<p style=\"text-align: right;\"><span style=\"color: #48736a;\"><strong>Agenda 2030 de Desenvolupament Sostenible<\/strong><\/span><br \/>\n<img loading=\"lazy\" decoding=\"async\" class=\"alignnone size-full wp-image-8332 alignright\" src=\"https:\/\/projectes.xtec.cat\/camps\/wp-content\/uploads\/usu2431\/2021\/05\/linia1.png\" alt=\"\" width=\"463\" height=\"17\" srcset=\"https:\/\/projectes.xtec.cat\/camps\/wp-content\/uploads\/usu2431\/2021\/05\/linia1.png 463w, https:\/\/projectes.xtec.cat\/camps\/wp-content\/uploads\/usu2431\/2021\/05\/linia1-300x11.png 300w\" sizes=\"auto, (max-width: 463px) 100vw, 463px\" \/><\/p>\n<p>&nbsp;<\/p>\n<p style=\"text-align: justify;\"><img loading=\"lazy\" decoding=\"async\" class=\"wp-image-8760 alignleft\" src=\"https:\/\/projectes.xtec.cat\/camps\/wp-content\/uploads\/usu2431\/2021\/06\/desenvolupament-sostenible.jpg\" alt=\"\" width=\"106\" height=\"265\" srcset=\"https:\/\/projectes.xtec.cat\/camps\/wp-content\/uploads\/usu2431\/2021\/06\/desenvolupament-sostenible.jpg 308w, https:\/\/projectes.xtec.cat\/camps\/wp-content\/uploads\/usu2431\/2021\/06\/desenvolupament-sostenible-120x300.jpg 120w\" sizes=\"auto, (max-width: 106px) 100vw, 106px\" \/>L\u2019Agenda 2030 \u00e9s el full de ruta global per avan\u00e7ar vers el desenvolupament sostenible. Aprovada el 25 de setembre de 2015 per Nacions Unides, inclou <strong>17 Objectius de <\/strong><strong>Desenvolupament Sostenible (ODS) a assolir el 2030<\/strong>. Els ODS cobreixen la dimensi\u00f3 social, econ\u00f2mica i ambiental de la sostenibilitat i aborden cinc grans \u00e0mbits: planeta, persones, prosperitat, pau i aliances.<\/p>\n<p style=\"text-align: justify;\">La cultura de la sostenibilitat \u00e9s un element b\u00e0sic en el capital social d&#8217;un pa\u00eds. L&#8217;educaci\u00f3 cap al desenvolupament sostenible no es tracta d&#8217;una activitat de mera transmissi\u00f3 de coneixements, sin\u00f3 de capacitaci\u00f3 dels ciutadans per analitzar les possibles solucions als reptes ambientals, econ\u00f2mics i socials.<a href=\"http:\/\/xtec.gencat.cat\/ca\/curriculum\/primaria\/orientacions\/educacio-objectius-desenvolupament-sostenible-ods\/\"><img loading=\"lazy\" decoding=\"async\" class=\"wp-image-8764 alignright\" src=\"https:\/\/projectes.xtec.cat\/camps\/wp-content\/uploads\/usu2431\/2021\/06\/ods.png\" alt=\"\" width=\"173\" height=\"171\" srcset=\"https:\/\/projectes.xtec.cat\/camps\/wp-content\/uploads\/usu2431\/2021\/06\/ods.png 1200w, https:\/\/projectes.xtec.cat\/camps\/wp-content\/uploads\/usu2431\/2021\/06\/ods-300x297.png 300w, https:\/\/projectes.xtec.cat\/camps\/wp-content\/uploads\/usu2431\/2021\/06\/ods-768x760.png 768w, https:\/\/projectes.xtec.cat\/camps\/wp-content\/uploads\/usu2431\/2021\/06\/ods-1024x1013.png 1024w\" sizes=\"auto, (max-width: 173px) 100vw, 173px\" \/><\/a><\/p>\n<p style=\"text-align: justify;\">Cal educar en el marc de la <strong>presa de consci\u00e8ncia<\/strong> sobre el moment que vivim d&#8217;emerg\u00e8ncia clim\u00e0tica i ambiental, i alhora tamb\u00e9 en la <strong>presa de decisi\u00f3<\/strong> per tal que l&#8217;alumnat i el ciutad\u00e0 participi de forma activa en el seu entorn m\u00e9s proper.<\/p>\n<p dir=\"ltr\" style=\"text-align: justify;\">Els CdA\/EdA per la seva metodologia de treball i la situaci\u00f3 f\u00edsica de continu contacte amb el medi ambient permeten dur a terme propostes reals de sostenibilitat.<\/p>\n<p dir=\"ltr\" style=\"text-align: justify;\">Elaborar propostes de treball innovadores i transformadores relacionades amb cada ODS i fent participar a tota la comunitat educativa, pot ajudar a millorar la nostra relaci\u00f3 amb el medi ambient i fer real un nou model de vida m\u00e9s sostenible i saludable<strong>.<\/strong><\/p>\n<p style=\"text-align: center;\">Posem-nos mans a l\u2019obra que, com diu el poeta Miquel Mart\u00ed i Pol, \u00ab<em>tot est\u00e0 per fer, i tot \u00e9s possible<\/em>\u00bb.<\/p>\n<p><a href=\"https:\/\/projectes.xtec.cat\/camps\/objectius-de-desenvolupament-sostenible\/ods-encara-hi-som-a-temps-2\/\"><img loading=\"lazy\" decoding=\"async\" class=\"alignnone size-full wp-image-8477\" src=\"https:\/\/projectes.xtec.cat\/camps\/wp-content\/uploads\/usu2431\/2021\/05\/clic-verd2.png\" alt=\"\" width=\"55\" height=\"50\" \/><\/a><\/p>\n<p><a href=\"https:\/\/projectes.xtec.cat\/camps\/objectius-de-desenvolupament-sostenible\/ods-encara-hi-som-a-temps-2\/\" target=\"_blank\" rel=\"noopener noreferrer\"><img loading=\"lazy\" decoding=\"async\" class=\"alignnone size-full wp-image-8461\" src=\"https:\/\/projectes.xtec.cat\/camps\/wp-content\/uploads\/usu2431\/2021\/05\/ODS-Encara-hi-som-a-temps.png\" alt=\"\" width=\"1892\" height=\"430\" srcset=\"https:\/\/projectes.xtec.cat\/camps\/wp-content\/uploads\/usu2431\/2021\/05\/ODS-Encara-hi-som-a-temps.png 1892w, https:\/\/projectes.xtec.cat\/camps\/wp-content\/uploads\/usu2431\/2021\/05\/ODS-Encara-hi-som-a-temps-300x68.png 300w, https:\/\/projectes.xtec.cat\/camps\/wp-content\/uploads\/usu2431\/2021\/05\/ODS-Encara-hi-som-a-temps-768x175.png 768w, https:\/\/projectes.xtec.cat\/camps\/wp-content\/uploads\/usu2431\/2021\/05\/ODS-Encara-hi-som-a-temps-1024x233.png 1024w\" sizes=\"auto, (max-width: 1892px) 100vw, 1892px\" \/><\/a><\/p>\n<hr \/>\n<p style=\"text-align: justify;\"><a href=\"https:\/\/projectes.xtec.cat\/camps\/objectius-de-desenvolupament-sostenible\/ods-steam-2\/\"><img loading=\"lazy\" decoding=\"async\" class=\"alignnone size-full wp-image-8477\" src=\"https:\/\/projectes.xtec.cat\/camps\/wp-content\/uploads\/usu2431\/2021\/05\/clic-verd2.png\" alt=\"\" width=\"55\" height=\"50\" \/><\/a><br \/>\n<a href=\"https:\/\/projectes.xtec.cat\/camps\/objectius-de-desenvolupament-sostenible\/ods-steam-2\/\"><img loading=\"lazy\" decoding=\"async\" class=\"size-full wp-image-8438 alignnone\" src=\"https:\/\/projectes.xtec.cat\/camps\/wp-content\/uploads\/usu2431\/2021\/05\/ods-steam-1.png\" alt=\"\" width=\"1884\" height=\"466\" srcset=\"https:\/\/projectes.xtec.cat\/camps\/wp-content\/uploads\/usu2431\/2021\/05\/ods-steam-1.png 1884w, https:\/\/projectes.xtec.cat\/camps\/wp-content\/uploads\/usu2431\/2021\/05\/ods-steam-1-300x74.png 300w, https:\/\/projectes.xtec.cat\/camps\/wp-content\/uploads\/usu2431\/2021\/05\/ods-steam-1-768x190.png 768w, https:\/\/projectes.xtec.cat\/camps\/wp-content\/uploads\/usu2431\/2021\/05\/ods-steam-1-1024x253.png 1024w\" sizes=\"auto, (max-width: 1884px) 100vw, 1884px\" \/><\/a><\/p>\n<hr \/>\n<p><a href=\"https:\/\/projectes.xtec.cat\/camps\/objectius-de-desenvolupament-sostenible\/ods-xcb-2\/\"><img loading=\"lazy\" decoding=\"async\" class=\"alignnone size-full wp-image-8477\" src=\"https:\/\/projectes.xtec.cat\/camps\/wp-content\/uploads\/usu2431\/2021\/05\/clic-verd2.png\" alt=\"\" width=\"55\" height=\"50\" \/><\/a><a href=\"https:\/\/projectes.xtec.cat\/camps\/objectius-de-desenvolupament-sostenible\/ods-xcb-2\/\"><img loading=\"lazy\" decoding=\"async\" class=\"alignnone size-full wp-image-8414\" src=\"https:\/\/projectes.xtec.cat\/camps\/wp-content\/uploads\/usu2431\/2021\/05\/ods-xcb.png\" alt=\"\" width=\"1897\" height=\"575\" srcset=\"https:\/\/projectes.xtec.cat\/camps\/wp-content\/uploads\/usu2431\/2021\/05\/ods-xcb.png 1897w, https:\/\/projectes.xtec.cat\/camps\/wp-content\/uploads\/usu2431\/2021\/05\/ods-xcb-300x91.png 300w, https:\/\/projectes.xtec.cat\/camps\/wp-content\/uploads\/usu2431\/2021\/05\/ods-xcb-768x233.png 768w, https:\/\/projectes.xtec.cat\/camps\/wp-content\/uploads\/usu2431\/2021\/05\/ods-xcb-1024x310.png 1024w\" sizes=\"auto, (max-width: 1897px) 100vw, 1897px\" \/><\/a><\/p>\n<hr \/>\n<p style=\"text-align: center;\"><a href=\"https:\/\/www.symbaloo.com\/embed\/websabp?\"><img loading=\"lazy\" decoding=\"async\" class=\"alignnone size-full wp-image-8477\" src=\"https:\/\/projectes.xtec.cat\/camps\/wp-content\/uploads\/usu2431\/2021\/05\/clic-verd2.png\" alt=\"\" width=\"55\" height=\"50\" \/><\/a><\/p>\n<p style=\"text-align: center;\"><iframe loading=\"lazy\" src=\"https:\/\/www.symbaloo.com\/embed\/websabp?\" width=\"300px\" height=\"300px\" frameborder=\"0\"><span style=\"display: inline-block; width: 0px; overflow: hidden; line-height: 0;\" data-mce-type=\"bookmark\" class=\"mce_SELRES_start\">\ufeff<\/span><span style=\"display: inline-block; width: 0px; overflow: hidden; line-height: 0;\" data-mce-type=\"bookmark\" class=\"mce_SELRES_start\"><span style=\"display: inline-block; width: 0px; overflow: hidden; line-height: 0;\" data-mce-type=\"bookmark\" class=\"mce_SELRES_start\">\ufeff<\/span>\ufeff<\/span><span style=\"display: inline-block; width: 0px; overflow: hidden; line-height: 0;\" data-mce-type=\"bookmark\" class=\"mce_SELRES_start\">\ufeff<\/span><span style=\"display: inline-block; width: 0px; overflow: hidden; line-height: 0;\" data-mce-type=\"bookmark\" class=\"mce_SELRES_start\">\ufeff<\/span><\/iframe><\/p>\n<p>&nbsp;<\/p>\n","protected":false},"excerpt":{"rendered":"<p>Les persones tenim dret a una vida saludable, en harmonia amb la naturalesa. El dret al desenvolupament ha de tenir [&hellip;]<\/p>\n","protected":false},"author":7,"featured_media":0,"parent":0,"menu_order":0,"comment_status":"closed","ping_status":"closed","template":"","meta":{"_bbp_topic_count":0,"_bbp_reply_count":0,"_bbp_total_topic_count":0,"_bbp_total_reply_count":0,"_bbp_voice_count":0,"_bbp_anonymous_reply_count":0,"_bbp_topic_count_hidden":0,"_bbp_reply_count_hidden":0,"_bbp_forum_subforum_count":0,"site-sidebar-layout":"default","site-content-layout":"","ast-site-content-layout":"","site-content-style":"default","site-sidebar-style":"default","ast-global-header-display":"","ast-banner-title-visibility":"","ast-main-header-display":"","ast-hfb-above-header-display":"","ast-hfb-below-header-display":"","ast-hfb-mobile-header-display":"","site-post-title":"","ast-breadcrumbs-content":"","ast-featured-img":"","footer-sml-layout":"","theme-transparent-header-meta":"","adv-header-id-meta":"","stick-header-meta":"","header-above-stick-meta":"","header-main-stick-meta":"","header-below-stick-meta":"","astra-migrate-meta-layouts":"default","ast-page-background-enabled":"default","ast-page-background-meta":{"desktop":{"background-color":"var(--ast-global-color-4)","background-image":"","background-repeat":"repeat","background-position":"center center","background-size":"auto","background-attachment":"scroll","background-type":"","background-media":"","overlay-type":"","overlay-color":"","overlay-opacity":"","overlay-gradient":""},"tablet":{"background-color":"","background-image":"","background-repeat":"repeat","background-position":"center center","background-size":"auto","background-attachment":"scroll","background-type":"","background-media":"","overlay-type":"","overlay-color":"","overlay-opacity":"","overlay-gradient":""},"mobile":{"background-color":"","background-image":"","background-repeat":"repeat","background-position":"center center","background-size":"auto","background-attachment":"scroll","background-type":"","background-media":"","overlay-type":"","overlay-color":"","overlay-opacity":"","overlay-gradient":""}},"ast-content-background-meta":{"desktop":{"background-color":"var(--ast-global-color-5)","background-image":"","background-repeat":"repeat","background-position":"center center","background-size":"auto","background-attachment":"scroll","background-type":"","background-media":"","overlay-type":"","overlay-color":"","overlay-opacity":"","overlay-gradient":""},"tablet":{"background-color":"var(--ast-global-color-5)","background-image":"","background-repeat":"repeat","background-position":"center center","background-size":"auto","background-attachment":"scroll","background-type":"","background-media":"","overlay-type":"","overlay-color":"","overlay-opacity":"","overlay-gradient":""},"mobile":{"background-color":"var(--ast-global-color-5)","background-image":"","background-repeat":"repeat","background-position":"center center","background-size":"auto","background-attachment":"scroll","background-type":"","background-media":"","overlay-type":"","overlay-color":"","overlay-opacity":"","overlay-gradient":""}},"footnotes":""},"class_list":["post-8400","page","type-page","status-publish","hentry"],"post_mailing_queue_ids":[],"_links":{"self":[{"href":"https:\/\/projectes.xtec.cat\/camps\/wp-json\/wp\/v2\/pages\/8400","targetHints":{"allow":["GET"]}}],"collection":[{"href":"https:\/\/projectes.xtec.cat\/camps\/wp-json\/wp\/v2\/pages"}],"about":[{"href":"https:\/\/projectes.xtec.cat\/camps\/wp-json\/wp\/v2\/types\/page"}],"author":[{"embeddable":true,"href":"https:\/\/projectes.xtec.cat\/camps\/wp-json\/wp\/v2\/users\/7"}],"replies":[{"embeddable":true,"href":"https:\/\/projectes.xtec.cat\/camps\/wp-json\/wp\/v2\/comments?post=8400"}],"version-history":[{"count":4,"href":"https:\/\/projectes.xtec.cat\/camps\/wp-json\/wp\/v2\/pages\/8400\/revisions"}],"predecessor-version":[{"id":9117,"href":"https:\/\/projectes.xtec.cat\/camps\/wp-json\/wp\/v2\/pages\/8400\/revisions\/9117"}],"wp:attachment":[{"href":"https:\/\/projectes.xtec.cat\/camps\/wp-json\/wp\/v2\/media?parent=8400"}],"curies":[{"name":"wp","href":"https:\/\/api.w.org\/{rel}","templated":true}]}}