{"id":10187,"date":"2022-11-30T13:53:59","date_gmt":"2022-11-30T12:53:59","guid":{"rendered":"https:\/\/projectes.xtec.cat\/canaldereporters\/?page_id=10187"},"modified":"2023-04-24T11:12:33","modified_gmt":"2023-04-24T09:12:33","slug":"seminari1_alumnat","status":"publish","type":"page","link":"https:\/\/projectes.xtec.cat\/canaldereporters\/seminaris-web\/seminari1_alumnat\/","title":{"rendered":"Seminari1_Alumnat"},"content":{"rendered":"<div class=\"seccio\">\n<div class=\"wp-block-columns\">\n<div class=\"wp-block-column\" style=\"flex-basis: 40%;\">\n<h3><span style=\"color: #007377;\">Data<\/span><\/h3>\n<p>07 de novembre de 2022<\/p>\n<h3><span style=\"color: #007377;\">Ponents<\/span><\/h3>\n<ul>\n<li style=\"list-style-type: none;\">\n<ul>\n<li>Roger Cuartielles Saura<\/li>\n<\/ul>\n<\/li>\n<\/ul>\n<p style=\"text-align: justify;\">Professor i investigador predoctoral en temes de desinformaci\u00f3 i fact-checking a la Universitat Pompeu Fabra.<\/p>\n<\/div>\n<div class=\"wp-block-column\" style=\"flex-basis: 60%;\">\n<div class=\"video-responsive vora-coral\"><iframe loading=\"lazy\" title=\"YouTube video player\" src=\"https:\/\/www.youtube.com\/embed\/N2h-nq5LMHE\" width=\"495\" height=\"250\" frameborder=\"0\" allowfullscreen=\"allowfullscreen\"><\/iframe><\/div>\n<\/div>\n<\/div>\n<div class=\"wp-block-columns\">\n<div class=\"wp-block-column\">\n<h3><span style=\"color: #007377;\">Descripci\u00f3<\/span><\/h3>\n<p style=\"text-align: justify;\">Seminari dedicat a&nbsp;<strong>l\u2019educaci\u00f3 medi\u00e0tica&nbsp;<\/strong>on s\u2019ofereixen diferents eines per verificar la informaci\u00f3 i combatre les Fake News. El periodista Roger Cuartielles respon una bateria de preguntes de forma din\u00e0mica i exposa de forma \u00e0gil i entenedora vocabulari relacionat amb les not\u00edcies falses i proposa diferents recursos per combatre la desinformaci\u00f3 i fomentar una actitud cr\u00edtica i activa davant les not\u00edcies que rebem per canals diferents.<\/p>\n<\/div>\n<\/div>\n<\/div>\n","protected":false},"excerpt":{"rendered":"<p>Data 07 de novembre de 2022 Ponents Roger Cuartielles Saura Professor i investigador predoctoral en temes de desinformaci\u00f3 i fact-checking a la Universitat Pompeu Fabra. Descripci\u00f3 Seminari dedicat a&nbsp;l\u2019educaci\u00f3 medi\u00e0tica&nbsp;on s\u2019ofereixen diferents eines per verificar la informaci\u00f3 i combatre les Fake News. El periodista Roger Cuartielles respon una bateria de preguntes de forma din\u00e0mica i [&hellip;]<\/p>\n","protected":false},"author":17,"featured_media":0,"parent":9850,"menu_order":0,"comment_status":"closed","ping_status":"closed","template":"","meta":{"site-sidebar-layout":"no-sidebar","site-content-layout":"plain-container","ast-site-content-layout":"","site-content-style":"default","site-sidebar-style":"default","ast-global-header-display":"","ast-banner-title-visibility":"","ast-main-header-display":"","ast-hfb-above-header-display":"","ast-hfb-below-header-display":"","ast-hfb-mobile-header-display":"","site-post-title":"disabled","ast-breadcrumbs-content":"","ast-featured-img":"","footer-sml-layout":"","theme-transparent-header-meta":"default","adv-header-id-meta":"","stick-header-meta":"default","header-above-stick-meta":"","header-main-stick-meta":"","header-below-stick-meta":"","astra-migrate-meta-layouts":"default","ast-page-background-enabled":"default","ast-page-background-meta":{"desktop":{"background-color":"","background-image":"","background-repeat":"repeat","background-position":"center center","background-size":"auto","background-attachment":"scroll","background-type":"","background-media":"","overlay-type":"","overlay-color":"","overlay-opacity":"","overlay-gradient":""},"tablet":{"background-color":"","background-image":"","background-repeat":"repeat","background-position":"center center","background-size":"auto","background-attachment":"scroll","background-type":"","background-media":"","overlay-type":"","overlay-color":"","overlay-opacity":"","overlay-gradient":""},"mobile":{"background-color":"","background-image":"","background-repeat":"repeat","background-position":"center center","background-size":"auto","background-attachment":"scroll","background-type":"","background-media":"","overlay-type":"","overlay-color":"","overlay-opacity":"","overlay-gradient":""}},"ast-content-background-meta":{"desktop":{"background-color":"var(--ast-global-color-5)","background-image":"","background-repeat":"repeat","background-position":"center center","background-size":"auto","background-attachment":"scroll","background-type":"","background-media":"","overlay-type":"","overlay-color":"","overlay-opacity":"","overlay-gradient":""},"tablet":{"background-color":"var(--ast-global-color-5)","background-image":"","background-repeat":"repeat","background-position":"center center","background-size":"auto","background-attachment":"scroll","background-type":"","background-media":"","overlay-type":"","overlay-color":"","overlay-opacity":"","overlay-gradient":""},"mobile":{"background-color":"var(--ast-global-color-5)","background-image":"","background-repeat":"repeat","background-position":"center center","background-size":"auto","background-attachment":"scroll","background-type":"","background-media":"","overlay-type":"","overlay-color":"","overlay-opacity":"","overlay-gradient":""}},"footnotes":""},"class_list":["post-10187","page","type-page","status-publish","hentry"],"post_mailing_queue_ids":[],"_links":{"self":[{"href":"https:\/\/projectes.xtec.cat\/canaldereporters\/wp-json\/wp\/v2\/pages\/10187","targetHints":{"allow":["GET"]}}],"collection":[{"href":"https:\/\/projectes.xtec.cat\/canaldereporters\/wp-json\/wp\/v2\/pages"}],"about":[{"href":"https:\/\/projectes.xtec.cat\/canaldereporters\/wp-json\/wp\/v2\/types\/page"}],"author":[{"embeddable":true,"href":"https:\/\/projectes.xtec.cat\/canaldereporters\/wp-json\/wp\/v2\/users\/17"}],"replies":[{"embeddable":true,"href":"https:\/\/projectes.xtec.cat\/canaldereporters\/wp-json\/wp\/v2\/comments?post=10187"}],"version-history":[{"count":3,"href":"https:\/\/projectes.xtec.cat\/canaldereporters\/wp-json\/wp\/v2\/pages\/10187\/revisions"}],"predecessor-version":[{"id":10911,"href":"https:\/\/projectes.xtec.cat\/canaldereporters\/wp-json\/wp\/v2\/pages\/10187\/revisions\/10911"}],"up":[{"embeddable":true,"href":"https:\/\/projectes.xtec.cat\/canaldereporters\/wp-json\/wp\/v2\/pages\/9850"}],"wp:attachment":[{"href":"https:\/\/projectes.xtec.cat\/canaldereporters\/wp-json\/wp\/v2\/media?parent=10187"}],"curies":[{"name":"wp","href":"https:\/\/api.w.org\/{rel}","templated":true}]}}