{"id":10190,"date":"2022-11-30T13:55:24","date_gmt":"2022-11-30T12:55:24","guid":{"rendered":"https:\/\/projectes.xtec.cat\/canaldereporters\/?page_id=10190"},"modified":"2024-07-04T22:33:56","modified_gmt":"2024-07-04T20:33:56","slug":"seminari1_experiencia","status":"publish","type":"page","link":"https:\/\/projectes.xtec.cat\/canaldereporters\/seminaris-web\/seminari1_experiencia\/","title":{"rendered":"Seminari1_Experi\u00e8nciaCentre"},"content":{"rendered":"<div class=\"seccio\">\n<div class=\"wp-block-columns\">\n<div class=\"wp-block-column\" style=\"flex-basis: 40%;\">\n<h3><span style=\"color: #007377;\">Data<\/span><\/h3>\n<p>16 de novembre de 2022<\/p>\n<h3><span style=\"color: #007377;\">Ponents<\/span><\/h3>\n<ul>\n<li style=\"list-style-type: none;\">\n<ul>\n<li>S\u00edlvia Nicol\u00e0s i Lorente<\/li>\n<\/ul>\n<\/li>\n<\/ul>\n<p style=\"text-align: justify;\">Docent de l\u2019Institut Pau Vila de Sabadell en l\u2019especialitat d\u2019angl\u00e8s. Coordinadora del projecte Erasmus+ FINE que es duu a terme amb alumnes de Secund\u00e0ria.<\/p>\n<\/div>\n<div class=\"wp-block-column\" style=\"flex-basis: 60%;\">\n<div class=\"video-responsive vora-coral\"><iframe loading=\"lazy\" title=\"YouTube video player\" src=\"https:\/\/www.youtube.com\/embed\/MIy61isR_OE\" width=\"495\" height=\"250\" frameborder=\"0\" allowfullscreen=\"allowfullscreen\"><\/iframe><\/div>\n<\/div>\n<\/div>\n<div class=\"wp-block-columns\">\n<div class=\"wp-block-column\">\n<h3><span style=\"color: #007377;\">Descripci\u00f3<\/span><\/h3>\n<p style=\"text-align: justify;\">En aquest seminari presentem una experi\u00e8ncia de centre de l&#8217;Institut Pau Vila de Sabadell on s&#8217;exposa el projecte FINE (Fake Information in News around Europe). Aquest projecte vol afavorir el reconeixement i la lluita contra not\u00edcies falses a partir de la col\u00b7laboraci\u00f3 i participaci\u00f3 d&#8217;alumnes d&#8217;arreu d&#8217;Europa, amb activitats diverses i variades que afavoreixen el pensament cr\u00edtic de la ciutadania per construir una societat m\u00e9s democr\u00e0tica. En el tram final del seminari mostrem les reflexions d&#8217;alguns dels participants del taller per detectar not\u00edcies falses en l&#8217;\u00e0mbit cient\u00edfic al voltant del canvi clim\u00e0tic.<\/p>\n<h3><span style=\"color: #007377;\">Recursos associats<\/span><\/h3>\n<p>Podeu consultar els materials del professor<a href=\"https:\/\/gent.uab.cat\/victorlopez\/content\/ressenya-biogr%C3%A0fica\" target=\"_blank\" rel=\"noopener\"> V\u00edctor L\u00f3pez Sim\u00f3<\/a>, Llicenciat en F\u00edsica per la UAB i que ha participat en nombrosos projectes de recerca sobre ensenyament i aprenentatge de les ci\u00e8ncies, innovaci\u00f3 did\u00e0ctica, transfer\u00e8ncia i avaluaci\u00f3 educativa. Podeu descarregar la seva presentaci\u00f3 del taller desenvolupat al centre.<br \/>\n<a href=\"https:\/\/drive.google.com\/file\/d\/1M2XqPTuDonia9VOruiZkYCQ3yb_FzcKy\/view?usp=sharing\" target=\"_blank\" rel=\"noopener\"><span style=\"text-decoration: underline;\">Descarrega la presentaci\u00f3 sobre taller de detecci\u00f3 de not\u00edcies falses i canvi climatic a l&#8217;Institu Pau Vila novembre 2022<\/span><\/a><\/p>\n<\/div>\n<\/div>\n<\/div>\n","protected":false},"excerpt":{"rendered":"<p>Data 16 de novembre de 2022 Ponents S\u00edlvia Nicol\u00e0s i Lorente Docent de l\u2019Institut Pau Vila de Sabadell en l\u2019especialitat d\u2019angl\u00e8s. Coordinadora del projecte Erasmus+ FINE que es duu a terme amb alumnes de Secund\u00e0ria. Descripci\u00f3 En aquest seminari presentem una experi\u00e8ncia de centre de l&#8217;Institut Pau Vila de Sabadell on s&#8217;exposa el projecte FINE [&hellip;]<\/p>\n","protected":false},"author":17,"featured_media":0,"parent":9850,"menu_order":0,"comment_status":"closed","ping_status":"closed","template":"","meta":{"site-sidebar-layout":"no-sidebar","site-content-layout":"plain-container","ast-site-content-layout":"normal-width-container","site-content-style":"unboxed","site-sidebar-style":"unboxed","ast-global-header-display":"","ast-banner-title-visibility":"","ast-main-header-display":"","ast-hfb-above-header-display":"","ast-hfb-below-header-display":"","ast-hfb-mobile-header-display":"","site-post-title":"disabled","ast-breadcrumbs-content":"","ast-featured-img":"","footer-sml-layout":"","theme-transparent-header-meta":"default","adv-header-id-meta":"","stick-header-meta":"default","header-above-stick-meta":"","header-main-stick-meta":"","header-below-stick-meta":"","astra-migrate-meta-layouts":"set","ast-page-background-enabled":"default","ast-page-background-meta":{"desktop":{"background-color":"","background-image":"","background-repeat":"repeat","background-position":"center center","background-size":"auto","background-attachment":"scroll","background-type":"","background-media":"","overlay-type":"","overlay-color":"","overlay-opacity":"","overlay-gradient":""},"tablet":{"background-color":"","background-image":"","background-repeat":"repeat","background-position":"center center","background-size":"auto","background-attachment":"scroll","background-type":"","background-media":"","overlay-type":"","overlay-color":"","overlay-opacity":"","overlay-gradient":""},"mobile":{"background-color":"","background-image":"","background-repeat":"repeat","background-position":"center center","background-size":"auto","background-attachment":"scroll","background-type":"","background-media":"","overlay-type":"","overlay-color":"","overlay-opacity":"","overlay-gradient":""}},"ast-content-background-meta":{"desktop":{"background-color":"var(--ast-global-color-5)","background-image":"","background-repeat":"repeat","background-position":"center center","background-size":"auto","background-attachment":"scroll","background-type":"","background-media":"","overlay-type":"","overlay-color":"","overlay-opacity":"","overlay-gradient":""},"tablet":{"background-color":"var(--ast-global-color-5)","background-image":"","background-repeat":"repeat","background-position":"center center","background-size":"auto","background-attachment":"scroll","background-type":"","background-media":"","overlay-type":"","overlay-color":"","overlay-opacity":"","overlay-gradient":""},"mobile":{"background-color":"var(--ast-global-color-5)","background-image":"","background-repeat":"repeat","background-position":"center center","background-size":"auto","background-attachment":"scroll","background-type":"","background-media":"","overlay-type":"","overlay-color":"","overlay-opacity":"","overlay-gradient":""}},"footnotes":""},"class_list":["post-10190","page","type-page","status-publish","hentry"],"post_mailing_queue_ids":[],"_links":{"self":[{"href":"https:\/\/projectes.xtec.cat\/canaldereporters\/wp-json\/wp\/v2\/pages\/10190","targetHints":{"allow":["GET"]}}],"collection":[{"href":"https:\/\/projectes.xtec.cat\/canaldereporters\/wp-json\/wp\/v2\/pages"}],"about":[{"href":"https:\/\/projectes.xtec.cat\/canaldereporters\/wp-json\/wp\/v2\/types\/page"}],"author":[{"embeddable":true,"href":"https:\/\/projectes.xtec.cat\/canaldereporters\/wp-json\/wp\/v2\/users\/17"}],"replies":[{"embeddable":true,"href":"https:\/\/projectes.xtec.cat\/canaldereporters\/wp-json\/wp\/v2\/comments?post=10190"}],"version-history":[{"count":4,"href":"https:\/\/projectes.xtec.cat\/canaldereporters\/wp-json\/wp\/v2\/pages\/10190\/revisions"}],"predecessor-version":[{"id":14284,"href":"https:\/\/projectes.xtec.cat\/canaldereporters\/wp-json\/wp\/v2\/pages\/10190\/revisions\/14284"}],"up":[{"embeddable":true,"href":"https:\/\/projectes.xtec.cat\/canaldereporters\/wp-json\/wp\/v2\/pages\/9850"}],"wp:attachment":[{"href":"https:\/\/projectes.xtec.cat\/canaldereporters\/wp-json\/wp\/v2\/media?parent=10190"}],"curies":[{"name":"wp","href":"https:\/\/api.w.org\/{rel}","templated":true}]}}