{"id":11152,"date":"2023-02-13T12:17:42","date_gmt":"2023-02-13T11:17:42","guid":{"rendered":"https:\/\/projectes.xtec.cat\/canaldereporters\/?page_id=11152"},"modified":"2023-04-24T11:13:55","modified_gmt":"2023-04-24T09:13:55","slug":"seminari3_docents","status":"publish","type":"page","link":"https:\/\/projectes.xtec.cat\/canaldereporters\/seminaris-web\/seminari3_docents\/","title":{"rendered":"Seminari3_Docents"},"content":{"rendered":"\n<div style=\"height:30px\" aria-hidden=\"true\" class=\"wp-block-spacer\"><\/div>\n\n\n\n<div class=\"wp-block-group alignwide\"><div class=\"wp-block-group__inner-container is-layout-flow wp-block-group-is-layout-flow\">\n<div class=\"wp-block-columns is-layout-flex wp-container-core-columns-is-layout-1 wp-block-columns-is-layout-flex\">\n<div class=\"wp-block-column is-layout-flow wp-block-column-is-layout-flow\">\n<h2 class=\"wp-block-heading\"><span class=\"has-inline-color has-ast-global-color-1-color\">Data<\/span><\/h2>\n\n\n\n<p>13 de febrer de 2023<\/p>\n\n\n\n<h2 class=\"wp-block-heading\"><span class=\"has-inline-color has-ast-global-color-1-color\">Ponents<\/span><\/h2>\n\n\n\n<ul class=\"wp-block-list\"><li>Josep Carles Rius i Bar\u00f3<\/li><\/ul>\n\n\n\n<p>Josep Carles Rius \u00e9s el president del Consell de la Informaci\u00f3 de Catalunya, l&#8217;entitat que vetlla pel compliment del <a href=\"https:\/\/www.periodistes.cat\/codi-deontologic\"><strong>Codi deontol\u00f2gic dels periodistes<\/strong><\/a>. En aquest seminari ens mostra com presentar l\u2019\u00e8tica period\u00edstica a l\u2019aula i explica la import\u00e0ncia de la tasca dels periodistes i el seu comprom\u00eds de servei en una societat democr\u00e0tica.<\/p>\n<\/div>\n\n\n\n<div class=\"wp-block-column is-layout-flow wp-block-column-is-layout-flow\"><div class=\"h5p-iframe-wrapper\"><iframe id=\"h5p-iframe-9\" class=\"h5p-iframe\" data-content-id=\"9\" style=\"height:1px\" src=\"about:blank\" frameBorder=\"0\" scrolling=\"no\" title=\"Canal de Reporters - Seminari 3 - Docents\"><\/iframe><\/div>\n<\/div>\n<\/div>\n<\/div><\/div>\n\n\n\n<div class=\"wp-block-group alignwide\"><div class=\"wp-block-group__inner-container is-layout-flow wp-block-group-is-layout-flow\">\n<div class=\"wp-block-columns is-layout-flex wp-container-core-columns-is-layout-2 wp-block-columns-is-layout-flex\">\n<div class=\"wp-block-column is-layout-flow wp-block-column-is-layout-flow\">\n<h2 class=\"has-ast-global-color-1-color has-text-color wp-block-heading\">Descripci\u00f3<\/h2>\n\n\n\n<p>Seminari dedicat al <strong>codi deontol\u00f2gic i a l&#8217;\u00e8tica del periodisme. <\/strong>El periodista Josep Carles Rius a trav\u00e9s d&#8217;una presentaci\u00f3 ens parla de com podem explicar la import\u00e0ncia de l&#8217;\u00e8tica a l&#8217;alumnat. Quin \u00e9s el principal deure \u00e8tic del periodisme? El periodisme \u00e9s objectiu? Tamb\u00e9 hi podrem visionar un testimoni revelador d&#8217;una periodista.<\/p>\n\n\n\n<p class=\"has-ast-global-color-1-color has-text-color\"><a href=\"https:\/\/www.youtube.com\/watch?v=cE1r6cN6BZo&amp;t=1s\" target=\"_blank\" rel=\"noreferrer noopener\">Documental sobre el Codi Deontol\u00f2gic dels periodistes<\/a><\/p>\n\n\n\n<p class=\"has-ast-global-color-1-color has-text-color\"><a href=\"https:\/\/www.youtube.com\/watch?v=LpwrHmJ41Jg&amp;t=1s\" target=\"_blank\" rel=\"noreferrer noopener\">Testimoni revelador &#8211; Cinc sessions i trenta veus en favor del periodisme. Cicle: Els reptes \u00e8tics del periodisme<\/a><\/p>\n<\/div>\n<\/div>\n<\/div><\/div>\n","protected":false},"excerpt":{"rendered":"<p>Data 13 de febrer de 2023 Ponents Josep Carles Rius i Bar\u00f3 Josep Carles Rius \u00e9s el president del Consell de la Informaci\u00f3 de Catalunya, l&#8217;entitat que vetlla pel compliment del Codi deontol\u00f2gic dels periodistes. En aquest seminari ens mostra com presentar l\u2019\u00e8tica period\u00edstica a l\u2019aula i explica la import\u00e0ncia de la tasca dels periodistes [&hellip;]<\/p>\n","protected":false},"author":17,"featured_media":0,"parent":9850,"menu_order":0,"comment_status":"closed","ping_status":"closed","template":"","meta":{"site-sidebar-layout":"default","site-content-layout":"","ast-site-content-layout":"","site-content-style":"default","site-sidebar-style":"default","ast-global-header-display":"","ast-banner-title-visibility":"","ast-main-header-display":"","ast-hfb-above-header-display":"","ast-hfb-below-header-display":"","ast-hfb-mobile-header-display":"","site-post-title":"disabled","ast-breadcrumbs-content":"","ast-featured-img":"","footer-sml-layout":"","theme-transparent-header-meta":"","adv-header-id-meta":"","stick-header-meta":"","header-above-stick-meta":"","header-main-stick-meta":"","header-below-stick-meta":"","astra-migrate-meta-layouts":"default","ast-page-background-enabled":"default","ast-page-background-meta":{"desktop":{"background-color":"","background-image":"","background-repeat":"repeat","background-position":"center center","background-size":"auto","background-attachment":"scroll","background-type":"","background-media":"","overlay-type":"","overlay-color":"","overlay-opacity":"","overlay-gradient":""},"tablet":{"background-color":"","background-image":"","background-repeat":"repeat","background-position":"center center","background-size":"auto","background-attachment":"scroll","background-type":"","background-media":"","overlay-type":"","overlay-color":"","overlay-opacity":"","overlay-gradient":""},"mobile":{"background-color":"","background-image":"","background-repeat":"repeat","background-position":"center center","background-size":"auto","background-attachment":"scroll","background-type":"","background-media":"","overlay-type":"","overlay-color":"","overlay-opacity":"","overlay-gradient":""}},"ast-content-background-meta":{"desktop":{"background-color":"var(--ast-global-color-5)","background-image":"","background-repeat":"repeat","background-position":"center center","background-size":"auto","background-attachment":"scroll","background-type":"","background-media":"","overlay-type":"","overlay-color":"","overlay-opacity":"","overlay-gradient":""},"tablet":{"background-color":"var(--ast-global-color-5)","background-image":"","background-repeat":"repeat","background-position":"center center","background-size":"auto","background-attachment":"scroll","background-type":"","background-media":"","overlay-type":"","overlay-color":"","overlay-opacity":"","overlay-gradient":""},"mobile":{"background-color":"var(--ast-global-color-5)","background-image":"","background-repeat":"repeat","background-position":"center center","background-size":"auto","background-attachment":"scroll","background-type":"","background-media":"","overlay-type":"","overlay-color":"","overlay-opacity":"","overlay-gradient":""}},"footnotes":""},"class_list":["post-11152","page","type-page","status-publish","hentry"],"post_mailing_queue_ids":[],"_links":{"self":[{"href":"https:\/\/projectes.xtec.cat\/canaldereporters\/wp-json\/wp\/v2\/pages\/11152","targetHints":{"allow":["GET"]}}],"collection":[{"href":"https:\/\/projectes.xtec.cat\/canaldereporters\/wp-json\/wp\/v2\/pages"}],"about":[{"href":"https:\/\/projectes.xtec.cat\/canaldereporters\/wp-json\/wp\/v2\/types\/page"}],"author":[{"embeddable":true,"href":"https:\/\/projectes.xtec.cat\/canaldereporters\/wp-json\/wp\/v2\/users\/17"}],"replies":[{"embeddable":true,"href":"https:\/\/projectes.xtec.cat\/canaldereporters\/wp-json\/wp\/v2\/comments?post=11152"}],"version-history":[{"count":3,"href":"https:\/\/projectes.xtec.cat\/canaldereporters\/wp-json\/wp\/v2\/pages\/11152\/revisions"}],"predecessor-version":[{"id":11488,"href":"https:\/\/projectes.xtec.cat\/canaldereporters\/wp-json\/wp\/v2\/pages\/11152\/revisions\/11488"}],"up":[{"embeddable":true,"href":"https:\/\/projectes.xtec.cat\/canaldereporters\/wp-json\/wp\/v2\/pages\/9850"}],"wp:attachment":[{"href":"https:\/\/projectes.xtec.cat\/canaldereporters\/wp-json\/wp\/v2\/media?parent=11152"}],"curies":[{"name":"wp","href":"https:\/\/api.w.org\/{rel}","templated":true}]}}