{"id":11554,"date":"2023-03-20T10:17:14","date_gmt":"2023-03-20T09:17:14","guid":{"rendered":"https:\/\/projectes.xtec.cat\/canaldereporters\/?page_id=11554"},"modified":"2023-05-19T10:47:38","modified_gmt":"2023-05-19T08:47:38","slug":"seminari2_experiencia","status":"publish","type":"page","link":"https:\/\/projectes.xtec.cat\/canaldereporters\/seminaris-web\/seminari2_experiencia\/","title":{"rendered":"Seminari2_Experi\u00e8nciaCentre"},"content":{"rendered":"\n<div class=\"wp-block-getwid-section alignfull alignfull\"><div class=\"wp-block-getwid-section__wrapper\"><div class=\"wp-block-getwid-section__inner-wrapper\"><div class=\"wp-block-getwid-section__background-holder\"><div class=\"wp-block-getwid-section__background\"><\/div><div class=\"wp-block-getwid-section__foreground\"><\/div><\/div><div class=\"wp-block-getwid-section__content\"><div class=\"wp-block-getwid-section__inner-content\">\n<div class=\"wp-block-columns is-layout-flex wp-container-core-columns-is-layout-1 wp-block-columns-is-layout-flex\">\n<div class=\"wp-block-column is-layout-flow wp-block-column-is-layout-flow\">\n<h3 class=\"wp-block-heading\">Data<\/h3>\n\n\n\n<p>23 de mar\u00e7 de 2023<\/p>\n\n\n\n<h3 class=\"wp-block-heading\">Ponents<\/h3>\n\n\n\n<p>Professorat: Mireia Guillaumes Dom\u00e8nech i N\u00faria Rodr\u00edguez Corcoll<\/p>\n\n\n\n<p>Alumnat: Gina Fontan\u00e9 i Lluc Coronel<\/p>\n\n\n\n<div style=\"height:40px\" aria-hidden=\"true\" class=\"wp-block-spacer\"><\/div>\n\n\n\n<h3 class=\"wp-block-heading\">Descripci\u00f3<\/h3>\n<\/div>\n\n\n\n<div class=\"wp-block-column is-layout-flow wp-block-column-is-layout-flow\">\n<figure class=\"wp-block-embed is-type-video is-provider-youtube wp-block-embed-youtube wp-embed-aspect-16-9 wp-has-aspect-ratio\"><div class=\"wp-block-embed__wrapper\">\n<div class=\"ast-oembed-container \" style=\"height: 100%;\"><iframe loading=\"lazy\" title=\"Canal de Reporters - Seminari 2 - experi\u00e8ncia de centre\" width=\"500\" height=\"281\" src=\"https:\/\/www.youtube.com\/embed\/y6xpNMUkAaI?feature=oembed\" frameborder=\"0\" allow=\"accelerometer; autoplay; clipboard-write; encrypted-media; gyroscope; picture-in-picture; web-share\" referrerpolicy=\"strict-origin-when-cross-origin\" allowfullscreen><\/iframe><\/div>\n<\/div><\/figure>\n<\/div>\n<\/div>\n<\/div><\/div><\/div><\/div><\/div>\n\n\n\n<p>L&#8217;experi\u00e8ncia d&#8217;aquest seminari fa refer\u00e8ncia a l&#8217;entrevista del corresponsal de TV3, Joan&nbsp;Ravent\u00f3s. Una entrevista que es va realitzar des de l&#8217;Institut de Celr\u00e0 durant el curs 2021-22 de manera&nbsp;online&nbsp;i encara sota l&#8217;efecte de la pand\u00e8mia&nbsp;COVID19&nbsp;a les aules i que, posteriorment, i gr\u00e0cies a ser convidats pel Parlament Europeu i a la sempre bona predisposici\u00f3 d&#8217;en Joan per difondre la seva tasca professional, es va consolidar de manera presencial als estudis de la capital belga. Experi\u00e8ncia que els ha servit per enfortir encara m\u00e9s una l\u00ednia de centre europeista, per\u00f2 tamb\u00e9 lligada als projectes que desenvolupen els alumnes com a reporters. Alumnes que ja acostumen, de manera habitual, a col\u00b7laborar o a formar part de l&#8217;equip de R\u00e0dio Celr\u00e0, a gravar falques radiof\u00f2niques per ser escoltades en els canvis de classe, a participar en la revista del centre o a crear els seus propis projectes\/not\u00edcies\/anuncis i continguts digitals.<\/p>\n\n\n\n<h3 class=\"alignwide wp-block-heading\">Recursos associats<\/h3>\n\n\n\n<p><a href=\"https:\/\/www.youtube.com\/watch?v=J_8t1XdUqHo\" target=\"_blank\" rel=\"noreferrer noopener\">Connexi\u00f3 amb Joan Ravent\u00f3s, corresponsal TV3 a Brussel\u00b7les<\/a><\/p>\n\n\n\n<h3 class=\"alignwide wp-block-heading\">Bio Ponents <\/h3>\n\n\n\n<p>Professores:<\/p>\n\n\n\n<ul class=\"wp-block-list\"><li>Mireia Guillaumes Dom\u00e8nech: Professora del Departament de Socials (Geografia i Hist\u00f2ria) a 3r i 4rt d\u2019ESO i responsable de l\u2019optativa \u201cProjectes Europeus\u201d a 3r ESO. A l\u2019Institut de Celr\u00e0 \u00e9s la Coordinadora de Projectes Europeus que inclou els programes Erasmus+, Escoles Ambaixadores del Parlament Europeu i eTwinning. Forma part de la Comissi\u00f3 Pedag\u00f2gica i de l\u2019equip de Xarxa de Compet\u00e8ncies del centre.<\/li><li>N\u00faria Rodr\u00edguez Corcoll: Professora del Departament de Socials (Geografia i Hist\u00f2ria) a 2n d\u2019ESO. A l\u2019Institut de Celr\u00e0 forma part de la Comissi\u00f3 Erasmus i \u00e9s co-Coordinadora dels Projectes Europeus del centre.<\/li><\/ul>\n\n\n\n<p>Alumnes:<\/p>\n\n\n\n<ul class=\"wp-block-list\"><li>Gina Fontan\u00e9 i Lluc Coronel: Alumnes de 1r de Batxillerat Human\u00edstic de l\u2019Institut de Celr\u00e0 i membres de l\u2019equip de 14 Alumnes Ambaixadors del Parlament Europeu a l\u2019Institut de Celr\u00e0.<\/li><\/ul>\n","protected":false},"excerpt":{"rendered":"<p>L&#8217;experi\u00e8ncia d&#8217;aquest seminari fa refer\u00e8ncia a l&#8217;entrevista del corresponsal de TV3, Joan&nbsp;Ravent\u00f3s. Una entrevista que es va realitzar des de l&#8217;Institut de Celr\u00e0 durant el curs 2021-22 de manera&nbsp;online&nbsp;i encara sota l&#8217;efecte de la pand\u00e8mia&nbsp;COVID19&nbsp;a les aules i que, posteriorment, i gr\u00e0cies a ser convidats pel Parlament Europeu i a la sempre bona predisposici\u00f3 d&#8217;en [&hellip;]<\/p>\n","protected":false},"author":17,"featured_media":0,"parent":9850,"menu_order":0,"comment_status":"closed","ping_status":"closed","template":"","meta":{"site-sidebar-layout":"default","site-content-layout":"","ast-site-content-layout":"","site-content-style":"default","site-sidebar-style":"default","ast-global-header-display":"","ast-banner-title-visibility":"","ast-main-header-display":"","ast-hfb-above-header-display":"","ast-hfb-below-header-display":"","ast-hfb-mobile-header-display":"","site-post-title":"disabled","ast-breadcrumbs-content":"","ast-featured-img":"","footer-sml-layout":"","theme-transparent-header-meta":"","adv-header-id-meta":"","stick-header-meta":"","header-above-stick-meta":"","header-main-stick-meta":"","header-below-stick-meta":"","astra-migrate-meta-layouts":"default","ast-page-background-enabled":"default","ast-page-background-meta":{"desktop":{"background-color":"","background-image":"","background-repeat":"repeat","background-position":"center center","background-size":"auto","background-attachment":"scroll","background-type":"","background-media":"","overlay-type":"","overlay-color":"","overlay-opacity":"","overlay-gradient":""},"tablet":{"background-color":"","background-image":"","background-repeat":"repeat","background-position":"center center","background-size":"auto","background-attachment":"scroll","background-type":"","background-media":"","overlay-type":"","overlay-color":"","overlay-opacity":"","overlay-gradient":""},"mobile":{"background-color":"","background-image":"","background-repeat":"repeat","background-position":"center center","background-size":"auto","background-attachment":"scroll","background-type":"","background-media":"","overlay-type":"","overlay-color":"","overlay-opacity":"","overlay-gradient":""}},"ast-content-background-meta":{"desktop":{"background-color":"var(--ast-global-color-5)","background-image":"","background-repeat":"repeat","background-position":"center center","background-size":"auto","background-attachment":"scroll","background-type":"","background-media":"","overlay-type":"","overlay-color":"","overlay-opacity":"","overlay-gradient":""},"tablet":{"background-color":"var(--ast-global-color-5)","background-image":"","background-repeat":"repeat","background-position":"center center","background-size":"auto","background-attachment":"scroll","background-type":"","background-media":"","overlay-type":"","overlay-color":"","overlay-opacity":"","overlay-gradient":""},"mobile":{"background-color":"var(--ast-global-color-5)","background-image":"","background-repeat":"repeat","background-position":"center center","background-size":"auto","background-attachment":"scroll","background-type":"","background-media":"","overlay-type":"","overlay-color":"","overlay-opacity":"","overlay-gradient":""}},"footnotes":""},"class_list":["post-11554","page","type-page","status-publish","hentry"],"post_mailing_queue_ids":[],"_links":{"self":[{"href":"https:\/\/projectes.xtec.cat\/canaldereporters\/wp-json\/wp\/v2\/pages\/11554","targetHints":{"allow":["GET"]}}],"collection":[{"href":"https:\/\/projectes.xtec.cat\/canaldereporters\/wp-json\/wp\/v2\/pages"}],"about":[{"href":"https:\/\/projectes.xtec.cat\/canaldereporters\/wp-json\/wp\/v2\/types\/page"}],"author":[{"embeddable":true,"href":"https:\/\/projectes.xtec.cat\/canaldereporters\/wp-json\/wp\/v2\/users\/17"}],"replies":[{"embeddable":true,"href":"https:\/\/projectes.xtec.cat\/canaldereporters\/wp-json\/wp\/v2\/comments?post=11554"}],"version-history":[{"count":3,"href":"https:\/\/projectes.xtec.cat\/canaldereporters\/wp-json\/wp\/v2\/pages\/11554\/revisions"}],"predecessor-version":[{"id":12274,"href":"https:\/\/projectes.xtec.cat\/canaldereporters\/wp-json\/wp\/v2\/pages\/11554\/revisions\/12274"}],"up":[{"embeddable":true,"href":"https:\/\/projectes.xtec.cat\/canaldereporters\/wp-json\/wp\/v2\/pages\/9850"}],"wp:attachment":[{"href":"https:\/\/projectes.xtec.cat\/canaldereporters\/wp-json\/wp\/v2\/media?parent=11554"}],"curies":[{"name":"wp","href":"https:\/\/api.w.org\/{rel}","templated":true}]}}